{"id":567,"date":"2023-12-19T01:08:02","date_gmt":"2023-12-19T01:08:02","guid":{"rendered":"https:\/\/butterflyeffect.com.ar\/?post_type=product&#038;p=567"},"modified":"2026-04-26T02:35:26","modified_gmt":"2026-04-26T02:35:26","slug":"be-luna","status":"publish","type":"product","link":"https:\/\/butterflyeffect.com.ar\/index.php\/producto\/be-luna\/","title":{"rendered":"BE | Luna &#8211; Vibrador a distancia &#8211; App Wifi"},"content":{"rendered":"<p>No es solo un vibrador para bragas, es una forma encantadora de comenzar o terminar cualquier d\u00eda. Puede usar su aplicaci\u00f3n WHATS SENSE para programar una hora de alarma y luego, en lugar de emitir un ruido fuerte, simplemente comienza a vibrar para sacarlo de su sue\u00f1o o simplemente mantener las piernas apretadas. Las vibraciones aumentan autom\u00e1ticamente hasta que te despiertas y lo apagas.<\/p>\n<p>La intimidad no tiene que ser para ocasiones especiales. Disfrute del placer en cualquier momento y en cualquier lugar con el discreto y compacto LUNA , hecho para mujeres. Permiti\u00e9ndote llevar tu intimidad al otro nivel deslizando LUNA dentro de tu ropa interior cuando quieras. La punta est\u00e1 especialmente dise\u00f1ada para facilitarle la localizaci\u00f3n de su punto dulce del cl\u00edtoris mientras asegura que la vibraci\u00f3n permanezca constante en su lugar.<\/p>\n<p>Tiene un dise\u00f1o de funda de silicona reemplazable, un potente motor de vibraci\u00f3n integrado de 7, una bater\u00eda recargable y un chip de control. Que se combinan en conjunto para desatar la magia en tu cama mientras alcanzas un intenso orgasmo.<\/p>\n<p>Para obtener m\u00e1s funciones disponibles, puede instalar la aplicaci\u00f3n WHATS SENSE en cualquier dispositivo (iPhone, Android, tableta) para un control m\u00e1s sencillo desde la distancia, en cualquier lugar que desee. Adem\u00e1s, experimentar\u00e1 Chat Control, Web Control, Terminator, Voice Control e incluso puede grabar su sesi\u00f3n de sexo con su pareja.<\/p>\n<p>Sincroniza con CUALQUIER video o transmisi\u00f3n en vivo a trav\u00e9s de la APLICACI\u00d3N SyncMo<\/p>\n<p>&nbsp;<\/p>\n<h3 id=\"ui-accordion-1-header-0\" class=\"field-group-format-toggler accordion-item field-group-accordion-active ui-accordion-header ui-helper-reset ui-state-default ui-accordion-icons ui-accordion-header-active ui-state-active ui-corner-top\" role=\"tab\">Contenido<\/h3>\n<div id=\"ui-accordion-1-panel-0\" class=\"field-group-format-wrapper group-spec-content field-group-accordion-item ui-accordion-content ui-helper-reset ui-widget-content ui-corner-bottom ui-accordion-content-active\" role=\"tabpanel\" aria-labelledby=\"ui-accordion-1-header-0\" aria-hidden=\"false\">\n<div class=\"field field-name-field-content-text field-type-text-long field-label-hidden\">\n<div class=\"field-items\">\n<div class=\"field-item even\">\n<ul>\n<li>LUNA x1<\/li>\n<li>Gu\u00eda del usuario (QR)<\/li>\n<li>Cable USB magn\u00e9tico x 1<\/li>\n<li>Bolsa de almacenamiento x1<\/li>\n<\/ul>\n<p>&nbsp;<\/p>\n<\/div>\n<div class=\"field-item even\">\n<h3 id=\"ui-accordion-1-header-1\" class=\"field-group-format-toggler accordion-item ui-accordion-header ui-helper-reset ui-state-default ui-accordion-icons ui-accordion-header-active ui-state-active ui-corner-top\" role=\"tab\">Caracter\u00edsticas<\/h3>\n<div id=\"ui-accordion-1-panel-1\" class=\"field-group-format-wrapper group-spec-specifications field-group-accordion-item ui-accordion-content ui-helper-reset ui-widget-content ui-corner-bottom ui-accordion-content-active\" role=\"tabpanel\" aria-labelledby=\"ui-accordion-1-header-1\" aria-hidden=\"false\">\n<div class=\"field field-name-field-specification-text field-type-text-long field-label-hidden\">\n<div class=\"field-items\">\n<div class=\"field-item even\">\n<ul>\n<li><strong>Tipo de estimulador:<\/strong> Vibrador para bragas port\u00e1til<\/li>\n<li><strong>Toque final:<\/strong> Sensaci\u00f3n de brillo sedoso<\/li>\n<li><strong>Materiales utilizados:<\/strong> Silicona\/ABS<\/li>\n<li><strong>Resistencia al agua:<\/strong> IPX6 a prueba de agua<\/li>\n<li><strong>Duraci\u00f3n de la bater\u00eda:<\/strong> Ambos, 1 hora de tiempo de carga para 1 hora de uso ininterrumpido<\/li>\n<li><strong>Tipo de carga:<\/strong> Ambos, carga USB magn\u00e9tica<\/li>\n<li><strong>Controlado de forma remota:<\/strong> Aplicaci\u00f3n WHATS SENSE y aplicaci\u00f3n Whats Sense<\/li>\n<li><strong>Controlado localmente:<\/strong> Aplicaci\u00f3n de tel\u00e9fono inteligente, manual<\/li>\n<li><strong>Tama\u00f1o:<\/strong> Dante, 3,5 x 1,6 x 0,5 pulgadas.<\/li>\n<li><strong>Peso:<\/strong> 1 oc<\/li>\n<li><strong>Vibradores:<\/strong> Ambos tienen 7 velocidades manuales<\/li>\n<\/ul>\n<\/div>\n<\/div>\n<\/div>\n<\/div>\n<\/div>\n<\/div>\n<\/div>\n<\/div>\n","protected":false},"excerpt":{"rendered":"<p><span style=\"color: #320257\"><strong>COMPRALO HOY HASTA 6 CUOTAS SIN INTER\u00c9S Y CON DESCUENTO DEL 15% EN EFECTIVO.<\/strong><\/span><\/p>\n<p><img decoding=\"async\" class=\"aligncenter\" src=\"https:\/\/lelodistribucion.com.ar\/wp-content\/uploads\/2021\/03\/Medios-de-Pago-300x100.jpg\" \/><\/p>\n<p>LUNA tiene una gama sorprendentemente amplia de configuraciones de aplicaciones, desde muy suaves hasta bastante poderosas y, por supuesto, el usuario lo controla todo. Los diferentes niveles de intensidad hacen de LUNA un gran multitarea que puede proporcionar desde un orgasmo intenso hasta un alivio suave de los c\u00f3licos menstruales y cualquier cosa intermedia. Mientras te despiertas con la suave vibraci\u00f3n, cambia la aplicaci\u00f3n al \u00abmodo de reproducci\u00f3n\u00bb y \u00a1comienza a disfrutar de tus ma\u00f1anas!<\/p>\n","protected":false},"featured_media":653,"comment_status":"open","ping_status":"closed","template":"","meta":[],"product_brand":[],"product_cat":[24,25,22],"product_tag":[],"class_list":{"0":"post-567","1":"product","2":"type-product","3":"status-publish","4":"has-post-thumbnail","6":"product_cat-para-ellas","7":"product_cat-para-parejas","8":"product_cat-sex-toys","10":"entry","11":"has-media","13":"first","14":"outofstock","15":"shipping-taxable","16":"purchasable","17":"product-type-variable","18":"has-product-nav","19":"col","20":"span_1_of_4","21":"owp-content-center","22":"owp-thumbs-layout-horizontal","23":"owp-btn-normal","24":"owp-tabs-layout-horizontal"},"yoast_head":"<!-- This site is optimized with the Yoast SEO plugin v26.0 - https:\/\/yoast.com\/wordpress\/plugins\/seo\/ -->\n<title>BE | Luna - Vibrador a distancia - App Wifi -<\/title>\n<meta name=\"description\" content=\"PERFUME FEROMONAS MEN ATTRACTION Fragancia para hombre con notas naturales y sensuales, llena de energ\u00eda y vitalidad. De esas fragancias que nunca pasan\" \/>\n<meta name=\"robots\" content=\"index, follow, max-snippet:-1, max-image-preview:large, max-video-preview:-1\" \/>\n<link rel=\"canonical\" href=\"https:\/\/butterflyeffect.com.ar\/index.php\/producto\/be-luna\/\" \/>\n<meta property=\"og:locale\" content=\"es_ES\" \/>\n<meta property=\"og:type\" content=\"article\" \/>\n<meta property=\"og:title\" content=\"BE | Luna - Vibrador a distancia - App Wifi -\" \/>\n<meta property=\"og:description\" content=\"PERFUME FEROMONAS MEN ATTRACTION Fragancia para hombre con notas naturales y sensuales, llena de energ\u00eda y vitalidad. De esas fragancias que nunca pasan\" \/>\n<meta property=\"og:url\" content=\"https:\/\/butterflyeffect.com.ar\/index.php\/producto\/be-luna\/\" \/>\n<meta property=\"article:modified_time\" content=\"2026-04-26T02:35:26+00:00\" \/>\n<meta property=\"og:image\" content=\"https:\/\/butterflyeffect.com.ar\/wp-content\/uploads\/2023\/12\/D_NQ_NP_935441-MLA70635851958_072023-O.jpg\" \/>\n\t<meta property=\"og:image:width\" content=\"1024\" \/>\n\t<meta property=\"og:image:height\" content=\"680\" \/>\n\t<meta property=\"og:image:type\" content=\"image\/jpeg\" \/>\n<meta name=\"twitter:card\" content=\"summary_large_image\" \/>\n<meta name=\"twitter:label1\" content=\"Tiempo de lectura\" \/>\n\t<meta name=\"twitter:data1\" content=\"2 minutos\" \/>\n<script type=\"application\/ld+json\" class=\"yoast-schema-graph\">{\"@context\":\"https:\/\/schema.org\",\"@graph\":[{\"@type\":\"WebPage\",\"@id\":\"https:\/\/butterflyeffect.com.ar\/index.php\/producto\/be-luna\/\",\"url\":\"https:\/\/butterflyeffect.com.ar\/index.php\/producto\/be-luna\/\",\"name\":\"BE | Luna - Vibrador a distancia - App Wifi -\",\"isPartOf\":{\"@id\":\"https:\/\/butterflyeffect.com.ar\/#website\"},\"primaryImageOfPage\":{\"@id\":\"https:\/\/butterflyeffect.com.ar\/index.php\/producto\/be-luna\/#primaryimage\"},\"image\":{\"@id\":\"https:\/\/butterflyeffect.com.ar\/index.php\/producto\/be-luna\/#primaryimage\"},\"thumbnailUrl\":\"https:\/\/butterflyeffect.com.ar\/wp-content\/uploads\/2023\/12\/D_NQ_NP_935441-MLA70635851958_072023-O.jpg\",\"datePublished\":\"2023-12-19T01:08:02+00:00\",\"dateModified\":\"2026-04-26T02:35:26+00:00\",\"description\":\"PERFUME FEROMONAS MEN ATTRACTION Fragancia para hombre con notas naturales y sensuales, llena de energ\u00eda y vitalidad. De esas fragancias que nunca pasan\",\"breadcrumb\":{\"@id\":\"https:\/\/butterflyeffect.com.ar\/index.php\/producto\/be-luna\/#breadcrumb\"},\"inLanguage\":\"es\",\"potentialAction\":[{\"@type\":\"ReadAction\",\"target\":[\"https:\/\/butterflyeffect.com.ar\/index.php\/producto\/be-luna\/\"]}]},{\"@type\":\"ImageObject\",\"inLanguage\":\"es\",\"@id\":\"https:\/\/butterflyeffect.com.ar\/index.php\/producto\/be-luna\/#primaryimage\",\"url\":\"https:\/\/butterflyeffect.com.ar\/wp-content\/uploads\/2023\/12\/D_NQ_NP_935441-MLA70635851958_072023-O.jpg\",\"contentUrl\":\"https:\/\/butterflyeffect.com.ar\/wp-content\/uploads\/2023\/12\/D_NQ_NP_935441-MLA70635851958_072023-O.jpg\",\"width\":1024,\"height\":680},{\"@type\":\"BreadcrumbList\",\"@id\":\"https:\/\/butterflyeffect.com.ar\/index.php\/producto\/be-luna\/#breadcrumb\",\"itemListElement\":[{\"@type\":\"ListItem\",\"position\":1,\"name\":\"Portada\",\"item\":\"https:\/\/butterflyeffect.com.ar\/\"},{\"@type\":\"ListItem\",\"position\":2,\"name\":\"Tienda\",\"item\":\"https:\/\/butterflyeffect.com.ar\/index.php\/tienda\/\"},{\"@type\":\"ListItem\",\"position\":3,\"name\":\"BE | Luna &#8211; Vibrador a distancia &#8211; App Wifi\"}]},{\"@type\":\"WebSite\",\"@id\":\"https:\/\/butterflyeffect.com.ar\/#website\",\"url\":\"https:\/\/butterflyeffect.com.ar\/\",\"name\":\"Butterfly Effect\",\"description\":\"Premium Sex Tech Toys &amp; Cosmetica Intima\",\"publisher\":{\"@id\":\"https:\/\/butterflyeffect.com.ar\/#organization\"},\"potentialAction\":[{\"@type\":\"SearchAction\",\"target\":{\"@type\":\"EntryPoint\",\"urlTemplate\":\"https:\/\/butterflyeffect.com.ar\/?s={search_term_string}\"},\"query-input\":{\"@type\":\"PropertyValueSpecification\",\"valueRequired\":true,\"valueName\":\"search_term_string\"}}],\"inLanguage\":\"es\"},{\"@type\":\"Organization\",\"@id\":\"https:\/\/butterflyeffect.com.ar\/#organization\",\"name\":\"The Butterfly Effect\",\"url\":\"https:\/\/butterflyeffect.com.ar\/\",\"logo\":{\"@type\":\"ImageObject\",\"inLanguage\":\"es\",\"@id\":\"https:\/\/butterflyeffect.com.ar\/#\/schema\/logo\/image\/\",\"url\":\"https:\/\/butterflyeffect.com.ar\/wp-content\/uploads\/2023\/06\/cropped-LOGO-FINAL-BE-01.jpg\",\"contentUrl\":\"https:\/\/butterflyeffect.com.ar\/wp-content\/uploads\/2023\/06\/cropped-LOGO-FINAL-BE-01.jpg\",\"width\":766,\"height\":877,\"caption\":\"The Butterfly Effect\"},\"image\":{\"@id\":\"https:\/\/butterflyeffect.com.ar\/#\/schema\/logo\/image\/\"},\"sameAs\":[\"https:\/\/www.instagram.com\/butterflyeffect_ar\/\"]}]}<\/script>\n<!-- \/ Yoast SEO plugin. -->","yoast_head_json":{"title":"BE | Luna - Vibrador a distancia - App Wifi -","description":"PERFUME FEROMONAS MEN ATTRACTION Fragancia para hombre con notas naturales y sensuales, llena de energ\u00eda y vitalidad. De esas fragancias que nunca pasan","robots":{"index":"index","follow":"follow","max-snippet":"max-snippet:-1","max-image-preview":"max-image-preview:large","max-video-preview":"max-video-preview:-1"},"canonical":"https:\/\/butterflyeffect.com.ar\/index.php\/producto\/be-luna\/","og_locale":"es_ES","og_type":"article","og_title":"BE | Luna - Vibrador a distancia - App Wifi -","og_description":"PERFUME FEROMONAS MEN ATTRACTION Fragancia para hombre con notas naturales y sensuales, llena de energ\u00eda y vitalidad. De esas fragancias que nunca pasan","og_url":"https:\/\/butterflyeffect.com.ar\/index.php\/producto\/be-luna\/","article_modified_time":"2026-04-26T02:35:26+00:00","og_image":[{"width":1024,"height":680,"url":"https:\/\/butterflyeffect.com.ar\/wp-content\/uploads\/2023\/12\/D_NQ_NP_935441-MLA70635851958_072023-O.jpg","type":"image\/jpeg"}],"twitter_card":"summary_large_image","twitter_misc":{"Tiempo de lectura":"2 minutos"},"schema":{"@context":"https:\/\/schema.org","@graph":[{"@type":"WebPage","@id":"https:\/\/butterflyeffect.com.ar\/index.php\/producto\/be-luna\/","url":"https:\/\/butterflyeffect.com.ar\/index.php\/producto\/be-luna\/","name":"BE | Luna - Vibrador a distancia - App Wifi -","isPartOf":{"@id":"https:\/\/butterflyeffect.com.ar\/#website"},"primaryImageOfPage":{"@id":"https:\/\/butterflyeffect.com.ar\/index.php\/producto\/be-luna\/#primaryimage"},"image":{"@id":"https:\/\/butterflyeffect.com.ar\/index.php\/producto\/be-luna\/#primaryimage"},"thumbnailUrl":"https:\/\/butterflyeffect.com.ar\/wp-content\/uploads\/2023\/12\/D_NQ_NP_935441-MLA70635851958_072023-O.jpg","datePublished":"2023-12-19T01:08:02+00:00","dateModified":"2026-04-26T02:35:26+00:00","description":"PERFUME FEROMONAS MEN ATTRACTION Fragancia para hombre con notas naturales y sensuales, llena de energ\u00eda y vitalidad. De esas fragancias que nunca pasan","breadcrumb":{"@id":"https:\/\/butterflyeffect.com.ar\/index.php\/producto\/be-luna\/#breadcrumb"},"inLanguage":"es","potentialAction":[{"@type":"ReadAction","target":["https:\/\/butterflyeffect.com.ar\/index.php\/producto\/be-luna\/"]}]},{"@type":"ImageObject","inLanguage":"es","@id":"https:\/\/butterflyeffect.com.ar\/index.php\/producto\/be-luna\/#primaryimage","url":"https:\/\/butterflyeffect.com.ar\/wp-content\/uploads\/2023\/12\/D_NQ_NP_935441-MLA70635851958_072023-O.jpg","contentUrl":"https:\/\/butterflyeffect.com.ar\/wp-content\/uploads\/2023\/12\/D_NQ_NP_935441-MLA70635851958_072023-O.jpg","width":1024,"height":680},{"@type":"BreadcrumbList","@id":"https:\/\/butterflyeffect.com.ar\/index.php\/producto\/be-luna\/#breadcrumb","itemListElement":[{"@type":"ListItem","position":1,"name":"Portada","item":"https:\/\/butterflyeffect.com.ar\/"},{"@type":"ListItem","position":2,"name":"Tienda","item":"https:\/\/butterflyeffect.com.ar\/index.php\/tienda\/"},{"@type":"ListItem","position":3,"name":"BE | Luna &#8211; Vibrador a distancia &#8211; App Wifi"}]},{"@type":"WebSite","@id":"https:\/\/butterflyeffect.com.ar\/#website","url":"https:\/\/butterflyeffect.com.ar\/","name":"Butterfly Effect","description":"Premium Sex Tech Toys &amp; Cosmetica Intima","publisher":{"@id":"https:\/\/butterflyeffect.com.ar\/#organization"},"potentialAction":[{"@type":"SearchAction","target":{"@type":"EntryPoint","urlTemplate":"https:\/\/butterflyeffect.com.ar\/?s={search_term_string}"},"query-input":{"@type":"PropertyValueSpecification","valueRequired":true,"valueName":"search_term_string"}}],"inLanguage":"es"},{"@type":"Organization","@id":"https:\/\/butterflyeffect.com.ar\/#organization","name":"The Butterfly Effect","url":"https:\/\/butterflyeffect.com.ar\/","logo":{"@type":"ImageObject","inLanguage":"es","@id":"https:\/\/butterflyeffect.com.ar\/#\/schema\/logo\/image\/","url":"https:\/\/butterflyeffect.com.ar\/wp-content\/uploads\/2023\/06\/cropped-LOGO-FINAL-BE-01.jpg","contentUrl":"https:\/\/butterflyeffect.com.ar\/wp-content\/uploads\/2023\/06\/cropped-LOGO-FINAL-BE-01.jpg","width":766,"height":877,"caption":"The Butterfly Effect"},"image":{"@id":"https:\/\/butterflyeffect.com.ar\/#\/schema\/logo\/image\/"},"sameAs":["https:\/\/www.instagram.com\/butterflyeffect_ar\/"]}]}},"_links":{"self":[{"href":"https:\/\/butterflyeffect.com.ar\/index.php\/wp-json\/wp\/v2\/product\/567","targetHints":{"allow":["GET"]}}],"collection":[{"href":"https:\/\/butterflyeffect.com.ar\/index.php\/wp-json\/wp\/v2\/product"}],"about":[{"href":"https:\/\/butterflyeffect.com.ar\/index.php\/wp-json\/wp\/v2\/types\/product"}],"replies":[{"embeddable":true,"href":"https:\/\/butterflyeffect.com.ar\/index.php\/wp-json\/wp\/v2\/comments?post=567"}],"wp:featuredmedia":[{"embeddable":true,"href":"https:\/\/butterflyeffect.com.ar\/index.php\/wp-json\/wp\/v2\/media\/653"}],"wp:attachment":[{"href":"https:\/\/butterflyeffect.com.ar\/index.php\/wp-json\/wp\/v2\/media?parent=567"}],"wp:term":[{"taxonomy":"product_brand","embeddable":true,"href":"https:\/\/butterflyeffect.com.ar\/index.php\/wp-json\/wp\/v2\/product_brand?post=567"},{"taxonomy":"product_cat","embeddable":true,"href":"https:\/\/butterflyeffect.com.ar\/index.php\/wp-json\/wp\/v2\/product_cat?post=567"},{"taxonomy":"product_tag","embeddable":true,"href":"https:\/\/butterflyeffect.com.ar\/index.php\/wp-json\/wp\/v2\/product_tag?post=567"}],"curies":[{"name":"wp","href":"https:\/\/api.w.org\/{rel}","templated":true}]}}