{"id":566,"date":"2023-12-19T01:07:39","date_gmt":"2023-12-19T01:07:39","guid":{"rendered":"https:\/\/butterflyeffect.com.ar\/?post_type=product&#038;p=566"},"modified":"2026-04-26T02:35:32","modified_gmt":"2026-04-26T02:35:32","slug":"be-aurora","status":"publish","type":"product","link":"https:\/\/butterflyeffect.com.ar\/index.php\/producto\/be-aurora\/","title":{"rendered":"BE | Aurora &#8211; Vibrador a distancia &#8211; App Wifi"},"content":{"rendered":"<p>Para obtener m\u00e1s funciones disponibles, puede instalar la aplicaci\u00f3n WHATS SENSE en cualquiera de sus dispositivos (iPhone, Android, tableta) para un f\u00e1cil control remoto en cualquier lugar que desee. Adem\u00e1s, experimentar\u00e1 control de chat, control de red, terminator, control de voz e incluso puede grabar conversaciones sexuales con su pareja.<\/p>\n<p>Modo manual<br \/>\nEncienda el AURORA presionando el bot\u00f3n de control y luego presione el bot\u00f3n para seleccionar la vibraci\u00f3n de 3 intensidades y 4 ritmos. El huevo de amor se apagar\u00e1 despu\u00e9s de mantener presionado el bot\u00f3n de control durante 3 segundos.<\/p>\n<p>Patrones de vibraci\u00f3n ilimitados \/ Vibraciones activadas por m\u00fasica y sonido<br \/>\nDescargue la aplicaci\u00f3n para tel\u00e9fonos inteligentes WHATS SENSE de Apple App Store o Google Play y disfrute del juego de corto alcance a trav\u00e9s de Bluetooth o la diversi\u00f3n a larga distancia a trav\u00e9s de una conexi\u00f3n inal\u00e1mbrica a Internet.<\/p>\n<p>&nbsp;<\/p>\n<h3 id=\"ui-accordion-1-header-0\" class=\"field-group-format-toggler accordion-item field-group-accordion-active ui-accordion-header ui-helper-reset ui-state-default ui-accordion-icons ui-accordion-header-active ui-state-active ui-corner-top\" role=\"tab\">Contenido<\/h3>\n<div id=\"ui-accordion-1-panel-0\" class=\"field-group-format-wrapper group-spec-content field-group-accordion-item ui-accordion-content ui-helper-reset ui-widget-content ui-corner-bottom ui-accordion-content-active\" role=\"tabpanel\" aria-labelledby=\"ui-accordion-1-header-0\" aria-hidden=\"false\">\n<div class=\"field field-name-field-content-text field-type-text-long field-label-hidden\">\n<div class=\"field-items\">\n<div class=\"field-item even\">\n<ul>\n<li>AURORA x1<\/li>\n<li>Gu\u00eda del usuario (QR)<\/li>\n<li>Cable USB-DC x1<\/li>\n<li>Bolsa de almacenamiento x1<\/li>\n<\/ul>\n<p>&nbsp;<\/p>\n<\/div>\n<div class=\"field-item even\">\n<h3 id=\"ui-accordion-1-header-1\" class=\"field-group-format-toggler accordion-item ui-accordion-header ui-helper-reset ui-state-default ui-accordion-icons ui-accordion-header-active ui-state-active ui-corner-top\" role=\"tab\">Caracter\u00edsticas<\/h3>\n<div id=\"ui-accordion-1-panel-1\" class=\"field-group-format-wrapper group-spec-specifications field-group-accordion-item ui-accordion-content ui-helper-reset ui-widget-content ui-corner-bottom ui-accordion-content-active\" role=\"tabpanel\" aria-labelledby=\"ui-accordion-1-header-1\" aria-hidden=\"false\">\n<div class=\"field field-name-field-specification-text field-type-text-long field-label-hidden\">\n<div class=\"field-items\">\n<div class=\"field-item even\">\n<ul>\n<li><strong>Tipo de estimulador:<\/strong> Vibrador port\u00e1til de cl\u00edtoris y vagnal<\/li>\n<li><strong>Materiales utilizados:<\/strong> Silicona segura para el cuerpo, ABS<\/li>\n<li><strong>Resistencia al agua:<\/strong> IPX6 a prueba de agua<\/li>\n<li><strong>Duraci\u00f3n de la bater\u00eda:<\/strong> Tiempo de carga de 60 minutos para un uso ininterrumpido de 210 minutos<\/li>\n<li><strong>Tipo de carga:<\/strong> Cargador Micro-USB<\/li>\n<li><strong>Controlado de forma remota:<\/strong> Aplicaci\u00f3n WHATS SENSE y Whats Sense APP<\/li>\n<li><strong>Controlado localmente:<\/strong> Smartphone APP, Manual<\/li>\n<li><strong>Tama\u00f1o:<\/strong> 1.0&#215;1.5&#215;3.7(9.3) in<\/li>\n<li><strong>Peso:<\/strong> 2 oc<\/li>\n<li><strong>Vibradores:<\/strong> 7 Velocidades manuales<\/li>\n<\/ul>\n<\/div>\n<\/div>\n<\/div>\n<\/div>\n<\/div>\n<\/div>\n<\/div>\n<\/div>\n","protected":false},"excerpt":{"rendered":"<p><span style=\"color: #320257\"><strong>COMPRALO HOY HASTA 6 CUOTAS SIN INTER\u00c9S Y CON DESCUENTO DEL 15% EN EFECTIVO.<\/strong><\/span><\/p>\n<p><img decoding=\"async\" class=\"aligncenter\" src=\"https:\/\/lelodistribucion.com.ar\/wp-content\/uploads\/2021\/03\/Medios-de-Pago-300x100.jpg\" \/><\/p>\n<p>AURORA, un mini huevo de amor de carga m\u00e1gica, su producto de primera generaci\u00f3n gan\u00f3 la nominaci\u00f3n al premio AVN \u00abO\u00bb. este \u00fatil dispositivo de bolsillo proporciona estimulaci\u00f3n vaginal y del cl\u00edtoris. Su \u00fanico bot\u00f3n grande es f\u00e1cil de operar, por lo que se puede operar sin adquirir habilidades especiales.<br \/>\nAdem\u00e1s, este mini vibrador se puede cargar a trav\u00e9s de USB, proporcion\u00e1ndole siete modos diferentes de vibraci\u00f3n potente. Debido al motor de acero de tungsteno, proporciona una experiencia de vibraci\u00f3n din\u00e1mica y fuerte.<\/p>\n","protected":false},"featured_media":645,"comment_status":"open","ping_status":"closed","template":"","meta":[],"product_brand":[],"product_cat":[24,25,22],"product_tag":[],"class_list":{"0":"post-566","1":"product","2":"type-product","3":"status-publish","4":"has-post-thumbnail","6":"product_cat-para-ellas","7":"product_cat-para-parejas","8":"product_cat-sex-toys","10":"entry","11":"has-media","13":"first","14":"outofstock","15":"shipping-taxable","16":"purchasable","17":"product-type-variable","18":"has-product-nav","19":"col","20":"span_1_of_4","21":"owp-content-center","22":"owp-thumbs-layout-horizontal","23":"owp-btn-normal","24":"owp-tabs-layout-horizontal"},"yoast_head":"<!-- This site is optimized with the Yoast SEO plugin v26.0 - https:\/\/yoast.com\/wordpress\/plugins\/seo\/ -->\n<title>BE | Aurora - Vibrador a distancia - App Wifi -<\/title>\n<meta name=\"description\" content=\"PERFUME FEROMONAS MEN ATTRACTION Fragancia para hombre con notas naturales y sensuales, llena de energ\u00eda y vitalidad. De esas fragancias que nunca pasan\" \/>\n<meta name=\"robots\" content=\"index, follow, max-snippet:-1, max-image-preview:large, max-video-preview:-1\" \/>\n<link rel=\"canonical\" href=\"https:\/\/butterflyeffect.com.ar\/index.php\/producto\/be-aurora\/\" \/>\n<meta property=\"og:locale\" content=\"es_ES\" \/>\n<meta property=\"og:type\" content=\"article\" \/>\n<meta property=\"og:title\" content=\"BE | Aurora - Vibrador a distancia - App Wifi -\" \/>\n<meta property=\"og:description\" content=\"PERFUME FEROMONAS MEN ATTRACTION Fragancia para hombre con notas naturales y sensuales, llena de energ\u00eda y vitalidad. De esas fragancias que nunca pasan\" \/>\n<meta property=\"og:url\" content=\"https:\/\/butterflyeffect.com.ar\/index.php\/producto\/be-aurora\/\" \/>\n<meta property=\"article:modified_time\" content=\"2026-04-26T02:35:32+00:00\" \/>\n<meta property=\"og:image\" content=\"https:\/\/butterflyeffect.com.ar\/wp-content\/uploads\/2023\/12\/D_NQ_NP_911095-MLA70665211017_072023-O.jpg\" \/>\n\t<meta property=\"og:image:width\" content=\"1024\" \/>\n\t<meta property=\"og:image:height\" content=\"680\" \/>\n\t<meta property=\"og:image:type\" content=\"image\/jpeg\" \/>\n<meta name=\"twitter:card\" content=\"summary_large_image\" \/>\n<meta name=\"twitter:label1\" content=\"Tiempo de lectura\" \/>\n\t<meta name=\"twitter:data1\" content=\"2 minutos\" \/>\n<script type=\"application\/ld+json\" class=\"yoast-schema-graph\">{\"@context\":\"https:\/\/schema.org\",\"@graph\":[{\"@type\":\"WebPage\",\"@id\":\"https:\/\/butterflyeffect.com.ar\/index.php\/producto\/be-aurora\/\",\"url\":\"https:\/\/butterflyeffect.com.ar\/index.php\/producto\/be-aurora\/\",\"name\":\"BE | Aurora - Vibrador a distancia - App Wifi -\",\"isPartOf\":{\"@id\":\"https:\/\/butterflyeffect.com.ar\/#website\"},\"primaryImageOfPage\":{\"@id\":\"https:\/\/butterflyeffect.com.ar\/index.php\/producto\/be-aurora\/#primaryimage\"},\"image\":{\"@id\":\"https:\/\/butterflyeffect.com.ar\/index.php\/producto\/be-aurora\/#primaryimage\"},\"thumbnailUrl\":\"https:\/\/butterflyeffect.com.ar\/wp-content\/uploads\/2023\/12\/D_NQ_NP_911095-MLA70665211017_072023-O.jpg\",\"datePublished\":\"2023-12-19T01:07:39+00:00\",\"dateModified\":\"2026-04-26T02:35:32+00:00\",\"description\":\"PERFUME FEROMONAS MEN ATTRACTION Fragancia para hombre con notas naturales y sensuales, llena de energ\u00eda y vitalidad. De esas fragancias que nunca pasan\",\"breadcrumb\":{\"@id\":\"https:\/\/butterflyeffect.com.ar\/index.php\/producto\/be-aurora\/#breadcrumb\"},\"inLanguage\":\"es\",\"potentialAction\":[{\"@type\":\"ReadAction\",\"target\":[\"https:\/\/butterflyeffect.com.ar\/index.php\/producto\/be-aurora\/\"]}]},{\"@type\":\"ImageObject\",\"inLanguage\":\"es\",\"@id\":\"https:\/\/butterflyeffect.com.ar\/index.php\/producto\/be-aurora\/#primaryimage\",\"url\":\"https:\/\/butterflyeffect.com.ar\/wp-content\/uploads\/2023\/12\/D_NQ_NP_911095-MLA70665211017_072023-O.jpg\",\"contentUrl\":\"https:\/\/butterflyeffect.com.ar\/wp-content\/uploads\/2023\/12\/D_NQ_NP_911095-MLA70665211017_072023-O.jpg\",\"width\":1024,\"height\":680},{\"@type\":\"BreadcrumbList\",\"@id\":\"https:\/\/butterflyeffect.com.ar\/index.php\/producto\/be-aurora\/#breadcrumb\",\"itemListElement\":[{\"@type\":\"ListItem\",\"position\":1,\"name\":\"Portada\",\"item\":\"https:\/\/butterflyeffect.com.ar\/\"},{\"@type\":\"ListItem\",\"position\":2,\"name\":\"Tienda\",\"item\":\"https:\/\/butterflyeffect.com.ar\/index.php\/tienda\/\"},{\"@type\":\"ListItem\",\"position\":3,\"name\":\"BE | Aurora &#8211; Vibrador a distancia &#8211; App Wifi\"}]},{\"@type\":\"WebSite\",\"@id\":\"https:\/\/butterflyeffect.com.ar\/#website\",\"url\":\"https:\/\/butterflyeffect.com.ar\/\",\"name\":\"Butterfly Effect\",\"description\":\"Premium Sex Tech Toys &amp; Cosmetica Intima\",\"publisher\":{\"@id\":\"https:\/\/butterflyeffect.com.ar\/#organization\"},\"potentialAction\":[{\"@type\":\"SearchAction\",\"target\":{\"@type\":\"EntryPoint\",\"urlTemplate\":\"https:\/\/butterflyeffect.com.ar\/?s={search_term_string}\"},\"query-input\":{\"@type\":\"PropertyValueSpecification\",\"valueRequired\":true,\"valueName\":\"search_term_string\"}}],\"inLanguage\":\"es\"},{\"@type\":\"Organization\",\"@id\":\"https:\/\/butterflyeffect.com.ar\/#organization\",\"name\":\"The Butterfly Effect\",\"url\":\"https:\/\/butterflyeffect.com.ar\/\",\"logo\":{\"@type\":\"ImageObject\",\"inLanguage\":\"es\",\"@id\":\"https:\/\/butterflyeffect.com.ar\/#\/schema\/logo\/image\/\",\"url\":\"https:\/\/butterflyeffect.com.ar\/wp-content\/uploads\/2023\/06\/cropped-LOGO-FINAL-BE-01.jpg\",\"contentUrl\":\"https:\/\/butterflyeffect.com.ar\/wp-content\/uploads\/2023\/06\/cropped-LOGO-FINAL-BE-01.jpg\",\"width\":766,\"height\":877,\"caption\":\"The Butterfly Effect\"},\"image\":{\"@id\":\"https:\/\/butterflyeffect.com.ar\/#\/schema\/logo\/image\/\"},\"sameAs\":[\"https:\/\/www.instagram.com\/butterflyeffect_ar\/\"]}]}<\/script>\n<!-- \/ Yoast SEO plugin. -->","yoast_head_json":{"title":"BE | Aurora - Vibrador a distancia - App Wifi -","description":"PERFUME FEROMONAS MEN ATTRACTION Fragancia para hombre con notas naturales y sensuales, llena de energ\u00eda y vitalidad. De esas fragancias que nunca pasan","robots":{"index":"index","follow":"follow","max-snippet":"max-snippet:-1","max-image-preview":"max-image-preview:large","max-video-preview":"max-video-preview:-1"},"canonical":"https:\/\/butterflyeffect.com.ar\/index.php\/producto\/be-aurora\/","og_locale":"es_ES","og_type":"article","og_title":"BE | Aurora - Vibrador a distancia - App Wifi -","og_description":"PERFUME FEROMONAS MEN ATTRACTION Fragancia para hombre con notas naturales y sensuales, llena de energ\u00eda y vitalidad. De esas fragancias que nunca pasan","og_url":"https:\/\/butterflyeffect.com.ar\/index.php\/producto\/be-aurora\/","article_modified_time":"2026-04-26T02:35:32+00:00","og_image":[{"width":1024,"height":680,"url":"https:\/\/butterflyeffect.com.ar\/wp-content\/uploads\/2023\/12\/D_NQ_NP_911095-MLA70665211017_072023-O.jpg","type":"image\/jpeg"}],"twitter_card":"summary_large_image","twitter_misc":{"Tiempo de lectura":"2 minutos"},"schema":{"@context":"https:\/\/schema.org","@graph":[{"@type":"WebPage","@id":"https:\/\/butterflyeffect.com.ar\/index.php\/producto\/be-aurora\/","url":"https:\/\/butterflyeffect.com.ar\/index.php\/producto\/be-aurora\/","name":"BE | Aurora - Vibrador a distancia - App Wifi -","isPartOf":{"@id":"https:\/\/butterflyeffect.com.ar\/#website"},"primaryImageOfPage":{"@id":"https:\/\/butterflyeffect.com.ar\/index.php\/producto\/be-aurora\/#primaryimage"},"image":{"@id":"https:\/\/butterflyeffect.com.ar\/index.php\/producto\/be-aurora\/#primaryimage"},"thumbnailUrl":"https:\/\/butterflyeffect.com.ar\/wp-content\/uploads\/2023\/12\/D_NQ_NP_911095-MLA70665211017_072023-O.jpg","datePublished":"2023-12-19T01:07:39+00:00","dateModified":"2026-04-26T02:35:32+00:00","description":"PERFUME FEROMONAS MEN ATTRACTION Fragancia para hombre con notas naturales y sensuales, llena de energ\u00eda y vitalidad. De esas fragancias que nunca pasan","breadcrumb":{"@id":"https:\/\/butterflyeffect.com.ar\/index.php\/producto\/be-aurora\/#breadcrumb"},"inLanguage":"es","potentialAction":[{"@type":"ReadAction","target":["https:\/\/butterflyeffect.com.ar\/index.php\/producto\/be-aurora\/"]}]},{"@type":"ImageObject","inLanguage":"es","@id":"https:\/\/butterflyeffect.com.ar\/index.php\/producto\/be-aurora\/#primaryimage","url":"https:\/\/butterflyeffect.com.ar\/wp-content\/uploads\/2023\/12\/D_NQ_NP_911095-MLA70665211017_072023-O.jpg","contentUrl":"https:\/\/butterflyeffect.com.ar\/wp-content\/uploads\/2023\/12\/D_NQ_NP_911095-MLA70665211017_072023-O.jpg","width":1024,"height":680},{"@type":"BreadcrumbList","@id":"https:\/\/butterflyeffect.com.ar\/index.php\/producto\/be-aurora\/#breadcrumb","itemListElement":[{"@type":"ListItem","position":1,"name":"Portada","item":"https:\/\/butterflyeffect.com.ar\/"},{"@type":"ListItem","position":2,"name":"Tienda","item":"https:\/\/butterflyeffect.com.ar\/index.php\/tienda\/"},{"@type":"ListItem","position":3,"name":"BE | Aurora &#8211; Vibrador a distancia &#8211; App Wifi"}]},{"@type":"WebSite","@id":"https:\/\/butterflyeffect.com.ar\/#website","url":"https:\/\/butterflyeffect.com.ar\/","name":"Butterfly Effect","description":"Premium Sex Tech Toys &amp; Cosmetica Intima","publisher":{"@id":"https:\/\/butterflyeffect.com.ar\/#organization"},"potentialAction":[{"@type":"SearchAction","target":{"@type":"EntryPoint","urlTemplate":"https:\/\/butterflyeffect.com.ar\/?s={search_term_string}"},"query-input":{"@type":"PropertyValueSpecification","valueRequired":true,"valueName":"search_term_string"}}],"inLanguage":"es"},{"@type":"Organization","@id":"https:\/\/butterflyeffect.com.ar\/#organization","name":"The Butterfly Effect","url":"https:\/\/butterflyeffect.com.ar\/","logo":{"@type":"ImageObject","inLanguage":"es","@id":"https:\/\/butterflyeffect.com.ar\/#\/schema\/logo\/image\/","url":"https:\/\/butterflyeffect.com.ar\/wp-content\/uploads\/2023\/06\/cropped-LOGO-FINAL-BE-01.jpg","contentUrl":"https:\/\/butterflyeffect.com.ar\/wp-content\/uploads\/2023\/06\/cropped-LOGO-FINAL-BE-01.jpg","width":766,"height":877,"caption":"The Butterfly Effect"},"image":{"@id":"https:\/\/butterflyeffect.com.ar\/#\/schema\/logo\/image\/"},"sameAs":["https:\/\/www.instagram.com\/butterflyeffect_ar\/"]}]}},"_links":{"self":[{"href":"https:\/\/butterflyeffect.com.ar\/index.php\/wp-json\/wp\/v2\/product\/566","targetHints":{"allow":["GET"]}}],"collection":[{"href":"https:\/\/butterflyeffect.com.ar\/index.php\/wp-json\/wp\/v2\/product"}],"about":[{"href":"https:\/\/butterflyeffect.com.ar\/index.php\/wp-json\/wp\/v2\/types\/product"}],"replies":[{"embeddable":true,"href":"https:\/\/butterflyeffect.com.ar\/index.php\/wp-json\/wp\/v2\/comments?post=566"}],"wp:featuredmedia":[{"embeddable":true,"href":"https:\/\/butterflyeffect.com.ar\/index.php\/wp-json\/wp\/v2\/media\/645"}],"wp:attachment":[{"href":"https:\/\/butterflyeffect.com.ar\/index.php\/wp-json\/wp\/v2\/media?parent=566"}],"wp:term":[{"taxonomy":"product_brand","embeddable":true,"href":"https:\/\/butterflyeffect.com.ar\/index.php\/wp-json\/wp\/v2\/product_brand?post=566"},{"taxonomy":"product_cat","embeddable":true,"href":"https:\/\/butterflyeffect.com.ar\/index.php\/wp-json\/wp\/v2\/product_cat?post=566"},{"taxonomy":"product_tag","embeddable":true,"href":"https:\/\/butterflyeffect.com.ar\/index.php\/wp-json\/wp\/v2\/product_tag?post=566"}],"curies":[{"name":"wp","href":"https:\/\/api.w.org\/{rel}","templated":true}]}}