{"id":565,"date":"2023-12-19T01:07:22","date_gmt":"2023-12-19T01:07:22","guid":{"rendered":"https:\/\/butterflyeffect.com.ar\/?post_type=product&#038;p=565"},"modified":"2026-04-26T02:35:35","modified_gmt":"2026-04-26T02:35:35","slug":"be-orion","status":"publish","type":"product","link":"https:\/\/butterflyeffect.com.ar\/index.php\/producto\/be-orion\/","title":{"rendered":"BE | Orion &#8211; Vibrador a distancia &#8211; App Wifi"},"content":{"rendered":"<p>Este tap\u00f3n anal vibrante tiene siete modos opcionales, desde caricias lentas hasta empujes r\u00e1pidos, pulsaciones d\u00e9biles y vibraciones poderosas. Este plug anal tiene todos los modos que necesitas para llegar a lo grande.<br \/>\nViene con una APLICACI\u00d3N gratuita para su comodidad, este vibrador anal es el juguete que necesita, ya sea para la masturbaci\u00f3n en solitario o para la interacci\u00f3n en pareja. Puedes controlar desde cualquier lugar<br \/>\nUsando silicona flexible de alta gama, el juguete es ajustable para que pueda tener el \u00e1ngulo perfecto para los orgasmos anales.<\/p>\n<p>ORION tambi\u00e9n es un juguete estimulante de pr\u00f3stata ideal para hombres, wste vibrador de pr\u00f3stata est\u00e1 dise\u00f1ado con una ventosa para que pueda liberar sus manos. Puede montarlo en la ba\u00f1era, en la pared del dormitorio, en el piso o en cualquier lugar que sea SUAVE y LIMPIO. Totalmente cubierto con silicona inodoro segura para el cuerpo, este vibrador para hombres es 100 % resistente al agua, lo que lo convierte en el mejor compa\u00f1ero para divertirse en la ba\u00f1era o en la piscina, proporcionar\u00e1 1 hora de tiempo de juego antes de volver a cargarlo con una bater\u00eda incorporada.<\/p>\n<p>La forma c\u00f3nica, la consistencia firme, el acabado agradable a la piel te har\u00e1n disfrutar cada momento las veces que decidas usarlo. Con la aplicaci\u00f3n WHATS SENSE, ORION Plugs le permitir\u00e1 sincronizar el juguete con su m\u00fasica favorita, disfrutar del control dibujado a mano y podr\u00e1 interactuar a trav\u00e9s de llamadas, im\u00e1genes y mensajes de texto.<\/p>\n<p>Sincroniza con CUALQUIER video o transmisi\u00f3n en vivo a trav\u00e9s de la APLICACI\u00d3N SyncMo<\/p>\n<p>&nbsp;<\/p>\n<h3 id=\"ui-accordion-1-header-0\" class=\"field-group-format-toggler accordion-item field-group-accordion-active ui-accordion-header ui-helper-reset ui-state-default ui-accordion-icons ui-accordion-header-active ui-state-active ui-corner-top\" role=\"tab\">Contenido<\/h3>\n<div id=\"ui-accordion-1-panel-0\" class=\"field-group-format-wrapper group-spec-content field-group-accordion-item ui-accordion-content ui-helper-reset ui-widget-content ui-corner-bottom ui-accordion-content-active\" role=\"tabpanel\" aria-labelledby=\"ui-accordion-1-header-0\" aria-hidden=\"false\">\n<div class=\"field field-name-field-content-text field-type-text-long field-label-hidden\">\n<div class=\"field-items\">\n<div class=\"field-item even\">\n<ul>\n<li>ORION x1<\/li>\n<li>Gu\u00eda manual f\u00e1cil de leer (QR)<\/li>\n<li>Cable USB magn\u00e9tico x1<\/li>\n<li>Caja de almacenamiento x1<\/li>\n<\/ul>\n<p>&nbsp;<\/p>\n<\/div>\n<div class=\"field-item even\">\n<h3 id=\"ui-accordion-1-header-1\" class=\"field-group-format-toggler accordion-item ui-accordion-header ui-helper-reset ui-state-default ui-accordion-icons ui-accordion-header-active ui-state-active ui-corner-top\" role=\"tab\">Caracter\u00edsticas<\/h3>\n<div id=\"ui-accordion-1-panel-1\" class=\"field-group-format-wrapper group-spec-specifications field-group-accordion-item ui-accordion-content ui-helper-reset ui-widget-content ui-corner-bottom ui-accordion-content-active\" role=\"tabpanel\" aria-labelledby=\"ui-accordion-1-header-1\" aria-hidden=\"false\">\n<div class=\"field field-name-field-specification-text field-type-text-long field-label-hidden\">\n<div class=\"field-items\">\n<div class=\"field-item even\">\n<ul>\n<li><strong>Toque final:<\/strong> Forma, consistencia firme y agradable a la piel.<\/li>\n<li><strong>Materiales utilizados:<\/strong> Silicona y ABS seguros para el cuerpo.<\/li>\n<li><strong>Repelencia al agua:<\/strong> IPX6 a prueba de agua<\/li>\n<li><strong>Duraci\u00f3n de la bater\u00eda:<\/strong> 120 minutos Tiempo de carga v\u00e1lido para 60 minutos de uso continuo<\/li>\n<li><strong>Tipo de carga:<\/strong> Puerto USB recargable\/carga USB magn\u00e9tica<\/li>\n<li><strong>Controlado de forma remota:<\/strong> Aplicaci\u00f3n Whats Sense<\/li>\n<li><strong>Patr\u00f3n de vibraci\u00f3n manual:<\/strong> 10 modos de vibraci\u00f3n<\/li>\n<li><strong>Tama\u00f1o:<\/strong> 3,46 x 1,38 en punta de largo y ancho, 4,25 de largo total y 2,64 de ancho<\/li>\n<li><strong>Peso:<\/strong> 88 gramos<\/li>\n<\/ul>\n<\/div>\n<\/div>\n<\/div>\n<\/div>\n<\/div>\n<\/div>\n<\/div>\n<\/div>\n","protected":false},"excerpt":{"rendered":"<p><span style=\"color: #320257\"><strong>COMPRALO HOY HASTA 6 CUOTAS SIN INTER\u00c9S Y CON DESCUENTO DEL 15% EN EFECTIVO.<\/strong><\/span><\/p>\n<p><img decoding=\"async\" class=\"aligncenter\" src=\"https:\/\/lelodistribucion.com.ar\/wp-content\/uploads\/2021\/03\/Medios-de-Pago-300x100.jpg\" \/><\/p>\n<p>ORION Plug es un vibrador anal controlado por aplicaci\u00f3n con una ventosa que combina tecnolog\u00eda de tel\u00e9fono inteligente ergon\u00f3mica e interactiva adecuada para principiantes y usuarios experimentados, hecho de silicona segura para el cuerpo, flexible y suave, totalmente segura y c\u00f3moda. El vibrador anal ORION con un dise\u00f1o esculpido permite estimular todos los puntos correctos y podr\u00eda conducir a los \u00f3rganos sexuales en su m\u00e1xima expresi\u00f3n. ORION Anal Toy es perfecto para todo tipo de emociones liberando tus manos.<\/p>\n","protected":false},"featured_media":633,"comment_status":"open","ping_status":"closed","template":"","meta":[],"product_brand":[],"product_cat":[24,23,25,22],"product_tag":[],"class_list":{"0":"post-565","1":"product","2":"type-product","3":"status-publish","4":"has-post-thumbnail","6":"product_cat-para-ellas","7":"product_cat-para-ellos","8":"product_cat-para-parejas","9":"product_cat-sex-toys","11":"entry","12":"has-media","14":"first","15":"instock","16":"shipping-taxable","17":"purchasable","18":"product-type-variable","19":"has-product-nav","20":"col","21":"span_1_of_4","22":"owp-content-center","23":"owp-thumbs-layout-horizontal","24":"owp-btn-normal","25":"owp-tabs-layout-horizontal"},"yoast_head":"<!-- This site is optimized with the Yoast SEO plugin v26.0 - https:\/\/yoast.com\/wordpress\/plugins\/seo\/ -->\n<title>BE | Orion - Vibrador a distancia - App Wifi -<\/title>\n<meta name=\"description\" content=\"PERFUME FEROMONAS MEN ATTRACTION Fragancia para hombre con notas naturales y sensuales, llena de energ\u00eda y vitalidad. De esas fragancias que nunca pasan\" \/>\n<meta name=\"robots\" content=\"index, follow, max-snippet:-1, max-image-preview:large, max-video-preview:-1\" \/>\n<link rel=\"canonical\" href=\"https:\/\/butterflyeffect.com.ar\/index.php\/producto\/be-orion\/\" \/>\n<meta property=\"og:locale\" content=\"es_ES\" \/>\n<meta property=\"og:type\" content=\"article\" \/>\n<meta property=\"og:title\" content=\"BE | Orion - Vibrador a distancia - App Wifi -\" \/>\n<meta property=\"og:description\" content=\"PERFUME FEROMONAS MEN ATTRACTION Fragancia para hombre con notas naturales y sensuales, llena de energ\u00eda y vitalidad. De esas fragancias que nunca pasan\" \/>\n<meta property=\"og:url\" content=\"https:\/\/butterflyeffect.com.ar\/index.php\/producto\/be-orion\/\" \/>\n<meta property=\"article:modified_time\" content=\"2026-04-26T02:35:35+00:00\" \/>\n<meta property=\"og:image\" content=\"https:\/\/butterflyeffect.com.ar\/wp-content\/uploads\/2023\/12\/D_NQ_NP_619155-MLA70635850034_072023-O.jpg\" \/>\n\t<meta property=\"og:image:width\" content=\"1024\" \/>\n\t<meta property=\"og:image:height\" content=\"680\" \/>\n\t<meta property=\"og:image:type\" content=\"image\/jpeg\" \/>\n<meta name=\"twitter:card\" content=\"summary_large_image\" \/>\n<meta name=\"twitter:label1\" content=\"Tiempo de lectura\" \/>\n\t<meta name=\"twitter:data1\" content=\"2 minutos\" \/>\n<script type=\"application\/ld+json\" class=\"yoast-schema-graph\">{\"@context\":\"https:\/\/schema.org\",\"@graph\":[{\"@type\":\"WebPage\",\"@id\":\"https:\/\/butterflyeffect.com.ar\/index.php\/producto\/be-orion\/\",\"url\":\"https:\/\/butterflyeffect.com.ar\/index.php\/producto\/be-orion\/\",\"name\":\"BE | Orion - Vibrador a distancia - App Wifi -\",\"isPartOf\":{\"@id\":\"https:\/\/butterflyeffect.com.ar\/#website\"},\"primaryImageOfPage\":{\"@id\":\"https:\/\/butterflyeffect.com.ar\/index.php\/producto\/be-orion\/#primaryimage\"},\"image\":{\"@id\":\"https:\/\/butterflyeffect.com.ar\/index.php\/producto\/be-orion\/#primaryimage\"},\"thumbnailUrl\":\"https:\/\/butterflyeffect.com.ar\/wp-content\/uploads\/2023\/12\/D_NQ_NP_619155-MLA70635850034_072023-O.jpg\",\"datePublished\":\"2023-12-19T01:07:22+00:00\",\"dateModified\":\"2026-04-26T02:35:35+00:00\",\"description\":\"PERFUME FEROMONAS MEN ATTRACTION Fragancia para hombre con notas naturales y sensuales, llena de energ\u00eda y vitalidad. De esas fragancias que nunca pasan\",\"breadcrumb\":{\"@id\":\"https:\/\/butterflyeffect.com.ar\/index.php\/producto\/be-orion\/#breadcrumb\"},\"inLanguage\":\"es\",\"potentialAction\":[{\"@type\":\"ReadAction\",\"target\":[\"https:\/\/butterflyeffect.com.ar\/index.php\/producto\/be-orion\/\"]}]},{\"@type\":\"ImageObject\",\"inLanguage\":\"es\",\"@id\":\"https:\/\/butterflyeffect.com.ar\/index.php\/producto\/be-orion\/#primaryimage\",\"url\":\"https:\/\/butterflyeffect.com.ar\/wp-content\/uploads\/2023\/12\/D_NQ_NP_619155-MLA70635850034_072023-O.jpg\",\"contentUrl\":\"https:\/\/butterflyeffect.com.ar\/wp-content\/uploads\/2023\/12\/D_NQ_NP_619155-MLA70635850034_072023-O.jpg\",\"width\":1024,\"height\":680},{\"@type\":\"BreadcrumbList\",\"@id\":\"https:\/\/butterflyeffect.com.ar\/index.php\/producto\/be-orion\/#breadcrumb\",\"itemListElement\":[{\"@type\":\"ListItem\",\"position\":1,\"name\":\"Portada\",\"item\":\"https:\/\/butterflyeffect.com.ar\/\"},{\"@type\":\"ListItem\",\"position\":2,\"name\":\"Tienda\",\"item\":\"https:\/\/butterflyeffect.com.ar\/index.php\/tienda\/\"},{\"@type\":\"ListItem\",\"position\":3,\"name\":\"BE | Orion &#8211; Vibrador a distancia &#8211; App Wifi\"}]},{\"@type\":\"WebSite\",\"@id\":\"https:\/\/butterflyeffect.com.ar\/#website\",\"url\":\"https:\/\/butterflyeffect.com.ar\/\",\"name\":\"Butterfly Effect\",\"description\":\"Premium Sex Tech Toys &amp; Cosmetica Intima\",\"publisher\":{\"@id\":\"https:\/\/butterflyeffect.com.ar\/#organization\"},\"potentialAction\":[{\"@type\":\"SearchAction\",\"target\":{\"@type\":\"EntryPoint\",\"urlTemplate\":\"https:\/\/butterflyeffect.com.ar\/?s={search_term_string}\"},\"query-input\":{\"@type\":\"PropertyValueSpecification\",\"valueRequired\":true,\"valueName\":\"search_term_string\"}}],\"inLanguage\":\"es\"},{\"@type\":\"Organization\",\"@id\":\"https:\/\/butterflyeffect.com.ar\/#organization\",\"name\":\"The Butterfly Effect\",\"url\":\"https:\/\/butterflyeffect.com.ar\/\",\"logo\":{\"@type\":\"ImageObject\",\"inLanguage\":\"es\",\"@id\":\"https:\/\/butterflyeffect.com.ar\/#\/schema\/logo\/image\/\",\"url\":\"https:\/\/butterflyeffect.com.ar\/wp-content\/uploads\/2023\/06\/cropped-LOGO-FINAL-BE-01.jpg\",\"contentUrl\":\"https:\/\/butterflyeffect.com.ar\/wp-content\/uploads\/2023\/06\/cropped-LOGO-FINAL-BE-01.jpg\",\"width\":766,\"height\":877,\"caption\":\"The Butterfly Effect\"},\"image\":{\"@id\":\"https:\/\/butterflyeffect.com.ar\/#\/schema\/logo\/image\/\"},\"sameAs\":[\"https:\/\/www.instagram.com\/butterflyeffect_ar\/\"]}]}<\/script>\n<!-- \/ Yoast SEO plugin. -->","yoast_head_json":{"title":"BE | Orion - Vibrador a distancia - App Wifi -","description":"PERFUME FEROMONAS MEN ATTRACTION Fragancia para hombre con notas naturales y sensuales, llena de energ\u00eda y vitalidad. De esas fragancias que nunca pasan","robots":{"index":"index","follow":"follow","max-snippet":"max-snippet:-1","max-image-preview":"max-image-preview:large","max-video-preview":"max-video-preview:-1"},"canonical":"https:\/\/butterflyeffect.com.ar\/index.php\/producto\/be-orion\/","og_locale":"es_ES","og_type":"article","og_title":"BE | Orion - Vibrador a distancia - App Wifi -","og_description":"PERFUME FEROMONAS MEN ATTRACTION Fragancia para hombre con notas naturales y sensuales, llena de energ\u00eda y vitalidad. De esas fragancias que nunca pasan","og_url":"https:\/\/butterflyeffect.com.ar\/index.php\/producto\/be-orion\/","article_modified_time":"2026-04-26T02:35:35+00:00","og_image":[{"width":1024,"height":680,"url":"https:\/\/butterflyeffect.com.ar\/wp-content\/uploads\/2023\/12\/D_NQ_NP_619155-MLA70635850034_072023-O.jpg","type":"image\/jpeg"}],"twitter_card":"summary_large_image","twitter_misc":{"Tiempo de lectura":"2 minutos"},"schema":{"@context":"https:\/\/schema.org","@graph":[{"@type":"WebPage","@id":"https:\/\/butterflyeffect.com.ar\/index.php\/producto\/be-orion\/","url":"https:\/\/butterflyeffect.com.ar\/index.php\/producto\/be-orion\/","name":"BE | Orion - Vibrador a distancia - App Wifi -","isPartOf":{"@id":"https:\/\/butterflyeffect.com.ar\/#website"},"primaryImageOfPage":{"@id":"https:\/\/butterflyeffect.com.ar\/index.php\/producto\/be-orion\/#primaryimage"},"image":{"@id":"https:\/\/butterflyeffect.com.ar\/index.php\/producto\/be-orion\/#primaryimage"},"thumbnailUrl":"https:\/\/butterflyeffect.com.ar\/wp-content\/uploads\/2023\/12\/D_NQ_NP_619155-MLA70635850034_072023-O.jpg","datePublished":"2023-12-19T01:07:22+00:00","dateModified":"2026-04-26T02:35:35+00:00","description":"PERFUME FEROMONAS MEN ATTRACTION Fragancia para hombre con notas naturales y sensuales, llena de energ\u00eda y vitalidad. De esas fragancias que nunca pasan","breadcrumb":{"@id":"https:\/\/butterflyeffect.com.ar\/index.php\/producto\/be-orion\/#breadcrumb"},"inLanguage":"es","potentialAction":[{"@type":"ReadAction","target":["https:\/\/butterflyeffect.com.ar\/index.php\/producto\/be-orion\/"]}]},{"@type":"ImageObject","inLanguage":"es","@id":"https:\/\/butterflyeffect.com.ar\/index.php\/producto\/be-orion\/#primaryimage","url":"https:\/\/butterflyeffect.com.ar\/wp-content\/uploads\/2023\/12\/D_NQ_NP_619155-MLA70635850034_072023-O.jpg","contentUrl":"https:\/\/butterflyeffect.com.ar\/wp-content\/uploads\/2023\/12\/D_NQ_NP_619155-MLA70635850034_072023-O.jpg","width":1024,"height":680},{"@type":"BreadcrumbList","@id":"https:\/\/butterflyeffect.com.ar\/index.php\/producto\/be-orion\/#breadcrumb","itemListElement":[{"@type":"ListItem","position":1,"name":"Portada","item":"https:\/\/butterflyeffect.com.ar\/"},{"@type":"ListItem","position":2,"name":"Tienda","item":"https:\/\/butterflyeffect.com.ar\/index.php\/tienda\/"},{"@type":"ListItem","position":3,"name":"BE | Orion &#8211; Vibrador a distancia &#8211; App Wifi"}]},{"@type":"WebSite","@id":"https:\/\/butterflyeffect.com.ar\/#website","url":"https:\/\/butterflyeffect.com.ar\/","name":"Butterfly Effect","description":"Premium Sex Tech Toys &amp; Cosmetica Intima","publisher":{"@id":"https:\/\/butterflyeffect.com.ar\/#organization"},"potentialAction":[{"@type":"SearchAction","target":{"@type":"EntryPoint","urlTemplate":"https:\/\/butterflyeffect.com.ar\/?s={search_term_string}"},"query-input":{"@type":"PropertyValueSpecification","valueRequired":true,"valueName":"search_term_string"}}],"inLanguage":"es"},{"@type":"Organization","@id":"https:\/\/butterflyeffect.com.ar\/#organization","name":"The Butterfly Effect","url":"https:\/\/butterflyeffect.com.ar\/","logo":{"@type":"ImageObject","inLanguage":"es","@id":"https:\/\/butterflyeffect.com.ar\/#\/schema\/logo\/image\/","url":"https:\/\/butterflyeffect.com.ar\/wp-content\/uploads\/2023\/06\/cropped-LOGO-FINAL-BE-01.jpg","contentUrl":"https:\/\/butterflyeffect.com.ar\/wp-content\/uploads\/2023\/06\/cropped-LOGO-FINAL-BE-01.jpg","width":766,"height":877,"caption":"The Butterfly Effect"},"image":{"@id":"https:\/\/butterflyeffect.com.ar\/#\/schema\/logo\/image\/"},"sameAs":["https:\/\/www.instagram.com\/butterflyeffect_ar\/"]}]}},"_links":{"self":[{"href":"https:\/\/butterflyeffect.com.ar\/index.php\/wp-json\/wp\/v2\/product\/565","targetHints":{"allow":["GET"]}}],"collection":[{"href":"https:\/\/butterflyeffect.com.ar\/index.php\/wp-json\/wp\/v2\/product"}],"about":[{"href":"https:\/\/butterflyeffect.com.ar\/index.php\/wp-json\/wp\/v2\/types\/product"}],"replies":[{"embeddable":true,"href":"https:\/\/butterflyeffect.com.ar\/index.php\/wp-json\/wp\/v2\/comments?post=565"}],"wp:featuredmedia":[{"embeddable":true,"href":"https:\/\/butterflyeffect.com.ar\/index.php\/wp-json\/wp\/v2\/media\/633"}],"wp:attachment":[{"href":"https:\/\/butterflyeffect.com.ar\/index.php\/wp-json\/wp\/v2\/media?parent=565"}],"wp:term":[{"taxonomy":"product_brand","embeddable":true,"href":"https:\/\/butterflyeffect.com.ar\/index.php\/wp-json\/wp\/v2\/product_brand?post=565"},{"taxonomy":"product_cat","embeddable":true,"href":"https:\/\/butterflyeffect.com.ar\/index.php\/wp-json\/wp\/v2\/product_cat?post=565"},{"taxonomy":"product_tag","embeddable":true,"href":"https:\/\/butterflyeffect.com.ar\/index.php\/wp-json\/wp\/v2\/product_tag?post=565"}],"curies":[{"name":"wp","href":"https:\/\/api.w.org\/{rel}","templated":true}]}}