{"id":2669,"date":"2025-12-22T23:39:03","date_gmt":"2025-12-22T23:39:03","guid":{"rendered":"https:\/\/butterflyeffect.com.ar\/?post_type=product&#038;p=2669"},"modified":"2026-04-08T18:30:24","modified_gmt":"2026-04-08T18:30:24","slug":"conjunto-bralette-y-tanga-cola-less-be-suave-sensual-w508","status":"publish","type":"product","link":"https:\/\/butterflyeffect.com.ar\/index.php\/producto\/conjunto-bralette-y-tanga-cola-less-be-suave-sensual-w508\/","title":{"rendered":"Conjunto Bralette Y Tanga Cola Less Be Suave Sensual W508"},"content":{"rendered":"<p>Presentamos el conjunto Bralette y Tanga Cola Less Be Suave Sensual W508 de la marca Butterfly Effect, dise\u00f1ado para resaltar la feminidad y elegancia de la mujer moderna. Este conjunto, confeccionado en delicado tul, ofrece una mezcla perfecta de comodidad y sensualidad, ideal para ocasiones especiales o para sentirse bien en cualquier d\u00eda.<\/p>\n<p>El bralette con detalles en corazones y volados a\u00f1ade un toque de sofisticaci\u00f3n al dise\u00f1o, mientras que el culotte less proporciona una silueta favorecedora, realzando las curvas de manera sutil y efectiva. Este modelo es una expresi\u00f3n de estilo, ideal para quienes buscan un lingerie que combine aspectos sensoriales y est\u00e9ticos.<\/p>\n<p>Perfecto para mujeres adultas que desean atraer miradas y sentirse seguras de s\u00ed mismas. El conjunto W508 no solo es una prenda \u00edntima, es una experiencia que invita a explorar la seducci\u00f3n y el glamour, convirti\u00e9ndose en un esencial dentro de cualquier guardarropa.<\/p>\n","protected":false},"excerpt":{"rendered":"<p>Presentamos el conjunto Bralette y Tanga Cola Less Be Suave Sensual W508 de la marca Butterfly Effect, dise\u00f1ado para resaltar la feminidad y elegancia de la mujer moderna. Este conjunto, confeccionado en delicado tul, ofrece una mezcla perfecta de comodidad y sensualidad, ideal para ocasiones especiales o para sentirse bien en cualquier d\u00eda.<\/p>\n<p>El bralette con detalles en corazones y volados a\u00f1ade un toque de sofisticaci\u00f3n al dise\u00f1o, mientras que el culotte less proporciona una silueta favorecedora, realzando las curvas de manera sutil y efectiva. Este modelo es una expresi\u00f3n de estilo, ideal para quienes buscan un lingerie que combine aspectos sensoriales y est\u00e9ticos.<\/p>\n<p>Perfecto para mujeres adultas que desean atraer miradas y sentirse seguras de s\u00ed mismas. El conjunto W508 no solo es una prenda \u00edntima, es una experiencia que invita a explorar la seducci\u00f3n y el glamour, convirti\u00e9ndose en un esencial dentro de cualquier guardarropa.<\/p>\n","protected":false},"featured_media":2701,"comment_status":"open","ping_status":"closed","template":"","meta":[],"product_brand":[107],"product_cat":[141,77],"product_tag":[142,143,144],"class_list":{"0":"post-2669","1":"product","2":"type-product","3":"status-publish","4":"has-post-thumbnail","6":"product_brand-butterfly-effect","7":"product_cat-lenceria-sexy","8":"product_cat-productos","9":"product_tag-cola-less","10":"product_tag-lenceria","11":"product_tag-sexy","13":"entry","14":"has-media","16":"first","17":"instock","18":"shipping-taxable","19":"purchasable","20":"product-type-variable","21":"has-product-nav","22":"col","23":"span_1_of_4","24":"owp-content-center","25":"owp-thumbs-layout-horizontal","26":"owp-btn-normal","27":"owp-tabs-layout-horizontal"},"yoast_head":"<!-- This site is optimized with the Yoast SEO plugin v26.0 - https:\/\/yoast.com\/wordpress\/plugins\/seo\/ -->\n<title>Conjunto Bralette Y Tanga Cola Less Be Suave Sensual W508 -<\/title>\n<meta name=\"robots\" content=\"index, follow, max-snippet:-1, max-image-preview:large, max-video-preview:-1\" \/>\n<link rel=\"canonical\" href=\"https:\/\/butterflyeffect.com.ar\/index.php\/producto\/conjunto-bralette-y-tanga-cola-less-be-suave-sensual-w508\/\" \/>\n<meta property=\"og:locale\" content=\"es_ES\" \/>\n<meta property=\"og:type\" content=\"article\" \/>\n<meta property=\"og:title\" content=\"Conjunto Bralette Y Tanga Cola Less Be Suave Sensual W508 -\" \/>\n<meta property=\"og:description\" content=\"Presentamos el conjunto Bralette y Tanga Cola Less Be Suave Sensual W508 de la marca Butterfly Effect, dise\u00f1ado para resaltar la feminidad y elegancia de la mujer moderna. Este conjunto, confeccionado en delicado tul, ofrece una mezcla perfecta de comodidad y sensualidad, ideal para ocasiones especiales o para sentirse bien en cualquier d\u00eda. El bralette con detalles en corazones y volados a\u00f1ade un toque de sofisticaci\u00f3n al dise\u00f1o, mientras que el culotte less proporciona una silueta favorecedora, realzando las curvas de manera sutil y efectiva. Este modelo es una expresi\u00f3n de estilo, ideal para quienes buscan un lingerie que combine aspectos sensoriales y est\u00e9ticos. Perfecto para mujeres adultas que desean atraer miradas y sentirse seguras de s\u00ed mismas. El conjunto W508 no solo es una prenda \u00edntima, es una experiencia que invita a explorar la seducci\u00f3n y el glamour, convirti\u00e9ndose en un esencial dentro de cualquier guardarropa.\" \/>\n<meta property=\"og:url\" content=\"https:\/\/butterflyeffect.com.ar\/index.php\/producto\/conjunto-bralette-y-tanga-cola-less-be-suave-sensual-w508\/\" \/>\n<meta property=\"article:modified_time\" content=\"2026-04-08T18:30:24+00:00\" \/>\n<meta property=\"og:image\" content=\"https:\/\/butterflyeffect.com.ar\/wp-content\/uploads\/2025\/12\/D_878085-MLA89661325748_082025-F.jpg\" \/>\n\t<meta property=\"og:image:width\" content=\"705\" \/>\n\t<meta property=\"og:image:height\" content=\"1199\" \/>\n\t<meta property=\"og:image:type\" content=\"image\/jpeg\" \/>\n<meta name=\"twitter:card\" content=\"summary_large_image\" \/>\n<meta name=\"twitter:label1\" content=\"Tiempo de lectura\" \/>\n\t<meta name=\"twitter:data1\" content=\"1 minuto\" \/>\n<script type=\"application\/ld+json\" class=\"yoast-schema-graph\">{\"@context\":\"https:\/\/schema.org\",\"@graph\":[{\"@type\":\"WebPage\",\"@id\":\"https:\/\/butterflyeffect.com.ar\/index.php\/producto\/conjunto-bralette-y-tanga-cola-less-be-suave-sensual-w508\/\",\"url\":\"https:\/\/butterflyeffect.com.ar\/index.php\/producto\/conjunto-bralette-y-tanga-cola-less-be-suave-sensual-w508\/\",\"name\":\"Conjunto Bralette Y Tanga Cola Less Be Suave Sensual W508 -\",\"isPartOf\":{\"@id\":\"https:\/\/butterflyeffect.com.ar\/#website\"},\"primaryImageOfPage\":{\"@id\":\"https:\/\/butterflyeffect.com.ar\/index.php\/producto\/conjunto-bralette-y-tanga-cola-less-be-suave-sensual-w508\/#primaryimage\"},\"image\":{\"@id\":\"https:\/\/butterflyeffect.com.ar\/index.php\/producto\/conjunto-bralette-y-tanga-cola-less-be-suave-sensual-w508\/#primaryimage\"},\"thumbnailUrl\":\"https:\/\/butterflyeffect.com.ar\/wp-content\/uploads\/2025\/12\/D_878085-MLA89661325748_082025-F.jpg\",\"datePublished\":\"2025-12-22T23:39:03+00:00\",\"dateModified\":\"2026-04-08T18:30:24+00:00\",\"breadcrumb\":{\"@id\":\"https:\/\/butterflyeffect.com.ar\/index.php\/producto\/conjunto-bralette-y-tanga-cola-less-be-suave-sensual-w508\/#breadcrumb\"},\"inLanguage\":\"es\",\"potentialAction\":[{\"@type\":\"ReadAction\",\"target\":[\"https:\/\/butterflyeffect.com.ar\/index.php\/producto\/conjunto-bralette-y-tanga-cola-less-be-suave-sensual-w508\/\"]}]},{\"@type\":\"ImageObject\",\"inLanguage\":\"es\",\"@id\":\"https:\/\/butterflyeffect.com.ar\/index.php\/producto\/conjunto-bralette-y-tanga-cola-less-be-suave-sensual-w508\/#primaryimage\",\"url\":\"https:\/\/butterflyeffect.com.ar\/wp-content\/uploads\/2025\/12\/D_878085-MLA89661325748_082025-F.jpg\",\"contentUrl\":\"https:\/\/butterflyeffect.com.ar\/wp-content\/uploads\/2025\/12\/D_878085-MLA89661325748_082025-F.jpg\",\"width\":705,\"height\":1199},{\"@type\":\"BreadcrumbList\",\"@id\":\"https:\/\/butterflyeffect.com.ar\/index.php\/producto\/conjunto-bralette-y-tanga-cola-less-be-suave-sensual-w508\/#breadcrumb\",\"itemListElement\":[{\"@type\":\"ListItem\",\"position\":1,\"name\":\"Portada\",\"item\":\"https:\/\/butterflyeffect.com.ar\/\"},{\"@type\":\"ListItem\",\"position\":2,\"name\":\"Tienda\",\"item\":\"https:\/\/butterflyeffect.com.ar\/index.php\/tienda\/\"},{\"@type\":\"ListItem\",\"position\":3,\"name\":\"Conjunto Bralette Y Tanga Cola Less Be Suave Sensual W508\"}]},{\"@type\":\"WebSite\",\"@id\":\"https:\/\/butterflyeffect.com.ar\/#website\",\"url\":\"https:\/\/butterflyeffect.com.ar\/\",\"name\":\"Butterfly Effect\",\"description\":\"Premium Sex Tech Toys &amp; Cosmetica Intima\",\"publisher\":{\"@id\":\"https:\/\/butterflyeffect.com.ar\/#organization\"},\"potentialAction\":[{\"@type\":\"SearchAction\",\"target\":{\"@type\":\"EntryPoint\",\"urlTemplate\":\"https:\/\/butterflyeffect.com.ar\/?s={search_term_string}\"},\"query-input\":{\"@type\":\"PropertyValueSpecification\",\"valueRequired\":true,\"valueName\":\"search_term_string\"}}],\"inLanguage\":\"es\"},{\"@type\":\"Organization\",\"@id\":\"https:\/\/butterflyeffect.com.ar\/#organization\",\"name\":\"The Butterfly Effect\",\"url\":\"https:\/\/butterflyeffect.com.ar\/\",\"logo\":{\"@type\":\"ImageObject\",\"inLanguage\":\"es\",\"@id\":\"https:\/\/butterflyeffect.com.ar\/#\/schema\/logo\/image\/\",\"url\":\"https:\/\/butterflyeffect.com.ar\/wp-content\/uploads\/2023\/06\/cropped-LOGO-FINAL-BE-01.jpg\",\"contentUrl\":\"https:\/\/butterflyeffect.com.ar\/wp-content\/uploads\/2023\/06\/cropped-LOGO-FINAL-BE-01.jpg\",\"width\":766,\"height\":877,\"caption\":\"The Butterfly Effect\"},\"image\":{\"@id\":\"https:\/\/butterflyeffect.com.ar\/#\/schema\/logo\/image\/\"},\"sameAs\":[\"https:\/\/www.instagram.com\/butterflyeffect_ar\/\"]}]}<\/script>\n<!-- \/ Yoast SEO plugin. -->","yoast_head_json":{"title":"Conjunto Bralette Y Tanga Cola Less Be Suave Sensual W508 -","robots":{"index":"index","follow":"follow","max-snippet":"max-snippet:-1","max-image-preview":"max-image-preview:large","max-video-preview":"max-video-preview:-1"},"canonical":"https:\/\/butterflyeffect.com.ar\/index.php\/producto\/conjunto-bralette-y-tanga-cola-less-be-suave-sensual-w508\/","og_locale":"es_ES","og_type":"article","og_title":"Conjunto Bralette Y Tanga Cola Less Be Suave Sensual W508 -","og_description":"Presentamos el conjunto Bralette y Tanga Cola Less Be Suave Sensual W508 de la marca Butterfly Effect, dise\u00f1ado para resaltar la feminidad y elegancia de la mujer moderna. Este conjunto, confeccionado en delicado tul, ofrece una mezcla perfecta de comodidad y sensualidad, ideal para ocasiones especiales o para sentirse bien en cualquier d\u00eda. El bralette con detalles en corazones y volados a\u00f1ade un toque de sofisticaci\u00f3n al dise\u00f1o, mientras que el culotte less proporciona una silueta favorecedora, realzando las curvas de manera sutil y efectiva. Este modelo es una expresi\u00f3n de estilo, ideal para quienes buscan un lingerie que combine aspectos sensoriales y est\u00e9ticos. Perfecto para mujeres adultas que desean atraer miradas y sentirse seguras de s\u00ed mismas. El conjunto W508 no solo es una prenda \u00edntima, es una experiencia que invita a explorar la seducci\u00f3n y el glamour, convirti\u00e9ndose en un esencial dentro de cualquier guardarropa.","og_url":"https:\/\/butterflyeffect.com.ar\/index.php\/producto\/conjunto-bralette-y-tanga-cola-less-be-suave-sensual-w508\/","article_modified_time":"2026-04-08T18:30:24+00:00","og_image":[{"width":705,"height":1199,"url":"https:\/\/butterflyeffect.com.ar\/wp-content\/uploads\/2025\/12\/D_878085-MLA89661325748_082025-F.jpg","type":"image\/jpeg"}],"twitter_card":"summary_large_image","twitter_misc":{"Tiempo de lectura":"1 minuto"},"schema":{"@context":"https:\/\/schema.org","@graph":[{"@type":"WebPage","@id":"https:\/\/butterflyeffect.com.ar\/index.php\/producto\/conjunto-bralette-y-tanga-cola-less-be-suave-sensual-w508\/","url":"https:\/\/butterflyeffect.com.ar\/index.php\/producto\/conjunto-bralette-y-tanga-cola-less-be-suave-sensual-w508\/","name":"Conjunto Bralette Y Tanga Cola Less Be Suave Sensual W508 -","isPartOf":{"@id":"https:\/\/butterflyeffect.com.ar\/#website"},"primaryImageOfPage":{"@id":"https:\/\/butterflyeffect.com.ar\/index.php\/producto\/conjunto-bralette-y-tanga-cola-less-be-suave-sensual-w508\/#primaryimage"},"image":{"@id":"https:\/\/butterflyeffect.com.ar\/index.php\/producto\/conjunto-bralette-y-tanga-cola-less-be-suave-sensual-w508\/#primaryimage"},"thumbnailUrl":"https:\/\/butterflyeffect.com.ar\/wp-content\/uploads\/2025\/12\/D_878085-MLA89661325748_082025-F.jpg","datePublished":"2025-12-22T23:39:03+00:00","dateModified":"2026-04-08T18:30:24+00:00","breadcrumb":{"@id":"https:\/\/butterflyeffect.com.ar\/index.php\/producto\/conjunto-bralette-y-tanga-cola-less-be-suave-sensual-w508\/#breadcrumb"},"inLanguage":"es","potentialAction":[{"@type":"ReadAction","target":["https:\/\/butterflyeffect.com.ar\/index.php\/producto\/conjunto-bralette-y-tanga-cola-less-be-suave-sensual-w508\/"]}]},{"@type":"ImageObject","inLanguage":"es","@id":"https:\/\/butterflyeffect.com.ar\/index.php\/producto\/conjunto-bralette-y-tanga-cola-less-be-suave-sensual-w508\/#primaryimage","url":"https:\/\/butterflyeffect.com.ar\/wp-content\/uploads\/2025\/12\/D_878085-MLA89661325748_082025-F.jpg","contentUrl":"https:\/\/butterflyeffect.com.ar\/wp-content\/uploads\/2025\/12\/D_878085-MLA89661325748_082025-F.jpg","width":705,"height":1199},{"@type":"BreadcrumbList","@id":"https:\/\/butterflyeffect.com.ar\/index.php\/producto\/conjunto-bralette-y-tanga-cola-less-be-suave-sensual-w508\/#breadcrumb","itemListElement":[{"@type":"ListItem","position":1,"name":"Portada","item":"https:\/\/butterflyeffect.com.ar\/"},{"@type":"ListItem","position":2,"name":"Tienda","item":"https:\/\/butterflyeffect.com.ar\/index.php\/tienda\/"},{"@type":"ListItem","position":3,"name":"Conjunto Bralette Y Tanga Cola Less Be Suave Sensual W508"}]},{"@type":"WebSite","@id":"https:\/\/butterflyeffect.com.ar\/#website","url":"https:\/\/butterflyeffect.com.ar\/","name":"Butterfly Effect","description":"Premium Sex Tech Toys &amp; Cosmetica Intima","publisher":{"@id":"https:\/\/butterflyeffect.com.ar\/#organization"},"potentialAction":[{"@type":"SearchAction","target":{"@type":"EntryPoint","urlTemplate":"https:\/\/butterflyeffect.com.ar\/?s={search_term_string}"},"query-input":{"@type":"PropertyValueSpecification","valueRequired":true,"valueName":"search_term_string"}}],"inLanguage":"es"},{"@type":"Organization","@id":"https:\/\/butterflyeffect.com.ar\/#organization","name":"The Butterfly Effect","url":"https:\/\/butterflyeffect.com.ar\/","logo":{"@type":"ImageObject","inLanguage":"es","@id":"https:\/\/butterflyeffect.com.ar\/#\/schema\/logo\/image\/","url":"https:\/\/butterflyeffect.com.ar\/wp-content\/uploads\/2023\/06\/cropped-LOGO-FINAL-BE-01.jpg","contentUrl":"https:\/\/butterflyeffect.com.ar\/wp-content\/uploads\/2023\/06\/cropped-LOGO-FINAL-BE-01.jpg","width":766,"height":877,"caption":"The Butterfly Effect"},"image":{"@id":"https:\/\/butterflyeffect.com.ar\/#\/schema\/logo\/image\/"},"sameAs":["https:\/\/www.instagram.com\/butterflyeffect_ar\/"]}]}},"_links":{"self":[{"href":"https:\/\/butterflyeffect.com.ar\/index.php\/wp-json\/wp\/v2\/product\/2669","targetHints":{"allow":["GET"]}}],"collection":[{"href":"https:\/\/butterflyeffect.com.ar\/index.php\/wp-json\/wp\/v2\/product"}],"about":[{"href":"https:\/\/butterflyeffect.com.ar\/index.php\/wp-json\/wp\/v2\/types\/product"}],"replies":[{"embeddable":true,"href":"https:\/\/butterflyeffect.com.ar\/index.php\/wp-json\/wp\/v2\/comments?post=2669"}],"wp:featuredmedia":[{"embeddable":true,"href":"https:\/\/butterflyeffect.com.ar\/index.php\/wp-json\/wp\/v2\/media\/2701"}],"wp:attachment":[{"href":"https:\/\/butterflyeffect.com.ar\/index.php\/wp-json\/wp\/v2\/media?parent=2669"}],"wp:term":[{"taxonomy":"product_brand","embeddable":true,"href":"https:\/\/butterflyeffect.com.ar\/index.php\/wp-json\/wp\/v2\/product_brand?post=2669"},{"taxonomy":"product_cat","embeddable":true,"href":"https:\/\/butterflyeffect.com.ar\/index.php\/wp-json\/wp\/v2\/product_cat?post=2669"},{"taxonomy":"product_tag","embeddable":true,"href":"https:\/\/butterflyeffect.com.ar\/index.php\/wp-json\/wp\/v2\/product_tag?post=2669"}],"curies":[{"name":"wp","href":"https:\/\/api.w.org\/{rel}","templated":true}]}}