{"id":2668,"date":"2025-12-22T23:39:03","date_gmt":"2025-12-22T23:39:03","guid":{"rendered":"https:\/\/butterflyeffect.com.ar\/?post_type=product&#038;p=2668"},"modified":"2026-04-27T17:52:17","modified_gmt":"2026-04-27T17:52:17","slug":"conjunto-bralette-y-tanga-cola-less-be-suave-sensual-s122","status":"publish","type":"product","link":"https:\/\/butterflyeffect.com.ar\/index.php\/producto\/conjunto-bralette-y-tanga-cola-less-be-suave-sensual-s122\/","title":{"rendered":"Conjunto Bralette Y Tanga Cola Less Be Suave Sensual S122"},"content":{"rendered":"<p>El Conjunto Bralette y Tanga Cola Less Be Suave Sensual S122 de la marca BUTTERFLY EFFECT es la elecci\u00f3n perfecta para la mujer moderna que busca combinar comodidad y sensualidad. Su dise\u00f1o en encaje delicado realza la figura femenina, ofreciendo un ajuste que abraza suavemente cada curva. El bralette aporta un toque de elegancia, ideal para ocasiones especiales o simplemente para sentirte fabulosa en tu d\u00eda a d\u00eda.<\/p>\n<p>La inclusi\u00f3n de una tanga cola less proporciona un acabado minimalista que acent\u00faa la silueta sin comprometer la comodidad. Este conjunto est\u00e1 confeccionado con materiales de alta calidad, garantizando un uso prolongado y placentero. Disfruta de la versatilidad de este modelo que se adapta a diferentes estilos, permiti\u00e9ndote lucirlo con confianza bajo cualquier prenda.<\/p>\n<p>Combinando un estilo contempor\u00e1neo y materiales suaves, este conjunto es perfecto para aquellas que desean un equilibrio entre lo pr\u00e1ctico y lo atractivo. Ideal para mujeres que valoran la calidad y el dise\u00f1o en su ropa interior. Renueva tu colecci\u00f3n con el Conjunto Bralette y Tanga Cola Less Be Suave Sensual S122 y descubre un nuevo nivel de autoexpresi\u00f3n.<\/p>\n","protected":false},"excerpt":{"rendered":"<p>El Conjunto Bralette y Tanga Cola Less Be Suave Sensual S122 de la marca BUTTERFLY EFFECT es la elecci\u00f3n perfecta para la mujer moderna que busca combinar comodidad y sensualidad. Su dise\u00f1o en encaje delicado realza la figura femenina, ofreciendo un ajuste que abraza suavemente cada curva. El bralette aporta un toque de elegancia, ideal para ocasiones especiales o simplemente para sentirte fabulosa en tu d\u00eda a d\u00eda.<\/p>\n<p>La inclusi\u00f3n de una tanga cola less proporciona un acabado minimalista que acent\u00faa la silueta sin comprometer la comodidad. Este conjunto est\u00e1 confeccionado con materiales de alta calidad, garantizando un uso prolongado y placentero. Disfruta de la versatilidad de este modelo que se adapta a diferentes estilos, permiti\u00e9ndote lucirlo con confianza bajo cualquier prenda.<\/p>\n<p>Combinando un estilo contempor\u00e1neo y materiales suaves, este conjunto es perfecto para aquellas que desean un equilibrio entre lo pr\u00e1ctico y lo atractivo. Ideal para mujeres que valoran la calidad y el dise\u00f1o en su ropa interior. Renueva tu colecci\u00f3n con el Conjunto Bralette y Tanga Cola Less Be Suave Sensual S122 y descubre un nuevo nivel de autoexpresi\u00f3n.<\/p>\n","protected":false},"featured_media":2693,"comment_status":"open","ping_status":"closed","template":"","meta":[],"product_brand":[107],"product_cat":[141,77],"product_tag":[142,143,144],"class_list":{"0":"post-2668","1":"product","2":"type-product","3":"status-publish","4":"has-post-thumbnail","6":"product_brand-butterfly-effect","7":"product_cat-lenceria-sexy","8":"product_cat-productos","9":"product_tag-cola-less","10":"product_tag-lenceria","11":"product_tag-sexy","13":"entry","14":"has-media","16":"first","17":"instock","18":"shipping-taxable","19":"purchasable","20":"product-type-variable","21":"has-product-nav","22":"col","23":"span_1_of_4","24":"owp-content-center","25":"owp-thumbs-layout-horizontal","26":"owp-btn-normal","27":"owp-tabs-layout-horizontal"},"yoast_head":"<!-- This site is optimized with the Yoast SEO plugin v26.0 - https:\/\/yoast.com\/wordpress\/plugins\/seo\/ -->\n<title>Conjunto Bralette Y Tanga Cola Less Be Suave Sensual S122 -<\/title>\n<meta name=\"robots\" content=\"index, follow, max-snippet:-1, max-image-preview:large, max-video-preview:-1\" \/>\n<link rel=\"canonical\" href=\"https:\/\/butterflyeffect.com.ar\/index.php\/producto\/conjunto-bralette-y-tanga-cola-less-be-suave-sensual-s122\/\" \/>\n<meta property=\"og:locale\" content=\"es_ES\" \/>\n<meta property=\"og:type\" content=\"article\" \/>\n<meta property=\"og:title\" content=\"Conjunto Bralette Y Tanga Cola Less Be Suave Sensual S122 -\" \/>\n<meta property=\"og:description\" content=\"El Conjunto Bralette y Tanga Cola Less Be Suave Sensual S122 de la marca BUTTERFLY EFFECT es la elecci\u00f3n perfecta para la mujer moderna que busca combinar comodidad y sensualidad. Su dise\u00f1o en encaje delicado realza la figura femenina, ofreciendo un ajuste que abraza suavemente cada curva. El bralette aporta un toque de elegancia, ideal para ocasiones especiales o simplemente para sentirte fabulosa en tu d\u00eda a d\u00eda.  La inclusi\u00f3n de una tanga cola less proporciona un acabado minimalista que acent\u00faa la silueta sin comprometer la comodidad. Este conjunto est\u00e1 confeccionado con materiales de alta calidad, garantizando un uso prolongado y placentero. Disfruta de la versatilidad de este modelo que se adapta a diferentes estilos, permiti\u00e9ndote lucirlo con confianza bajo cualquier prenda.  Combinando un estilo contempor\u00e1neo y materiales suaves, este conjunto es perfecto para aquellas que desean un equilibrio entre lo pr\u00e1ctico y lo atractivo. Ideal para mujeres que valoran la calidad y el dise\u00f1o en su ropa interior. Renueva tu colecci\u00f3n con el Conjunto Bralette y Tanga Cola Less Be Suave Sensual S122 y descubre un nuevo nivel de autoexpresi\u00f3n.\" \/>\n<meta property=\"og:url\" content=\"https:\/\/butterflyeffect.com.ar\/index.php\/producto\/conjunto-bralette-y-tanga-cola-less-be-suave-sensual-s122\/\" \/>\n<meta property=\"article:modified_time\" content=\"2026-04-27T17:52:17+00:00\" \/>\n<meta property=\"og:image\" content=\"https:\/\/butterflyeffect.com.ar\/wp-content\/uploads\/2025\/12\/D_826271-MLA89661079400_082025-F.jpg\" \/>\n\t<meta property=\"og:image:width\" content=\"750\" \/>\n\t<meta property=\"og:image:height\" content=\"823\" \/>\n\t<meta property=\"og:image:type\" content=\"image\/jpeg\" \/>\n<meta name=\"twitter:card\" content=\"summary_large_image\" \/>\n<meta name=\"twitter:label1\" content=\"Tiempo de lectura\" \/>\n\t<meta name=\"twitter:data1\" content=\"2 minutos\" \/>\n<script type=\"application\/ld+json\" class=\"yoast-schema-graph\">{\"@context\":\"https:\/\/schema.org\",\"@graph\":[{\"@type\":\"WebPage\",\"@id\":\"https:\/\/butterflyeffect.com.ar\/index.php\/producto\/conjunto-bralette-y-tanga-cola-less-be-suave-sensual-s122\/\",\"url\":\"https:\/\/butterflyeffect.com.ar\/index.php\/producto\/conjunto-bralette-y-tanga-cola-less-be-suave-sensual-s122\/\",\"name\":\"Conjunto Bralette Y Tanga Cola Less Be Suave Sensual S122 -\",\"isPartOf\":{\"@id\":\"https:\/\/butterflyeffect.com.ar\/#website\"},\"primaryImageOfPage\":{\"@id\":\"https:\/\/butterflyeffect.com.ar\/index.php\/producto\/conjunto-bralette-y-tanga-cola-less-be-suave-sensual-s122\/#primaryimage\"},\"image\":{\"@id\":\"https:\/\/butterflyeffect.com.ar\/index.php\/producto\/conjunto-bralette-y-tanga-cola-less-be-suave-sensual-s122\/#primaryimage\"},\"thumbnailUrl\":\"https:\/\/butterflyeffect.com.ar\/wp-content\/uploads\/2025\/12\/D_826271-MLA89661079400_082025-F.jpg\",\"datePublished\":\"2025-12-22T23:39:03+00:00\",\"dateModified\":\"2026-04-27T17:52:17+00:00\",\"breadcrumb\":{\"@id\":\"https:\/\/butterflyeffect.com.ar\/index.php\/producto\/conjunto-bralette-y-tanga-cola-less-be-suave-sensual-s122\/#breadcrumb\"},\"inLanguage\":\"es\",\"potentialAction\":[{\"@type\":\"ReadAction\",\"target\":[\"https:\/\/butterflyeffect.com.ar\/index.php\/producto\/conjunto-bralette-y-tanga-cola-less-be-suave-sensual-s122\/\"]}]},{\"@type\":\"ImageObject\",\"inLanguage\":\"es\",\"@id\":\"https:\/\/butterflyeffect.com.ar\/index.php\/producto\/conjunto-bralette-y-tanga-cola-less-be-suave-sensual-s122\/#primaryimage\",\"url\":\"https:\/\/butterflyeffect.com.ar\/wp-content\/uploads\/2025\/12\/D_826271-MLA89661079400_082025-F.jpg\",\"contentUrl\":\"https:\/\/butterflyeffect.com.ar\/wp-content\/uploads\/2025\/12\/D_826271-MLA89661079400_082025-F.jpg\",\"width\":750,\"height\":823},{\"@type\":\"BreadcrumbList\",\"@id\":\"https:\/\/butterflyeffect.com.ar\/index.php\/producto\/conjunto-bralette-y-tanga-cola-less-be-suave-sensual-s122\/#breadcrumb\",\"itemListElement\":[{\"@type\":\"ListItem\",\"position\":1,\"name\":\"Portada\",\"item\":\"https:\/\/butterflyeffect.com.ar\/\"},{\"@type\":\"ListItem\",\"position\":2,\"name\":\"Tienda\",\"item\":\"https:\/\/butterflyeffect.com.ar\/index.php\/tienda\/\"},{\"@type\":\"ListItem\",\"position\":3,\"name\":\"Conjunto Bralette Y Tanga Cola Less Be Suave Sensual S122\"}]},{\"@type\":\"WebSite\",\"@id\":\"https:\/\/butterflyeffect.com.ar\/#website\",\"url\":\"https:\/\/butterflyeffect.com.ar\/\",\"name\":\"Butterfly Effect\",\"description\":\"Premium Sex Tech Toys &amp; Cosmetica Intima\",\"publisher\":{\"@id\":\"https:\/\/butterflyeffect.com.ar\/#organization\"},\"potentialAction\":[{\"@type\":\"SearchAction\",\"target\":{\"@type\":\"EntryPoint\",\"urlTemplate\":\"https:\/\/butterflyeffect.com.ar\/?s={search_term_string}\"},\"query-input\":{\"@type\":\"PropertyValueSpecification\",\"valueRequired\":true,\"valueName\":\"search_term_string\"}}],\"inLanguage\":\"es\"},{\"@type\":\"Organization\",\"@id\":\"https:\/\/butterflyeffect.com.ar\/#organization\",\"name\":\"The Butterfly Effect\",\"url\":\"https:\/\/butterflyeffect.com.ar\/\",\"logo\":{\"@type\":\"ImageObject\",\"inLanguage\":\"es\",\"@id\":\"https:\/\/butterflyeffect.com.ar\/#\/schema\/logo\/image\/\",\"url\":\"https:\/\/butterflyeffect.com.ar\/wp-content\/uploads\/2023\/06\/cropped-LOGO-FINAL-BE-01.jpg\",\"contentUrl\":\"https:\/\/butterflyeffect.com.ar\/wp-content\/uploads\/2023\/06\/cropped-LOGO-FINAL-BE-01.jpg\",\"width\":766,\"height\":877,\"caption\":\"The Butterfly Effect\"},\"image\":{\"@id\":\"https:\/\/butterflyeffect.com.ar\/#\/schema\/logo\/image\/\"},\"sameAs\":[\"https:\/\/www.instagram.com\/butterflyeffect_ar\/\"]}]}<\/script>\n<!-- \/ Yoast SEO plugin. -->","yoast_head_json":{"title":"Conjunto Bralette Y Tanga Cola Less Be Suave Sensual S122 -","robots":{"index":"index","follow":"follow","max-snippet":"max-snippet:-1","max-image-preview":"max-image-preview:large","max-video-preview":"max-video-preview:-1"},"canonical":"https:\/\/butterflyeffect.com.ar\/index.php\/producto\/conjunto-bralette-y-tanga-cola-less-be-suave-sensual-s122\/","og_locale":"es_ES","og_type":"article","og_title":"Conjunto Bralette Y Tanga Cola Less Be Suave Sensual S122 -","og_description":"El Conjunto Bralette y Tanga Cola Less Be Suave Sensual S122 de la marca BUTTERFLY EFFECT es la elecci\u00f3n perfecta para la mujer moderna que busca combinar comodidad y sensualidad. Su dise\u00f1o en encaje delicado realza la figura femenina, ofreciendo un ajuste que abraza suavemente cada curva. El bralette aporta un toque de elegancia, ideal para ocasiones especiales o simplemente para sentirte fabulosa en tu d\u00eda a d\u00eda.  La inclusi\u00f3n de una tanga cola less proporciona un acabado minimalista que acent\u00faa la silueta sin comprometer la comodidad. Este conjunto est\u00e1 confeccionado con materiales de alta calidad, garantizando un uso prolongado y placentero. Disfruta de la versatilidad de este modelo que se adapta a diferentes estilos, permiti\u00e9ndote lucirlo con confianza bajo cualquier prenda.  Combinando un estilo contempor\u00e1neo y materiales suaves, este conjunto es perfecto para aquellas que desean un equilibrio entre lo pr\u00e1ctico y lo atractivo. Ideal para mujeres que valoran la calidad y el dise\u00f1o en su ropa interior. Renueva tu colecci\u00f3n con el Conjunto Bralette y Tanga Cola Less Be Suave Sensual S122 y descubre un nuevo nivel de autoexpresi\u00f3n.","og_url":"https:\/\/butterflyeffect.com.ar\/index.php\/producto\/conjunto-bralette-y-tanga-cola-less-be-suave-sensual-s122\/","article_modified_time":"2026-04-27T17:52:17+00:00","og_image":[{"width":750,"height":823,"url":"https:\/\/butterflyeffect.com.ar\/wp-content\/uploads\/2025\/12\/D_826271-MLA89661079400_082025-F.jpg","type":"image\/jpeg"}],"twitter_card":"summary_large_image","twitter_misc":{"Tiempo de lectura":"2 minutos"},"schema":{"@context":"https:\/\/schema.org","@graph":[{"@type":"WebPage","@id":"https:\/\/butterflyeffect.com.ar\/index.php\/producto\/conjunto-bralette-y-tanga-cola-less-be-suave-sensual-s122\/","url":"https:\/\/butterflyeffect.com.ar\/index.php\/producto\/conjunto-bralette-y-tanga-cola-less-be-suave-sensual-s122\/","name":"Conjunto Bralette Y Tanga Cola Less Be Suave Sensual S122 -","isPartOf":{"@id":"https:\/\/butterflyeffect.com.ar\/#website"},"primaryImageOfPage":{"@id":"https:\/\/butterflyeffect.com.ar\/index.php\/producto\/conjunto-bralette-y-tanga-cola-less-be-suave-sensual-s122\/#primaryimage"},"image":{"@id":"https:\/\/butterflyeffect.com.ar\/index.php\/producto\/conjunto-bralette-y-tanga-cola-less-be-suave-sensual-s122\/#primaryimage"},"thumbnailUrl":"https:\/\/butterflyeffect.com.ar\/wp-content\/uploads\/2025\/12\/D_826271-MLA89661079400_082025-F.jpg","datePublished":"2025-12-22T23:39:03+00:00","dateModified":"2026-04-27T17:52:17+00:00","breadcrumb":{"@id":"https:\/\/butterflyeffect.com.ar\/index.php\/producto\/conjunto-bralette-y-tanga-cola-less-be-suave-sensual-s122\/#breadcrumb"},"inLanguage":"es","potentialAction":[{"@type":"ReadAction","target":["https:\/\/butterflyeffect.com.ar\/index.php\/producto\/conjunto-bralette-y-tanga-cola-less-be-suave-sensual-s122\/"]}]},{"@type":"ImageObject","inLanguage":"es","@id":"https:\/\/butterflyeffect.com.ar\/index.php\/producto\/conjunto-bralette-y-tanga-cola-less-be-suave-sensual-s122\/#primaryimage","url":"https:\/\/butterflyeffect.com.ar\/wp-content\/uploads\/2025\/12\/D_826271-MLA89661079400_082025-F.jpg","contentUrl":"https:\/\/butterflyeffect.com.ar\/wp-content\/uploads\/2025\/12\/D_826271-MLA89661079400_082025-F.jpg","width":750,"height":823},{"@type":"BreadcrumbList","@id":"https:\/\/butterflyeffect.com.ar\/index.php\/producto\/conjunto-bralette-y-tanga-cola-less-be-suave-sensual-s122\/#breadcrumb","itemListElement":[{"@type":"ListItem","position":1,"name":"Portada","item":"https:\/\/butterflyeffect.com.ar\/"},{"@type":"ListItem","position":2,"name":"Tienda","item":"https:\/\/butterflyeffect.com.ar\/index.php\/tienda\/"},{"@type":"ListItem","position":3,"name":"Conjunto Bralette Y Tanga Cola Less Be Suave Sensual S122"}]},{"@type":"WebSite","@id":"https:\/\/butterflyeffect.com.ar\/#website","url":"https:\/\/butterflyeffect.com.ar\/","name":"Butterfly Effect","description":"Premium Sex Tech Toys &amp; Cosmetica Intima","publisher":{"@id":"https:\/\/butterflyeffect.com.ar\/#organization"},"potentialAction":[{"@type":"SearchAction","target":{"@type":"EntryPoint","urlTemplate":"https:\/\/butterflyeffect.com.ar\/?s={search_term_string}"},"query-input":{"@type":"PropertyValueSpecification","valueRequired":true,"valueName":"search_term_string"}}],"inLanguage":"es"},{"@type":"Organization","@id":"https:\/\/butterflyeffect.com.ar\/#organization","name":"The Butterfly Effect","url":"https:\/\/butterflyeffect.com.ar\/","logo":{"@type":"ImageObject","inLanguage":"es","@id":"https:\/\/butterflyeffect.com.ar\/#\/schema\/logo\/image\/","url":"https:\/\/butterflyeffect.com.ar\/wp-content\/uploads\/2023\/06\/cropped-LOGO-FINAL-BE-01.jpg","contentUrl":"https:\/\/butterflyeffect.com.ar\/wp-content\/uploads\/2023\/06\/cropped-LOGO-FINAL-BE-01.jpg","width":766,"height":877,"caption":"The Butterfly Effect"},"image":{"@id":"https:\/\/butterflyeffect.com.ar\/#\/schema\/logo\/image\/"},"sameAs":["https:\/\/www.instagram.com\/butterflyeffect_ar\/"]}]}},"_links":{"self":[{"href":"https:\/\/butterflyeffect.com.ar\/index.php\/wp-json\/wp\/v2\/product\/2668","targetHints":{"allow":["GET"]}}],"collection":[{"href":"https:\/\/butterflyeffect.com.ar\/index.php\/wp-json\/wp\/v2\/product"}],"about":[{"href":"https:\/\/butterflyeffect.com.ar\/index.php\/wp-json\/wp\/v2\/types\/product"}],"replies":[{"embeddable":true,"href":"https:\/\/butterflyeffect.com.ar\/index.php\/wp-json\/wp\/v2\/comments?post=2668"}],"wp:featuredmedia":[{"embeddable":true,"href":"https:\/\/butterflyeffect.com.ar\/index.php\/wp-json\/wp\/v2\/media\/2693"}],"wp:attachment":[{"href":"https:\/\/butterflyeffect.com.ar\/index.php\/wp-json\/wp\/v2\/media?parent=2668"}],"wp:term":[{"taxonomy":"product_brand","embeddable":true,"href":"https:\/\/butterflyeffect.com.ar\/index.php\/wp-json\/wp\/v2\/product_brand?post=2668"},{"taxonomy":"product_cat","embeddable":true,"href":"https:\/\/butterflyeffect.com.ar\/index.php\/wp-json\/wp\/v2\/product_cat?post=2668"},{"taxonomy":"product_tag","embeddable":true,"href":"https:\/\/butterflyeffect.com.ar\/index.php\/wp-json\/wp\/v2\/product_tag?post=2668"}],"curies":[{"name":"wp","href":"https:\/\/api.w.org\/{rel}","templated":true}]}}