{"id":2644,"date":"2025-12-22T23:38:42","date_gmt":"2025-12-22T23:38:42","guid":{"rendered":"https:\/\/butterflyeffect.com.ar\/?post_type=product&#038;p=2644"},"modified":"2026-04-27T17:51:21","modified_gmt":"2026-04-27T17:51:21","slug":"baby-doll-conjunto-disfraz-lenceria-sexy-be-sensual-w232","status":"publish","type":"product","link":"https:\/\/butterflyeffect.com.ar\/index.php\/producto\/baby-doll-conjunto-disfraz-lenceria-sexy-be-sensual-w232\/","title":{"rendered":"Baby Doll Conjunto Disfraz, Lenceria Sexy Be Sensual W232"},"content":{"rendered":"<p>Descubre el encanto y la sensualidad del Baby Doll Conjunto Disfraz, Lenceria Sexy Be Sensual W232 de la marca BUTTERFLY EFFECT. Este conjunto, dise\u00f1ado especialmente para mujeres, combina un bralette, una pollera y una bombacha, todo fabricado en poli\u00e9ster y tul, garantizando una sensaci\u00f3n ligera y c\u00f3moda en tu piel. Perfecto para ocasiones especiales o para sorprender, este disfraz destaca por su dise\u00f1o \u00fanico y atractivo que resalta la feminidad y confianza.<\/p>\n<p>Cada detalle del modelo W232 ha sido pensado para ofrecer una experiencia seductora. La textura suave del material se ajusta delicadamente a tu figura, brindando un toque de elegancia y provocaci\u00f3n. Ideal para aquellas que buscan algo diferente en su guardarropa, este conjunto es la elecci\u00f3n perfecta para realzar tu lado m\u00e1s sensual.<\/p>\n<p>Las caracter\u00edsticas del Baby Doll lo convierten en una opci\u00f3n vers\u00e1til, apta para diversas ocasiones, desde una noche rom\u00e1ntica hasta una fiesta tem\u00e1tica. Su f\u00e1cil combinaci\u00f3n te permitir\u00e1 crear looks variados, sumando un toque especial a tu vestuario. Atr\u00e9vete a lucirlo y a disfrutar de la seguridad que te ofrece este conjunto.<\/p>\n<p>Con este Baby Doll, no solo adquieres un disfraz, sino tambi\u00e9n una declaraci\u00f3n de estilo que te invita a explorar tu sensualidad. No dejes pasar la oportunidad de sentirte fabulosa y divina con este dise\u00f1o exclusivo. Con una confecci\u00f3n cuidadosa y un estilo inconfundible, el Baby Doll Conjunto Disfraz, Lenceria Sexy Be Sensual W232 es el complemento ideal para tu colecci\u00f3n de lencer\u00eda.<\/p>\n","protected":false},"excerpt":{"rendered":"<p>Descubre el encanto y la sensualidad del Baby Doll Conjunto Disfraz, Lenceria Sexy Be Sensual W232 de la marca BUTTERFLY EFFECT. Este conjunto, dise\u00f1ado especialmente para mujeres, combina un bralette, una pollera y una bombacha, todo fabricado en poli\u00e9ster y tul, garantizando una sensaci\u00f3n ligera y c\u00f3moda en tu piel. Perfecto para ocasiones especiales o para sorprender, este disfraz destaca por su dise\u00f1o \u00fanico y atractivo que resalta la feminidad y confianza.<\/p>\n<p>Cada detalle del modelo W232 ha sido pensado para ofrecer una experiencia seductora. La textura suave del material se ajusta delicadamente a tu figura, brindando un toque de elegancia y provocaci\u00f3n. Ideal para aquellas que buscan algo diferente en su guardarropa, este conjunto es la elecci\u00f3n perfecta para realzar tu lado m\u00e1s sensual.<\/p>\n<p>Las caracter\u00edsticas del Baby Doll lo convierten en una opci\u00f3n vers\u00e1til, apta para diversas ocasiones, desde una noche rom\u00e1ntica hasta una fiesta tem\u00e1tica. Su f\u00e1cil combinaci\u00f3n te permitir\u00e1 crear looks variados, sumando un toque especial a tu vestuario. Atr\u00e9vete a lucirlo y a disfrutar de la seguridad que te ofrece este conjunto.<\/p>\n<p>Con este Baby Doll, no solo adquieres un disfraz, sino tambi\u00e9n una declaraci\u00f3n de estilo que te invita a explorar tu sensualidad. No dejes pasar la oportunidad de sentirte fabulosa y divina con este dise\u00f1o exclusivo. Con una confecci\u00f3n cuidadosa y un estilo inconfundible, el Baby Doll Conjunto Disfraz, Lenceria Sexy Be Sensual W232 es el complemento ideal para tu colecci\u00f3n de lencer\u00eda.<\/p>\n","protected":false},"featured_media":2677,"comment_status":"open","ping_status":"closed","template":"","meta":[],"product_brand":[107],"product_cat":[141,77],"product_tag":[142,143,144],"class_list":{"0":"post-2644","1":"product","2":"type-product","3":"status-publish","4":"has-post-thumbnail","6":"product_brand-butterfly-effect","7":"product_cat-lenceria-sexy","8":"product_cat-productos","9":"product_tag-cola-less","10":"product_tag-lenceria","11":"product_tag-sexy","13":"entry","14":"has-media","16":"first","17":"instock","18":"shipping-taxable","19":"purchasable","20":"product-type-variable","21":"has-product-nav","22":"col","23":"span_1_of_4","24":"owp-content-center","25":"owp-thumbs-layout-horizontal","26":"owp-btn-normal","27":"owp-tabs-layout-horizontal"},"yoast_head":"<!-- This site is optimized with the Yoast SEO plugin v26.0 - https:\/\/yoast.com\/wordpress\/plugins\/seo\/ -->\n<title>Baby Doll Conjunto Disfraz, Lenceria Sexy Be Sensual W232 -<\/title>\n<meta name=\"robots\" content=\"index, follow, max-snippet:-1, max-image-preview:large, max-video-preview:-1\" \/>\n<link rel=\"canonical\" href=\"https:\/\/butterflyeffect.com.ar\/index.php\/producto\/baby-doll-conjunto-disfraz-lenceria-sexy-be-sensual-w232\/\" \/>\n<meta property=\"og:locale\" content=\"es_ES\" \/>\n<meta property=\"og:type\" content=\"article\" \/>\n<meta property=\"og:title\" content=\"Baby Doll Conjunto Disfraz, Lenceria Sexy Be Sensual W232 -\" \/>\n<meta property=\"og:description\" content=\"Descubre el encanto y la sensualidad del Baby Doll Conjunto Disfraz, Lenceria Sexy Be Sensual W232 de la marca BUTTERFLY EFFECT. Este conjunto, dise\u00f1ado especialmente para mujeres, combina un bralette, una pollera y una bombacha, todo fabricado en poli\u00e9ster y tul, garantizando una sensaci\u00f3n ligera y c\u00f3moda en tu piel. Perfecto para ocasiones especiales o para sorprender, este disfraz destaca por su dise\u00f1o \u00fanico y atractivo que resalta la feminidad y confianza. Cada detalle del modelo W232 ha sido pensado para ofrecer una experiencia seductora. La textura suave del material se ajusta delicadamente a tu figura, brindando un toque de elegancia y provocaci\u00f3n. Ideal para aquellas que buscan algo diferente en su guardarropa, este conjunto es la elecci\u00f3n perfecta para realzar tu lado m\u00e1s sensual. Las caracter\u00edsticas del Baby Doll lo convierten en una opci\u00f3n vers\u00e1til, apta para diversas ocasiones, desde una noche rom\u00e1ntica hasta una fiesta tem\u00e1tica. Su f\u00e1cil combinaci\u00f3n te permitir\u00e1 crear looks variados, sumando un toque especial a tu vestuario. Atr\u00e9vete a lucirlo y a disfrutar de la seguridad que te ofrece este conjunto. Con este Baby Doll, no solo adquieres un disfraz, sino tambi\u00e9n una declaraci\u00f3n de estilo que te invita a explorar tu sensualidad. No dejes pasar la oportunidad de sentirte fabulosa y divina con este dise\u00f1o exclusivo. Con una confecci\u00f3n cuidadosa y un estilo inconfundible, el Baby Doll Conjunto Disfraz, Lenceria Sexy Be Sensual W232 es el complemento ideal para tu colecci\u00f3n de lencer\u00eda.\" \/>\n<meta property=\"og:url\" content=\"https:\/\/butterflyeffect.com.ar\/index.php\/producto\/baby-doll-conjunto-disfraz-lenceria-sexy-be-sensual-w232\/\" \/>\n<meta property=\"article:modified_time\" content=\"2026-04-27T17:51:21+00:00\" \/>\n<meta property=\"og:image\" content=\"https:\/\/butterflyeffect.com.ar\/wp-content\/uploads\/2025\/12\/D_814397-MLA90034764255_082025-F.jpg\" \/>\n\t<meta property=\"og:image:width\" content=\"521\" \/>\n\t<meta property=\"og:image:height\" content=\"1199\" \/>\n\t<meta property=\"og:image:type\" content=\"image\/jpeg\" \/>\n<meta name=\"twitter:card\" content=\"summary_large_image\" \/>\n<meta name=\"twitter:label1\" content=\"Tiempo de lectura\" \/>\n\t<meta name=\"twitter:data1\" content=\"2 minutos\" \/>\n<script type=\"application\/ld+json\" class=\"yoast-schema-graph\">{\"@context\":\"https:\/\/schema.org\",\"@graph\":[{\"@type\":\"WebPage\",\"@id\":\"https:\/\/butterflyeffect.com.ar\/index.php\/producto\/baby-doll-conjunto-disfraz-lenceria-sexy-be-sensual-w232\/\",\"url\":\"https:\/\/butterflyeffect.com.ar\/index.php\/producto\/baby-doll-conjunto-disfraz-lenceria-sexy-be-sensual-w232\/\",\"name\":\"Baby Doll Conjunto Disfraz, Lenceria Sexy Be Sensual W232 -\",\"isPartOf\":{\"@id\":\"https:\/\/butterflyeffect.com.ar\/#website\"},\"primaryImageOfPage\":{\"@id\":\"https:\/\/butterflyeffect.com.ar\/index.php\/producto\/baby-doll-conjunto-disfraz-lenceria-sexy-be-sensual-w232\/#primaryimage\"},\"image\":{\"@id\":\"https:\/\/butterflyeffect.com.ar\/index.php\/producto\/baby-doll-conjunto-disfraz-lenceria-sexy-be-sensual-w232\/#primaryimage\"},\"thumbnailUrl\":\"https:\/\/butterflyeffect.com.ar\/wp-content\/uploads\/2025\/12\/D_814397-MLA90034764255_082025-F.jpg\",\"datePublished\":\"2025-12-22T23:38:42+00:00\",\"dateModified\":\"2026-04-27T17:51:21+00:00\",\"breadcrumb\":{\"@id\":\"https:\/\/butterflyeffect.com.ar\/index.php\/producto\/baby-doll-conjunto-disfraz-lenceria-sexy-be-sensual-w232\/#breadcrumb\"},\"inLanguage\":\"es\",\"potentialAction\":[{\"@type\":\"ReadAction\",\"target\":[\"https:\/\/butterflyeffect.com.ar\/index.php\/producto\/baby-doll-conjunto-disfraz-lenceria-sexy-be-sensual-w232\/\"]}]},{\"@type\":\"ImageObject\",\"inLanguage\":\"es\",\"@id\":\"https:\/\/butterflyeffect.com.ar\/index.php\/producto\/baby-doll-conjunto-disfraz-lenceria-sexy-be-sensual-w232\/#primaryimage\",\"url\":\"https:\/\/butterflyeffect.com.ar\/wp-content\/uploads\/2025\/12\/D_814397-MLA90034764255_082025-F.jpg\",\"contentUrl\":\"https:\/\/butterflyeffect.com.ar\/wp-content\/uploads\/2025\/12\/D_814397-MLA90034764255_082025-F.jpg\",\"width\":521,\"height\":1199},{\"@type\":\"BreadcrumbList\",\"@id\":\"https:\/\/butterflyeffect.com.ar\/index.php\/producto\/baby-doll-conjunto-disfraz-lenceria-sexy-be-sensual-w232\/#breadcrumb\",\"itemListElement\":[{\"@type\":\"ListItem\",\"position\":1,\"name\":\"Portada\",\"item\":\"https:\/\/butterflyeffect.com.ar\/\"},{\"@type\":\"ListItem\",\"position\":2,\"name\":\"Tienda\",\"item\":\"https:\/\/butterflyeffect.com.ar\/index.php\/tienda\/\"},{\"@type\":\"ListItem\",\"position\":3,\"name\":\"Baby Doll Conjunto Disfraz, Lenceria Sexy Be Sensual W232\"}]},{\"@type\":\"WebSite\",\"@id\":\"https:\/\/butterflyeffect.com.ar\/#website\",\"url\":\"https:\/\/butterflyeffect.com.ar\/\",\"name\":\"Butterfly Effect\",\"description\":\"Premium Sex Tech Toys &amp; Cosmetica Intima\",\"publisher\":{\"@id\":\"https:\/\/butterflyeffect.com.ar\/#organization\"},\"potentialAction\":[{\"@type\":\"SearchAction\",\"target\":{\"@type\":\"EntryPoint\",\"urlTemplate\":\"https:\/\/butterflyeffect.com.ar\/?s={search_term_string}\"},\"query-input\":{\"@type\":\"PropertyValueSpecification\",\"valueRequired\":true,\"valueName\":\"search_term_string\"}}],\"inLanguage\":\"es\"},{\"@type\":\"Organization\",\"@id\":\"https:\/\/butterflyeffect.com.ar\/#organization\",\"name\":\"The Butterfly Effect\",\"url\":\"https:\/\/butterflyeffect.com.ar\/\",\"logo\":{\"@type\":\"ImageObject\",\"inLanguage\":\"es\",\"@id\":\"https:\/\/butterflyeffect.com.ar\/#\/schema\/logo\/image\/\",\"url\":\"https:\/\/butterflyeffect.com.ar\/wp-content\/uploads\/2023\/06\/cropped-LOGO-FINAL-BE-01.jpg\",\"contentUrl\":\"https:\/\/butterflyeffect.com.ar\/wp-content\/uploads\/2023\/06\/cropped-LOGO-FINAL-BE-01.jpg\",\"width\":766,\"height\":877,\"caption\":\"The Butterfly Effect\"},\"image\":{\"@id\":\"https:\/\/butterflyeffect.com.ar\/#\/schema\/logo\/image\/\"},\"sameAs\":[\"https:\/\/www.instagram.com\/butterflyeffect_ar\/\"]}]}<\/script>\n<!-- \/ Yoast SEO plugin. -->","yoast_head_json":{"title":"Baby Doll Conjunto Disfraz, Lenceria Sexy Be Sensual W232 -","robots":{"index":"index","follow":"follow","max-snippet":"max-snippet:-1","max-image-preview":"max-image-preview:large","max-video-preview":"max-video-preview:-1"},"canonical":"https:\/\/butterflyeffect.com.ar\/index.php\/producto\/baby-doll-conjunto-disfraz-lenceria-sexy-be-sensual-w232\/","og_locale":"es_ES","og_type":"article","og_title":"Baby Doll Conjunto Disfraz, Lenceria Sexy Be Sensual W232 -","og_description":"Descubre el encanto y la sensualidad del Baby Doll Conjunto Disfraz, Lenceria Sexy Be Sensual W232 de la marca BUTTERFLY EFFECT. Este conjunto, dise\u00f1ado especialmente para mujeres, combina un bralette, una pollera y una bombacha, todo fabricado en poli\u00e9ster y tul, garantizando una sensaci\u00f3n ligera y c\u00f3moda en tu piel. Perfecto para ocasiones especiales o para sorprender, este disfraz destaca por su dise\u00f1o \u00fanico y atractivo que resalta la feminidad y confianza. Cada detalle del modelo W232 ha sido pensado para ofrecer una experiencia seductora. La textura suave del material se ajusta delicadamente a tu figura, brindando un toque de elegancia y provocaci\u00f3n. Ideal para aquellas que buscan algo diferente en su guardarropa, este conjunto es la elecci\u00f3n perfecta para realzar tu lado m\u00e1s sensual. Las caracter\u00edsticas del Baby Doll lo convierten en una opci\u00f3n vers\u00e1til, apta para diversas ocasiones, desde una noche rom\u00e1ntica hasta una fiesta tem\u00e1tica. Su f\u00e1cil combinaci\u00f3n te permitir\u00e1 crear looks variados, sumando un toque especial a tu vestuario. Atr\u00e9vete a lucirlo y a disfrutar de la seguridad que te ofrece este conjunto. Con este Baby Doll, no solo adquieres un disfraz, sino tambi\u00e9n una declaraci\u00f3n de estilo que te invita a explorar tu sensualidad. No dejes pasar la oportunidad de sentirte fabulosa y divina con este dise\u00f1o exclusivo. Con una confecci\u00f3n cuidadosa y un estilo inconfundible, el Baby Doll Conjunto Disfraz, Lenceria Sexy Be Sensual W232 es el complemento ideal para tu colecci\u00f3n de lencer\u00eda.","og_url":"https:\/\/butterflyeffect.com.ar\/index.php\/producto\/baby-doll-conjunto-disfraz-lenceria-sexy-be-sensual-w232\/","article_modified_time":"2026-04-27T17:51:21+00:00","og_image":[{"width":521,"height":1199,"url":"https:\/\/butterflyeffect.com.ar\/wp-content\/uploads\/2025\/12\/D_814397-MLA90034764255_082025-F.jpg","type":"image\/jpeg"}],"twitter_card":"summary_large_image","twitter_misc":{"Tiempo de lectura":"2 minutos"},"schema":{"@context":"https:\/\/schema.org","@graph":[{"@type":"WebPage","@id":"https:\/\/butterflyeffect.com.ar\/index.php\/producto\/baby-doll-conjunto-disfraz-lenceria-sexy-be-sensual-w232\/","url":"https:\/\/butterflyeffect.com.ar\/index.php\/producto\/baby-doll-conjunto-disfraz-lenceria-sexy-be-sensual-w232\/","name":"Baby Doll Conjunto Disfraz, Lenceria Sexy Be Sensual W232 -","isPartOf":{"@id":"https:\/\/butterflyeffect.com.ar\/#website"},"primaryImageOfPage":{"@id":"https:\/\/butterflyeffect.com.ar\/index.php\/producto\/baby-doll-conjunto-disfraz-lenceria-sexy-be-sensual-w232\/#primaryimage"},"image":{"@id":"https:\/\/butterflyeffect.com.ar\/index.php\/producto\/baby-doll-conjunto-disfraz-lenceria-sexy-be-sensual-w232\/#primaryimage"},"thumbnailUrl":"https:\/\/butterflyeffect.com.ar\/wp-content\/uploads\/2025\/12\/D_814397-MLA90034764255_082025-F.jpg","datePublished":"2025-12-22T23:38:42+00:00","dateModified":"2026-04-27T17:51:21+00:00","breadcrumb":{"@id":"https:\/\/butterflyeffect.com.ar\/index.php\/producto\/baby-doll-conjunto-disfraz-lenceria-sexy-be-sensual-w232\/#breadcrumb"},"inLanguage":"es","potentialAction":[{"@type":"ReadAction","target":["https:\/\/butterflyeffect.com.ar\/index.php\/producto\/baby-doll-conjunto-disfraz-lenceria-sexy-be-sensual-w232\/"]}]},{"@type":"ImageObject","inLanguage":"es","@id":"https:\/\/butterflyeffect.com.ar\/index.php\/producto\/baby-doll-conjunto-disfraz-lenceria-sexy-be-sensual-w232\/#primaryimage","url":"https:\/\/butterflyeffect.com.ar\/wp-content\/uploads\/2025\/12\/D_814397-MLA90034764255_082025-F.jpg","contentUrl":"https:\/\/butterflyeffect.com.ar\/wp-content\/uploads\/2025\/12\/D_814397-MLA90034764255_082025-F.jpg","width":521,"height":1199},{"@type":"BreadcrumbList","@id":"https:\/\/butterflyeffect.com.ar\/index.php\/producto\/baby-doll-conjunto-disfraz-lenceria-sexy-be-sensual-w232\/#breadcrumb","itemListElement":[{"@type":"ListItem","position":1,"name":"Portada","item":"https:\/\/butterflyeffect.com.ar\/"},{"@type":"ListItem","position":2,"name":"Tienda","item":"https:\/\/butterflyeffect.com.ar\/index.php\/tienda\/"},{"@type":"ListItem","position":3,"name":"Baby Doll Conjunto Disfraz, Lenceria Sexy Be Sensual W232"}]},{"@type":"WebSite","@id":"https:\/\/butterflyeffect.com.ar\/#website","url":"https:\/\/butterflyeffect.com.ar\/","name":"Butterfly Effect","description":"Premium Sex Tech Toys &amp; Cosmetica Intima","publisher":{"@id":"https:\/\/butterflyeffect.com.ar\/#organization"},"potentialAction":[{"@type":"SearchAction","target":{"@type":"EntryPoint","urlTemplate":"https:\/\/butterflyeffect.com.ar\/?s={search_term_string}"},"query-input":{"@type":"PropertyValueSpecification","valueRequired":true,"valueName":"search_term_string"}}],"inLanguage":"es"},{"@type":"Organization","@id":"https:\/\/butterflyeffect.com.ar\/#organization","name":"The Butterfly Effect","url":"https:\/\/butterflyeffect.com.ar\/","logo":{"@type":"ImageObject","inLanguage":"es","@id":"https:\/\/butterflyeffect.com.ar\/#\/schema\/logo\/image\/","url":"https:\/\/butterflyeffect.com.ar\/wp-content\/uploads\/2023\/06\/cropped-LOGO-FINAL-BE-01.jpg","contentUrl":"https:\/\/butterflyeffect.com.ar\/wp-content\/uploads\/2023\/06\/cropped-LOGO-FINAL-BE-01.jpg","width":766,"height":877,"caption":"The Butterfly Effect"},"image":{"@id":"https:\/\/butterflyeffect.com.ar\/#\/schema\/logo\/image\/"},"sameAs":["https:\/\/www.instagram.com\/butterflyeffect_ar\/"]}]}},"_links":{"self":[{"href":"https:\/\/butterflyeffect.com.ar\/index.php\/wp-json\/wp\/v2\/product\/2644","targetHints":{"allow":["GET"]}}],"collection":[{"href":"https:\/\/butterflyeffect.com.ar\/index.php\/wp-json\/wp\/v2\/product"}],"about":[{"href":"https:\/\/butterflyeffect.com.ar\/index.php\/wp-json\/wp\/v2\/types\/product"}],"replies":[{"embeddable":true,"href":"https:\/\/butterflyeffect.com.ar\/index.php\/wp-json\/wp\/v2\/comments?post=2644"}],"wp:featuredmedia":[{"embeddable":true,"href":"https:\/\/butterflyeffect.com.ar\/index.php\/wp-json\/wp\/v2\/media\/2677"}],"wp:attachment":[{"href":"https:\/\/butterflyeffect.com.ar\/index.php\/wp-json\/wp\/v2\/media?parent=2644"}],"wp:term":[{"taxonomy":"product_brand","embeddable":true,"href":"https:\/\/butterflyeffect.com.ar\/index.php\/wp-json\/wp\/v2\/product_brand?post=2644"},{"taxonomy":"product_cat","embeddable":true,"href":"https:\/\/butterflyeffect.com.ar\/index.php\/wp-json\/wp\/v2\/product_cat?post=2644"},{"taxonomy":"product_tag","embeddable":true,"href":"https:\/\/butterflyeffect.com.ar\/index.php\/wp-json\/wp\/v2\/product_tag?post=2644"}],"curies":[{"name":"wp","href":"https:\/\/api.w.org\/{rel}","templated":true}]}}