{"id":2642,"date":"2025-12-22T23:38:42","date_gmt":"2025-12-22T23:38:42","guid":{"rendered":"https:\/\/butterflyeffect.com.ar\/?post_type=product&#038;p=2642"},"modified":"2026-04-27T17:49:57","modified_gmt":"2026-04-27T17:49:57","slug":"baby-doll-body-less-lenceria-sexy-be-sensual-w070","status":"publish","type":"product","link":"https:\/\/butterflyeffect.com.ar\/index.php\/producto\/baby-doll-body-less-lenceria-sexy-be-sensual-w070\/","title":{"rendered":"Baby Doll Body Less, Lenceria Sexy Be Sensual W070"},"content":{"rendered":"<p>Descubre el encanto y la sensualidad del Baby Doll Body Less, un dise\u00f1o exquisito de la marca Butterfly Effect. Confeccionado en una combinaci\u00f3n delicada de tul, puntilla y encaje, este modelo W070 es ideal para aquellas mujeres que buscan realzar su figura y expresar su lado m\u00e1s seductor. La suavidad de los materiales permite una comodidad \u00fanica, adapt\u00e1ndose a las curvas femeninas con elegancia y sofisticaci\u00f3n.<\/p>\n<p>Este baby doll incluye una bombacha que complementa perfectamente la pieza, asegurando un look irresistible. Ideal para ocasiones especiales o simplemente para sentirte espectacular en tu d\u00eda a d\u00eda, este conjunto realza la belleza natural de cada mujer. La mezcla de texturas y el dise\u00f1o cuidado aseguran que cada mirada se enfoque en ti, reforzando la confianza y sensualidad que buscas.<\/p>\n<p>El modelo W070 es perfecto para aquellas que aprecian la lencer\u00eda de calidad y con estilo. Su atractivo dise\u00f1o permite combinarlo con diferentes prendas, convirti\u00e9ndolo en un esencial en el armario de cualquier mujer. Atr\u00e9vete a sentirte \u00fanica y especial con este baby doll que combina sensualidad y comodidad en cada uso, convirtiendo cada momento en una experiencia inolvidable.<\/p>\n","protected":false},"excerpt":{"rendered":"<p>Descubre el encanto y la sensualidad del Baby Doll Body Less, un dise\u00f1o exquisito de la marca Butterfly Effect. Confeccionado en una combinaci\u00f3n delicada de tul, puntilla y encaje, este modelo W070 es ideal para aquellas mujeres que buscan realzar su figura y expresar su lado m\u00e1s seductor. La suavidad de los materiales permite una comodidad \u00fanica, adapt\u00e1ndose a las curvas femeninas con elegancia y sofisticaci\u00f3n.<\/p>\n<p>Este baby doll incluye una bombacha que complementa perfectamente la pieza, asegurando un look irresistible. Ideal para ocasiones especiales o simplemente para sentirte espectacular en tu d\u00eda a d\u00eda, este conjunto realza la belleza natural de cada mujer. La mezcla de texturas y el dise\u00f1o cuidado aseguran que cada mirada se enfoque en ti, reforzando la confianza y sensualidad que buscas.<\/p>\n<p>El modelo W070 es perfecto para aquellas que aprecian la lencer\u00eda de calidad y con estilo. Su atractivo dise\u00f1o permite combinarlo con diferentes prendas, convirti\u00e9ndolo en un esencial en el armario de cualquier mujer. Atr\u00e9vete a sentirte \u00fanica y especial con este baby doll que combina sensualidad y comodidad en cada uso, convirtiendo cada momento en una experiencia inolvidable.<\/p>\n","protected":false},"featured_media":2663,"comment_status":"open","ping_status":"closed","template":"","meta":[],"product_brand":[107],"product_cat":[141,77],"product_tag":[142,143,144],"class_list":{"0":"post-2642","1":"product","2":"type-product","3":"status-publish","4":"has-post-thumbnail","6":"product_brand-butterfly-effect","7":"product_cat-lenceria-sexy","8":"product_cat-productos","9":"product_tag-cola-less","10":"product_tag-lenceria","11":"product_tag-sexy","13":"entry","14":"has-media","16":"first","17":"outofstock","18":"shipping-taxable","19":"product-type-variable","20":"has-product-nav","21":"col","22":"span_1_of_4","23":"owp-content-center","24":"owp-thumbs-layout-horizontal","25":"owp-btn-normal","26":"owp-tabs-layout-horizontal"},"yoast_head":"<!-- This site is optimized with the Yoast SEO plugin v26.0 - https:\/\/yoast.com\/wordpress\/plugins\/seo\/ -->\n<title>Baby Doll Body Less, Lenceria Sexy Be Sensual W070 -<\/title>\n<meta name=\"robots\" content=\"index, follow, max-snippet:-1, max-image-preview:large, max-video-preview:-1\" \/>\n<link rel=\"canonical\" href=\"https:\/\/butterflyeffect.com.ar\/index.php\/producto\/baby-doll-body-less-lenceria-sexy-be-sensual-w070\/\" \/>\n<meta property=\"og:locale\" content=\"es_ES\" \/>\n<meta property=\"og:type\" content=\"article\" \/>\n<meta property=\"og:title\" content=\"Baby Doll Body Less, Lenceria Sexy Be Sensual W070 -\" \/>\n<meta property=\"og:description\" content=\"Descubre el encanto y la sensualidad del Baby Doll Body Less, un dise\u00f1o exquisito de la marca Butterfly Effect. Confeccionado en una combinaci\u00f3n delicada de tul, puntilla y encaje, este modelo W070 es ideal para aquellas mujeres que buscan realzar su figura y expresar su lado m\u00e1s seductor. La suavidad de los materiales permite una comodidad \u00fanica, adapt\u00e1ndose a las curvas femeninas con elegancia y sofisticaci\u00f3n. Este baby doll incluye una bombacha que complementa perfectamente la pieza, asegurando un look irresistible. Ideal para ocasiones especiales o simplemente para sentirte espectacular en tu d\u00eda a d\u00eda, este conjunto realza la belleza natural de cada mujer. La mezcla de texturas y el dise\u00f1o cuidado aseguran que cada mirada se enfoque en ti, reforzando la confianza y sensualidad que buscas. El modelo W070 es perfecto para aquellas que aprecian la lencer\u00eda de calidad y con estilo. Su atractivo dise\u00f1o permite combinarlo con diferentes prendas, convirti\u00e9ndolo en un esencial en el armario de cualquier mujer. Atr\u00e9vete a sentirte \u00fanica y especial con este baby doll que combina sensualidad y comodidad en cada uso, convirtiendo cada momento en una experiencia inolvidable.\" \/>\n<meta property=\"og:url\" content=\"https:\/\/butterflyeffect.com.ar\/index.php\/producto\/baby-doll-body-less-lenceria-sexy-be-sensual-w070\/\" \/>\n<meta property=\"article:modified_time\" content=\"2026-04-27T17:49:57+00:00\" \/>\n<meta property=\"og:image\" content=\"https:\/\/butterflyeffect.com.ar\/wp-content\/uploads\/2025\/12\/D_699637-MLA90035157133_082025-F.jpg\" \/>\n\t<meta property=\"og:image:width\" content=\"1188\" \/>\n\t<meta property=\"og:image:height\" content=\"1200\" \/>\n\t<meta property=\"og:image:type\" content=\"image\/jpeg\" \/>\n<meta name=\"twitter:card\" content=\"summary_large_image\" \/>\n<meta name=\"twitter:label1\" content=\"Tiempo de lectura\" \/>\n\t<meta name=\"twitter:data1\" content=\"1 minuto\" \/>\n<script type=\"application\/ld+json\" class=\"yoast-schema-graph\">{\"@context\":\"https:\/\/schema.org\",\"@graph\":[{\"@type\":\"WebPage\",\"@id\":\"https:\/\/butterflyeffect.com.ar\/index.php\/producto\/baby-doll-body-less-lenceria-sexy-be-sensual-w070\/\",\"url\":\"https:\/\/butterflyeffect.com.ar\/index.php\/producto\/baby-doll-body-less-lenceria-sexy-be-sensual-w070\/\",\"name\":\"Baby Doll Body Less, Lenceria Sexy Be Sensual W070 -\",\"isPartOf\":{\"@id\":\"https:\/\/butterflyeffect.com.ar\/#website\"},\"primaryImageOfPage\":{\"@id\":\"https:\/\/butterflyeffect.com.ar\/index.php\/producto\/baby-doll-body-less-lenceria-sexy-be-sensual-w070\/#primaryimage\"},\"image\":{\"@id\":\"https:\/\/butterflyeffect.com.ar\/index.php\/producto\/baby-doll-body-less-lenceria-sexy-be-sensual-w070\/#primaryimage\"},\"thumbnailUrl\":\"https:\/\/butterflyeffect.com.ar\/wp-content\/uploads\/2025\/12\/D_699637-MLA90035157133_082025-F.jpg\",\"datePublished\":\"2025-12-22T23:38:42+00:00\",\"dateModified\":\"2026-04-27T17:49:57+00:00\",\"breadcrumb\":{\"@id\":\"https:\/\/butterflyeffect.com.ar\/index.php\/producto\/baby-doll-body-less-lenceria-sexy-be-sensual-w070\/#breadcrumb\"},\"inLanguage\":\"es\",\"potentialAction\":[{\"@type\":\"ReadAction\",\"target\":[\"https:\/\/butterflyeffect.com.ar\/index.php\/producto\/baby-doll-body-less-lenceria-sexy-be-sensual-w070\/\"]}]},{\"@type\":\"ImageObject\",\"inLanguage\":\"es\",\"@id\":\"https:\/\/butterflyeffect.com.ar\/index.php\/producto\/baby-doll-body-less-lenceria-sexy-be-sensual-w070\/#primaryimage\",\"url\":\"https:\/\/butterflyeffect.com.ar\/wp-content\/uploads\/2025\/12\/D_699637-MLA90035157133_082025-F.jpg\",\"contentUrl\":\"https:\/\/butterflyeffect.com.ar\/wp-content\/uploads\/2025\/12\/D_699637-MLA90035157133_082025-F.jpg\",\"width\":1188,\"height\":1200},{\"@type\":\"BreadcrumbList\",\"@id\":\"https:\/\/butterflyeffect.com.ar\/index.php\/producto\/baby-doll-body-less-lenceria-sexy-be-sensual-w070\/#breadcrumb\",\"itemListElement\":[{\"@type\":\"ListItem\",\"position\":1,\"name\":\"Portada\",\"item\":\"https:\/\/butterflyeffect.com.ar\/\"},{\"@type\":\"ListItem\",\"position\":2,\"name\":\"Tienda\",\"item\":\"https:\/\/butterflyeffect.com.ar\/index.php\/tienda\/\"},{\"@type\":\"ListItem\",\"position\":3,\"name\":\"Baby Doll Body Less, Lenceria Sexy Be Sensual W070\"}]},{\"@type\":\"WebSite\",\"@id\":\"https:\/\/butterflyeffect.com.ar\/#website\",\"url\":\"https:\/\/butterflyeffect.com.ar\/\",\"name\":\"Butterfly Effect\",\"description\":\"Premium Sex Tech Toys &amp; Cosmetica Intima\",\"publisher\":{\"@id\":\"https:\/\/butterflyeffect.com.ar\/#organization\"},\"potentialAction\":[{\"@type\":\"SearchAction\",\"target\":{\"@type\":\"EntryPoint\",\"urlTemplate\":\"https:\/\/butterflyeffect.com.ar\/?s={search_term_string}\"},\"query-input\":{\"@type\":\"PropertyValueSpecification\",\"valueRequired\":true,\"valueName\":\"search_term_string\"}}],\"inLanguage\":\"es\"},{\"@type\":\"Organization\",\"@id\":\"https:\/\/butterflyeffect.com.ar\/#organization\",\"name\":\"The Butterfly Effect\",\"url\":\"https:\/\/butterflyeffect.com.ar\/\",\"logo\":{\"@type\":\"ImageObject\",\"inLanguage\":\"es\",\"@id\":\"https:\/\/butterflyeffect.com.ar\/#\/schema\/logo\/image\/\",\"url\":\"https:\/\/butterflyeffect.com.ar\/wp-content\/uploads\/2023\/06\/cropped-LOGO-FINAL-BE-01.jpg\",\"contentUrl\":\"https:\/\/butterflyeffect.com.ar\/wp-content\/uploads\/2023\/06\/cropped-LOGO-FINAL-BE-01.jpg\",\"width\":766,\"height\":877,\"caption\":\"The Butterfly Effect\"},\"image\":{\"@id\":\"https:\/\/butterflyeffect.com.ar\/#\/schema\/logo\/image\/\"},\"sameAs\":[\"https:\/\/www.instagram.com\/butterflyeffect_ar\/\"]}]}<\/script>\n<!-- \/ Yoast SEO plugin. -->","yoast_head_json":{"title":"Baby Doll Body Less, Lenceria Sexy Be Sensual W070 -","robots":{"index":"index","follow":"follow","max-snippet":"max-snippet:-1","max-image-preview":"max-image-preview:large","max-video-preview":"max-video-preview:-1"},"canonical":"https:\/\/butterflyeffect.com.ar\/index.php\/producto\/baby-doll-body-less-lenceria-sexy-be-sensual-w070\/","og_locale":"es_ES","og_type":"article","og_title":"Baby Doll Body Less, Lenceria Sexy Be Sensual W070 -","og_description":"Descubre el encanto y la sensualidad del Baby Doll Body Less, un dise\u00f1o exquisito de la marca Butterfly Effect. Confeccionado en una combinaci\u00f3n delicada de tul, puntilla y encaje, este modelo W070 es ideal para aquellas mujeres que buscan realzar su figura y expresar su lado m\u00e1s seductor. La suavidad de los materiales permite una comodidad \u00fanica, adapt\u00e1ndose a las curvas femeninas con elegancia y sofisticaci\u00f3n. Este baby doll incluye una bombacha que complementa perfectamente la pieza, asegurando un look irresistible. Ideal para ocasiones especiales o simplemente para sentirte espectacular en tu d\u00eda a d\u00eda, este conjunto realza la belleza natural de cada mujer. La mezcla de texturas y el dise\u00f1o cuidado aseguran que cada mirada se enfoque en ti, reforzando la confianza y sensualidad que buscas. El modelo W070 es perfecto para aquellas que aprecian la lencer\u00eda de calidad y con estilo. Su atractivo dise\u00f1o permite combinarlo con diferentes prendas, convirti\u00e9ndolo en un esencial en el armario de cualquier mujer. Atr\u00e9vete a sentirte \u00fanica y especial con este baby doll que combina sensualidad y comodidad en cada uso, convirtiendo cada momento en una experiencia inolvidable.","og_url":"https:\/\/butterflyeffect.com.ar\/index.php\/producto\/baby-doll-body-less-lenceria-sexy-be-sensual-w070\/","article_modified_time":"2026-04-27T17:49:57+00:00","og_image":[{"width":1188,"height":1200,"url":"https:\/\/butterflyeffect.com.ar\/wp-content\/uploads\/2025\/12\/D_699637-MLA90035157133_082025-F.jpg","type":"image\/jpeg"}],"twitter_card":"summary_large_image","twitter_misc":{"Tiempo de lectura":"1 minuto"},"schema":{"@context":"https:\/\/schema.org","@graph":[{"@type":"WebPage","@id":"https:\/\/butterflyeffect.com.ar\/index.php\/producto\/baby-doll-body-less-lenceria-sexy-be-sensual-w070\/","url":"https:\/\/butterflyeffect.com.ar\/index.php\/producto\/baby-doll-body-less-lenceria-sexy-be-sensual-w070\/","name":"Baby Doll Body Less, Lenceria Sexy Be Sensual W070 -","isPartOf":{"@id":"https:\/\/butterflyeffect.com.ar\/#website"},"primaryImageOfPage":{"@id":"https:\/\/butterflyeffect.com.ar\/index.php\/producto\/baby-doll-body-less-lenceria-sexy-be-sensual-w070\/#primaryimage"},"image":{"@id":"https:\/\/butterflyeffect.com.ar\/index.php\/producto\/baby-doll-body-less-lenceria-sexy-be-sensual-w070\/#primaryimage"},"thumbnailUrl":"https:\/\/butterflyeffect.com.ar\/wp-content\/uploads\/2025\/12\/D_699637-MLA90035157133_082025-F.jpg","datePublished":"2025-12-22T23:38:42+00:00","dateModified":"2026-04-27T17:49:57+00:00","breadcrumb":{"@id":"https:\/\/butterflyeffect.com.ar\/index.php\/producto\/baby-doll-body-less-lenceria-sexy-be-sensual-w070\/#breadcrumb"},"inLanguage":"es","potentialAction":[{"@type":"ReadAction","target":["https:\/\/butterflyeffect.com.ar\/index.php\/producto\/baby-doll-body-less-lenceria-sexy-be-sensual-w070\/"]}]},{"@type":"ImageObject","inLanguage":"es","@id":"https:\/\/butterflyeffect.com.ar\/index.php\/producto\/baby-doll-body-less-lenceria-sexy-be-sensual-w070\/#primaryimage","url":"https:\/\/butterflyeffect.com.ar\/wp-content\/uploads\/2025\/12\/D_699637-MLA90035157133_082025-F.jpg","contentUrl":"https:\/\/butterflyeffect.com.ar\/wp-content\/uploads\/2025\/12\/D_699637-MLA90035157133_082025-F.jpg","width":1188,"height":1200},{"@type":"BreadcrumbList","@id":"https:\/\/butterflyeffect.com.ar\/index.php\/producto\/baby-doll-body-less-lenceria-sexy-be-sensual-w070\/#breadcrumb","itemListElement":[{"@type":"ListItem","position":1,"name":"Portada","item":"https:\/\/butterflyeffect.com.ar\/"},{"@type":"ListItem","position":2,"name":"Tienda","item":"https:\/\/butterflyeffect.com.ar\/index.php\/tienda\/"},{"@type":"ListItem","position":3,"name":"Baby Doll Body Less, Lenceria Sexy Be Sensual W070"}]},{"@type":"WebSite","@id":"https:\/\/butterflyeffect.com.ar\/#website","url":"https:\/\/butterflyeffect.com.ar\/","name":"Butterfly Effect","description":"Premium Sex Tech Toys &amp; Cosmetica Intima","publisher":{"@id":"https:\/\/butterflyeffect.com.ar\/#organization"},"potentialAction":[{"@type":"SearchAction","target":{"@type":"EntryPoint","urlTemplate":"https:\/\/butterflyeffect.com.ar\/?s={search_term_string}"},"query-input":{"@type":"PropertyValueSpecification","valueRequired":true,"valueName":"search_term_string"}}],"inLanguage":"es"},{"@type":"Organization","@id":"https:\/\/butterflyeffect.com.ar\/#organization","name":"The Butterfly Effect","url":"https:\/\/butterflyeffect.com.ar\/","logo":{"@type":"ImageObject","inLanguage":"es","@id":"https:\/\/butterflyeffect.com.ar\/#\/schema\/logo\/image\/","url":"https:\/\/butterflyeffect.com.ar\/wp-content\/uploads\/2023\/06\/cropped-LOGO-FINAL-BE-01.jpg","contentUrl":"https:\/\/butterflyeffect.com.ar\/wp-content\/uploads\/2023\/06\/cropped-LOGO-FINAL-BE-01.jpg","width":766,"height":877,"caption":"The Butterfly Effect"},"image":{"@id":"https:\/\/butterflyeffect.com.ar\/#\/schema\/logo\/image\/"},"sameAs":["https:\/\/www.instagram.com\/butterflyeffect_ar\/"]}]}},"_links":{"self":[{"href":"https:\/\/butterflyeffect.com.ar\/index.php\/wp-json\/wp\/v2\/product\/2642","targetHints":{"allow":["GET"]}}],"collection":[{"href":"https:\/\/butterflyeffect.com.ar\/index.php\/wp-json\/wp\/v2\/product"}],"about":[{"href":"https:\/\/butterflyeffect.com.ar\/index.php\/wp-json\/wp\/v2\/types\/product"}],"replies":[{"embeddable":true,"href":"https:\/\/butterflyeffect.com.ar\/index.php\/wp-json\/wp\/v2\/comments?post=2642"}],"wp:featuredmedia":[{"embeddable":true,"href":"https:\/\/butterflyeffect.com.ar\/index.php\/wp-json\/wp\/v2\/media\/2663"}],"wp:attachment":[{"href":"https:\/\/butterflyeffect.com.ar\/index.php\/wp-json\/wp\/v2\/media?parent=2642"}],"wp:term":[{"taxonomy":"product_brand","embeddable":true,"href":"https:\/\/butterflyeffect.com.ar\/index.php\/wp-json\/wp\/v2\/product_brand?post=2642"},{"taxonomy":"product_cat","embeddable":true,"href":"https:\/\/butterflyeffect.com.ar\/index.php\/wp-json\/wp\/v2\/product_cat?post=2642"},{"taxonomy":"product_tag","embeddable":true,"href":"https:\/\/butterflyeffect.com.ar\/index.php\/wp-json\/wp\/v2\/product_tag?post=2642"}],"curies":[{"name":"wp","href":"https:\/\/api.w.org\/{rel}","templated":true}]}}