{"id":2519,"date":"2025-12-22T23:37:00","date_gmt":"2025-12-22T23:37:00","guid":{"rendered":"https:\/\/butterflyeffect.com.ar\/index.php\/producto\/conjunto-bralette-y-tanga-cola-less-be-suave-sensual-s178\/"},"modified":"2025-12-22T23:39:02","modified_gmt":"2025-12-22T23:39:02","slug":"conjunto-bralette-y-tanga-cola-less-be-suave-sensual-s178","status":"publish","type":"product","link":"https:\/\/butterflyeffect.com.ar\/index.php\/producto\/conjunto-bralette-y-tanga-cola-less-be-suave-sensual-s178\/","title":{"rendered":"Conjunto Bralette Y Tanga Cola Less Be Suave Sensual S178"},"content":{"rendered":"<p>El conjunto Bralette y Tanga Cola Less Be Suave Sensual S178 de la marca Butterfly Effect redefine la lencer\u00eda femenina con un dise\u00f1o provocador y elegante. Este conjunto incluye un bralette con aro y un choker que resalta la figura, brindando un toque de sensualidad y sofisticaci\u00f3n en cada uso. Su composici\u00f3n en encaje suave permite una experiencia c\u00f3moda y seductora, ideal para quienes buscan combinar estilo y confort.<\/p>\n<p>Dise\u00f1ado para mujeres adultas, este conjunto destaca por su modelo less con tiras que se ajustan perfectamente al cuerpo, acentuando las curvas y ofreciendo un look audaz. El tanga incluido garantiza una sensaci\u00f3n de libertad y ligereza, complementando la est\u00e9tica del bralette. Perfecto para ocasiones especiales o para sentirte espectacular en tu d\u00eda a d\u00eda, este conjunto es una pieza imprescindible en el guardarropa de cualquier mujer que valora la elegancia y la sensualidad.<\/p>\n<p>La elecci\u00f3n de materiales de calidad asegura durabilidad y una ca\u00edda delicada, permitiendo que la prenda se adapte a tu cuerpo con gracia. Cada detalle ha sido cuidadosamente pensado para proporcionar una experiencia \u00fanica, desde el toque suave del encaje hasta el dise\u00f1o que realza la figura. Eleva tu colecci\u00f3n de lencer\u00eda con este conjunto que celebra la confianza y la feminidad.<\/p>\n","protected":false},"excerpt":{"rendered":"<p>El conjunto Bralette y Tanga Cola Less Be Suave Sensual S178 de la marca Butterfly Effect redefine la lencer\u00eda femenina con un dise\u00f1o provocador y elegante. Este conjunto incluye un bralette con aro y un choker que resalta la figura, brindando un toque de sensualidad y sofisticaci\u00f3n en cada uso. Su composici\u00f3n en encaje suave permite una experiencia c\u00f3moda y seductora, ideal para quienes buscan combinar estilo y confort.<\/p>\n<p>Dise\u00f1ado para mujeres adultas, este conjunto destaca por su modelo less con tiras que se ajustan perfectamente al cuerpo, acentuando las curvas y ofreciendo un look audaz. El tanga incluido garantiza una sensaci\u00f3n de libertad y ligereza, complementando la est\u00e9tica del bralette. Perfecto para ocasiones especiales o para sentirte espectacular en tu d\u00eda a d\u00eda, este conjunto es una pieza imprescindible en el guardarropa de cualquier mujer que valora la elegancia y la sensualidad.<\/p>\n<p>La elecci\u00f3n de materiales de calidad asegura durabilidad y una ca\u00edda delicada, permitiendo que la prenda se adapte a tu cuerpo con gracia. Cada detalle ha sido cuidadosamente pensado para proporcionar una experiencia \u00fanica, desde el toque suave del encaje hasta el dise\u00f1o que realza la figura. Eleva tu colecci\u00f3n de lencer\u00eda con este conjunto que celebra la confianza y la feminidad.<\/p>\n","protected":false},"featured_media":2518,"comment_status":"open","ping_status":"closed","template":"","meta":[],"product_brand":[107],"product_cat":[141,77],"product_tag":[142,143,144],"class_list":{"0":"post-2519","1":"product","2":"type-product","3":"status-publish","4":"has-post-thumbnail","6":"product_brand-butterfly-effect","7":"product_cat-lenceria-sexy","8":"product_cat-productos","9":"product_tag-cola-less","10":"product_tag-lenceria","11":"product_tag-sexy","13":"entry","14":"has-media","16":"first","17":"instock","18":"shipping-taxable","19":"purchasable","20":"product-type-variable","21":"has-product-nav","22":"col","23":"span_1_of_4","24":"owp-content-center","25":"owp-thumbs-layout-horizontal","26":"owp-btn-normal","27":"owp-tabs-layout-horizontal"},"yoast_head":"<!-- This site is optimized with the Yoast SEO plugin v26.0 - https:\/\/yoast.com\/wordpress\/plugins\/seo\/ -->\n<title>Conjunto Bralette Y Tanga Cola Less Be Suave Sensual S178 -<\/title>\n<meta name=\"robots\" content=\"index, follow, max-snippet:-1, max-image-preview:large, max-video-preview:-1\" \/>\n<link rel=\"canonical\" href=\"https:\/\/butterflyeffect.com.ar\/index.php\/producto\/conjunto-bralette-y-tanga-cola-less-be-suave-sensual-s178\/\" \/>\n<meta property=\"og:locale\" content=\"es_ES\" \/>\n<meta property=\"og:type\" content=\"article\" \/>\n<meta property=\"og:title\" content=\"Conjunto Bralette Y Tanga Cola Less Be Suave Sensual S178 -\" \/>\n<meta property=\"og:description\" content=\"El conjunto Bralette y Tanga Cola Less Be Suave Sensual S178 de la marca Butterfly Effect redefine la lencer\u00eda femenina con un dise\u00f1o provocador y elegante. Este conjunto incluye un bralette con aro y un choker que resalta la figura, brindando un toque de sensualidad y sofisticaci\u00f3n en cada uso. Su composici\u00f3n en encaje suave permite una experiencia c\u00f3moda y seductora, ideal para quienes buscan combinar estilo y confort. Dise\u00f1ado para mujeres adultas, este conjunto destaca por su modelo less con tiras que se ajustan perfectamente al cuerpo, acentuando las curvas y ofreciendo un look audaz. El tanga incluido garantiza una sensaci\u00f3n de libertad y ligereza, complementando la est\u00e9tica del bralette. Perfecto para ocasiones especiales o para sentirte espectacular en tu d\u00eda a d\u00eda, este conjunto es una pieza imprescindible en el guardarropa de cualquier mujer que valora la elegancia y la sensualidad. La elecci\u00f3n de materiales de calidad asegura durabilidad y una ca\u00edda delicada, permitiendo que la prenda se adapte a tu cuerpo con gracia. Cada detalle ha sido cuidadosamente pensado para proporcionar una experiencia \u00fanica, desde el toque suave del encaje hasta el dise\u00f1o que realza la figura. Eleva tu colecci\u00f3n de lencer\u00eda con este conjunto que celebra la confianza y la feminidad.\" \/>\n<meta property=\"og:url\" content=\"https:\/\/butterflyeffect.com.ar\/index.php\/producto\/conjunto-bralette-y-tanga-cola-less-be-suave-sensual-s178\/\" \/>\n<meta property=\"article:modified_time\" content=\"2025-12-22T23:39:02+00:00\" \/>\n<meta property=\"og:image\" content=\"https:\/\/butterflyeffect.com.ar\/wp-content\/uploads\/2025\/12\/D_777776-MLA89661275884_082025-F.jpg\" \/>\n\t<meta property=\"og:image:width\" content=\"863\" \/>\n\t<meta property=\"og:image:height\" content=\"1200\" \/>\n\t<meta property=\"og:image:type\" content=\"image\/jpeg\" \/>\n<meta name=\"twitter:card\" content=\"summary_large_image\" \/>\n<meta name=\"twitter:label1\" content=\"Tiempo de lectura\" \/>\n\t<meta name=\"twitter:data1\" content=\"1 minuto\" \/>\n<script type=\"application\/ld+json\" class=\"yoast-schema-graph\">{\"@context\":\"https:\/\/schema.org\",\"@graph\":[{\"@type\":\"WebPage\",\"@id\":\"https:\/\/butterflyeffect.com.ar\/index.php\/producto\/conjunto-bralette-y-tanga-cola-less-be-suave-sensual-s178\/\",\"url\":\"https:\/\/butterflyeffect.com.ar\/index.php\/producto\/conjunto-bralette-y-tanga-cola-less-be-suave-sensual-s178\/\",\"name\":\"Conjunto Bralette Y Tanga Cola Less Be Suave Sensual S178 -\",\"isPartOf\":{\"@id\":\"https:\/\/butterflyeffect.com.ar\/#website\"},\"primaryImageOfPage\":{\"@id\":\"https:\/\/butterflyeffect.com.ar\/index.php\/producto\/conjunto-bralette-y-tanga-cola-less-be-suave-sensual-s178\/#primaryimage\"},\"image\":{\"@id\":\"https:\/\/butterflyeffect.com.ar\/index.php\/producto\/conjunto-bralette-y-tanga-cola-less-be-suave-sensual-s178\/#primaryimage\"},\"thumbnailUrl\":\"https:\/\/butterflyeffect.com.ar\/wp-content\/uploads\/2025\/12\/D_777776-MLA89661275884_082025-F.jpg\",\"datePublished\":\"2025-12-22T23:37:00+00:00\",\"dateModified\":\"2025-12-22T23:39:02+00:00\",\"breadcrumb\":{\"@id\":\"https:\/\/butterflyeffect.com.ar\/index.php\/producto\/conjunto-bralette-y-tanga-cola-less-be-suave-sensual-s178\/#breadcrumb\"},\"inLanguage\":\"es\",\"potentialAction\":[{\"@type\":\"ReadAction\",\"target\":[\"https:\/\/butterflyeffect.com.ar\/index.php\/producto\/conjunto-bralette-y-tanga-cola-less-be-suave-sensual-s178\/\"]}]},{\"@type\":\"ImageObject\",\"inLanguage\":\"es\",\"@id\":\"https:\/\/butterflyeffect.com.ar\/index.php\/producto\/conjunto-bralette-y-tanga-cola-less-be-suave-sensual-s178\/#primaryimage\",\"url\":\"https:\/\/butterflyeffect.com.ar\/wp-content\/uploads\/2025\/12\/D_777776-MLA89661275884_082025-F.jpg\",\"contentUrl\":\"https:\/\/butterflyeffect.com.ar\/wp-content\/uploads\/2025\/12\/D_777776-MLA89661275884_082025-F.jpg\",\"width\":863,\"height\":1200},{\"@type\":\"BreadcrumbList\",\"@id\":\"https:\/\/butterflyeffect.com.ar\/index.php\/producto\/conjunto-bralette-y-tanga-cola-less-be-suave-sensual-s178\/#breadcrumb\",\"itemListElement\":[{\"@type\":\"ListItem\",\"position\":1,\"name\":\"Portada\",\"item\":\"https:\/\/butterflyeffect.com.ar\/\"},{\"@type\":\"ListItem\",\"position\":2,\"name\":\"Tienda\",\"item\":\"https:\/\/butterflyeffect.com.ar\/index.php\/tienda\/\"},{\"@type\":\"ListItem\",\"position\":3,\"name\":\"Conjunto Bralette Y Tanga Cola Less Be Suave Sensual S178\"}]},{\"@type\":\"WebSite\",\"@id\":\"https:\/\/butterflyeffect.com.ar\/#website\",\"url\":\"https:\/\/butterflyeffect.com.ar\/\",\"name\":\"Butterfly Effect\",\"description\":\"Premium Sex Tech Toys &amp; Cosmetica Intima\",\"publisher\":{\"@id\":\"https:\/\/butterflyeffect.com.ar\/#organization\"},\"potentialAction\":[{\"@type\":\"SearchAction\",\"target\":{\"@type\":\"EntryPoint\",\"urlTemplate\":\"https:\/\/butterflyeffect.com.ar\/?s={search_term_string}\"},\"query-input\":{\"@type\":\"PropertyValueSpecification\",\"valueRequired\":true,\"valueName\":\"search_term_string\"}}],\"inLanguage\":\"es\"},{\"@type\":\"Organization\",\"@id\":\"https:\/\/butterflyeffect.com.ar\/#organization\",\"name\":\"The Butterfly Effect\",\"url\":\"https:\/\/butterflyeffect.com.ar\/\",\"logo\":{\"@type\":\"ImageObject\",\"inLanguage\":\"es\",\"@id\":\"https:\/\/butterflyeffect.com.ar\/#\/schema\/logo\/image\/\",\"url\":\"https:\/\/butterflyeffect.com.ar\/wp-content\/uploads\/2023\/06\/cropped-LOGO-FINAL-BE-01.jpg\",\"contentUrl\":\"https:\/\/butterflyeffect.com.ar\/wp-content\/uploads\/2023\/06\/cropped-LOGO-FINAL-BE-01.jpg\",\"width\":766,\"height\":877,\"caption\":\"The Butterfly Effect\"},\"image\":{\"@id\":\"https:\/\/butterflyeffect.com.ar\/#\/schema\/logo\/image\/\"},\"sameAs\":[\"https:\/\/www.instagram.com\/butterflyeffect_ar\/\"]}]}<\/script>\n<!-- \/ Yoast SEO plugin. -->","yoast_head_json":{"title":"Conjunto Bralette Y Tanga Cola Less Be Suave Sensual S178 -","robots":{"index":"index","follow":"follow","max-snippet":"max-snippet:-1","max-image-preview":"max-image-preview:large","max-video-preview":"max-video-preview:-1"},"canonical":"https:\/\/butterflyeffect.com.ar\/index.php\/producto\/conjunto-bralette-y-tanga-cola-less-be-suave-sensual-s178\/","og_locale":"es_ES","og_type":"article","og_title":"Conjunto Bralette Y Tanga Cola Less Be Suave Sensual S178 -","og_description":"El conjunto Bralette y Tanga Cola Less Be Suave Sensual S178 de la marca Butterfly Effect redefine la lencer\u00eda femenina con un dise\u00f1o provocador y elegante. Este conjunto incluye un bralette con aro y un choker que resalta la figura, brindando un toque de sensualidad y sofisticaci\u00f3n en cada uso. Su composici\u00f3n en encaje suave permite una experiencia c\u00f3moda y seductora, ideal para quienes buscan combinar estilo y confort. Dise\u00f1ado para mujeres adultas, este conjunto destaca por su modelo less con tiras que se ajustan perfectamente al cuerpo, acentuando las curvas y ofreciendo un look audaz. El tanga incluido garantiza una sensaci\u00f3n de libertad y ligereza, complementando la est\u00e9tica del bralette. Perfecto para ocasiones especiales o para sentirte espectacular en tu d\u00eda a d\u00eda, este conjunto es una pieza imprescindible en el guardarropa de cualquier mujer que valora la elegancia y la sensualidad. La elecci\u00f3n de materiales de calidad asegura durabilidad y una ca\u00edda delicada, permitiendo que la prenda se adapte a tu cuerpo con gracia. Cada detalle ha sido cuidadosamente pensado para proporcionar una experiencia \u00fanica, desde el toque suave del encaje hasta el dise\u00f1o que realza la figura. Eleva tu colecci\u00f3n de lencer\u00eda con este conjunto que celebra la confianza y la feminidad.","og_url":"https:\/\/butterflyeffect.com.ar\/index.php\/producto\/conjunto-bralette-y-tanga-cola-less-be-suave-sensual-s178\/","article_modified_time":"2025-12-22T23:39:02+00:00","og_image":[{"width":863,"height":1200,"url":"https:\/\/butterflyeffect.com.ar\/wp-content\/uploads\/2025\/12\/D_777776-MLA89661275884_082025-F.jpg","type":"image\/jpeg"}],"twitter_card":"summary_large_image","twitter_misc":{"Tiempo de lectura":"1 minuto"},"schema":{"@context":"https:\/\/schema.org","@graph":[{"@type":"WebPage","@id":"https:\/\/butterflyeffect.com.ar\/index.php\/producto\/conjunto-bralette-y-tanga-cola-less-be-suave-sensual-s178\/","url":"https:\/\/butterflyeffect.com.ar\/index.php\/producto\/conjunto-bralette-y-tanga-cola-less-be-suave-sensual-s178\/","name":"Conjunto Bralette Y Tanga Cola Less Be Suave Sensual S178 -","isPartOf":{"@id":"https:\/\/butterflyeffect.com.ar\/#website"},"primaryImageOfPage":{"@id":"https:\/\/butterflyeffect.com.ar\/index.php\/producto\/conjunto-bralette-y-tanga-cola-less-be-suave-sensual-s178\/#primaryimage"},"image":{"@id":"https:\/\/butterflyeffect.com.ar\/index.php\/producto\/conjunto-bralette-y-tanga-cola-less-be-suave-sensual-s178\/#primaryimage"},"thumbnailUrl":"https:\/\/butterflyeffect.com.ar\/wp-content\/uploads\/2025\/12\/D_777776-MLA89661275884_082025-F.jpg","datePublished":"2025-12-22T23:37:00+00:00","dateModified":"2025-12-22T23:39:02+00:00","breadcrumb":{"@id":"https:\/\/butterflyeffect.com.ar\/index.php\/producto\/conjunto-bralette-y-tanga-cola-less-be-suave-sensual-s178\/#breadcrumb"},"inLanguage":"es","potentialAction":[{"@type":"ReadAction","target":["https:\/\/butterflyeffect.com.ar\/index.php\/producto\/conjunto-bralette-y-tanga-cola-less-be-suave-sensual-s178\/"]}]},{"@type":"ImageObject","inLanguage":"es","@id":"https:\/\/butterflyeffect.com.ar\/index.php\/producto\/conjunto-bralette-y-tanga-cola-less-be-suave-sensual-s178\/#primaryimage","url":"https:\/\/butterflyeffect.com.ar\/wp-content\/uploads\/2025\/12\/D_777776-MLA89661275884_082025-F.jpg","contentUrl":"https:\/\/butterflyeffect.com.ar\/wp-content\/uploads\/2025\/12\/D_777776-MLA89661275884_082025-F.jpg","width":863,"height":1200},{"@type":"BreadcrumbList","@id":"https:\/\/butterflyeffect.com.ar\/index.php\/producto\/conjunto-bralette-y-tanga-cola-less-be-suave-sensual-s178\/#breadcrumb","itemListElement":[{"@type":"ListItem","position":1,"name":"Portada","item":"https:\/\/butterflyeffect.com.ar\/"},{"@type":"ListItem","position":2,"name":"Tienda","item":"https:\/\/butterflyeffect.com.ar\/index.php\/tienda\/"},{"@type":"ListItem","position":3,"name":"Conjunto Bralette Y Tanga Cola Less Be Suave Sensual S178"}]},{"@type":"WebSite","@id":"https:\/\/butterflyeffect.com.ar\/#website","url":"https:\/\/butterflyeffect.com.ar\/","name":"Butterfly Effect","description":"Premium Sex Tech Toys &amp; Cosmetica Intima","publisher":{"@id":"https:\/\/butterflyeffect.com.ar\/#organization"},"potentialAction":[{"@type":"SearchAction","target":{"@type":"EntryPoint","urlTemplate":"https:\/\/butterflyeffect.com.ar\/?s={search_term_string}"},"query-input":{"@type":"PropertyValueSpecification","valueRequired":true,"valueName":"search_term_string"}}],"inLanguage":"es"},{"@type":"Organization","@id":"https:\/\/butterflyeffect.com.ar\/#organization","name":"The Butterfly Effect","url":"https:\/\/butterflyeffect.com.ar\/","logo":{"@type":"ImageObject","inLanguage":"es","@id":"https:\/\/butterflyeffect.com.ar\/#\/schema\/logo\/image\/","url":"https:\/\/butterflyeffect.com.ar\/wp-content\/uploads\/2023\/06\/cropped-LOGO-FINAL-BE-01.jpg","contentUrl":"https:\/\/butterflyeffect.com.ar\/wp-content\/uploads\/2023\/06\/cropped-LOGO-FINAL-BE-01.jpg","width":766,"height":877,"caption":"The Butterfly Effect"},"image":{"@id":"https:\/\/butterflyeffect.com.ar\/#\/schema\/logo\/image\/"},"sameAs":["https:\/\/www.instagram.com\/butterflyeffect_ar\/"]}]}},"_links":{"self":[{"href":"https:\/\/butterflyeffect.com.ar\/index.php\/wp-json\/wp\/v2\/product\/2519","targetHints":{"allow":["GET"]}}],"collection":[{"href":"https:\/\/butterflyeffect.com.ar\/index.php\/wp-json\/wp\/v2\/product"}],"about":[{"href":"https:\/\/butterflyeffect.com.ar\/index.php\/wp-json\/wp\/v2\/types\/product"}],"replies":[{"embeddable":true,"href":"https:\/\/butterflyeffect.com.ar\/index.php\/wp-json\/wp\/v2\/comments?post=2519"}],"wp:featuredmedia":[{"embeddable":true,"href":"https:\/\/butterflyeffect.com.ar\/index.php\/wp-json\/wp\/v2\/media\/2518"}],"wp:attachment":[{"href":"https:\/\/butterflyeffect.com.ar\/index.php\/wp-json\/wp\/v2\/media?parent=2519"}],"wp:term":[{"taxonomy":"product_brand","embeddable":true,"href":"https:\/\/butterflyeffect.com.ar\/index.php\/wp-json\/wp\/v2\/product_brand?post=2519"},{"taxonomy":"product_cat","embeddable":true,"href":"https:\/\/butterflyeffect.com.ar\/index.php\/wp-json\/wp\/v2\/product_cat?post=2519"},{"taxonomy":"product_tag","embeddable":true,"href":"https:\/\/butterflyeffect.com.ar\/index.php\/wp-json\/wp\/v2\/product_tag?post=2519"}],"curies":[{"name":"wp","href":"https:\/\/api.w.org\/{rel}","templated":true}]}}