{"id":2514,"date":"2025-12-22T23:36:51","date_gmt":"2025-12-22T23:36:51","guid":{"rendered":"https:\/\/butterflyeffect.com.ar\/index.php\/producto\/tanga-culotte-less-lenceria-sexy-be-sensual-s075\/"},"modified":"2026-04-28T15:18:23","modified_gmt":"2026-04-28T15:18:23","slug":"tanga-culotte-less-lenceria-sexy-be-sensual-s075","status":"publish","type":"product","link":"https:\/\/butterflyeffect.com.ar\/index.php\/producto\/tanga-culotte-less-lenceria-sexy-be-sensual-s075\/","title":{"rendered":"Tanga, Culotte, Less, Lenceria Sexy Be Sensual S075"},"content":{"rendered":"<p>Descubre la lencer\u00eda que resalta tu feminidad y sensualidad con el Tanga, Culotte, Less de la l\u00ednea Be Sensual de BUTTERFLY EFFECT. Este exquisito dise\u00f1o cuenta con detalles en encaje y un hermoso patr\u00f3n de flores, brindando una mezcla perfecta de elegancia y seducci\u00f3n. Cada pieza ha sido confeccionada para ofrecer comodidad sin sacrificar la sensualidad, permiti\u00e9ndote sentirte segura y atractiva en cualquier ocasi\u00f3n.<\/p>\n<p>Este modelo S075 es ideal para la mujer moderna que busca un toque especial en su guardarropa \u00edntimo. Su composici\u00f3n de encaje suave se ajusta delicadamente a tu piel, mientras que el estilo tanga y culotte proporciona un look coqueto y atractivo. La inclusi\u00f3n de una bombacha garantiza que cada detalle ha sido pensado para tu satisfacci\u00f3n.<\/p>\n<p>La fusi\u00f3n de estilo y confort en esta lencer\u00eda sexy transforma cualquier d\u00eda en una ocasi\u00f3n especial y \u00fanica. Atr\u00e9vete a sorprenderte a ti misma y a los que te rodean con esta pieza que eleva tu confianza y expresi\u00f3n personal. Ideal para quienes buscan experimentar con su sensualidad, el Tanga, Culotte, Less es un must-have que no puede faltar en tu colecci\u00f3n.<\/p>\n","protected":false},"excerpt":{"rendered":"<p>Descubre la lencer\u00eda que resalta tu feminidad y sensualidad con el Tanga, Culotte, Less de la l\u00ednea Be Sensual de BUTTERFLY EFFECT. Este exquisito dise\u00f1o cuenta con detalles en encaje y un hermoso patr\u00f3n de flores, brindando una mezcla perfecta de elegancia y seducci\u00f3n. Cada pieza ha sido confeccionada para ofrecer comodidad sin sacrificar la sensualidad, permiti\u00e9ndote sentirte segura y atractiva en cualquier ocasi\u00f3n.<\/p>\n<p>Este modelo S075 es ideal para la mujer moderna que busca un toque especial en su guardarropa \u00edntimo. Su composici\u00f3n de encaje suave se ajusta delicadamente a tu piel, mientras que el estilo tanga y culotte proporciona un look coqueto y atractivo. La inclusi\u00f3n de una bombacha garantiza que cada detalle ha sido pensado para tu satisfacci\u00f3n.<\/p>\n<p>La fusi\u00f3n de estilo y confort en esta lencer\u00eda sexy transforma cualquier d\u00eda en una ocasi\u00f3n especial y \u00fanica. Atr\u00e9vete a sorprenderte a ti misma y a los que te rodean con esta pieza que eleva tu confianza y expresi\u00f3n personal. Ideal para quienes buscan experimentar con su sensualidad, el Tanga, Culotte, Less es un must-have que no puede faltar en tu colecci\u00f3n.<\/p>\n","protected":false},"featured_media":2513,"comment_status":"open","ping_status":"closed","template":"","meta":[],"product_brand":[107],"product_cat":[141,77],"product_tag":[142,143,144],"class_list":{"0":"post-2514","1":"product","2":"type-product","3":"status-publish","4":"has-post-thumbnail","6":"product_brand-butterfly-effect","7":"product_cat-lenceria-sexy","8":"product_cat-productos","9":"product_tag-cola-less","10":"product_tag-lenceria","11":"product_tag-sexy","13":"entry","14":"has-media","16":"first","17":"instock","18":"shipping-taxable","19":"purchasable","20":"product-type-variable","21":"has-product-nav","22":"col","23":"span_1_of_4","24":"owp-content-center","25":"owp-thumbs-layout-horizontal","26":"owp-btn-normal","27":"owp-tabs-layout-horizontal"},"yoast_head":"<!-- This site is optimized with the Yoast SEO plugin v26.0 - https:\/\/yoast.com\/wordpress\/plugins\/seo\/ -->\n<title>Tanga, Culotte, Less, Lenceria Sexy Be Sensual S075 -<\/title>\n<meta name=\"robots\" content=\"index, follow, max-snippet:-1, max-image-preview:large, max-video-preview:-1\" \/>\n<link rel=\"canonical\" href=\"https:\/\/butterflyeffect.com.ar\/index.php\/producto\/tanga-culotte-less-lenceria-sexy-be-sensual-s075\/\" \/>\n<meta property=\"og:locale\" content=\"es_ES\" \/>\n<meta property=\"og:type\" content=\"article\" \/>\n<meta property=\"og:title\" content=\"Tanga, Culotte, Less, Lenceria Sexy Be Sensual S075 -\" \/>\n<meta property=\"og:description\" content=\"Descubre la lencer\u00eda que resalta tu feminidad y sensualidad con el Tanga, Culotte, Less de la l\u00ednea Be Sensual de BUTTERFLY EFFECT. Este exquisito dise\u00f1o cuenta con detalles en encaje y un hermoso patr\u00f3n de flores, brindando una mezcla perfecta de elegancia y seducci\u00f3n. Cada pieza ha sido confeccionada para ofrecer comodidad sin sacrificar la sensualidad, permiti\u00e9ndote sentirte segura y atractiva en cualquier ocasi\u00f3n. Este modelo S075 es ideal para la mujer moderna que busca un toque especial en su guardarropa \u00edntimo. Su composici\u00f3n de encaje suave se ajusta delicadamente a tu piel, mientras que el estilo tanga y culotte proporciona un look coqueto y atractivo. La inclusi\u00f3n de una bombacha garantiza que cada detalle ha sido pensado para tu satisfacci\u00f3n. La fusi\u00f3n de estilo y confort en esta lencer\u00eda sexy transforma cualquier d\u00eda en una ocasi\u00f3n especial y \u00fanica. Atr\u00e9vete a sorprenderte a ti misma y a los que te rodean con esta pieza que eleva tu confianza y expresi\u00f3n personal. Ideal para quienes buscan experimentar con su sensualidad, el Tanga, Culotte, Less es un must-have que no puede faltar en tu colecci\u00f3n.\" \/>\n<meta property=\"og:url\" content=\"https:\/\/butterflyeffect.com.ar\/index.php\/producto\/tanga-culotte-less-lenceria-sexy-be-sensual-s075\/\" \/>\n<meta property=\"article:modified_time\" content=\"2026-04-28T15:18:23+00:00\" \/>\n<meta property=\"og:image\" content=\"https:\/\/butterflyeffect.com.ar\/wp-content\/uploads\/2025\/12\/D_976316-MLA89660704518_082025-F.jpg\" \/>\n\t<meta property=\"og:image:width\" content=\"1200\" \/>\n\t<meta property=\"og:image:height\" content=\"1102\" \/>\n\t<meta property=\"og:image:type\" content=\"image\/jpeg\" \/>\n<meta name=\"twitter:card\" content=\"summary_large_image\" \/>\n<meta name=\"twitter:label1\" content=\"Tiempo de lectura\" \/>\n\t<meta name=\"twitter:data1\" content=\"1 minuto\" \/>\n<script type=\"application\/ld+json\" class=\"yoast-schema-graph\">{\"@context\":\"https:\/\/schema.org\",\"@graph\":[{\"@type\":\"WebPage\",\"@id\":\"https:\/\/butterflyeffect.com.ar\/index.php\/producto\/tanga-culotte-less-lenceria-sexy-be-sensual-s075\/\",\"url\":\"https:\/\/butterflyeffect.com.ar\/index.php\/producto\/tanga-culotte-less-lenceria-sexy-be-sensual-s075\/\",\"name\":\"Tanga, Culotte, Less, Lenceria Sexy Be Sensual S075 -\",\"isPartOf\":{\"@id\":\"https:\/\/butterflyeffect.com.ar\/#website\"},\"primaryImageOfPage\":{\"@id\":\"https:\/\/butterflyeffect.com.ar\/index.php\/producto\/tanga-culotte-less-lenceria-sexy-be-sensual-s075\/#primaryimage\"},\"image\":{\"@id\":\"https:\/\/butterflyeffect.com.ar\/index.php\/producto\/tanga-culotte-less-lenceria-sexy-be-sensual-s075\/#primaryimage\"},\"thumbnailUrl\":\"https:\/\/butterflyeffect.com.ar\/wp-content\/uploads\/2025\/12\/D_976316-MLA89660704518_082025-F.jpg\",\"datePublished\":\"2025-12-22T23:36:51+00:00\",\"dateModified\":\"2026-04-28T15:18:23+00:00\",\"breadcrumb\":{\"@id\":\"https:\/\/butterflyeffect.com.ar\/index.php\/producto\/tanga-culotte-less-lenceria-sexy-be-sensual-s075\/#breadcrumb\"},\"inLanguage\":\"es\",\"potentialAction\":[{\"@type\":\"ReadAction\",\"target\":[\"https:\/\/butterflyeffect.com.ar\/index.php\/producto\/tanga-culotte-less-lenceria-sexy-be-sensual-s075\/\"]}]},{\"@type\":\"ImageObject\",\"inLanguage\":\"es\",\"@id\":\"https:\/\/butterflyeffect.com.ar\/index.php\/producto\/tanga-culotte-less-lenceria-sexy-be-sensual-s075\/#primaryimage\",\"url\":\"https:\/\/butterflyeffect.com.ar\/wp-content\/uploads\/2025\/12\/D_976316-MLA89660704518_082025-F.jpg\",\"contentUrl\":\"https:\/\/butterflyeffect.com.ar\/wp-content\/uploads\/2025\/12\/D_976316-MLA89660704518_082025-F.jpg\",\"width\":1200,\"height\":1102},{\"@type\":\"BreadcrumbList\",\"@id\":\"https:\/\/butterflyeffect.com.ar\/index.php\/producto\/tanga-culotte-less-lenceria-sexy-be-sensual-s075\/#breadcrumb\",\"itemListElement\":[{\"@type\":\"ListItem\",\"position\":1,\"name\":\"Portada\",\"item\":\"https:\/\/butterflyeffect.com.ar\/\"},{\"@type\":\"ListItem\",\"position\":2,\"name\":\"Tienda\",\"item\":\"https:\/\/butterflyeffect.com.ar\/index.php\/tienda\/\"},{\"@type\":\"ListItem\",\"position\":3,\"name\":\"Tanga, Culotte, Less, Lenceria Sexy Be Sensual S075\"}]},{\"@type\":\"WebSite\",\"@id\":\"https:\/\/butterflyeffect.com.ar\/#website\",\"url\":\"https:\/\/butterflyeffect.com.ar\/\",\"name\":\"Butterfly Effect\",\"description\":\"Premium Sex Tech Toys &amp; Cosmetica Intima\",\"publisher\":{\"@id\":\"https:\/\/butterflyeffect.com.ar\/#organization\"},\"potentialAction\":[{\"@type\":\"SearchAction\",\"target\":{\"@type\":\"EntryPoint\",\"urlTemplate\":\"https:\/\/butterflyeffect.com.ar\/?s={search_term_string}\"},\"query-input\":{\"@type\":\"PropertyValueSpecification\",\"valueRequired\":true,\"valueName\":\"search_term_string\"}}],\"inLanguage\":\"es\"},{\"@type\":\"Organization\",\"@id\":\"https:\/\/butterflyeffect.com.ar\/#organization\",\"name\":\"The Butterfly Effect\",\"url\":\"https:\/\/butterflyeffect.com.ar\/\",\"logo\":{\"@type\":\"ImageObject\",\"inLanguage\":\"es\",\"@id\":\"https:\/\/butterflyeffect.com.ar\/#\/schema\/logo\/image\/\",\"url\":\"https:\/\/butterflyeffect.com.ar\/wp-content\/uploads\/2023\/06\/cropped-LOGO-FINAL-BE-01.jpg\",\"contentUrl\":\"https:\/\/butterflyeffect.com.ar\/wp-content\/uploads\/2023\/06\/cropped-LOGO-FINAL-BE-01.jpg\",\"width\":766,\"height\":877,\"caption\":\"The Butterfly Effect\"},\"image\":{\"@id\":\"https:\/\/butterflyeffect.com.ar\/#\/schema\/logo\/image\/\"},\"sameAs\":[\"https:\/\/www.instagram.com\/butterflyeffect_ar\/\"]}]}<\/script>\n<!-- \/ Yoast SEO plugin. -->","yoast_head_json":{"title":"Tanga, Culotte, Less, Lenceria Sexy Be Sensual S075 -","robots":{"index":"index","follow":"follow","max-snippet":"max-snippet:-1","max-image-preview":"max-image-preview:large","max-video-preview":"max-video-preview:-1"},"canonical":"https:\/\/butterflyeffect.com.ar\/index.php\/producto\/tanga-culotte-less-lenceria-sexy-be-sensual-s075\/","og_locale":"es_ES","og_type":"article","og_title":"Tanga, Culotte, Less, Lenceria Sexy Be Sensual S075 -","og_description":"Descubre la lencer\u00eda que resalta tu feminidad y sensualidad con el Tanga, Culotte, Less de la l\u00ednea Be Sensual de BUTTERFLY EFFECT. Este exquisito dise\u00f1o cuenta con detalles en encaje y un hermoso patr\u00f3n de flores, brindando una mezcla perfecta de elegancia y seducci\u00f3n. Cada pieza ha sido confeccionada para ofrecer comodidad sin sacrificar la sensualidad, permiti\u00e9ndote sentirte segura y atractiva en cualquier ocasi\u00f3n. Este modelo S075 es ideal para la mujer moderna que busca un toque especial en su guardarropa \u00edntimo. Su composici\u00f3n de encaje suave se ajusta delicadamente a tu piel, mientras que el estilo tanga y culotte proporciona un look coqueto y atractivo. La inclusi\u00f3n de una bombacha garantiza que cada detalle ha sido pensado para tu satisfacci\u00f3n. La fusi\u00f3n de estilo y confort en esta lencer\u00eda sexy transforma cualquier d\u00eda en una ocasi\u00f3n especial y \u00fanica. Atr\u00e9vete a sorprenderte a ti misma y a los que te rodean con esta pieza que eleva tu confianza y expresi\u00f3n personal. Ideal para quienes buscan experimentar con su sensualidad, el Tanga, Culotte, Less es un must-have que no puede faltar en tu colecci\u00f3n.","og_url":"https:\/\/butterflyeffect.com.ar\/index.php\/producto\/tanga-culotte-less-lenceria-sexy-be-sensual-s075\/","article_modified_time":"2026-04-28T15:18:23+00:00","og_image":[{"width":1200,"height":1102,"url":"https:\/\/butterflyeffect.com.ar\/wp-content\/uploads\/2025\/12\/D_976316-MLA89660704518_082025-F.jpg","type":"image\/jpeg"}],"twitter_card":"summary_large_image","twitter_misc":{"Tiempo de lectura":"1 minuto"},"schema":{"@context":"https:\/\/schema.org","@graph":[{"@type":"WebPage","@id":"https:\/\/butterflyeffect.com.ar\/index.php\/producto\/tanga-culotte-less-lenceria-sexy-be-sensual-s075\/","url":"https:\/\/butterflyeffect.com.ar\/index.php\/producto\/tanga-culotte-less-lenceria-sexy-be-sensual-s075\/","name":"Tanga, Culotte, Less, Lenceria Sexy Be Sensual S075 -","isPartOf":{"@id":"https:\/\/butterflyeffect.com.ar\/#website"},"primaryImageOfPage":{"@id":"https:\/\/butterflyeffect.com.ar\/index.php\/producto\/tanga-culotte-less-lenceria-sexy-be-sensual-s075\/#primaryimage"},"image":{"@id":"https:\/\/butterflyeffect.com.ar\/index.php\/producto\/tanga-culotte-less-lenceria-sexy-be-sensual-s075\/#primaryimage"},"thumbnailUrl":"https:\/\/butterflyeffect.com.ar\/wp-content\/uploads\/2025\/12\/D_976316-MLA89660704518_082025-F.jpg","datePublished":"2025-12-22T23:36:51+00:00","dateModified":"2026-04-28T15:18:23+00:00","breadcrumb":{"@id":"https:\/\/butterflyeffect.com.ar\/index.php\/producto\/tanga-culotte-less-lenceria-sexy-be-sensual-s075\/#breadcrumb"},"inLanguage":"es","potentialAction":[{"@type":"ReadAction","target":["https:\/\/butterflyeffect.com.ar\/index.php\/producto\/tanga-culotte-less-lenceria-sexy-be-sensual-s075\/"]}]},{"@type":"ImageObject","inLanguage":"es","@id":"https:\/\/butterflyeffect.com.ar\/index.php\/producto\/tanga-culotte-less-lenceria-sexy-be-sensual-s075\/#primaryimage","url":"https:\/\/butterflyeffect.com.ar\/wp-content\/uploads\/2025\/12\/D_976316-MLA89660704518_082025-F.jpg","contentUrl":"https:\/\/butterflyeffect.com.ar\/wp-content\/uploads\/2025\/12\/D_976316-MLA89660704518_082025-F.jpg","width":1200,"height":1102},{"@type":"BreadcrumbList","@id":"https:\/\/butterflyeffect.com.ar\/index.php\/producto\/tanga-culotte-less-lenceria-sexy-be-sensual-s075\/#breadcrumb","itemListElement":[{"@type":"ListItem","position":1,"name":"Portada","item":"https:\/\/butterflyeffect.com.ar\/"},{"@type":"ListItem","position":2,"name":"Tienda","item":"https:\/\/butterflyeffect.com.ar\/index.php\/tienda\/"},{"@type":"ListItem","position":3,"name":"Tanga, Culotte, Less, Lenceria Sexy Be Sensual S075"}]},{"@type":"WebSite","@id":"https:\/\/butterflyeffect.com.ar\/#website","url":"https:\/\/butterflyeffect.com.ar\/","name":"Butterfly Effect","description":"Premium Sex Tech Toys &amp; Cosmetica Intima","publisher":{"@id":"https:\/\/butterflyeffect.com.ar\/#organization"},"potentialAction":[{"@type":"SearchAction","target":{"@type":"EntryPoint","urlTemplate":"https:\/\/butterflyeffect.com.ar\/?s={search_term_string}"},"query-input":{"@type":"PropertyValueSpecification","valueRequired":true,"valueName":"search_term_string"}}],"inLanguage":"es"},{"@type":"Organization","@id":"https:\/\/butterflyeffect.com.ar\/#organization","name":"The Butterfly Effect","url":"https:\/\/butterflyeffect.com.ar\/","logo":{"@type":"ImageObject","inLanguage":"es","@id":"https:\/\/butterflyeffect.com.ar\/#\/schema\/logo\/image\/","url":"https:\/\/butterflyeffect.com.ar\/wp-content\/uploads\/2023\/06\/cropped-LOGO-FINAL-BE-01.jpg","contentUrl":"https:\/\/butterflyeffect.com.ar\/wp-content\/uploads\/2023\/06\/cropped-LOGO-FINAL-BE-01.jpg","width":766,"height":877,"caption":"The Butterfly Effect"},"image":{"@id":"https:\/\/butterflyeffect.com.ar\/#\/schema\/logo\/image\/"},"sameAs":["https:\/\/www.instagram.com\/butterflyeffect_ar\/"]}]}},"_links":{"self":[{"href":"https:\/\/butterflyeffect.com.ar\/index.php\/wp-json\/wp\/v2\/product\/2514","targetHints":{"allow":["GET"]}}],"collection":[{"href":"https:\/\/butterflyeffect.com.ar\/index.php\/wp-json\/wp\/v2\/product"}],"about":[{"href":"https:\/\/butterflyeffect.com.ar\/index.php\/wp-json\/wp\/v2\/types\/product"}],"replies":[{"embeddable":true,"href":"https:\/\/butterflyeffect.com.ar\/index.php\/wp-json\/wp\/v2\/comments?post=2514"}],"wp:featuredmedia":[{"embeddable":true,"href":"https:\/\/butterflyeffect.com.ar\/index.php\/wp-json\/wp\/v2\/media\/2513"}],"wp:attachment":[{"href":"https:\/\/butterflyeffect.com.ar\/index.php\/wp-json\/wp\/v2\/media?parent=2514"}],"wp:term":[{"taxonomy":"product_brand","embeddable":true,"href":"https:\/\/butterflyeffect.com.ar\/index.php\/wp-json\/wp\/v2\/product_brand?post=2514"},{"taxonomy":"product_cat","embeddable":true,"href":"https:\/\/butterflyeffect.com.ar\/index.php\/wp-json\/wp\/v2\/product_cat?post=2514"},{"taxonomy":"product_tag","embeddable":true,"href":"https:\/\/butterflyeffect.com.ar\/index.php\/wp-json\/wp\/v2\/product_tag?post=2514"}],"curies":[{"name":"wp","href":"https:\/\/api.w.org\/{rel}","templated":true}]}}