{"id":2503,"date":"2025-12-22T23:36:40","date_gmt":"2025-12-22T23:36:40","guid":{"rendered":"https:\/\/butterflyeffect.com.ar\/index.php\/producto\/conjunto-bralette-y-tanga-cola-less-be-suave-sensual-w212\/"},"modified":"2026-04-27T18:40:23","modified_gmt":"2026-04-27T18:40:23","slug":"conjunto-bralette-y-tanga-cola-less-be-suave-sensual-w212","status":"publish","type":"product","link":"https:\/\/butterflyeffect.com.ar\/index.php\/producto\/conjunto-bralette-y-tanga-cola-less-be-suave-sensual-w212\/","title":{"rendered":"Conjunto Bralette Y Tanga Cola Less Be Suave Sensual W212"},"content":{"rendered":"<p>Descubre la elegancia y sensualidad que ofrece el Conjunto Bralette y Tanga Cola Less Be Suave Sensual W212 de la reconocida marca BUTTERFLY EFFECT. Este conjunto est\u00e1 dise\u00f1ado especialmente para realzar la belleza femenina, convirti\u00e9ndolo en una prenda ideal para ocasiones especiales o para sentirte deslumbrante en cualquier momento.<\/p>\n<p>El bralette, confeccionado en delicado encaje, se ajusta suavemente al cuerpo, proporcionando comodidad y soporte. Su dise\u00f1o less asegura una apariencia moderna y atractiva, complementando de manera perfecta la tanga incluida. Esta combinaci\u00f3n no solo es visualmente encantadora, sino que tambi\u00e9n est\u00e1 destinada a brindar una experiencia de uso excepcional.<\/p>\n<p>El conjunto es vers\u00e1til y se adapta a diversos estilos, permitiendo a cada mujer expresar su individualidad. Perfecto para quienes buscan una mezcla de sofisticaci\u00f3n y sensualidad, el modelo W212 es una elecci\u00f3n perfecta para elevar tu guardarropa \u00edntimo. Dale un toque especial a tus momentos con la confianza que aporta este exquisito conjunto.<\/p>\n","protected":false},"excerpt":{"rendered":"<p>Descubre la elegancia y sensualidad que ofrece el Conjunto Bralette y Tanga Cola Less Be Suave Sensual W212 de la reconocida marca BUTTERFLY EFFECT. Este conjunto est\u00e1 dise\u00f1ado especialmente para realzar la belleza femenina, convirti\u00e9ndolo en una prenda ideal para ocasiones especiales o para sentirte deslumbrante en cualquier momento.<\/p>\n<p>El bralette, confeccionado en delicado encaje, se ajusta suavemente al cuerpo, proporcionando comodidad y soporte. Su dise\u00f1o less asegura una apariencia moderna y atractiva, complementando de manera perfecta la tanga incluida. Esta combinaci\u00f3n no solo es visualmente encantadora, sino que tambi\u00e9n est\u00e1 destinada a brindar una experiencia de uso excepcional.<\/p>\n<p>El conjunto es vers\u00e1til y se adapta a diversos estilos, permitiendo a cada mujer expresar su individualidad. Perfecto para quienes buscan una mezcla de sofisticaci\u00f3n y sensualidad, el modelo W212 es una elecci\u00f3n perfecta para elevar tu guardarropa \u00edntimo. Dale un toque especial a tus momentos con la confianza que aporta este exquisito conjunto.<\/p>\n","protected":false},"featured_media":2502,"comment_status":"open","ping_status":"closed","template":"","meta":[],"product_brand":[107],"product_cat":[141,77],"product_tag":[142,143,144],"class_list":{"0":"post-2503","1":"product","2":"type-product","3":"status-publish","4":"has-post-thumbnail","6":"product_brand-butterfly-effect","7":"product_cat-lenceria-sexy","8":"product_cat-productos","9":"product_tag-cola-less","10":"product_tag-lenceria","11":"product_tag-sexy","13":"entry","14":"has-media","16":"first","17":"instock","18":"shipping-taxable","19":"purchasable","20":"product-type-variable","21":"has-product-nav","22":"col","23":"span_1_of_4","24":"owp-content-center","25":"owp-thumbs-layout-horizontal","26":"owp-btn-normal","27":"owp-tabs-layout-horizontal"},"yoast_head":"<!-- This site is optimized with the Yoast SEO plugin v26.0 - https:\/\/yoast.com\/wordpress\/plugins\/seo\/ -->\n<title>Conjunto Bralette Y Tanga Cola Less Be Suave Sensual W212 -<\/title>\n<meta name=\"robots\" content=\"index, follow, max-snippet:-1, max-image-preview:large, max-video-preview:-1\" \/>\n<link rel=\"canonical\" href=\"https:\/\/butterflyeffect.com.ar\/index.php\/producto\/conjunto-bralette-y-tanga-cola-less-be-suave-sensual-w212\/\" \/>\n<meta property=\"og:locale\" content=\"es_ES\" \/>\n<meta property=\"og:type\" content=\"article\" \/>\n<meta property=\"og:title\" content=\"Conjunto Bralette Y Tanga Cola Less Be Suave Sensual W212 -\" \/>\n<meta property=\"og:description\" content=\"Descubre la elegancia y sensualidad que ofrece el Conjunto Bralette y Tanga Cola Less Be Suave Sensual W212 de la reconocida marca BUTTERFLY EFFECT. Este conjunto est\u00e1 dise\u00f1ado especialmente para realzar la belleza femenina, convirti\u00e9ndolo en una prenda ideal para ocasiones especiales o para sentirte deslumbrante en cualquier momento. El bralette, confeccionado en delicado encaje, se ajusta suavemente al cuerpo, proporcionando comodidad y soporte. Su dise\u00f1o less asegura una apariencia moderna y atractiva, complementando de manera perfecta la tanga incluida. Esta combinaci\u00f3n no solo es visualmente encantadora, sino que tambi\u00e9n est\u00e1 destinada a brindar una experiencia de uso excepcional. El conjunto es vers\u00e1til y se adapta a diversos estilos, permitiendo a cada mujer expresar su individualidad. Perfecto para quienes buscan una mezcla de sofisticaci\u00f3n y sensualidad, el modelo W212 es una elecci\u00f3n perfecta para elevar tu guardarropa \u00edntimo. Dale un toque especial a tus momentos con la confianza que aporta este exquisito conjunto.\" \/>\n<meta property=\"og:url\" content=\"https:\/\/butterflyeffect.com.ar\/index.php\/producto\/conjunto-bralette-y-tanga-cola-less-be-suave-sensual-w212\/\" \/>\n<meta property=\"article:modified_time\" content=\"2026-04-27T18:40:23+00:00\" \/>\n<meta property=\"og:image\" content=\"https:\/\/butterflyeffect.com.ar\/wp-content\/uploads\/2025\/12\/D_644849-MLA89660704290_082025-F.jpg\" \/>\n\t<meta property=\"og:image:width\" content=\"553\" \/>\n\t<meta property=\"og:image:height\" content=\"564\" \/>\n\t<meta property=\"og:image:type\" content=\"image\/jpeg\" \/>\n<meta name=\"twitter:card\" content=\"summary_large_image\" \/>\n<meta name=\"twitter:label1\" content=\"Tiempo de lectura\" \/>\n\t<meta name=\"twitter:data1\" content=\"1 minuto\" \/>\n<script type=\"application\/ld+json\" class=\"yoast-schema-graph\">{\"@context\":\"https:\/\/schema.org\",\"@graph\":[{\"@type\":\"WebPage\",\"@id\":\"https:\/\/butterflyeffect.com.ar\/index.php\/producto\/conjunto-bralette-y-tanga-cola-less-be-suave-sensual-w212\/\",\"url\":\"https:\/\/butterflyeffect.com.ar\/index.php\/producto\/conjunto-bralette-y-tanga-cola-less-be-suave-sensual-w212\/\",\"name\":\"Conjunto Bralette Y Tanga Cola Less Be Suave Sensual W212 -\",\"isPartOf\":{\"@id\":\"https:\/\/butterflyeffect.com.ar\/#website\"},\"primaryImageOfPage\":{\"@id\":\"https:\/\/butterflyeffect.com.ar\/index.php\/producto\/conjunto-bralette-y-tanga-cola-less-be-suave-sensual-w212\/#primaryimage\"},\"image\":{\"@id\":\"https:\/\/butterflyeffect.com.ar\/index.php\/producto\/conjunto-bralette-y-tanga-cola-less-be-suave-sensual-w212\/#primaryimage\"},\"thumbnailUrl\":\"https:\/\/butterflyeffect.com.ar\/wp-content\/uploads\/2025\/12\/D_644849-MLA89660704290_082025-F.jpg\",\"datePublished\":\"2025-12-22T23:36:40+00:00\",\"dateModified\":\"2026-04-27T18:40:23+00:00\",\"breadcrumb\":{\"@id\":\"https:\/\/butterflyeffect.com.ar\/index.php\/producto\/conjunto-bralette-y-tanga-cola-less-be-suave-sensual-w212\/#breadcrumb\"},\"inLanguage\":\"es\",\"potentialAction\":[{\"@type\":\"ReadAction\",\"target\":[\"https:\/\/butterflyeffect.com.ar\/index.php\/producto\/conjunto-bralette-y-tanga-cola-less-be-suave-sensual-w212\/\"]}]},{\"@type\":\"ImageObject\",\"inLanguage\":\"es\",\"@id\":\"https:\/\/butterflyeffect.com.ar\/index.php\/producto\/conjunto-bralette-y-tanga-cola-less-be-suave-sensual-w212\/#primaryimage\",\"url\":\"https:\/\/butterflyeffect.com.ar\/wp-content\/uploads\/2025\/12\/D_644849-MLA89660704290_082025-F.jpg\",\"contentUrl\":\"https:\/\/butterflyeffect.com.ar\/wp-content\/uploads\/2025\/12\/D_644849-MLA89660704290_082025-F.jpg\",\"width\":553,\"height\":564},{\"@type\":\"BreadcrumbList\",\"@id\":\"https:\/\/butterflyeffect.com.ar\/index.php\/producto\/conjunto-bralette-y-tanga-cola-less-be-suave-sensual-w212\/#breadcrumb\",\"itemListElement\":[{\"@type\":\"ListItem\",\"position\":1,\"name\":\"Portada\",\"item\":\"https:\/\/butterflyeffect.com.ar\/\"},{\"@type\":\"ListItem\",\"position\":2,\"name\":\"Tienda\",\"item\":\"https:\/\/butterflyeffect.com.ar\/index.php\/tienda\/\"},{\"@type\":\"ListItem\",\"position\":3,\"name\":\"Conjunto Bralette Y Tanga Cola Less Be Suave Sensual W212\"}]},{\"@type\":\"WebSite\",\"@id\":\"https:\/\/butterflyeffect.com.ar\/#website\",\"url\":\"https:\/\/butterflyeffect.com.ar\/\",\"name\":\"Butterfly Effect\",\"description\":\"Premium Sex Tech Toys &amp; Cosmetica Intima\",\"publisher\":{\"@id\":\"https:\/\/butterflyeffect.com.ar\/#organization\"},\"potentialAction\":[{\"@type\":\"SearchAction\",\"target\":{\"@type\":\"EntryPoint\",\"urlTemplate\":\"https:\/\/butterflyeffect.com.ar\/?s={search_term_string}\"},\"query-input\":{\"@type\":\"PropertyValueSpecification\",\"valueRequired\":true,\"valueName\":\"search_term_string\"}}],\"inLanguage\":\"es\"},{\"@type\":\"Organization\",\"@id\":\"https:\/\/butterflyeffect.com.ar\/#organization\",\"name\":\"The Butterfly Effect\",\"url\":\"https:\/\/butterflyeffect.com.ar\/\",\"logo\":{\"@type\":\"ImageObject\",\"inLanguage\":\"es\",\"@id\":\"https:\/\/butterflyeffect.com.ar\/#\/schema\/logo\/image\/\",\"url\":\"https:\/\/butterflyeffect.com.ar\/wp-content\/uploads\/2023\/06\/cropped-LOGO-FINAL-BE-01.jpg\",\"contentUrl\":\"https:\/\/butterflyeffect.com.ar\/wp-content\/uploads\/2023\/06\/cropped-LOGO-FINAL-BE-01.jpg\",\"width\":766,\"height\":877,\"caption\":\"The Butterfly Effect\"},\"image\":{\"@id\":\"https:\/\/butterflyeffect.com.ar\/#\/schema\/logo\/image\/\"},\"sameAs\":[\"https:\/\/www.instagram.com\/butterflyeffect_ar\/\"]}]}<\/script>\n<!-- \/ Yoast SEO plugin. -->","yoast_head_json":{"title":"Conjunto Bralette Y Tanga Cola Less Be Suave Sensual W212 -","robots":{"index":"index","follow":"follow","max-snippet":"max-snippet:-1","max-image-preview":"max-image-preview:large","max-video-preview":"max-video-preview:-1"},"canonical":"https:\/\/butterflyeffect.com.ar\/index.php\/producto\/conjunto-bralette-y-tanga-cola-less-be-suave-sensual-w212\/","og_locale":"es_ES","og_type":"article","og_title":"Conjunto Bralette Y Tanga Cola Less Be Suave Sensual W212 -","og_description":"Descubre la elegancia y sensualidad que ofrece el Conjunto Bralette y Tanga Cola Less Be Suave Sensual W212 de la reconocida marca BUTTERFLY EFFECT. Este conjunto est\u00e1 dise\u00f1ado especialmente para realzar la belleza femenina, convirti\u00e9ndolo en una prenda ideal para ocasiones especiales o para sentirte deslumbrante en cualquier momento. El bralette, confeccionado en delicado encaje, se ajusta suavemente al cuerpo, proporcionando comodidad y soporte. Su dise\u00f1o less asegura una apariencia moderna y atractiva, complementando de manera perfecta la tanga incluida. Esta combinaci\u00f3n no solo es visualmente encantadora, sino que tambi\u00e9n est\u00e1 destinada a brindar una experiencia de uso excepcional. El conjunto es vers\u00e1til y se adapta a diversos estilos, permitiendo a cada mujer expresar su individualidad. Perfecto para quienes buscan una mezcla de sofisticaci\u00f3n y sensualidad, el modelo W212 es una elecci\u00f3n perfecta para elevar tu guardarropa \u00edntimo. Dale un toque especial a tus momentos con la confianza que aporta este exquisito conjunto.","og_url":"https:\/\/butterflyeffect.com.ar\/index.php\/producto\/conjunto-bralette-y-tanga-cola-less-be-suave-sensual-w212\/","article_modified_time":"2026-04-27T18:40:23+00:00","og_image":[{"width":553,"height":564,"url":"https:\/\/butterflyeffect.com.ar\/wp-content\/uploads\/2025\/12\/D_644849-MLA89660704290_082025-F.jpg","type":"image\/jpeg"}],"twitter_card":"summary_large_image","twitter_misc":{"Tiempo de lectura":"1 minuto"},"schema":{"@context":"https:\/\/schema.org","@graph":[{"@type":"WebPage","@id":"https:\/\/butterflyeffect.com.ar\/index.php\/producto\/conjunto-bralette-y-tanga-cola-less-be-suave-sensual-w212\/","url":"https:\/\/butterflyeffect.com.ar\/index.php\/producto\/conjunto-bralette-y-tanga-cola-less-be-suave-sensual-w212\/","name":"Conjunto Bralette Y Tanga Cola Less Be Suave Sensual W212 -","isPartOf":{"@id":"https:\/\/butterflyeffect.com.ar\/#website"},"primaryImageOfPage":{"@id":"https:\/\/butterflyeffect.com.ar\/index.php\/producto\/conjunto-bralette-y-tanga-cola-less-be-suave-sensual-w212\/#primaryimage"},"image":{"@id":"https:\/\/butterflyeffect.com.ar\/index.php\/producto\/conjunto-bralette-y-tanga-cola-less-be-suave-sensual-w212\/#primaryimage"},"thumbnailUrl":"https:\/\/butterflyeffect.com.ar\/wp-content\/uploads\/2025\/12\/D_644849-MLA89660704290_082025-F.jpg","datePublished":"2025-12-22T23:36:40+00:00","dateModified":"2026-04-27T18:40:23+00:00","breadcrumb":{"@id":"https:\/\/butterflyeffect.com.ar\/index.php\/producto\/conjunto-bralette-y-tanga-cola-less-be-suave-sensual-w212\/#breadcrumb"},"inLanguage":"es","potentialAction":[{"@type":"ReadAction","target":["https:\/\/butterflyeffect.com.ar\/index.php\/producto\/conjunto-bralette-y-tanga-cola-less-be-suave-sensual-w212\/"]}]},{"@type":"ImageObject","inLanguage":"es","@id":"https:\/\/butterflyeffect.com.ar\/index.php\/producto\/conjunto-bralette-y-tanga-cola-less-be-suave-sensual-w212\/#primaryimage","url":"https:\/\/butterflyeffect.com.ar\/wp-content\/uploads\/2025\/12\/D_644849-MLA89660704290_082025-F.jpg","contentUrl":"https:\/\/butterflyeffect.com.ar\/wp-content\/uploads\/2025\/12\/D_644849-MLA89660704290_082025-F.jpg","width":553,"height":564},{"@type":"BreadcrumbList","@id":"https:\/\/butterflyeffect.com.ar\/index.php\/producto\/conjunto-bralette-y-tanga-cola-less-be-suave-sensual-w212\/#breadcrumb","itemListElement":[{"@type":"ListItem","position":1,"name":"Portada","item":"https:\/\/butterflyeffect.com.ar\/"},{"@type":"ListItem","position":2,"name":"Tienda","item":"https:\/\/butterflyeffect.com.ar\/index.php\/tienda\/"},{"@type":"ListItem","position":3,"name":"Conjunto Bralette Y Tanga Cola Less Be Suave Sensual W212"}]},{"@type":"WebSite","@id":"https:\/\/butterflyeffect.com.ar\/#website","url":"https:\/\/butterflyeffect.com.ar\/","name":"Butterfly Effect","description":"Premium Sex Tech Toys &amp; Cosmetica Intima","publisher":{"@id":"https:\/\/butterflyeffect.com.ar\/#organization"},"potentialAction":[{"@type":"SearchAction","target":{"@type":"EntryPoint","urlTemplate":"https:\/\/butterflyeffect.com.ar\/?s={search_term_string}"},"query-input":{"@type":"PropertyValueSpecification","valueRequired":true,"valueName":"search_term_string"}}],"inLanguage":"es"},{"@type":"Organization","@id":"https:\/\/butterflyeffect.com.ar\/#organization","name":"The Butterfly Effect","url":"https:\/\/butterflyeffect.com.ar\/","logo":{"@type":"ImageObject","inLanguage":"es","@id":"https:\/\/butterflyeffect.com.ar\/#\/schema\/logo\/image\/","url":"https:\/\/butterflyeffect.com.ar\/wp-content\/uploads\/2023\/06\/cropped-LOGO-FINAL-BE-01.jpg","contentUrl":"https:\/\/butterflyeffect.com.ar\/wp-content\/uploads\/2023\/06\/cropped-LOGO-FINAL-BE-01.jpg","width":766,"height":877,"caption":"The Butterfly Effect"},"image":{"@id":"https:\/\/butterflyeffect.com.ar\/#\/schema\/logo\/image\/"},"sameAs":["https:\/\/www.instagram.com\/butterflyeffect_ar\/"]}]}},"_links":{"self":[{"href":"https:\/\/butterflyeffect.com.ar\/index.php\/wp-json\/wp\/v2\/product\/2503","targetHints":{"allow":["GET"]}}],"collection":[{"href":"https:\/\/butterflyeffect.com.ar\/index.php\/wp-json\/wp\/v2\/product"}],"about":[{"href":"https:\/\/butterflyeffect.com.ar\/index.php\/wp-json\/wp\/v2\/types\/product"}],"replies":[{"embeddable":true,"href":"https:\/\/butterflyeffect.com.ar\/index.php\/wp-json\/wp\/v2\/comments?post=2503"}],"wp:featuredmedia":[{"embeddable":true,"href":"https:\/\/butterflyeffect.com.ar\/index.php\/wp-json\/wp\/v2\/media\/2502"}],"wp:attachment":[{"href":"https:\/\/butterflyeffect.com.ar\/index.php\/wp-json\/wp\/v2\/media?parent=2503"}],"wp:term":[{"taxonomy":"product_brand","embeddable":true,"href":"https:\/\/butterflyeffect.com.ar\/index.php\/wp-json\/wp\/v2\/product_brand?post=2503"},{"taxonomy":"product_cat","embeddable":true,"href":"https:\/\/butterflyeffect.com.ar\/index.php\/wp-json\/wp\/v2\/product_cat?post=2503"},{"taxonomy":"product_tag","embeddable":true,"href":"https:\/\/butterflyeffect.com.ar\/index.php\/wp-json\/wp\/v2\/product_tag?post=2503"}],"curies":[{"name":"wp","href":"https:\/\/api.w.org\/{rel}","templated":true}]}}