{"id":2474,"date":"2025-12-22T23:36:03","date_gmt":"2025-12-22T23:36:03","guid":{"rendered":"https:\/\/butterflyeffect.com.ar\/index.php\/producto\/conjunto-bralette-y-tanga-cola-less-be-suave-sensual-w454\/"},"modified":"2026-04-27T17:50:59","modified_gmt":"2026-04-27T17:50:59","slug":"conjunto-bralette-y-tanga-cola-less-be-suave-sensual-w454","status":"publish","type":"product","link":"https:\/\/butterflyeffect.com.ar\/index.php\/producto\/conjunto-bralette-y-tanga-cola-less-be-suave-sensual-w454\/","title":{"rendered":"Conjunto Bralette Y Tanga Cola Less Be Suave Sensual W454"},"content":{"rendered":"<p>Descubre el Conjunto Bralette y Tanga Cola Less Be Suave Sensual W454 de la marca BUTTERFLY EFFECT, dise\u00f1ado para la mujer moderna que busca realzar su sensualidad con elegancia. Este conjunto est\u00e1 confeccionado en un delicado material de encaje, que combina puntilla y red, aportando un toque sofisticado y encantador a tu vestuario \u00edntimo. <\/p>\n<p>El bralette cuenta con tiras ajustables que brindan un ajuste c\u00f3modo y personalizado, mientras que la tanga less proporciona una silueta minimalista y atractiva. Ideal para ocasiones especiales o para lucir en casa, este conjunto es perfecto para quienes desean sentirse empoderadas y seguras.<\/p>\n<p>Su dise\u00f1o combina la delicadeza del encaje con la sensualidad del modelo 454, asegurando que cada detalle resalte tu figura de manera favorecedora. Aumenta tu colecci\u00f3n de lencer\u00eda con esta pieza \u00fanica que promete transformar tu experiencia de vestir lencer\u00eda, haciendo que cada d\u00eda te sientas especial.<\/p>\n","protected":false},"excerpt":{"rendered":"<p>Descubre el Conjunto Bralette y Tanga Cola Less Be Suave Sensual W454 de la marca BUTTERFLY EFFECT, dise\u00f1ado para la mujer moderna que busca realzar su sensualidad con elegancia. Este conjunto est\u00e1 confeccionado en un delicado material de encaje, que combina puntilla y red, aportando un toque sofisticado y encantador a tu vestuario \u00edntimo. <\/p>\n<p>El bralette cuenta con tiras ajustables que brindan un ajuste c\u00f3modo y personalizado, mientras que la tanga less proporciona una silueta minimalista y atractiva. Ideal para ocasiones especiales o para lucir en casa, este conjunto es perfecto para quienes desean sentirse empoderadas y seguras.<\/p>\n<p>Su dise\u00f1o combina la delicadeza del encaje con la sensualidad del modelo 454, asegurando que cada detalle resalte tu figura de manera favorecedora. Aumenta tu colecci\u00f3n de lencer\u00eda con esta pieza \u00fanica que promete transformar tu experiencia de vestir lencer\u00eda, haciendo que cada d\u00eda te sientas especial.<\/p>\n","protected":false},"featured_media":2473,"comment_status":"open","ping_status":"closed","template":"","meta":[],"product_brand":[107],"product_cat":[141,77],"product_tag":[142,143,144],"class_list":{"0":"post-2474","1":"product","2":"type-product","3":"status-publish","4":"has-post-thumbnail","6":"product_brand-butterfly-effect","7":"product_cat-lenceria-sexy","8":"product_cat-productos","9":"product_tag-cola-less","10":"product_tag-lenceria","11":"product_tag-sexy","13":"entry","14":"has-media","16":"first","17":"outofstock","18":"shipping-taxable","19":"product-type-variable","20":"has-product-nav","21":"col","22":"span_1_of_4","23":"owp-content-center","24":"owp-thumbs-layout-horizontal","25":"owp-btn-normal","26":"owp-tabs-layout-horizontal"},"yoast_head":"<!-- This site is optimized with the Yoast SEO plugin v26.0 - https:\/\/yoast.com\/wordpress\/plugins\/seo\/ -->\n<title>Conjunto Bralette Y Tanga Cola Less Be Suave Sensual W454 -<\/title>\n<meta name=\"robots\" content=\"index, follow, max-snippet:-1, max-image-preview:large, max-video-preview:-1\" \/>\n<link rel=\"canonical\" href=\"https:\/\/butterflyeffect.com.ar\/index.php\/producto\/conjunto-bralette-y-tanga-cola-less-be-suave-sensual-w454\/\" \/>\n<meta property=\"og:locale\" content=\"es_ES\" \/>\n<meta property=\"og:type\" content=\"article\" \/>\n<meta property=\"og:title\" content=\"Conjunto Bralette Y Tanga Cola Less Be Suave Sensual W454 -\" \/>\n<meta property=\"og:description\" content=\"Descubre el Conjunto Bralette y Tanga Cola Less Be Suave Sensual W454 de la marca BUTTERFLY EFFECT, dise\u00f1ado para la mujer moderna que busca realzar su sensualidad con elegancia. Este conjunto est\u00e1 confeccionado en un delicado material de encaje, que combina puntilla y red, aportando un toque sofisticado y encantador a tu vestuario \u00edntimo.  El bralette cuenta con tiras ajustables que brindan un ajuste c\u00f3modo y personalizado, mientras que la tanga less proporciona una silueta minimalista y atractiva. Ideal para ocasiones especiales o para lucir en casa, este conjunto es perfecto para quienes desean sentirse empoderadas y seguras. Su dise\u00f1o combina la delicadeza del encaje con la sensualidad del modelo 454, asegurando que cada detalle resalte tu figura de manera favorecedora. Aumenta tu colecci\u00f3n de lencer\u00eda con esta pieza \u00fanica que promete transformar tu experiencia de vestir lencer\u00eda, haciendo que cada d\u00eda te sientas especial.\" \/>\n<meta property=\"og:url\" content=\"https:\/\/butterflyeffect.com.ar\/index.php\/producto\/conjunto-bralette-y-tanga-cola-less-be-suave-sensual-w454\/\" \/>\n<meta property=\"article:modified_time\" content=\"2026-04-27T17:50:59+00:00\" \/>\n<meta property=\"og:image\" content=\"https:\/\/butterflyeffect.com.ar\/wp-content\/uploads\/2025\/12\/D_947225-MLA90035117589_082025-F.jpg\" \/>\n\t<meta property=\"og:image:width\" content=\"811\" \/>\n\t<meta property=\"og:image:height\" content=\"1200\" \/>\n\t<meta property=\"og:image:type\" content=\"image\/jpeg\" \/>\n<meta name=\"twitter:card\" content=\"summary_large_image\" \/>\n<meta name=\"twitter:label1\" content=\"Tiempo de lectura\" \/>\n\t<meta name=\"twitter:data1\" content=\"1 minuto\" \/>\n<script type=\"application\/ld+json\" class=\"yoast-schema-graph\">{\"@context\":\"https:\/\/schema.org\",\"@graph\":[{\"@type\":\"WebPage\",\"@id\":\"https:\/\/butterflyeffect.com.ar\/index.php\/producto\/conjunto-bralette-y-tanga-cola-less-be-suave-sensual-w454\/\",\"url\":\"https:\/\/butterflyeffect.com.ar\/index.php\/producto\/conjunto-bralette-y-tanga-cola-less-be-suave-sensual-w454\/\",\"name\":\"Conjunto Bralette Y Tanga Cola Less Be Suave Sensual W454 -\",\"isPartOf\":{\"@id\":\"https:\/\/butterflyeffect.com.ar\/#website\"},\"primaryImageOfPage\":{\"@id\":\"https:\/\/butterflyeffect.com.ar\/index.php\/producto\/conjunto-bralette-y-tanga-cola-less-be-suave-sensual-w454\/#primaryimage\"},\"image\":{\"@id\":\"https:\/\/butterflyeffect.com.ar\/index.php\/producto\/conjunto-bralette-y-tanga-cola-less-be-suave-sensual-w454\/#primaryimage\"},\"thumbnailUrl\":\"https:\/\/butterflyeffect.com.ar\/wp-content\/uploads\/2025\/12\/D_947225-MLA90035117589_082025-F.jpg\",\"datePublished\":\"2025-12-22T23:36:03+00:00\",\"dateModified\":\"2026-04-27T17:50:59+00:00\",\"breadcrumb\":{\"@id\":\"https:\/\/butterflyeffect.com.ar\/index.php\/producto\/conjunto-bralette-y-tanga-cola-less-be-suave-sensual-w454\/#breadcrumb\"},\"inLanguage\":\"es\",\"potentialAction\":[{\"@type\":\"ReadAction\",\"target\":[\"https:\/\/butterflyeffect.com.ar\/index.php\/producto\/conjunto-bralette-y-tanga-cola-less-be-suave-sensual-w454\/\"]}]},{\"@type\":\"ImageObject\",\"inLanguage\":\"es\",\"@id\":\"https:\/\/butterflyeffect.com.ar\/index.php\/producto\/conjunto-bralette-y-tanga-cola-less-be-suave-sensual-w454\/#primaryimage\",\"url\":\"https:\/\/butterflyeffect.com.ar\/wp-content\/uploads\/2025\/12\/D_947225-MLA90035117589_082025-F.jpg\",\"contentUrl\":\"https:\/\/butterflyeffect.com.ar\/wp-content\/uploads\/2025\/12\/D_947225-MLA90035117589_082025-F.jpg\",\"width\":811,\"height\":1200},{\"@type\":\"BreadcrumbList\",\"@id\":\"https:\/\/butterflyeffect.com.ar\/index.php\/producto\/conjunto-bralette-y-tanga-cola-less-be-suave-sensual-w454\/#breadcrumb\",\"itemListElement\":[{\"@type\":\"ListItem\",\"position\":1,\"name\":\"Portada\",\"item\":\"https:\/\/butterflyeffect.com.ar\/\"},{\"@type\":\"ListItem\",\"position\":2,\"name\":\"Tienda\",\"item\":\"https:\/\/butterflyeffect.com.ar\/index.php\/tienda\/\"},{\"@type\":\"ListItem\",\"position\":3,\"name\":\"Conjunto Bralette Y Tanga Cola Less Be Suave Sensual W454\"}]},{\"@type\":\"WebSite\",\"@id\":\"https:\/\/butterflyeffect.com.ar\/#website\",\"url\":\"https:\/\/butterflyeffect.com.ar\/\",\"name\":\"Butterfly Effect\",\"description\":\"Premium Sex Tech Toys &amp; Cosmetica Intima\",\"publisher\":{\"@id\":\"https:\/\/butterflyeffect.com.ar\/#organization\"},\"potentialAction\":[{\"@type\":\"SearchAction\",\"target\":{\"@type\":\"EntryPoint\",\"urlTemplate\":\"https:\/\/butterflyeffect.com.ar\/?s={search_term_string}\"},\"query-input\":{\"@type\":\"PropertyValueSpecification\",\"valueRequired\":true,\"valueName\":\"search_term_string\"}}],\"inLanguage\":\"es\"},{\"@type\":\"Organization\",\"@id\":\"https:\/\/butterflyeffect.com.ar\/#organization\",\"name\":\"The Butterfly Effect\",\"url\":\"https:\/\/butterflyeffect.com.ar\/\",\"logo\":{\"@type\":\"ImageObject\",\"inLanguage\":\"es\",\"@id\":\"https:\/\/butterflyeffect.com.ar\/#\/schema\/logo\/image\/\",\"url\":\"https:\/\/butterflyeffect.com.ar\/wp-content\/uploads\/2023\/06\/cropped-LOGO-FINAL-BE-01.jpg\",\"contentUrl\":\"https:\/\/butterflyeffect.com.ar\/wp-content\/uploads\/2023\/06\/cropped-LOGO-FINAL-BE-01.jpg\",\"width\":766,\"height\":877,\"caption\":\"The Butterfly Effect\"},\"image\":{\"@id\":\"https:\/\/butterflyeffect.com.ar\/#\/schema\/logo\/image\/\"},\"sameAs\":[\"https:\/\/www.instagram.com\/butterflyeffect_ar\/\"]}]}<\/script>\n<!-- \/ Yoast SEO plugin. -->","yoast_head_json":{"title":"Conjunto Bralette Y Tanga Cola Less Be Suave Sensual W454 -","robots":{"index":"index","follow":"follow","max-snippet":"max-snippet:-1","max-image-preview":"max-image-preview:large","max-video-preview":"max-video-preview:-1"},"canonical":"https:\/\/butterflyeffect.com.ar\/index.php\/producto\/conjunto-bralette-y-tanga-cola-less-be-suave-sensual-w454\/","og_locale":"es_ES","og_type":"article","og_title":"Conjunto Bralette Y Tanga Cola Less Be Suave Sensual W454 -","og_description":"Descubre el Conjunto Bralette y Tanga Cola Less Be Suave Sensual W454 de la marca BUTTERFLY EFFECT, dise\u00f1ado para la mujer moderna que busca realzar su sensualidad con elegancia. Este conjunto est\u00e1 confeccionado en un delicado material de encaje, que combina puntilla y red, aportando un toque sofisticado y encantador a tu vestuario \u00edntimo.  El bralette cuenta con tiras ajustables que brindan un ajuste c\u00f3modo y personalizado, mientras que la tanga less proporciona una silueta minimalista y atractiva. Ideal para ocasiones especiales o para lucir en casa, este conjunto es perfecto para quienes desean sentirse empoderadas y seguras. Su dise\u00f1o combina la delicadeza del encaje con la sensualidad del modelo 454, asegurando que cada detalle resalte tu figura de manera favorecedora. Aumenta tu colecci\u00f3n de lencer\u00eda con esta pieza \u00fanica que promete transformar tu experiencia de vestir lencer\u00eda, haciendo que cada d\u00eda te sientas especial.","og_url":"https:\/\/butterflyeffect.com.ar\/index.php\/producto\/conjunto-bralette-y-tanga-cola-less-be-suave-sensual-w454\/","article_modified_time":"2026-04-27T17:50:59+00:00","og_image":[{"width":811,"height":1200,"url":"https:\/\/butterflyeffect.com.ar\/wp-content\/uploads\/2025\/12\/D_947225-MLA90035117589_082025-F.jpg","type":"image\/jpeg"}],"twitter_card":"summary_large_image","twitter_misc":{"Tiempo de lectura":"1 minuto"},"schema":{"@context":"https:\/\/schema.org","@graph":[{"@type":"WebPage","@id":"https:\/\/butterflyeffect.com.ar\/index.php\/producto\/conjunto-bralette-y-tanga-cola-less-be-suave-sensual-w454\/","url":"https:\/\/butterflyeffect.com.ar\/index.php\/producto\/conjunto-bralette-y-tanga-cola-less-be-suave-sensual-w454\/","name":"Conjunto Bralette Y Tanga Cola Less Be Suave Sensual W454 -","isPartOf":{"@id":"https:\/\/butterflyeffect.com.ar\/#website"},"primaryImageOfPage":{"@id":"https:\/\/butterflyeffect.com.ar\/index.php\/producto\/conjunto-bralette-y-tanga-cola-less-be-suave-sensual-w454\/#primaryimage"},"image":{"@id":"https:\/\/butterflyeffect.com.ar\/index.php\/producto\/conjunto-bralette-y-tanga-cola-less-be-suave-sensual-w454\/#primaryimage"},"thumbnailUrl":"https:\/\/butterflyeffect.com.ar\/wp-content\/uploads\/2025\/12\/D_947225-MLA90035117589_082025-F.jpg","datePublished":"2025-12-22T23:36:03+00:00","dateModified":"2026-04-27T17:50:59+00:00","breadcrumb":{"@id":"https:\/\/butterflyeffect.com.ar\/index.php\/producto\/conjunto-bralette-y-tanga-cola-less-be-suave-sensual-w454\/#breadcrumb"},"inLanguage":"es","potentialAction":[{"@type":"ReadAction","target":["https:\/\/butterflyeffect.com.ar\/index.php\/producto\/conjunto-bralette-y-tanga-cola-less-be-suave-sensual-w454\/"]}]},{"@type":"ImageObject","inLanguage":"es","@id":"https:\/\/butterflyeffect.com.ar\/index.php\/producto\/conjunto-bralette-y-tanga-cola-less-be-suave-sensual-w454\/#primaryimage","url":"https:\/\/butterflyeffect.com.ar\/wp-content\/uploads\/2025\/12\/D_947225-MLA90035117589_082025-F.jpg","contentUrl":"https:\/\/butterflyeffect.com.ar\/wp-content\/uploads\/2025\/12\/D_947225-MLA90035117589_082025-F.jpg","width":811,"height":1200},{"@type":"BreadcrumbList","@id":"https:\/\/butterflyeffect.com.ar\/index.php\/producto\/conjunto-bralette-y-tanga-cola-less-be-suave-sensual-w454\/#breadcrumb","itemListElement":[{"@type":"ListItem","position":1,"name":"Portada","item":"https:\/\/butterflyeffect.com.ar\/"},{"@type":"ListItem","position":2,"name":"Tienda","item":"https:\/\/butterflyeffect.com.ar\/index.php\/tienda\/"},{"@type":"ListItem","position":3,"name":"Conjunto Bralette Y Tanga Cola Less Be Suave Sensual W454"}]},{"@type":"WebSite","@id":"https:\/\/butterflyeffect.com.ar\/#website","url":"https:\/\/butterflyeffect.com.ar\/","name":"Butterfly Effect","description":"Premium Sex Tech Toys &amp; Cosmetica Intima","publisher":{"@id":"https:\/\/butterflyeffect.com.ar\/#organization"},"potentialAction":[{"@type":"SearchAction","target":{"@type":"EntryPoint","urlTemplate":"https:\/\/butterflyeffect.com.ar\/?s={search_term_string}"},"query-input":{"@type":"PropertyValueSpecification","valueRequired":true,"valueName":"search_term_string"}}],"inLanguage":"es"},{"@type":"Organization","@id":"https:\/\/butterflyeffect.com.ar\/#organization","name":"The Butterfly Effect","url":"https:\/\/butterflyeffect.com.ar\/","logo":{"@type":"ImageObject","inLanguage":"es","@id":"https:\/\/butterflyeffect.com.ar\/#\/schema\/logo\/image\/","url":"https:\/\/butterflyeffect.com.ar\/wp-content\/uploads\/2023\/06\/cropped-LOGO-FINAL-BE-01.jpg","contentUrl":"https:\/\/butterflyeffect.com.ar\/wp-content\/uploads\/2023\/06\/cropped-LOGO-FINAL-BE-01.jpg","width":766,"height":877,"caption":"The Butterfly Effect"},"image":{"@id":"https:\/\/butterflyeffect.com.ar\/#\/schema\/logo\/image\/"},"sameAs":["https:\/\/www.instagram.com\/butterflyeffect_ar\/"]}]}},"_links":{"self":[{"href":"https:\/\/butterflyeffect.com.ar\/index.php\/wp-json\/wp\/v2\/product\/2474","targetHints":{"allow":["GET"]}}],"collection":[{"href":"https:\/\/butterflyeffect.com.ar\/index.php\/wp-json\/wp\/v2\/product"}],"about":[{"href":"https:\/\/butterflyeffect.com.ar\/index.php\/wp-json\/wp\/v2\/types\/product"}],"replies":[{"embeddable":true,"href":"https:\/\/butterflyeffect.com.ar\/index.php\/wp-json\/wp\/v2\/comments?post=2474"}],"wp:featuredmedia":[{"embeddable":true,"href":"https:\/\/butterflyeffect.com.ar\/index.php\/wp-json\/wp\/v2\/media\/2473"}],"wp:attachment":[{"href":"https:\/\/butterflyeffect.com.ar\/index.php\/wp-json\/wp\/v2\/media?parent=2474"}],"wp:term":[{"taxonomy":"product_brand","embeddable":true,"href":"https:\/\/butterflyeffect.com.ar\/index.php\/wp-json\/wp\/v2\/product_brand?post=2474"},{"taxonomy":"product_cat","embeddable":true,"href":"https:\/\/butterflyeffect.com.ar\/index.php\/wp-json\/wp\/v2\/product_cat?post=2474"},{"taxonomy":"product_tag","embeddable":true,"href":"https:\/\/butterflyeffect.com.ar\/index.php\/wp-json\/wp\/v2\/product_tag?post=2474"}],"curies":[{"name":"wp","href":"https:\/\/api.w.org\/{rel}","templated":true}]}}