{"id":2464,"date":"2025-12-22T23:35:55","date_gmt":"2025-12-22T23:35:55","guid":{"rendered":"https:\/\/butterflyeffect.com.ar\/index.php\/producto\/baby-doll-body-less-lenceria-sexy-be-sensual-w282\/"},"modified":"2026-04-27T17:51:16","modified_gmt":"2026-04-27T17:51:16","slug":"baby-doll-body-less-lenceria-sexy-be-sensual-w282","status":"publish","type":"product","link":"https:\/\/butterflyeffect.com.ar\/index.php\/producto\/baby-doll-body-less-lenceria-sexy-be-sensual-w282\/","title":{"rendered":"Baby Doll Body Less, Lenceria Sexy Be Sensual W282"},"content":{"rendered":"<p>Descubre la elegancia y sensualidad del Baby Doll Body Less Lencer\u00eda Sexy Be Sensual W282 de la reconocida marca Butterfly Effect. Este exclusivo conjunto ha sido dise\u00f1ado para la mujer moderna que busca resaltar su feminidad con un toque seductor. Confeccionado en una delicada mezcla de tul y detalles en encaje, ofrece una suavidad al tacto que complementa la belleza de tu silueta.<\/p>\n<p>El modelo W282 se adapta perfectamente a cualquier figura, brindando comodidad sin sacrificar el estilo. Viene acompa\u00f1ado de una bombacha que completa el conjunto, asegurando que cada detalle cuente. Su dise\u00f1o rom\u00e1ntico y provocativo es ideal para esas ocasiones especiales en las que deseas sentirte \u00fanica y poderosa.<\/p>\n<p>La combinaci\u00f3n de tull y puntilla agrega un toque de sofisticaci\u00f3n, mientras que su leve transparencia sugiere m\u00e1s de lo que muestra. Contar con esta pieza en tu guardarropa no solo enriquecer\u00e1 tus opciones de lencer\u00eda, sino que tambi\u00e9n te har\u00e1 sentir m\u00e1s segura y atractiva. Ideal para regalar o para consentirte a ti misma, este Baby Doll es una elecci\u00f3n perfecta para cualquier mujer que valore la calidad y el estilo en su ropa interior.<\/p>\n","protected":false},"excerpt":{"rendered":"<p>Descubre la elegancia y sensualidad del Baby Doll Body Less Lencer\u00eda Sexy Be Sensual W282 de la reconocida marca Butterfly Effect. Este exclusivo conjunto ha sido dise\u00f1ado para la mujer moderna que busca resaltar su feminidad con un toque seductor. Confeccionado en una delicada mezcla de tul y detalles en encaje, ofrece una suavidad al tacto que complementa la belleza de tu silueta.<\/p>\n<p>El modelo W282 se adapta perfectamente a cualquier figura, brindando comodidad sin sacrificar el estilo. Viene acompa\u00f1ado de una bombacha que completa el conjunto, asegurando que cada detalle cuente. Su dise\u00f1o rom\u00e1ntico y provocativo es ideal para esas ocasiones especiales en las que deseas sentirte \u00fanica y poderosa.<\/p>\n<p>La combinaci\u00f3n de tull y puntilla agrega un toque de sofisticaci\u00f3n, mientras que su leve transparencia sugiere m\u00e1s de lo que muestra. Contar con esta pieza en tu guardarropa no solo enriquecer\u00e1 tus opciones de lencer\u00eda, sino que tambi\u00e9n te har\u00e1 sentir m\u00e1s segura y atractiva. Ideal para regalar o para consentirte a ti misma, este Baby Doll es una elecci\u00f3n perfecta para cualquier mujer que valore la calidad y el estilo en su ropa interior.<\/p>\n","protected":false},"featured_media":2463,"comment_status":"open","ping_status":"closed","template":"","meta":[],"product_brand":[107],"product_cat":[141,77],"product_tag":[142,143,144],"class_list":{"0":"post-2464","1":"product","2":"type-product","3":"status-publish","4":"has-post-thumbnail","6":"product_brand-butterfly-effect","7":"product_cat-lenceria-sexy","8":"product_cat-productos","9":"product_tag-cola-less","10":"product_tag-lenceria","11":"product_tag-sexy","13":"entry","14":"has-media","16":"first","17":"outofstock","18":"shipping-taxable","19":"product-type-variable","20":"has-product-nav","21":"col","22":"span_1_of_4","23":"owp-content-center","24":"owp-thumbs-layout-horizontal","25":"owp-btn-normal","26":"owp-tabs-layout-horizontal"},"yoast_head":"<!-- This site is optimized with the Yoast SEO plugin v26.0 - https:\/\/yoast.com\/wordpress\/plugins\/seo\/ -->\n<title>Baby Doll Body Less, Lenceria Sexy Be Sensual W282 -<\/title>\n<meta name=\"robots\" content=\"index, follow, max-snippet:-1, max-image-preview:large, max-video-preview:-1\" \/>\n<link rel=\"canonical\" href=\"https:\/\/butterflyeffect.com.ar\/index.php\/producto\/baby-doll-body-less-lenceria-sexy-be-sensual-w282\/\" \/>\n<meta property=\"og:locale\" content=\"es_ES\" \/>\n<meta property=\"og:type\" content=\"article\" \/>\n<meta property=\"og:title\" content=\"Baby Doll Body Less, Lenceria Sexy Be Sensual W282 -\" \/>\n<meta property=\"og:description\" content=\"Descubre la elegancia y sensualidad del Baby Doll Body Less Lencer\u00eda Sexy Be Sensual W282 de la reconocida marca Butterfly Effect. Este exclusivo conjunto ha sido dise\u00f1ado para la mujer moderna que busca resaltar su feminidad con un toque seductor. Confeccionado en una delicada mezcla de tul y detalles en encaje, ofrece una suavidad al tacto que complementa la belleza de tu silueta.  El modelo W282 se adapta perfectamente a cualquier figura, brindando comodidad sin sacrificar el estilo. Viene acompa\u00f1ado de una bombacha que completa el conjunto, asegurando que cada detalle cuente. Su dise\u00f1o rom\u00e1ntico y provocativo es ideal para esas ocasiones especiales en las que deseas sentirte \u00fanica y poderosa.  La combinaci\u00f3n de tull y puntilla agrega un toque de sofisticaci\u00f3n, mientras que su leve transparencia sugiere m\u00e1s de lo que muestra. Contar con esta pieza en tu guardarropa no solo enriquecer\u00e1 tus opciones de lencer\u00eda, sino que tambi\u00e9n te har\u00e1 sentir m\u00e1s segura y atractiva. Ideal para regalar o para consentirte a ti misma, este Baby Doll es una elecci\u00f3n perfecta para cualquier mujer que valore la calidad y el estilo en su ropa interior.\" \/>\n<meta property=\"og:url\" content=\"https:\/\/butterflyeffect.com.ar\/index.php\/producto\/baby-doll-body-less-lenceria-sexy-be-sensual-w282\/\" \/>\n<meta property=\"article:modified_time\" content=\"2026-04-27T17:51:16+00:00\" \/>\n<meta property=\"og:image\" content=\"https:\/\/butterflyeffect.com.ar\/wp-content\/uploads\/2025\/12\/D_726565-MLA89661039158_082025-F.jpg\" \/>\n\t<meta property=\"og:image:width\" content=\"316\" \/>\n\t<meta property=\"og:image:height\" content=\"585\" \/>\n\t<meta property=\"og:image:type\" content=\"image\/jpeg\" \/>\n<meta name=\"twitter:card\" content=\"summary_large_image\" \/>\n<meta name=\"twitter:label1\" content=\"Tiempo de lectura\" \/>\n\t<meta name=\"twitter:data1\" content=\"2 minutos\" \/>\n<script type=\"application\/ld+json\" class=\"yoast-schema-graph\">{\"@context\":\"https:\/\/schema.org\",\"@graph\":[{\"@type\":\"WebPage\",\"@id\":\"https:\/\/butterflyeffect.com.ar\/index.php\/producto\/baby-doll-body-less-lenceria-sexy-be-sensual-w282\/\",\"url\":\"https:\/\/butterflyeffect.com.ar\/index.php\/producto\/baby-doll-body-less-lenceria-sexy-be-sensual-w282\/\",\"name\":\"Baby Doll Body Less, Lenceria Sexy Be Sensual W282 -\",\"isPartOf\":{\"@id\":\"https:\/\/butterflyeffect.com.ar\/#website\"},\"primaryImageOfPage\":{\"@id\":\"https:\/\/butterflyeffect.com.ar\/index.php\/producto\/baby-doll-body-less-lenceria-sexy-be-sensual-w282\/#primaryimage\"},\"image\":{\"@id\":\"https:\/\/butterflyeffect.com.ar\/index.php\/producto\/baby-doll-body-less-lenceria-sexy-be-sensual-w282\/#primaryimage\"},\"thumbnailUrl\":\"https:\/\/butterflyeffect.com.ar\/wp-content\/uploads\/2025\/12\/D_726565-MLA89661039158_082025-F.jpg\",\"datePublished\":\"2025-12-22T23:35:55+00:00\",\"dateModified\":\"2026-04-27T17:51:16+00:00\",\"breadcrumb\":{\"@id\":\"https:\/\/butterflyeffect.com.ar\/index.php\/producto\/baby-doll-body-less-lenceria-sexy-be-sensual-w282\/#breadcrumb\"},\"inLanguage\":\"es\",\"potentialAction\":[{\"@type\":\"ReadAction\",\"target\":[\"https:\/\/butterflyeffect.com.ar\/index.php\/producto\/baby-doll-body-less-lenceria-sexy-be-sensual-w282\/\"]}]},{\"@type\":\"ImageObject\",\"inLanguage\":\"es\",\"@id\":\"https:\/\/butterflyeffect.com.ar\/index.php\/producto\/baby-doll-body-less-lenceria-sexy-be-sensual-w282\/#primaryimage\",\"url\":\"https:\/\/butterflyeffect.com.ar\/wp-content\/uploads\/2025\/12\/D_726565-MLA89661039158_082025-F.jpg\",\"contentUrl\":\"https:\/\/butterflyeffect.com.ar\/wp-content\/uploads\/2025\/12\/D_726565-MLA89661039158_082025-F.jpg\",\"width\":316,\"height\":585},{\"@type\":\"BreadcrumbList\",\"@id\":\"https:\/\/butterflyeffect.com.ar\/index.php\/producto\/baby-doll-body-less-lenceria-sexy-be-sensual-w282\/#breadcrumb\",\"itemListElement\":[{\"@type\":\"ListItem\",\"position\":1,\"name\":\"Portada\",\"item\":\"https:\/\/butterflyeffect.com.ar\/\"},{\"@type\":\"ListItem\",\"position\":2,\"name\":\"Tienda\",\"item\":\"https:\/\/butterflyeffect.com.ar\/index.php\/tienda\/\"},{\"@type\":\"ListItem\",\"position\":3,\"name\":\"Baby Doll Body Less, Lenceria Sexy Be Sensual W282\"}]},{\"@type\":\"WebSite\",\"@id\":\"https:\/\/butterflyeffect.com.ar\/#website\",\"url\":\"https:\/\/butterflyeffect.com.ar\/\",\"name\":\"Butterfly Effect\",\"description\":\"Premium Sex Tech Toys &amp; Cosmetica Intima\",\"publisher\":{\"@id\":\"https:\/\/butterflyeffect.com.ar\/#organization\"},\"potentialAction\":[{\"@type\":\"SearchAction\",\"target\":{\"@type\":\"EntryPoint\",\"urlTemplate\":\"https:\/\/butterflyeffect.com.ar\/?s={search_term_string}\"},\"query-input\":{\"@type\":\"PropertyValueSpecification\",\"valueRequired\":true,\"valueName\":\"search_term_string\"}}],\"inLanguage\":\"es\"},{\"@type\":\"Organization\",\"@id\":\"https:\/\/butterflyeffect.com.ar\/#organization\",\"name\":\"The Butterfly Effect\",\"url\":\"https:\/\/butterflyeffect.com.ar\/\",\"logo\":{\"@type\":\"ImageObject\",\"inLanguage\":\"es\",\"@id\":\"https:\/\/butterflyeffect.com.ar\/#\/schema\/logo\/image\/\",\"url\":\"https:\/\/butterflyeffect.com.ar\/wp-content\/uploads\/2023\/06\/cropped-LOGO-FINAL-BE-01.jpg\",\"contentUrl\":\"https:\/\/butterflyeffect.com.ar\/wp-content\/uploads\/2023\/06\/cropped-LOGO-FINAL-BE-01.jpg\",\"width\":766,\"height\":877,\"caption\":\"The Butterfly Effect\"},\"image\":{\"@id\":\"https:\/\/butterflyeffect.com.ar\/#\/schema\/logo\/image\/\"},\"sameAs\":[\"https:\/\/www.instagram.com\/butterflyeffect_ar\/\"]}]}<\/script>\n<!-- \/ Yoast SEO plugin. -->","yoast_head_json":{"title":"Baby Doll Body Less, Lenceria Sexy Be Sensual W282 -","robots":{"index":"index","follow":"follow","max-snippet":"max-snippet:-1","max-image-preview":"max-image-preview:large","max-video-preview":"max-video-preview:-1"},"canonical":"https:\/\/butterflyeffect.com.ar\/index.php\/producto\/baby-doll-body-less-lenceria-sexy-be-sensual-w282\/","og_locale":"es_ES","og_type":"article","og_title":"Baby Doll Body Less, Lenceria Sexy Be Sensual W282 -","og_description":"Descubre la elegancia y sensualidad del Baby Doll Body Less Lencer\u00eda Sexy Be Sensual W282 de la reconocida marca Butterfly Effect. Este exclusivo conjunto ha sido dise\u00f1ado para la mujer moderna que busca resaltar su feminidad con un toque seductor. Confeccionado en una delicada mezcla de tul y detalles en encaje, ofrece una suavidad al tacto que complementa la belleza de tu silueta.  El modelo W282 se adapta perfectamente a cualquier figura, brindando comodidad sin sacrificar el estilo. Viene acompa\u00f1ado de una bombacha que completa el conjunto, asegurando que cada detalle cuente. Su dise\u00f1o rom\u00e1ntico y provocativo es ideal para esas ocasiones especiales en las que deseas sentirte \u00fanica y poderosa.  La combinaci\u00f3n de tull y puntilla agrega un toque de sofisticaci\u00f3n, mientras que su leve transparencia sugiere m\u00e1s de lo que muestra. Contar con esta pieza en tu guardarropa no solo enriquecer\u00e1 tus opciones de lencer\u00eda, sino que tambi\u00e9n te har\u00e1 sentir m\u00e1s segura y atractiva. Ideal para regalar o para consentirte a ti misma, este Baby Doll es una elecci\u00f3n perfecta para cualquier mujer que valore la calidad y el estilo en su ropa interior.","og_url":"https:\/\/butterflyeffect.com.ar\/index.php\/producto\/baby-doll-body-less-lenceria-sexy-be-sensual-w282\/","article_modified_time":"2026-04-27T17:51:16+00:00","og_image":[{"width":316,"height":585,"url":"https:\/\/butterflyeffect.com.ar\/wp-content\/uploads\/2025\/12\/D_726565-MLA89661039158_082025-F.jpg","type":"image\/jpeg"}],"twitter_card":"summary_large_image","twitter_misc":{"Tiempo de lectura":"2 minutos"},"schema":{"@context":"https:\/\/schema.org","@graph":[{"@type":"WebPage","@id":"https:\/\/butterflyeffect.com.ar\/index.php\/producto\/baby-doll-body-less-lenceria-sexy-be-sensual-w282\/","url":"https:\/\/butterflyeffect.com.ar\/index.php\/producto\/baby-doll-body-less-lenceria-sexy-be-sensual-w282\/","name":"Baby Doll Body Less, Lenceria Sexy Be Sensual W282 -","isPartOf":{"@id":"https:\/\/butterflyeffect.com.ar\/#website"},"primaryImageOfPage":{"@id":"https:\/\/butterflyeffect.com.ar\/index.php\/producto\/baby-doll-body-less-lenceria-sexy-be-sensual-w282\/#primaryimage"},"image":{"@id":"https:\/\/butterflyeffect.com.ar\/index.php\/producto\/baby-doll-body-less-lenceria-sexy-be-sensual-w282\/#primaryimage"},"thumbnailUrl":"https:\/\/butterflyeffect.com.ar\/wp-content\/uploads\/2025\/12\/D_726565-MLA89661039158_082025-F.jpg","datePublished":"2025-12-22T23:35:55+00:00","dateModified":"2026-04-27T17:51:16+00:00","breadcrumb":{"@id":"https:\/\/butterflyeffect.com.ar\/index.php\/producto\/baby-doll-body-less-lenceria-sexy-be-sensual-w282\/#breadcrumb"},"inLanguage":"es","potentialAction":[{"@type":"ReadAction","target":["https:\/\/butterflyeffect.com.ar\/index.php\/producto\/baby-doll-body-less-lenceria-sexy-be-sensual-w282\/"]}]},{"@type":"ImageObject","inLanguage":"es","@id":"https:\/\/butterflyeffect.com.ar\/index.php\/producto\/baby-doll-body-less-lenceria-sexy-be-sensual-w282\/#primaryimage","url":"https:\/\/butterflyeffect.com.ar\/wp-content\/uploads\/2025\/12\/D_726565-MLA89661039158_082025-F.jpg","contentUrl":"https:\/\/butterflyeffect.com.ar\/wp-content\/uploads\/2025\/12\/D_726565-MLA89661039158_082025-F.jpg","width":316,"height":585},{"@type":"BreadcrumbList","@id":"https:\/\/butterflyeffect.com.ar\/index.php\/producto\/baby-doll-body-less-lenceria-sexy-be-sensual-w282\/#breadcrumb","itemListElement":[{"@type":"ListItem","position":1,"name":"Portada","item":"https:\/\/butterflyeffect.com.ar\/"},{"@type":"ListItem","position":2,"name":"Tienda","item":"https:\/\/butterflyeffect.com.ar\/index.php\/tienda\/"},{"@type":"ListItem","position":3,"name":"Baby Doll Body Less, Lenceria Sexy Be Sensual W282"}]},{"@type":"WebSite","@id":"https:\/\/butterflyeffect.com.ar\/#website","url":"https:\/\/butterflyeffect.com.ar\/","name":"Butterfly Effect","description":"Premium Sex Tech Toys &amp; Cosmetica Intima","publisher":{"@id":"https:\/\/butterflyeffect.com.ar\/#organization"},"potentialAction":[{"@type":"SearchAction","target":{"@type":"EntryPoint","urlTemplate":"https:\/\/butterflyeffect.com.ar\/?s={search_term_string}"},"query-input":{"@type":"PropertyValueSpecification","valueRequired":true,"valueName":"search_term_string"}}],"inLanguage":"es"},{"@type":"Organization","@id":"https:\/\/butterflyeffect.com.ar\/#organization","name":"The Butterfly Effect","url":"https:\/\/butterflyeffect.com.ar\/","logo":{"@type":"ImageObject","inLanguage":"es","@id":"https:\/\/butterflyeffect.com.ar\/#\/schema\/logo\/image\/","url":"https:\/\/butterflyeffect.com.ar\/wp-content\/uploads\/2023\/06\/cropped-LOGO-FINAL-BE-01.jpg","contentUrl":"https:\/\/butterflyeffect.com.ar\/wp-content\/uploads\/2023\/06\/cropped-LOGO-FINAL-BE-01.jpg","width":766,"height":877,"caption":"The Butterfly Effect"},"image":{"@id":"https:\/\/butterflyeffect.com.ar\/#\/schema\/logo\/image\/"},"sameAs":["https:\/\/www.instagram.com\/butterflyeffect_ar\/"]}]}},"_links":{"self":[{"href":"https:\/\/butterflyeffect.com.ar\/index.php\/wp-json\/wp\/v2\/product\/2464","targetHints":{"allow":["GET"]}}],"collection":[{"href":"https:\/\/butterflyeffect.com.ar\/index.php\/wp-json\/wp\/v2\/product"}],"about":[{"href":"https:\/\/butterflyeffect.com.ar\/index.php\/wp-json\/wp\/v2\/types\/product"}],"replies":[{"embeddable":true,"href":"https:\/\/butterflyeffect.com.ar\/index.php\/wp-json\/wp\/v2\/comments?post=2464"}],"wp:featuredmedia":[{"embeddable":true,"href":"https:\/\/butterflyeffect.com.ar\/index.php\/wp-json\/wp\/v2\/media\/2463"}],"wp:attachment":[{"href":"https:\/\/butterflyeffect.com.ar\/index.php\/wp-json\/wp\/v2\/media?parent=2464"}],"wp:term":[{"taxonomy":"product_brand","embeddable":true,"href":"https:\/\/butterflyeffect.com.ar\/index.php\/wp-json\/wp\/v2\/product_brand?post=2464"},{"taxonomy":"product_cat","embeddable":true,"href":"https:\/\/butterflyeffect.com.ar\/index.php\/wp-json\/wp\/v2\/product_cat?post=2464"},{"taxonomy":"product_tag","embeddable":true,"href":"https:\/\/butterflyeffect.com.ar\/index.php\/wp-json\/wp\/v2\/product_tag?post=2464"}],"curies":[{"name":"wp","href":"https:\/\/api.w.org\/{rel}","templated":true}]}}