{"id":2457,"date":"2025-12-22T23:35:43","date_gmt":"2025-12-22T23:35:43","guid":{"rendered":"https:\/\/butterflyeffect.com.ar\/index.php\/producto\/body-baby-doll-lenceria-sexy-be-sensual-t944\/"},"modified":"2026-04-27T17:51:23","modified_gmt":"2026-04-27T17:51:23","slug":"body-baby-doll-lenceria-sexy-be-sensual-t944","status":"publish","type":"product","link":"https:\/\/butterflyeffect.com.ar\/index.php\/producto\/body-baby-doll-lenceria-sexy-be-sensual-t944\/","title":{"rendered":"Body, Baby Doll Lenceria Sexy Be Sensual T944"},"content":{"rendered":"<p>El Body Baby Doll Lencer\u00eda Sexy Be Sensual T944 de la marca BUTTERFLY EFFECT es la elecci\u00f3n perfecta para aquellas mujeres que buscan combinar elegancia y sensualidad. Confeccionado en poli\u00e9ster de alta calidad, este body destaca por su dise\u00f1o atractivo y c\u00f3modo, ideal para realzar la figura femenina y generar una sensaci\u00f3n de confianza.<\/p>\n<p>Incorpora breteles regulables que permiten un ajuste perfecto a diferentes tipos de cuerpos, garantizando una comodidad excepcional. Adem\u00e1s, cuenta con broches que facilitan el uso y la adaptaci\u00f3n a cada situaci\u00f3n.<\/p>\n<p>Con el Body Baby Doll T944, cada mujer podr\u00e1 resaltar su belleza \u00fanica y sentirse plena en su propia piel. Su dise\u00f1o moderno y su material suave ofrecen una experiencia que va m\u00e1s all\u00e1 de la lencer\u00eda convencional, transform\u00e1ndose en una prenda indispensable en tu guardarropa.<\/p>\n","protected":false},"excerpt":{"rendered":"<p>El Body Baby Doll Lencer\u00eda Sexy Be Sensual T944 de la marca BUTTERFLY EFFECT es la elecci\u00f3n perfecta para aquellas mujeres que buscan combinar elegancia y sensualidad. Confeccionado en poli\u00e9ster de alta calidad, este body destaca por su dise\u00f1o atractivo y c\u00f3modo, ideal para realzar la figura femenina y generar una sensaci\u00f3n de confianza.<\/p>\n<p>Incorpora breteles regulables que permiten un ajuste perfecto a diferentes tipos de cuerpos, garantizando una comodidad excepcional. Adem\u00e1s, cuenta con broches que facilitan el uso y la adaptaci\u00f3n a cada situaci\u00f3n.<\/p>\n<p>Con el Body Baby Doll T944, cada mujer podr\u00e1 resaltar su belleza \u00fanica y sentirse plena en su propia piel. Su dise\u00f1o moderno y su material suave ofrecen una experiencia que va m\u00e1s all\u00e1 de la lencer\u00eda convencional, transform\u00e1ndose en una prenda indispensable en tu guardarropa.<\/p>\n","protected":false},"featured_media":2456,"comment_status":"open","ping_status":"closed","template":"","meta":[],"product_brand":[107],"product_cat":[141,77],"product_tag":[142,143,144],"class_list":{"0":"post-2457","1":"product","2":"type-product","3":"status-publish","4":"has-post-thumbnail","6":"product_brand-butterfly-effect","7":"product_cat-lenceria-sexy","8":"product_cat-productos","9":"product_tag-cola-less","10":"product_tag-lenceria","11":"product_tag-sexy","13":"entry","14":"has-media","16":"first","17":"outofstock","18":"shipping-taxable","19":"product-type-variable","20":"has-product-nav","21":"col","22":"span_1_of_4","23":"owp-content-center","24":"owp-thumbs-layout-horizontal","25":"owp-btn-normal","26":"owp-tabs-layout-horizontal"},"yoast_head":"<!-- This site is optimized with the Yoast SEO plugin v26.0 - https:\/\/yoast.com\/wordpress\/plugins\/seo\/ -->\n<title>Body, Baby Doll Lenceria Sexy Be Sensual T944 -<\/title>\n<meta name=\"robots\" content=\"index, follow, max-snippet:-1, max-image-preview:large, max-video-preview:-1\" \/>\n<link rel=\"canonical\" href=\"https:\/\/butterflyeffect.com.ar\/index.php\/producto\/body-baby-doll-lenceria-sexy-be-sensual-t944\/\" \/>\n<meta property=\"og:locale\" content=\"es_ES\" \/>\n<meta property=\"og:type\" content=\"article\" \/>\n<meta property=\"og:title\" content=\"Body, Baby Doll Lenceria Sexy Be Sensual T944 -\" \/>\n<meta property=\"og:description\" content=\"El Body Baby Doll Lencer\u00eda Sexy Be Sensual T944 de la marca BUTTERFLY EFFECT es la elecci\u00f3n perfecta para aquellas mujeres que buscan combinar elegancia y sensualidad. Confeccionado en poli\u00e9ster de alta calidad, este body destaca por su dise\u00f1o atractivo y c\u00f3modo, ideal para realzar la figura femenina y generar una sensaci\u00f3n de confianza. Incorpora breteles regulables que permiten un ajuste perfecto a diferentes tipos de cuerpos, garantizando una comodidad excepcional. Adem\u00e1s, cuenta con broches que facilitan el uso y la adaptaci\u00f3n a cada situaci\u00f3n. Con el Body Baby Doll T944, cada mujer podr\u00e1 resaltar su belleza \u00fanica y sentirse plena en su propia piel. Su dise\u00f1o moderno y su material suave ofrecen una experiencia que va m\u00e1s all\u00e1 de la lencer\u00eda convencional, transform\u00e1ndose en una prenda indispensable en tu guardarropa.\" \/>\n<meta property=\"og:url\" content=\"https:\/\/butterflyeffect.com.ar\/index.php\/producto\/body-baby-doll-lenceria-sexy-be-sensual-t944\/\" \/>\n<meta property=\"article:modified_time\" content=\"2026-04-27T17:51:23+00:00\" \/>\n<meta property=\"og:image\" content=\"https:\/\/butterflyeffect.com.ar\/wp-content\/uploads\/2025\/12\/D_707592-MLA89661078182_082025-F.jpg\" \/>\n\t<meta property=\"og:image:width\" content=\"809\" \/>\n\t<meta property=\"og:image:height\" content=\"1200\" \/>\n\t<meta property=\"og:image:type\" content=\"image\/jpeg\" \/>\n<meta name=\"twitter:card\" content=\"summary_large_image\" \/>\n<meta name=\"twitter:label1\" content=\"Tiempo de lectura\" \/>\n\t<meta name=\"twitter:data1\" content=\"1 minuto\" \/>\n<script type=\"application\/ld+json\" class=\"yoast-schema-graph\">{\"@context\":\"https:\/\/schema.org\",\"@graph\":[{\"@type\":\"WebPage\",\"@id\":\"https:\/\/butterflyeffect.com.ar\/index.php\/producto\/body-baby-doll-lenceria-sexy-be-sensual-t944\/\",\"url\":\"https:\/\/butterflyeffect.com.ar\/index.php\/producto\/body-baby-doll-lenceria-sexy-be-sensual-t944\/\",\"name\":\"Body, Baby Doll Lenceria Sexy Be Sensual T944 -\",\"isPartOf\":{\"@id\":\"https:\/\/butterflyeffect.com.ar\/#website\"},\"primaryImageOfPage\":{\"@id\":\"https:\/\/butterflyeffect.com.ar\/index.php\/producto\/body-baby-doll-lenceria-sexy-be-sensual-t944\/#primaryimage\"},\"image\":{\"@id\":\"https:\/\/butterflyeffect.com.ar\/index.php\/producto\/body-baby-doll-lenceria-sexy-be-sensual-t944\/#primaryimage\"},\"thumbnailUrl\":\"https:\/\/butterflyeffect.com.ar\/wp-content\/uploads\/2025\/12\/D_707592-MLA89661078182_082025-F.jpg\",\"datePublished\":\"2025-12-22T23:35:43+00:00\",\"dateModified\":\"2026-04-27T17:51:23+00:00\",\"breadcrumb\":{\"@id\":\"https:\/\/butterflyeffect.com.ar\/index.php\/producto\/body-baby-doll-lenceria-sexy-be-sensual-t944\/#breadcrumb\"},\"inLanguage\":\"es\",\"potentialAction\":[{\"@type\":\"ReadAction\",\"target\":[\"https:\/\/butterflyeffect.com.ar\/index.php\/producto\/body-baby-doll-lenceria-sexy-be-sensual-t944\/\"]}]},{\"@type\":\"ImageObject\",\"inLanguage\":\"es\",\"@id\":\"https:\/\/butterflyeffect.com.ar\/index.php\/producto\/body-baby-doll-lenceria-sexy-be-sensual-t944\/#primaryimage\",\"url\":\"https:\/\/butterflyeffect.com.ar\/wp-content\/uploads\/2025\/12\/D_707592-MLA89661078182_082025-F.jpg\",\"contentUrl\":\"https:\/\/butterflyeffect.com.ar\/wp-content\/uploads\/2025\/12\/D_707592-MLA89661078182_082025-F.jpg\",\"width\":809,\"height\":1200},{\"@type\":\"BreadcrumbList\",\"@id\":\"https:\/\/butterflyeffect.com.ar\/index.php\/producto\/body-baby-doll-lenceria-sexy-be-sensual-t944\/#breadcrumb\",\"itemListElement\":[{\"@type\":\"ListItem\",\"position\":1,\"name\":\"Portada\",\"item\":\"https:\/\/butterflyeffect.com.ar\/\"},{\"@type\":\"ListItem\",\"position\":2,\"name\":\"Tienda\",\"item\":\"https:\/\/butterflyeffect.com.ar\/index.php\/tienda\/\"},{\"@type\":\"ListItem\",\"position\":3,\"name\":\"Body, Baby Doll Lenceria Sexy Be Sensual T944\"}]},{\"@type\":\"WebSite\",\"@id\":\"https:\/\/butterflyeffect.com.ar\/#website\",\"url\":\"https:\/\/butterflyeffect.com.ar\/\",\"name\":\"Butterfly Effect\",\"description\":\"Premium Sex Tech Toys &amp; Cosmetica Intima\",\"publisher\":{\"@id\":\"https:\/\/butterflyeffect.com.ar\/#organization\"},\"potentialAction\":[{\"@type\":\"SearchAction\",\"target\":{\"@type\":\"EntryPoint\",\"urlTemplate\":\"https:\/\/butterflyeffect.com.ar\/?s={search_term_string}\"},\"query-input\":{\"@type\":\"PropertyValueSpecification\",\"valueRequired\":true,\"valueName\":\"search_term_string\"}}],\"inLanguage\":\"es\"},{\"@type\":\"Organization\",\"@id\":\"https:\/\/butterflyeffect.com.ar\/#organization\",\"name\":\"The Butterfly Effect\",\"url\":\"https:\/\/butterflyeffect.com.ar\/\",\"logo\":{\"@type\":\"ImageObject\",\"inLanguage\":\"es\",\"@id\":\"https:\/\/butterflyeffect.com.ar\/#\/schema\/logo\/image\/\",\"url\":\"https:\/\/butterflyeffect.com.ar\/wp-content\/uploads\/2023\/06\/cropped-LOGO-FINAL-BE-01.jpg\",\"contentUrl\":\"https:\/\/butterflyeffect.com.ar\/wp-content\/uploads\/2023\/06\/cropped-LOGO-FINAL-BE-01.jpg\",\"width\":766,\"height\":877,\"caption\":\"The Butterfly Effect\"},\"image\":{\"@id\":\"https:\/\/butterflyeffect.com.ar\/#\/schema\/logo\/image\/\"},\"sameAs\":[\"https:\/\/www.instagram.com\/butterflyeffect_ar\/\"]}]}<\/script>\n<!-- \/ Yoast SEO plugin. -->","yoast_head_json":{"title":"Body, Baby Doll Lenceria Sexy Be Sensual T944 -","robots":{"index":"index","follow":"follow","max-snippet":"max-snippet:-1","max-image-preview":"max-image-preview:large","max-video-preview":"max-video-preview:-1"},"canonical":"https:\/\/butterflyeffect.com.ar\/index.php\/producto\/body-baby-doll-lenceria-sexy-be-sensual-t944\/","og_locale":"es_ES","og_type":"article","og_title":"Body, Baby Doll Lenceria Sexy Be Sensual T944 -","og_description":"El Body Baby Doll Lencer\u00eda Sexy Be Sensual T944 de la marca BUTTERFLY EFFECT es la elecci\u00f3n perfecta para aquellas mujeres que buscan combinar elegancia y sensualidad. Confeccionado en poli\u00e9ster de alta calidad, este body destaca por su dise\u00f1o atractivo y c\u00f3modo, ideal para realzar la figura femenina y generar una sensaci\u00f3n de confianza. Incorpora breteles regulables que permiten un ajuste perfecto a diferentes tipos de cuerpos, garantizando una comodidad excepcional. Adem\u00e1s, cuenta con broches que facilitan el uso y la adaptaci\u00f3n a cada situaci\u00f3n. Con el Body Baby Doll T944, cada mujer podr\u00e1 resaltar su belleza \u00fanica y sentirse plena en su propia piel. Su dise\u00f1o moderno y su material suave ofrecen una experiencia que va m\u00e1s all\u00e1 de la lencer\u00eda convencional, transform\u00e1ndose en una prenda indispensable en tu guardarropa.","og_url":"https:\/\/butterflyeffect.com.ar\/index.php\/producto\/body-baby-doll-lenceria-sexy-be-sensual-t944\/","article_modified_time":"2026-04-27T17:51:23+00:00","og_image":[{"width":809,"height":1200,"url":"https:\/\/butterflyeffect.com.ar\/wp-content\/uploads\/2025\/12\/D_707592-MLA89661078182_082025-F.jpg","type":"image\/jpeg"}],"twitter_card":"summary_large_image","twitter_misc":{"Tiempo de lectura":"1 minuto"},"schema":{"@context":"https:\/\/schema.org","@graph":[{"@type":"WebPage","@id":"https:\/\/butterflyeffect.com.ar\/index.php\/producto\/body-baby-doll-lenceria-sexy-be-sensual-t944\/","url":"https:\/\/butterflyeffect.com.ar\/index.php\/producto\/body-baby-doll-lenceria-sexy-be-sensual-t944\/","name":"Body, Baby Doll Lenceria Sexy Be Sensual T944 -","isPartOf":{"@id":"https:\/\/butterflyeffect.com.ar\/#website"},"primaryImageOfPage":{"@id":"https:\/\/butterflyeffect.com.ar\/index.php\/producto\/body-baby-doll-lenceria-sexy-be-sensual-t944\/#primaryimage"},"image":{"@id":"https:\/\/butterflyeffect.com.ar\/index.php\/producto\/body-baby-doll-lenceria-sexy-be-sensual-t944\/#primaryimage"},"thumbnailUrl":"https:\/\/butterflyeffect.com.ar\/wp-content\/uploads\/2025\/12\/D_707592-MLA89661078182_082025-F.jpg","datePublished":"2025-12-22T23:35:43+00:00","dateModified":"2026-04-27T17:51:23+00:00","breadcrumb":{"@id":"https:\/\/butterflyeffect.com.ar\/index.php\/producto\/body-baby-doll-lenceria-sexy-be-sensual-t944\/#breadcrumb"},"inLanguage":"es","potentialAction":[{"@type":"ReadAction","target":["https:\/\/butterflyeffect.com.ar\/index.php\/producto\/body-baby-doll-lenceria-sexy-be-sensual-t944\/"]}]},{"@type":"ImageObject","inLanguage":"es","@id":"https:\/\/butterflyeffect.com.ar\/index.php\/producto\/body-baby-doll-lenceria-sexy-be-sensual-t944\/#primaryimage","url":"https:\/\/butterflyeffect.com.ar\/wp-content\/uploads\/2025\/12\/D_707592-MLA89661078182_082025-F.jpg","contentUrl":"https:\/\/butterflyeffect.com.ar\/wp-content\/uploads\/2025\/12\/D_707592-MLA89661078182_082025-F.jpg","width":809,"height":1200},{"@type":"BreadcrumbList","@id":"https:\/\/butterflyeffect.com.ar\/index.php\/producto\/body-baby-doll-lenceria-sexy-be-sensual-t944\/#breadcrumb","itemListElement":[{"@type":"ListItem","position":1,"name":"Portada","item":"https:\/\/butterflyeffect.com.ar\/"},{"@type":"ListItem","position":2,"name":"Tienda","item":"https:\/\/butterflyeffect.com.ar\/index.php\/tienda\/"},{"@type":"ListItem","position":3,"name":"Body, Baby Doll Lenceria Sexy Be Sensual T944"}]},{"@type":"WebSite","@id":"https:\/\/butterflyeffect.com.ar\/#website","url":"https:\/\/butterflyeffect.com.ar\/","name":"Butterfly Effect","description":"Premium Sex Tech Toys &amp; Cosmetica Intima","publisher":{"@id":"https:\/\/butterflyeffect.com.ar\/#organization"},"potentialAction":[{"@type":"SearchAction","target":{"@type":"EntryPoint","urlTemplate":"https:\/\/butterflyeffect.com.ar\/?s={search_term_string}"},"query-input":{"@type":"PropertyValueSpecification","valueRequired":true,"valueName":"search_term_string"}}],"inLanguage":"es"},{"@type":"Organization","@id":"https:\/\/butterflyeffect.com.ar\/#organization","name":"The Butterfly Effect","url":"https:\/\/butterflyeffect.com.ar\/","logo":{"@type":"ImageObject","inLanguage":"es","@id":"https:\/\/butterflyeffect.com.ar\/#\/schema\/logo\/image\/","url":"https:\/\/butterflyeffect.com.ar\/wp-content\/uploads\/2023\/06\/cropped-LOGO-FINAL-BE-01.jpg","contentUrl":"https:\/\/butterflyeffect.com.ar\/wp-content\/uploads\/2023\/06\/cropped-LOGO-FINAL-BE-01.jpg","width":766,"height":877,"caption":"The Butterfly Effect"},"image":{"@id":"https:\/\/butterflyeffect.com.ar\/#\/schema\/logo\/image\/"},"sameAs":["https:\/\/www.instagram.com\/butterflyeffect_ar\/"]}]}},"_links":{"self":[{"href":"https:\/\/butterflyeffect.com.ar\/index.php\/wp-json\/wp\/v2\/product\/2457","targetHints":{"allow":["GET"]}}],"collection":[{"href":"https:\/\/butterflyeffect.com.ar\/index.php\/wp-json\/wp\/v2\/product"}],"about":[{"href":"https:\/\/butterflyeffect.com.ar\/index.php\/wp-json\/wp\/v2\/types\/product"}],"replies":[{"embeddable":true,"href":"https:\/\/butterflyeffect.com.ar\/index.php\/wp-json\/wp\/v2\/comments?post=2457"}],"wp:featuredmedia":[{"embeddable":true,"href":"https:\/\/butterflyeffect.com.ar\/index.php\/wp-json\/wp\/v2\/media\/2456"}],"wp:attachment":[{"href":"https:\/\/butterflyeffect.com.ar\/index.php\/wp-json\/wp\/v2\/media?parent=2457"}],"wp:term":[{"taxonomy":"product_brand","embeddable":true,"href":"https:\/\/butterflyeffect.com.ar\/index.php\/wp-json\/wp\/v2\/product_brand?post=2457"},{"taxonomy":"product_cat","embeddable":true,"href":"https:\/\/butterflyeffect.com.ar\/index.php\/wp-json\/wp\/v2\/product_cat?post=2457"},{"taxonomy":"product_tag","embeddable":true,"href":"https:\/\/butterflyeffect.com.ar\/index.php\/wp-json\/wp\/v2\/product_tag?post=2457"}],"curies":[{"name":"wp","href":"https:\/\/api.w.org\/{rel}","templated":true}]}}