{"id":2453,"date":"2025-12-22T23:35:37","date_gmt":"2025-12-22T23:35:37","guid":{"rendered":"https:\/\/butterflyeffect.com.ar\/index.php\/producto\/baby-doll-body-less-lenceria-sexy-be-sensual-sn6\/"},"modified":"2026-04-27T17:50:16","modified_gmt":"2026-04-27T17:50:16","slug":"baby-doll-body-less-lenceria-sexy-be-sensual-sn6","status":"publish","type":"product","link":"https:\/\/butterflyeffect.com.ar\/index.php\/producto\/baby-doll-body-less-lenceria-sexy-be-sensual-sn6\/","title":{"rendered":"Baby Doll Body Less, Lenceria Sexy Be Sensual Sn6"},"content":{"rendered":"<p>Eleva tu intimidad con el Baby Doll Body Less de Be Sensual SN6, una hermosa lencer\u00eda sexy dise\u00f1ada exclusivamente para mujeres adultas. Esta pieza, elaborada por la reconocida marca BUTTERFLY EFFECT, combina un delicado tul, elaboradas puntillas y un encantador detalle con mo\u00f1os y cadena, lo que le aporta un toque de sofisticaci\u00f3n y sensualidad. La inclusi\u00f3n de portaligas en el dise\u00f1o mejora su atractivo y facilidad de uso, permiti\u00e9ndote lucir radiante en cualquier ocasi\u00f3n especial.<\/p>\n<p>El Baby Doll Body Less no solo es un elemento de lencer\u00eda, sino una declaraci\u00f3n de estilo y confianza. Ideal para momentos \u00edntimos o para sorprender a esa persona especial, esta pieza resalta la figura femenina con elegancia. Su composici\u00f3n de alta calidad asegura comodidad, permiti\u00e9ndote disfrutar de cada instante mientras te sientes segura y atractiva.<\/p>\n<p>Completo con bombacha, este modelo SN6 es perfecto para quienes buscan una mezcla de sensualidad y confort. Atr\u00e9vete a explorar nuevas sensaciones y realza tu feminidad con esta magn\u00edfica propuesta de lencer\u00eda, una elecci\u00f3n ideal para quienes valoran el dise\u00f1o exquisito y los detalles cuidados en cada prenda.<\/p>\n","protected":false},"excerpt":{"rendered":"<p>Eleva tu intimidad con el Baby Doll Body Less de Be Sensual SN6, una hermosa lencer\u00eda sexy dise\u00f1ada exclusivamente para mujeres adultas. Esta pieza, elaborada por la reconocida marca BUTTERFLY EFFECT, combina un delicado tul, elaboradas puntillas y un encantador detalle con mo\u00f1os y cadena, lo que le aporta un toque de sofisticaci\u00f3n y sensualidad. La inclusi\u00f3n de portaligas en el dise\u00f1o mejora su atractivo y facilidad de uso, permiti\u00e9ndote lucir radiante en cualquier ocasi\u00f3n especial.<\/p>\n<p>El Baby Doll Body Less no solo es un elemento de lencer\u00eda, sino una declaraci\u00f3n de estilo y confianza. Ideal para momentos \u00edntimos o para sorprender a esa persona especial, esta pieza resalta la figura femenina con elegancia. Su composici\u00f3n de alta calidad asegura comodidad, permiti\u00e9ndote disfrutar de cada instante mientras te sientes segura y atractiva.<\/p>\n<p>Completo con bombacha, este modelo SN6 es perfecto para quienes buscan una mezcla de sensualidad y confort. Atr\u00e9vete a explorar nuevas sensaciones y realza tu feminidad con esta magn\u00edfica propuesta de lencer\u00eda, una elecci\u00f3n ideal para quienes valoran el dise\u00f1o exquisito y los detalles cuidados en cada prenda.<\/p>\n","protected":false},"featured_media":2452,"comment_status":"open","ping_status":"closed","template":"","meta":[],"product_brand":[107],"product_cat":[141,77],"product_tag":[142,143,144],"class_list":{"0":"post-2453","1":"product","2":"type-product","3":"status-publish","4":"has-post-thumbnail","6":"product_brand-butterfly-effect","7":"product_cat-lenceria-sexy","8":"product_cat-productos","9":"product_tag-cola-less","10":"product_tag-lenceria","11":"product_tag-sexy","13":"entry","14":"has-media","16":"first","17":"outofstock","18":"shipping-taxable","19":"product-type-variable","20":"has-product-nav","21":"col","22":"span_1_of_4","23":"owp-content-center","24":"owp-thumbs-layout-horizontal","25":"owp-btn-normal","26":"owp-tabs-layout-horizontal"},"yoast_head":"<!-- This site is optimized with the Yoast SEO plugin v26.0 - https:\/\/yoast.com\/wordpress\/plugins\/seo\/ -->\n<title>Baby Doll Body Less, Lenceria Sexy Be Sensual Sn6 -<\/title>\n<meta name=\"robots\" content=\"index, follow, max-snippet:-1, max-image-preview:large, max-video-preview:-1\" \/>\n<link rel=\"canonical\" href=\"https:\/\/butterflyeffect.com.ar\/index.php\/producto\/baby-doll-body-less-lenceria-sexy-be-sensual-sn6\/\" \/>\n<meta property=\"og:locale\" content=\"es_ES\" \/>\n<meta property=\"og:type\" content=\"article\" \/>\n<meta property=\"og:title\" content=\"Baby Doll Body Less, Lenceria Sexy Be Sensual Sn6 -\" \/>\n<meta property=\"og:description\" content=\"Eleva tu intimidad con el Baby Doll Body Less de Be Sensual SN6, una hermosa lencer\u00eda sexy dise\u00f1ada exclusivamente para mujeres adultas. Esta pieza, elaborada por la reconocida marca BUTTERFLY EFFECT, combina un delicado tul, elaboradas puntillas y un encantador detalle con mo\u00f1os y cadena, lo que le aporta un toque de sofisticaci\u00f3n y sensualidad. La inclusi\u00f3n de portaligas en el dise\u00f1o mejora su atractivo y facilidad de uso, permiti\u00e9ndote lucir radiante en cualquier ocasi\u00f3n especial. El Baby Doll Body Less no solo es un elemento de lencer\u00eda, sino una declaraci\u00f3n de estilo y confianza. Ideal para momentos \u00edntimos o para sorprender a esa persona especial, esta pieza resalta la figura femenina con elegancia. Su composici\u00f3n de alta calidad asegura comodidad, permiti\u00e9ndote disfrutar de cada instante mientras te sientes segura y atractiva. Completo con bombacha, este modelo SN6 es perfecto para quienes buscan una mezcla de sensualidad y confort. Atr\u00e9vete a explorar nuevas sensaciones y realza tu feminidad con esta magn\u00edfica propuesta de lencer\u00eda, una elecci\u00f3n ideal para quienes valoran el dise\u00f1o exquisito y los detalles cuidados en cada prenda.\" \/>\n<meta property=\"og:url\" content=\"https:\/\/butterflyeffect.com.ar\/index.php\/producto\/baby-doll-body-less-lenceria-sexy-be-sensual-sn6\/\" \/>\n<meta property=\"article:modified_time\" content=\"2026-04-27T17:50:16+00:00\" \/>\n<meta property=\"og:image\" content=\"https:\/\/butterflyeffect.com.ar\/wp-content\/uploads\/2025\/12\/D_897171-MLA89661078168_082025-F.jpg\" \/>\n\t<meta property=\"og:image:width\" content=\"1024\" \/>\n\t<meta property=\"og:image:height\" content=\"1024\" \/>\n\t<meta property=\"og:image:type\" content=\"image\/jpeg\" \/>\n<meta name=\"twitter:card\" content=\"summary_large_image\" \/>\n<meta name=\"twitter:label1\" content=\"Tiempo de lectura\" \/>\n\t<meta name=\"twitter:data1\" content=\"1 minuto\" \/>\n<script type=\"application\/ld+json\" class=\"yoast-schema-graph\">{\"@context\":\"https:\/\/schema.org\",\"@graph\":[{\"@type\":\"WebPage\",\"@id\":\"https:\/\/butterflyeffect.com.ar\/index.php\/producto\/baby-doll-body-less-lenceria-sexy-be-sensual-sn6\/\",\"url\":\"https:\/\/butterflyeffect.com.ar\/index.php\/producto\/baby-doll-body-less-lenceria-sexy-be-sensual-sn6\/\",\"name\":\"Baby Doll Body Less, Lenceria Sexy Be Sensual Sn6 -\",\"isPartOf\":{\"@id\":\"https:\/\/butterflyeffect.com.ar\/#website\"},\"primaryImageOfPage\":{\"@id\":\"https:\/\/butterflyeffect.com.ar\/index.php\/producto\/baby-doll-body-less-lenceria-sexy-be-sensual-sn6\/#primaryimage\"},\"image\":{\"@id\":\"https:\/\/butterflyeffect.com.ar\/index.php\/producto\/baby-doll-body-less-lenceria-sexy-be-sensual-sn6\/#primaryimage\"},\"thumbnailUrl\":\"https:\/\/butterflyeffect.com.ar\/wp-content\/uploads\/2025\/12\/D_897171-MLA89661078168_082025-F.jpg\",\"datePublished\":\"2025-12-22T23:35:37+00:00\",\"dateModified\":\"2026-04-27T17:50:16+00:00\",\"breadcrumb\":{\"@id\":\"https:\/\/butterflyeffect.com.ar\/index.php\/producto\/baby-doll-body-less-lenceria-sexy-be-sensual-sn6\/#breadcrumb\"},\"inLanguage\":\"es\",\"potentialAction\":[{\"@type\":\"ReadAction\",\"target\":[\"https:\/\/butterflyeffect.com.ar\/index.php\/producto\/baby-doll-body-less-lenceria-sexy-be-sensual-sn6\/\"]}]},{\"@type\":\"ImageObject\",\"inLanguage\":\"es\",\"@id\":\"https:\/\/butterflyeffect.com.ar\/index.php\/producto\/baby-doll-body-less-lenceria-sexy-be-sensual-sn6\/#primaryimage\",\"url\":\"https:\/\/butterflyeffect.com.ar\/wp-content\/uploads\/2025\/12\/D_897171-MLA89661078168_082025-F.jpg\",\"contentUrl\":\"https:\/\/butterflyeffect.com.ar\/wp-content\/uploads\/2025\/12\/D_897171-MLA89661078168_082025-F.jpg\",\"width\":1024,\"height\":1024},{\"@type\":\"BreadcrumbList\",\"@id\":\"https:\/\/butterflyeffect.com.ar\/index.php\/producto\/baby-doll-body-less-lenceria-sexy-be-sensual-sn6\/#breadcrumb\",\"itemListElement\":[{\"@type\":\"ListItem\",\"position\":1,\"name\":\"Portada\",\"item\":\"https:\/\/butterflyeffect.com.ar\/\"},{\"@type\":\"ListItem\",\"position\":2,\"name\":\"Tienda\",\"item\":\"https:\/\/butterflyeffect.com.ar\/index.php\/tienda\/\"},{\"@type\":\"ListItem\",\"position\":3,\"name\":\"Baby Doll Body Less, Lenceria Sexy Be Sensual Sn6\"}]},{\"@type\":\"WebSite\",\"@id\":\"https:\/\/butterflyeffect.com.ar\/#website\",\"url\":\"https:\/\/butterflyeffect.com.ar\/\",\"name\":\"Butterfly Effect\",\"description\":\"Premium Sex Tech Toys &amp; Cosmetica Intima\",\"publisher\":{\"@id\":\"https:\/\/butterflyeffect.com.ar\/#organization\"},\"potentialAction\":[{\"@type\":\"SearchAction\",\"target\":{\"@type\":\"EntryPoint\",\"urlTemplate\":\"https:\/\/butterflyeffect.com.ar\/?s={search_term_string}\"},\"query-input\":{\"@type\":\"PropertyValueSpecification\",\"valueRequired\":true,\"valueName\":\"search_term_string\"}}],\"inLanguage\":\"es\"},{\"@type\":\"Organization\",\"@id\":\"https:\/\/butterflyeffect.com.ar\/#organization\",\"name\":\"The Butterfly Effect\",\"url\":\"https:\/\/butterflyeffect.com.ar\/\",\"logo\":{\"@type\":\"ImageObject\",\"inLanguage\":\"es\",\"@id\":\"https:\/\/butterflyeffect.com.ar\/#\/schema\/logo\/image\/\",\"url\":\"https:\/\/butterflyeffect.com.ar\/wp-content\/uploads\/2023\/06\/cropped-LOGO-FINAL-BE-01.jpg\",\"contentUrl\":\"https:\/\/butterflyeffect.com.ar\/wp-content\/uploads\/2023\/06\/cropped-LOGO-FINAL-BE-01.jpg\",\"width\":766,\"height\":877,\"caption\":\"The Butterfly Effect\"},\"image\":{\"@id\":\"https:\/\/butterflyeffect.com.ar\/#\/schema\/logo\/image\/\"},\"sameAs\":[\"https:\/\/www.instagram.com\/butterflyeffect_ar\/\"]}]}<\/script>\n<!-- \/ Yoast SEO plugin. -->","yoast_head_json":{"title":"Baby Doll Body Less, Lenceria Sexy Be Sensual Sn6 -","robots":{"index":"index","follow":"follow","max-snippet":"max-snippet:-1","max-image-preview":"max-image-preview:large","max-video-preview":"max-video-preview:-1"},"canonical":"https:\/\/butterflyeffect.com.ar\/index.php\/producto\/baby-doll-body-less-lenceria-sexy-be-sensual-sn6\/","og_locale":"es_ES","og_type":"article","og_title":"Baby Doll Body Less, Lenceria Sexy Be Sensual Sn6 -","og_description":"Eleva tu intimidad con el Baby Doll Body Less de Be Sensual SN6, una hermosa lencer\u00eda sexy dise\u00f1ada exclusivamente para mujeres adultas. Esta pieza, elaborada por la reconocida marca BUTTERFLY EFFECT, combina un delicado tul, elaboradas puntillas y un encantador detalle con mo\u00f1os y cadena, lo que le aporta un toque de sofisticaci\u00f3n y sensualidad. La inclusi\u00f3n de portaligas en el dise\u00f1o mejora su atractivo y facilidad de uso, permiti\u00e9ndote lucir radiante en cualquier ocasi\u00f3n especial. El Baby Doll Body Less no solo es un elemento de lencer\u00eda, sino una declaraci\u00f3n de estilo y confianza. Ideal para momentos \u00edntimos o para sorprender a esa persona especial, esta pieza resalta la figura femenina con elegancia. Su composici\u00f3n de alta calidad asegura comodidad, permiti\u00e9ndote disfrutar de cada instante mientras te sientes segura y atractiva. Completo con bombacha, este modelo SN6 es perfecto para quienes buscan una mezcla de sensualidad y confort. Atr\u00e9vete a explorar nuevas sensaciones y realza tu feminidad con esta magn\u00edfica propuesta de lencer\u00eda, una elecci\u00f3n ideal para quienes valoran el dise\u00f1o exquisito y los detalles cuidados en cada prenda.","og_url":"https:\/\/butterflyeffect.com.ar\/index.php\/producto\/baby-doll-body-less-lenceria-sexy-be-sensual-sn6\/","article_modified_time":"2026-04-27T17:50:16+00:00","og_image":[{"width":1024,"height":1024,"url":"https:\/\/butterflyeffect.com.ar\/wp-content\/uploads\/2025\/12\/D_897171-MLA89661078168_082025-F.jpg","type":"image\/jpeg"}],"twitter_card":"summary_large_image","twitter_misc":{"Tiempo de lectura":"1 minuto"},"schema":{"@context":"https:\/\/schema.org","@graph":[{"@type":"WebPage","@id":"https:\/\/butterflyeffect.com.ar\/index.php\/producto\/baby-doll-body-less-lenceria-sexy-be-sensual-sn6\/","url":"https:\/\/butterflyeffect.com.ar\/index.php\/producto\/baby-doll-body-less-lenceria-sexy-be-sensual-sn6\/","name":"Baby Doll Body Less, Lenceria Sexy Be Sensual Sn6 -","isPartOf":{"@id":"https:\/\/butterflyeffect.com.ar\/#website"},"primaryImageOfPage":{"@id":"https:\/\/butterflyeffect.com.ar\/index.php\/producto\/baby-doll-body-less-lenceria-sexy-be-sensual-sn6\/#primaryimage"},"image":{"@id":"https:\/\/butterflyeffect.com.ar\/index.php\/producto\/baby-doll-body-less-lenceria-sexy-be-sensual-sn6\/#primaryimage"},"thumbnailUrl":"https:\/\/butterflyeffect.com.ar\/wp-content\/uploads\/2025\/12\/D_897171-MLA89661078168_082025-F.jpg","datePublished":"2025-12-22T23:35:37+00:00","dateModified":"2026-04-27T17:50:16+00:00","breadcrumb":{"@id":"https:\/\/butterflyeffect.com.ar\/index.php\/producto\/baby-doll-body-less-lenceria-sexy-be-sensual-sn6\/#breadcrumb"},"inLanguage":"es","potentialAction":[{"@type":"ReadAction","target":["https:\/\/butterflyeffect.com.ar\/index.php\/producto\/baby-doll-body-less-lenceria-sexy-be-sensual-sn6\/"]}]},{"@type":"ImageObject","inLanguage":"es","@id":"https:\/\/butterflyeffect.com.ar\/index.php\/producto\/baby-doll-body-less-lenceria-sexy-be-sensual-sn6\/#primaryimage","url":"https:\/\/butterflyeffect.com.ar\/wp-content\/uploads\/2025\/12\/D_897171-MLA89661078168_082025-F.jpg","contentUrl":"https:\/\/butterflyeffect.com.ar\/wp-content\/uploads\/2025\/12\/D_897171-MLA89661078168_082025-F.jpg","width":1024,"height":1024},{"@type":"BreadcrumbList","@id":"https:\/\/butterflyeffect.com.ar\/index.php\/producto\/baby-doll-body-less-lenceria-sexy-be-sensual-sn6\/#breadcrumb","itemListElement":[{"@type":"ListItem","position":1,"name":"Portada","item":"https:\/\/butterflyeffect.com.ar\/"},{"@type":"ListItem","position":2,"name":"Tienda","item":"https:\/\/butterflyeffect.com.ar\/index.php\/tienda\/"},{"@type":"ListItem","position":3,"name":"Baby Doll Body Less, Lenceria Sexy Be Sensual Sn6"}]},{"@type":"WebSite","@id":"https:\/\/butterflyeffect.com.ar\/#website","url":"https:\/\/butterflyeffect.com.ar\/","name":"Butterfly Effect","description":"Premium Sex Tech Toys &amp; Cosmetica Intima","publisher":{"@id":"https:\/\/butterflyeffect.com.ar\/#organization"},"potentialAction":[{"@type":"SearchAction","target":{"@type":"EntryPoint","urlTemplate":"https:\/\/butterflyeffect.com.ar\/?s={search_term_string}"},"query-input":{"@type":"PropertyValueSpecification","valueRequired":true,"valueName":"search_term_string"}}],"inLanguage":"es"},{"@type":"Organization","@id":"https:\/\/butterflyeffect.com.ar\/#organization","name":"The Butterfly Effect","url":"https:\/\/butterflyeffect.com.ar\/","logo":{"@type":"ImageObject","inLanguage":"es","@id":"https:\/\/butterflyeffect.com.ar\/#\/schema\/logo\/image\/","url":"https:\/\/butterflyeffect.com.ar\/wp-content\/uploads\/2023\/06\/cropped-LOGO-FINAL-BE-01.jpg","contentUrl":"https:\/\/butterflyeffect.com.ar\/wp-content\/uploads\/2023\/06\/cropped-LOGO-FINAL-BE-01.jpg","width":766,"height":877,"caption":"The Butterfly Effect"},"image":{"@id":"https:\/\/butterflyeffect.com.ar\/#\/schema\/logo\/image\/"},"sameAs":["https:\/\/www.instagram.com\/butterflyeffect_ar\/"]}]}},"_links":{"self":[{"href":"https:\/\/butterflyeffect.com.ar\/index.php\/wp-json\/wp\/v2\/product\/2453","targetHints":{"allow":["GET"]}}],"collection":[{"href":"https:\/\/butterflyeffect.com.ar\/index.php\/wp-json\/wp\/v2\/product"}],"about":[{"href":"https:\/\/butterflyeffect.com.ar\/index.php\/wp-json\/wp\/v2\/types\/product"}],"replies":[{"embeddable":true,"href":"https:\/\/butterflyeffect.com.ar\/index.php\/wp-json\/wp\/v2\/comments?post=2453"}],"wp:featuredmedia":[{"embeddable":true,"href":"https:\/\/butterflyeffect.com.ar\/index.php\/wp-json\/wp\/v2\/media\/2452"}],"wp:attachment":[{"href":"https:\/\/butterflyeffect.com.ar\/index.php\/wp-json\/wp\/v2\/media?parent=2453"}],"wp:term":[{"taxonomy":"product_brand","embeddable":true,"href":"https:\/\/butterflyeffect.com.ar\/index.php\/wp-json\/wp\/v2\/product_brand?post=2453"},{"taxonomy":"product_cat","embeddable":true,"href":"https:\/\/butterflyeffect.com.ar\/index.php\/wp-json\/wp\/v2\/product_cat?post=2453"},{"taxonomy":"product_tag","embeddable":true,"href":"https:\/\/butterflyeffect.com.ar\/index.php\/wp-json\/wp\/v2\/product_tag?post=2453"}],"curies":[{"name":"wp","href":"https:\/\/api.w.org\/{rel}","templated":true}]}}