{"id":2446,"date":"2025-12-22T23:35:32","date_gmt":"2025-12-22T23:35:32","guid":{"rendered":"https:\/\/butterflyeffect.com.ar\/index.php\/producto\/conjunto-bralette-y-tanga-cola-less-be-suave-sensual-t877\/"},"modified":"2026-04-27T17:50:10","modified_gmt":"2026-04-27T17:50:10","slug":"conjunto-bralette-y-tanga-cola-less-be-suave-sensual-t877","status":"publish","type":"product","link":"https:\/\/butterflyeffect.com.ar\/index.php\/producto\/conjunto-bralette-y-tanga-cola-less-be-suave-sensual-t877\/","title":{"rendered":"Conjunto Bralette Y Tanga Cola Less Be Suave Sensual T877"},"content":{"rendered":"<p>Descubre la esencia de la sensualidad con el Conjunto Bralette Y Tanga Cola Less Be Suave Sensual T877 de la marca BUTTERFLY EFFECT. Este sofisticado conjunto, compuesto por dos piezas, est\u00e1 dise\u00f1ado para realzar la figura femenina, combinando un bralette de algod\u00f3n de calidad y un tanga menos convencional, ambos confeccionados con un delicado toque.<\/p>\n<p>El bralette presenta detalles con tiras que aportan un aire de elegancia y sensualidad, ideal para cualquier ocasi\u00f3n especial. Con una composici\u00f3n que incluye poli\u00e9ster, este conjunto no solo garantiza confort, sino tambi\u00e9n un ajuste perfecto que se adapta suavemente al cuerpo.<\/p>\n<p>Disponible en un corte moderno, este modelo T877 es perfecto para mujeres adultas que buscan sentirse seguras y atractivas. La inclusi\u00f3n de la bombacha asegura que la experiencia de uso sea completa, permitiendo que cada detalle juegue a favor de tu estilo personal y confianza.<\/p>\n<p>Perfecto para transformar momentos ordinarios en extraordinarios, este conjunto se convertir\u00e1 en un elemento esencial en tu guardarropa \u00edntimo. No te pierdas la oportunidad de experimentar la fusi\u00f3n entre comodidad y sensualidad que ofrece este exclusivo dise\u00f1o.<\/p>\n","protected":false},"excerpt":{"rendered":"<p>Descubre la esencia de la sensualidad con el Conjunto Bralette Y Tanga Cola Less Be Suave Sensual T877 de la marca BUTTERFLY EFFECT. Este sofisticado conjunto, compuesto por dos piezas, est\u00e1 dise\u00f1ado para realzar la figura femenina, combinando un bralette de algod\u00f3n de calidad y un tanga menos convencional, ambos confeccionados con un delicado toque.<\/p>\n<p>El bralette presenta detalles con tiras que aportan un aire de elegancia y sensualidad, ideal para cualquier ocasi\u00f3n especial. Con una composici\u00f3n que incluye poli\u00e9ster, este conjunto no solo garantiza confort, sino tambi\u00e9n un ajuste perfecto que se adapta suavemente al cuerpo.<\/p>\n<p>Disponible en un corte moderno, este modelo T877 es perfecto para mujeres adultas que buscan sentirse seguras y atractivas. La inclusi\u00f3n de la bombacha asegura que la experiencia de uso sea completa, permitiendo que cada detalle juegue a favor de tu estilo personal y confianza.<\/p>\n<p>Perfecto para transformar momentos ordinarios en extraordinarios, este conjunto se convertir\u00e1 en un elemento esencial en tu guardarropa \u00edntimo. No te pierdas la oportunidad de experimentar la fusi\u00f3n entre comodidad y sensualidad que ofrece este exclusivo dise\u00f1o.<\/p>\n","protected":false},"featured_media":2445,"comment_status":"open","ping_status":"closed","template":"","meta":[],"product_brand":[107],"product_cat":[141,77],"product_tag":[142,143,144],"class_list":{"0":"post-2446","1":"product","2":"type-product","3":"status-publish","4":"has-post-thumbnail","6":"product_brand-butterfly-effect","7":"product_cat-lenceria-sexy","8":"product_cat-productos","9":"product_tag-cola-less","10":"product_tag-lenceria","11":"product_tag-sexy","13":"entry","14":"has-media","16":"first","17":"instock","18":"shipping-taxable","19":"purchasable","20":"product-type-variable","21":"has-product-nav","22":"col","23":"span_1_of_4","24":"owp-content-center","25":"owp-thumbs-layout-horizontal","26":"owp-btn-normal","27":"owp-tabs-layout-horizontal"},"yoast_head":"<!-- This site is optimized with the Yoast SEO plugin v26.0 - https:\/\/yoast.com\/wordpress\/plugins\/seo\/ -->\n<title>Conjunto Bralette Y Tanga Cola Less Be Suave Sensual T877 -<\/title>\n<meta name=\"robots\" content=\"index, follow, max-snippet:-1, max-image-preview:large, max-video-preview:-1\" \/>\n<link rel=\"canonical\" href=\"https:\/\/butterflyeffect.com.ar\/index.php\/producto\/conjunto-bralette-y-tanga-cola-less-be-suave-sensual-t877\/\" \/>\n<meta property=\"og:locale\" content=\"es_ES\" \/>\n<meta property=\"og:type\" content=\"article\" \/>\n<meta property=\"og:title\" content=\"Conjunto Bralette Y Tanga Cola Less Be Suave Sensual T877 -\" \/>\n<meta property=\"og:description\" content=\"Descubre la esencia de la sensualidad con el Conjunto Bralette Y Tanga Cola Less Be Suave Sensual T877 de la marca BUTTERFLY EFFECT. Este sofisticado conjunto, compuesto por dos piezas, est\u00e1 dise\u00f1ado para realzar la figura femenina, combinando un bralette de algod\u00f3n de calidad y un tanga menos convencional, ambos confeccionados con un delicado toque.  El bralette presenta detalles con tiras que aportan un aire de elegancia y sensualidad, ideal para cualquier ocasi\u00f3n especial. Con una composici\u00f3n que incluye poli\u00e9ster, este conjunto no solo garantiza confort, sino tambi\u00e9n un ajuste perfecto que se adapta suavemente al cuerpo.  Disponible en un corte moderno, este modelo T877 es perfecto para mujeres adultas que buscan sentirse seguras y atractivas. La inclusi\u00f3n de la bombacha asegura que la experiencia de uso sea completa, permitiendo que cada detalle juegue a favor de tu estilo personal y confianza.  Perfecto para transformar momentos ordinarios en extraordinarios, este conjunto se convertir\u00e1 en un elemento esencial en tu guardarropa \u00edntimo. No te pierdas la oportunidad de experimentar la fusi\u00f3n entre comodidad y sensualidad que ofrece este exclusivo dise\u00f1o.\" \/>\n<meta property=\"og:url\" content=\"https:\/\/butterflyeffect.com.ar\/index.php\/producto\/conjunto-bralette-y-tanga-cola-less-be-suave-sensual-t877\/\" \/>\n<meta property=\"article:modified_time\" content=\"2026-04-27T17:50:10+00:00\" \/>\n<meta property=\"og:image\" content=\"https:\/\/butterflyeffect.com.ar\/wp-content\/uploads\/2025\/12\/D_778129-MLA89660783414_082025-F.jpg\" \/>\n\t<meta property=\"og:image:width\" content=\"754\" \/>\n\t<meta property=\"og:image:height\" content=\"731\" \/>\n\t<meta property=\"og:image:type\" content=\"image\/jpeg\" \/>\n<meta name=\"twitter:card\" content=\"summary_large_image\" \/>\n<meta name=\"twitter:label1\" content=\"Tiempo de lectura\" \/>\n\t<meta name=\"twitter:data1\" content=\"2 minutos\" \/>\n<script type=\"application\/ld+json\" class=\"yoast-schema-graph\">{\"@context\":\"https:\/\/schema.org\",\"@graph\":[{\"@type\":\"WebPage\",\"@id\":\"https:\/\/butterflyeffect.com.ar\/index.php\/producto\/conjunto-bralette-y-tanga-cola-less-be-suave-sensual-t877\/\",\"url\":\"https:\/\/butterflyeffect.com.ar\/index.php\/producto\/conjunto-bralette-y-tanga-cola-less-be-suave-sensual-t877\/\",\"name\":\"Conjunto Bralette Y Tanga Cola Less Be Suave Sensual T877 -\",\"isPartOf\":{\"@id\":\"https:\/\/butterflyeffect.com.ar\/#website\"},\"primaryImageOfPage\":{\"@id\":\"https:\/\/butterflyeffect.com.ar\/index.php\/producto\/conjunto-bralette-y-tanga-cola-less-be-suave-sensual-t877\/#primaryimage\"},\"image\":{\"@id\":\"https:\/\/butterflyeffect.com.ar\/index.php\/producto\/conjunto-bralette-y-tanga-cola-less-be-suave-sensual-t877\/#primaryimage\"},\"thumbnailUrl\":\"https:\/\/butterflyeffect.com.ar\/wp-content\/uploads\/2025\/12\/D_778129-MLA89660783414_082025-F.jpg\",\"datePublished\":\"2025-12-22T23:35:32+00:00\",\"dateModified\":\"2026-04-27T17:50:10+00:00\",\"breadcrumb\":{\"@id\":\"https:\/\/butterflyeffect.com.ar\/index.php\/producto\/conjunto-bralette-y-tanga-cola-less-be-suave-sensual-t877\/#breadcrumb\"},\"inLanguage\":\"es\",\"potentialAction\":[{\"@type\":\"ReadAction\",\"target\":[\"https:\/\/butterflyeffect.com.ar\/index.php\/producto\/conjunto-bralette-y-tanga-cola-less-be-suave-sensual-t877\/\"]}]},{\"@type\":\"ImageObject\",\"inLanguage\":\"es\",\"@id\":\"https:\/\/butterflyeffect.com.ar\/index.php\/producto\/conjunto-bralette-y-tanga-cola-less-be-suave-sensual-t877\/#primaryimage\",\"url\":\"https:\/\/butterflyeffect.com.ar\/wp-content\/uploads\/2025\/12\/D_778129-MLA89660783414_082025-F.jpg\",\"contentUrl\":\"https:\/\/butterflyeffect.com.ar\/wp-content\/uploads\/2025\/12\/D_778129-MLA89660783414_082025-F.jpg\",\"width\":754,\"height\":731},{\"@type\":\"BreadcrumbList\",\"@id\":\"https:\/\/butterflyeffect.com.ar\/index.php\/producto\/conjunto-bralette-y-tanga-cola-less-be-suave-sensual-t877\/#breadcrumb\",\"itemListElement\":[{\"@type\":\"ListItem\",\"position\":1,\"name\":\"Portada\",\"item\":\"https:\/\/butterflyeffect.com.ar\/\"},{\"@type\":\"ListItem\",\"position\":2,\"name\":\"Tienda\",\"item\":\"https:\/\/butterflyeffect.com.ar\/index.php\/tienda\/\"},{\"@type\":\"ListItem\",\"position\":3,\"name\":\"Conjunto Bralette Y Tanga Cola Less Be Suave Sensual T877\"}]},{\"@type\":\"WebSite\",\"@id\":\"https:\/\/butterflyeffect.com.ar\/#website\",\"url\":\"https:\/\/butterflyeffect.com.ar\/\",\"name\":\"Butterfly Effect\",\"description\":\"Premium Sex Tech Toys &amp; Cosmetica Intima\",\"publisher\":{\"@id\":\"https:\/\/butterflyeffect.com.ar\/#organization\"},\"potentialAction\":[{\"@type\":\"SearchAction\",\"target\":{\"@type\":\"EntryPoint\",\"urlTemplate\":\"https:\/\/butterflyeffect.com.ar\/?s={search_term_string}\"},\"query-input\":{\"@type\":\"PropertyValueSpecification\",\"valueRequired\":true,\"valueName\":\"search_term_string\"}}],\"inLanguage\":\"es\"},{\"@type\":\"Organization\",\"@id\":\"https:\/\/butterflyeffect.com.ar\/#organization\",\"name\":\"The Butterfly Effect\",\"url\":\"https:\/\/butterflyeffect.com.ar\/\",\"logo\":{\"@type\":\"ImageObject\",\"inLanguage\":\"es\",\"@id\":\"https:\/\/butterflyeffect.com.ar\/#\/schema\/logo\/image\/\",\"url\":\"https:\/\/butterflyeffect.com.ar\/wp-content\/uploads\/2023\/06\/cropped-LOGO-FINAL-BE-01.jpg\",\"contentUrl\":\"https:\/\/butterflyeffect.com.ar\/wp-content\/uploads\/2023\/06\/cropped-LOGO-FINAL-BE-01.jpg\",\"width\":766,\"height\":877,\"caption\":\"The Butterfly Effect\"},\"image\":{\"@id\":\"https:\/\/butterflyeffect.com.ar\/#\/schema\/logo\/image\/\"},\"sameAs\":[\"https:\/\/www.instagram.com\/butterflyeffect_ar\/\"]}]}<\/script>\n<!-- \/ Yoast SEO plugin. -->","yoast_head_json":{"title":"Conjunto Bralette Y Tanga Cola Less Be Suave Sensual T877 -","robots":{"index":"index","follow":"follow","max-snippet":"max-snippet:-1","max-image-preview":"max-image-preview:large","max-video-preview":"max-video-preview:-1"},"canonical":"https:\/\/butterflyeffect.com.ar\/index.php\/producto\/conjunto-bralette-y-tanga-cola-less-be-suave-sensual-t877\/","og_locale":"es_ES","og_type":"article","og_title":"Conjunto Bralette Y Tanga Cola Less Be Suave Sensual T877 -","og_description":"Descubre la esencia de la sensualidad con el Conjunto Bralette Y Tanga Cola Less Be Suave Sensual T877 de la marca BUTTERFLY EFFECT. Este sofisticado conjunto, compuesto por dos piezas, est\u00e1 dise\u00f1ado para realzar la figura femenina, combinando un bralette de algod\u00f3n de calidad y un tanga menos convencional, ambos confeccionados con un delicado toque.  El bralette presenta detalles con tiras que aportan un aire de elegancia y sensualidad, ideal para cualquier ocasi\u00f3n especial. Con una composici\u00f3n que incluye poli\u00e9ster, este conjunto no solo garantiza confort, sino tambi\u00e9n un ajuste perfecto que se adapta suavemente al cuerpo.  Disponible en un corte moderno, este modelo T877 es perfecto para mujeres adultas que buscan sentirse seguras y atractivas. La inclusi\u00f3n de la bombacha asegura que la experiencia de uso sea completa, permitiendo que cada detalle juegue a favor de tu estilo personal y confianza.  Perfecto para transformar momentos ordinarios en extraordinarios, este conjunto se convertir\u00e1 en un elemento esencial en tu guardarropa \u00edntimo. No te pierdas la oportunidad de experimentar la fusi\u00f3n entre comodidad y sensualidad que ofrece este exclusivo dise\u00f1o.","og_url":"https:\/\/butterflyeffect.com.ar\/index.php\/producto\/conjunto-bralette-y-tanga-cola-less-be-suave-sensual-t877\/","article_modified_time":"2026-04-27T17:50:10+00:00","og_image":[{"width":754,"height":731,"url":"https:\/\/butterflyeffect.com.ar\/wp-content\/uploads\/2025\/12\/D_778129-MLA89660783414_082025-F.jpg","type":"image\/jpeg"}],"twitter_card":"summary_large_image","twitter_misc":{"Tiempo de lectura":"2 minutos"},"schema":{"@context":"https:\/\/schema.org","@graph":[{"@type":"WebPage","@id":"https:\/\/butterflyeffect.com.ar\/index.php\/producto\/conjunto-bralette-y-tanga-cola-less-be-suave-sensual-t877\/","url":"https:\/\/butterflyeffect.com.ar\/index.php\/producto\/conjunto-bralette-y-tanga-cola-less-be-suave-sensual-t877\/","name":"Conjunto Bralette Y Tanga Cola Less Be Suave Sensual T877 -","isPartOf":{"@id":"https:\/\/butterflyeffect.com.ar\/#website"},"primaryImageOfPage":{"@id":"https:\/\/butterflyeffect.com.ar\/index.php\/producto\/conjunto-bralette-y-tanga-cola-less-be-suave-sensual-t877\/#primaryimage"},"image":{"@id":"https:\/\/butterflyeffect.com.ar\/index.php\/producto\/conjunto-bralette-y-tanga-cola-less-be-suave-sensual-t877\/#primaryimage"},"thumbnailUrl":"https:\/\/butterflyeffect.com.ar\/wp-content\/uploads\/2025\/12\/D_778129-MLA89660783414_082025-F.jpg","datePublished":"2025-12-22T23:35:32+00:00","dateModified":"2026-04-27T17:50:10+00:00","breadcrumb":{"@id":"https:\/\/butterflyeffect.com.ar\/index.php\/producto\/conjunto-bralette-y-tanga-cola-less-be-suave-sensual-t877\/#breadcrumb"},"inLanguage":"es","potentialAction":[{"@type":"ReadAction","target":["https:\/\/butterflyeffect.com.ar\/index.php\/producto\/conjunto-bralette-y-tanga-cola-less-be-suave-sensual-t877\/"]}]},{"@type":"ImageObject","inLanguage":"es","@id":"https:\/\/butterflyeffect.com.ar\/index.php\/producto\/conjunto-bralette-y-tanga-cola-less-be-suave-sensual-t877\/#primaryimage","url":"https:\/\/butterflyeffect.com.ar\/wp-content\/uploads\/2025\/12\/D_778129-MLA89660783414_082025-F.jpg","contentUrl":"https:\/\/butterflyeffect.com.ar\/wp-content\/uploads\/2025\/12\/D_778129-MLA89660783414_082025-F.jpg","width":754,"height":731},{"@type":"BreadcrumbList","@id":"https:\/\/butterflyeffect.com.ar\/index.php\/producto\/conjunto-bralette-y-tanga-cola-less-be-suave-sensual-t877\/#breadcrumb","itemListElement":[{"@type":"ListItem","position":1,"name":"Portada","item":"https:\/\/butterflyeffect.com.ar\/"},{"@type":"ListItem","position":2,"name":"Tienda","item":"https:\/\/butterflyeffect.com.ar\/index.php\/tienda\/"},{"@type":"ListItem","position":3,"name":"Conjunto Bralette Y Tanga Cola Less Be Suave Sensual T877"}]},{"@type":"WebSite","@id":"https:\/\/butterflyeffect.com.ar\/#website","url":"https:\/\/butterflyeffect.com.ar\/","name":"Butterfly Effect","description":"Premium Sex Tech Toys &amp; Cosmetica Intima","publisher":{"@id":"https:\/\/butterflyeffect.com.ar\/#organization"},"potentialAction":[{"@type":"SearchAction","target":{"@type":"EntryPoint","urlTemplate":"https:\/\/butterflyeffect.com.ar\/?s={search_term_string}"},"query-input":{"@type":"PropertyValueSpecification","valueRequired":true,"valueName":"search_term_string"}}],"inLanguage":"es"},{"@type":"Organization","@id":"https:\/\/butterflyeffect.com.ar\/#organization","name":"The Butterfly Effect","url":"https:\/\/butterflyeffect.com.ar\/","logo":{"@type":"ImageObject","inLanguage":"es","@id":"https:\/\/butterflyeffect.com.ar\/#\/schema\/logo\/image\/","url":"https:\/\/butterflyeffect.com.ar\/wp-content\/uploads\/2023\/06\/cropped-LOGO-FINAL-BE-01.jpg","contentUrl":"https:\/\/butterflyeffect.com.ar\/wp-content\/uploads\/2023\/06\/cropped-LOGO-FINAL-BE-01.jpg","width":766,"height":877,"caption":"The Butterfly Effect"},"image":{"@id":"https:\/\/butterflyeffect.com.ar\/#\/schema\/logo\/image\/"},"sameAs":["https:\/\/www.instagram.com\/butterflyeffect_ar\/"]}]}},"_links":{"self":[{"href":"https:\/\/butterflyeffect.com.ar\/index.php\/wp-json\/wp\/v2\/product\/2446","targetHints":{"allow":["GET"]}}],"collection":[{"href":"https:\/\/butterflyeffect.com.ar\/index.php\/wp-json\/wp\/v2\/product"}],"about":[{"href":"https:\/\/butterflyeffect.com.ar\/index.php\/wp-json\/wp\/v2\/types\/product"}],"replies":[{"embeddable":true,"href":"https:\/\/butterflyeffect.com.ar\/index.php\/wp-json\/wp\/v2\/comments?post=2446"}],"wp:featuredmedia":[{"embeddable":true,"href":"https:\/\/butterflyeffect.com.ar\/index.php\/wp-json\/wp\/v2\/media\/2445"}],"wp:attachment":[{"href":"https:\/\/butterflyeffect.com.ar\/index.php\/wp-json\/wp\/v2\/media?parent=2446"}],"wp:term":[{"taxonomy":"product_brand","embeddable":true,"href":"https:\/\/butterflyeffect.com.ar\/index.php\/wp-json\/wp\/v2\/product_brand?post=2446"},{"taxonomy":"product_cat","embeddable":true,"href":"https:\/\/butterflyeffect.com.ar\/index.php\/wp-json\/wp\/v2\/product_cat?post=2446"},{"taxonomy":"product_tag","embeddable":true,"href":"https:\/\/butterflyeffect.com.ar\/index.php\/wp-json\/wp\/v2\/product_tag?post=2446"}],"curies":[{"name":"wp","href":"https:\/\/api.w.org\/{rel}","templated":true}]}}