{"id":2435,"date":"2025-12-22T23:35:14","date_gmt":"2025-12-22T23:35:14","guid":{"rendered":"https:\/\/butterflyeffect.com.ar\/index.php\/producto\/conjunto-bralette-tul-puntilla-saten-y-tanga-suave-z402\/"},"modified":"2026-04-27T17:49:45","modified_gmt":"2026-04-27T17:49:45","slug":"conjunto-bralette-tul-puntilla-saten-y-tanga-suave-z402","status":"publish","type":"product","link":"https:\/\/butterflyeffect.com.ar\/index.php\/producto\/conjunto-bralette-tul-puntilla-saten-y-tanga-suave-z402\/","title":{"rendered":"Conjunto Bralette Tul Puntilla Saten Y Tanga Suave Z402"},"content":{"rendered":"<p>Descubre la elegancia y sensualidad del Baby Doll Body Less de la marca Butterfly Effect. Este conjunto elaborado con delicados materiales como tul y puntilla est\u00e1 dise\u00f1ado para resaltar la silueta femenina, brindando un toque de sofisticaci\u00f3n a tu vestuario \u00edntimo. Con un bralette que acent\u00faa tus curvas y una tanga que ofrece un acabado perfecto, cada detalle est\u00e1 pensado para ofrecer comodidad sin sacrificar el estilo.<\/p>\n<p>Este modelo Z402 es ideal para la mujer moderna que desea sentirse atractiva y segura en cualquier ocasi\u00f3n. La combinaci\u00f3n de satin y tul proporciona una suavidad que se adapta a la piel, mientras que la delicada puntilla a\u00f1ade un aire rom\u00e1ntico y seductor. No esperes m\u00e1s para hacer de este conjunto una adici\u00f3n esencial a tu colecci\u00f3n de lencer\u00eda.<\/p>\n<p>La inclusi\u00f3n de bombacha en este conjunto asegura que cada parte de tu atuendo \u00edntimo est\u00e9 cuidadosamente dise\u00f1ada para complementar tu belleza. Perfecto para ocasiones especiales o para esos momentos en los que deseas sorprender, este baby doll es una expresi\u00f3n de tu feminidad y estilo propio. Atr\u00e9vete a ser el centro de atenci\u00f3n con esta pieza que redefine la lencer\u00eda sexy.<\/p>\n","protected":false},"excerpt":{"rendered":"<p>Descubre la elegancia y sensualidad del Baby Doll Body Less de la marca Butterfly Effect. Este conjunto elaborado con delicados materiales como tul y puntilla est\u00e1 dise\u00f1ado para resaltar la silueta femenina, brindando un toque de sofisticaci\u00f3n a tu vestuario \u00edntimo. Con un bralette que acent\u00faa tus curvas y una tanga que ofrece un acabado perfecto, cada detalle est\u00e1 pensado para ofrecer comodidad sin sacrificar el estilo.<\/p>\n<p>Este modelo Z402 es ideal para la mujer moderna que desea sentirse atractiva y segura en cualquier ocasi\u00f3n. La combinaci\u00f3n de satin y tul proporciona una suavidad que se adapta a la piel, mientras que la delicada puntilla a\u00f1ade un aire rom\u00e1ntico y seductor. No esperes m\u00e1s para hacer de este conjunto una adici\u00f3n esencial a tu colecci\u00f3n de lencer\u00eda.<\/p>\n<p>La inclusi\u00f3n de bombacha en este conjunto asegura que cada parte de tu atuendo \u00edntimo est\u00e9 cuidadosamente dise\u00f1ada para complementar tu belleza. Perfecto para ocasiones especiales o para esos momentos en los que deseas sorprender, este baby doll es una expresi\u00f3n de tu feminidad y estilo propio. Atr\u00e9vete a ser el centro de atenci\u00f3n con esta pieza que redefine la lencer\u00eda sexy.<\/p>\n","protected":false},"featured_media":2434,"comment_status":"open","ping_status":"closed","template":"","meta":[],"product_brand":[107],"product_cat":[141,77],"product_tag":[142,143,144],"class_list":{"0":"post-2435","1":"product","2":"type-product","3":"status-publish","4":"has-post-thumbnail","6":"product_brand-butterfly-effect","7":"product_cat-lenceria-sexy","8":"product_cat-productos","9":"product_tag-cola-less","10":"product_tag-lenceria","11":"product_tag-sexy","13":"entry","14":"has-media","16":"first","17":"outofstock","18":"shipping-taxable","19":"product-type-variable","20":"has-product-nav","21":"col","22":"span_1_of_4","23":"owp-content-center","24":"owp-thumbs-layout-horizontal","25":"owp-btn-normal","26":"owp-tabs-layout-horizontal"},"yoast_head":"<!-- This site is optimized with the Yoast SEO plugin v26.0 - https:\/\/yoast.com\/wordpress\/plugins\/seo\/ -->\n<title>Conjunto Bralette Tul Puntilla Saten Y Tanga Suave Z402 -<\/title>\n<meta name=\"robots\" content=\"index, follow, max-snippet:-1, max-image-preview:large, max-video-preview:-1\" \/>\n<link rel=\"canonical\" href=\"https:\/\/butterflyeffect.com.ar\/index.php\/producto\/conjunto-bralette-tul-puntilla-saten-y-tanga-suave-z402\/\" \/>\n<meta property=\"og:locale\" content=\"es_ES\" \/>\n<meta property=\"og:type\" content=\"article\" \/>\n<meta property=\"og:title\" content=\"Conjunto Bralette Tul Puntilla Saten Y Tanga Suave Z402 -\" \/>\n<meta property=\"og:description\" content=\"Descubre la elegancia y sensualidad del Baby Doll Body Less de la marca Butterfly Effect. Este conjunto elaborado con delicados materiales como tul y puntilla est\u00e1 dise\u00f1ado para resaltar la silueta femenina, brindando un toque de sofisticaci\u00f3n a tu vestuario \u00edntimo. Con un bralette que acent\u00faa tus curvas y una tanga que ofrece un acabado perfecto, cada detalle est\u00e1 pensado para ofrecer comodidad sin sacrificar el estilo. Este modelo Z402 es ideal para la mujer moderna que desea sentirse atractiva y segura en cualquier ocasi\u00f3n. La combinaci\u00f3n de satin y tul proporciona una suavidad que se adapta a la piel, mientras que la delicada puntilla a\u00f1ade un aire rom\u00e1ntico y seductor. No esperes m\u00e1s para hacer de este conjunto una adici\u00f3n esencial a tu colecci\u00f3n de lencer\u00eda. La inclusi\u00f3n de bombacha en este conjunto asegura que cada parte de tu atuendo \u00edntimo est\u00e9 cuidadosamente dise\u00f1ada para complementar tu belleza. Perfecto para ocasiones especiales o para esos momentos en los que deseas sorprender, este baby doll es una expresi\u00f3n de tu feminidad y estilo propio. Atr\u00e9vete a ser el centro de atenci\u00f3n con esta pieza que redefine la lencer\u00eda sexy.\" \/>\n<meta property=\"og:url\" content=\"https:\/\/butterflyeffect.com.ar\/index.php\/producto\/conjunto-bralette-tul-puntilla-saten-y-tanga-suave-z402\/\" \/>\n<meta property=\"article:modified_time\" content=\"2026-04-27T17:49:45+00:00\" \/>\n<meta property=\"og:image\" content=\"https:\/\/butterflyeffect.com.ar\/wp-content\/uploads\/2025\/12\/D_972629-MLA90034723297_082025-F.jpg\" \/>\n\t<meta property=\"og:image:width\" content=\"741\" \/>\n\t<meta property=\"og:image:height\" content=\"1200\" \/>\n\t<meta property=\"og:image:type\" content=\"image\/jpeg\" \/>\n<meta name=\"twitter:card\" content=\"summary_large_image\" \/>\n<meta name=\"twitter:label1\" content=\"Tiempo de lectura\" \/>\n\t<meta name=\"twitter:data1\" content=\"1 minuto\" \/>\n<script type=\"application\/ld+json\" class=\"yoast-schema-graph\">{\"@context\":\"https:\/\/schema.org\",\"@graph\":[{\"@type\":\"WebPage\",\"@id\":\"https:\/\/butterflyeffect.com.ar\/index.php\/producto\/conjunto-bralette-tul-puntilla-saten-y-tanga-suave-z402\/\",\"url\":\"https:\/\/butterflyeffect.com.ar\/index.php\/producto\/conjunto-bralette-tul-puntilla-saten-y-tanga-suave-z402\/\",\"name\":\"Conjunto Bralette Tul Puntilla Saten Y Tanga Suave Z402 -\",\"isPartOf\":{\"@id\":\"https:\/\/butterflyeffect.com.ar\/#website\"},\"primaryImageOfPage\":{\"@id\":\"https:\/\/butterflyeffect.com.ar\/index.php\/producto\/conjunto-bralette-tul-puntilla-saten-y-tanga-suave-z402\/#primaryimage\"},\"image\":{\"@id\":\"https:\/\/butterflyeffect.com.ar\/index.php\/producto\/conjunto-bralette-tul-puntilla-saten-y-tanga-suave-z402\/#primaryimage\"},\"thumbnailUrl\":\"https:\/\/butterflyeffect.com.ar\/wp-content\/uploads\/2025\/12\/D_972629-MLA90034723297_082025-F.jpg\",\"datePublished\":\"2025-12-22T23:35:14+00:00\",\"dateModified\":\"2026-04-27T17:49:45+00:00\",\"breadcrumb\":{\"@id\":\"https:\/\/butterflyeffect.com.ar\/index.php\/producto\/conjunto-bralette-tul-puntilla-saten-y-tanga-suave-z402\/#breadcrumb\"},\"inLanguage\":\"es\",\"potentialAction\":[{\"@type\":\"ReadAction\",\"target\":[\"https:\/\/butterflyeffect.com.ar\/index.php\/producto\/conjunto-bralette-tul-puntilla-saten-y-tanga-suave-z402\/\"]}]},{\"@type\":\"ImageObject\",\"inLanguage\":\"es\",\"@id\":\"https:\/\/butterflyeffect.com.ar\/index.php\/producto\/conjunto-bralette-tul-puntilla-saten-y-tanga-suave-z402\/#primaryimage\",\"url\":\"https:\/\/butterflyeffect.com.ar\/wp-content\/uploads\/2025\/12\/D_972629-MLA90034723297_082025-F.jpg\",\"contentUrl\":\"https:\/\/butterflyeffect.com.ar\/wp-content\/uploads\/2025\/12\/D_972629-MLA90034723297_082025-F.jpg\",\"width\":741,\"height\":1200},{\"@type\":\"BreadcrumbList\",\"@id\":\"https:\/\/butterflyeffect.com.ar\/index.php\/producto\/conjunto-bralette-tul-puntilla-saten-y-tanga-suave-z402\/#breadcrumb\",\"itemListElement\":[{\"@type\":\"ListItem\",\"position\":1,\"name\":\"Portada\",\"item\":\"https:\/\/butterflyeffect.com.ar\/\"},{\"@type\":\"ListItem\",\"position\":2,\"name\":\"Tienda\",\"item\":\"https:\/\/butterflyeffect.com.ar\/index.php\/tienda\/\"},{\"@type\":\"ListItem\",\"position\":3,\"name\":\"Conjunto Bralette Tul Puntilla Saten Y Tanga Suave Z402\"}]},{\"@type\":\"WebSite\",\"@id\":\"https:\/\/butterflyeffect.com.ar\/#website\",\"url\":\"https:\/\/butterflyeffect.com.ar\/\",\"name\":\"Butterfly Effect\",\"description\":\"Premium Sex Tech Toys &amp; Cosmetica Intima\",\"publisher\":{\"@id\":\"https:\/\/butterflyeffect.com.ar\/#organization\"},\"potentialAction\":[{\"@type\":\"SearchAction\",\"target\":{\"@type\":\"EntryPoint\",\"urlTemplate\":\"https:\/\/butterflyeffect.com.ar\/?s={search_term_string}\"},\"query-input\":{\"@type\":\"PropertyValueSpecification\",\"valueRequired\":true,\"valueName\":\"search_term_string\"}}],\"inLanguage\":\"es\"},{\"@type\":\"Organization\",\"@id\":\"https:\/\/butterflyeffect.com.ar\/#organization\",\"name\":\"The Butterfly Effect\",\"url\":\"https:\/\/butterflyeffect.com.ar\/\",\"logo\":{\"@type\":\"ImageObject\",\"inLanguage\":\"es\",\"@id\":\"https:\/\/butterflyeffect.com.ar\/#\/schema\/logo\/image\/\",\"url\":\"https:\/\/butterflyeffect.com.ar\/wp-content\/uploads\/2023\/06\/cropped-LOGO-FINAL-BE-01.jpg\",\"contentUrl\":\"https:\/\/butterflyeffect.com.ar\/wp-content\/uploads\/2023\/06\/cropped-LOGO-FINAL-BE-01.jpg\",\"width\":766,\"height\":877,\"caption\":\"The Butterfly Effect\"},\"image\":{\"@id\":\"https:\/\/butterflyeffect.com.ar\/#\/schema\/logo\/image\/\"},\"sameAs\":[\"https:\/\/www.instagram.com\/butterflyeffect_ar\/\"]}]}<\/script>\n<!-- \/ Yoast SEO plugin. -->","yoast_head_json":{"title":"Conjunto Bralette Tul Puntilla Saten Y Tanga Suave Z402 -","robots":{"index":"index","follow":"follow","max-snippet":"max-snippet:-1","max-image-preview":"max-image-preview:large","max-video-preview":"max-video-preview:-1"},"canonical":"https:\/\/butterflyeffect.com.ar\/index.php\/producto\/conjunto-bralette-tul-puntilla-saten-y-tanga-suave-z402\/","og_locale":"es_ES","og_type":"article","og_title":"Conjunto Bralette Tul Puntilla Saten Y Tanga Suave Z402 -","og_description":"Descubre la elegancia y sensualidad del Baby Doll Body Less de la marca Butterfly Effect. Este conjunto elaborado con delicados materiales como tul y puntilla est\u00e1 dise\u00f1ado para resaltar la silueta femenina, brindando un toque de sofisticaci\u00f3n a tu vestuario \u00edntimo. Con un bralette que acent\u00faa tus curvas y una tanga que ofrece un acabado perfecto, cada detalle est\u00e1 pensado para ofrecer comodidad sin sacrificar el estilo. Este modelo Z402 es ideal para la mujer moderna que desea sentirse atractiva y segura en cualquier ocasi\u00f3n. La combinaci\u00f3n de satin y tul proporciona una suavidad que se adapta a la piel, mientras que la delicada puntilla a\u00f1ade un aire rom\u00e1ntico y seductor. No esperes m\u00e1s para hacer de este conjunto una adici\u00f3n esencial a tu colecci\u00f3n de lencer\u00eda. La inclusi\u00f3n de bombacha en este conjunto asegura que cada parte de tu atuendo \u00edntimo est\u00e9 cuidadosamente dise\u00f1ada para complementar tu belleza. Perfecto para ocasiones especiales o para esos momentos en los que deseas sorprender, este baby doll es una expresi\u00f3n de tu feminidad y estilo propio. Atr\u00e9vete a ser el centro de atenci\u00f3n con esta pieza que redefine la lencer\u00eda sexy.","og_url":"https:\/\/butterflyeffect.com.ar\/index.php\/producto\/conjunto-bralette-tul-puntilla-saten-y-tanga-suave-z402\/","article_modified_time":"2026-04-27T17:49:45+00:00","og_image":[{"width":741,"height":1200,"url":"https:\/\/butterflyeffect.com.ar\/wp-content\/uploads\/2025\/12\/D_972629-MLA90034723297_082025-F.jpg","type":"image\/jpeg"}],"twitter_card":"summary_large_image","twitter_misc":{"Tiempo de lectura":"1 minuto"},"schema":{"@context":"https:\/\/schema.org","@graph":[{"@type":"WebPage","@id":"https:\/\/butterflyeffect.com.ar\/index.php\/producto\/conjunto-bralette-tul-puntilla-saten-y-tanga-suave-z402\/","url":"https:\/\/butterflyeffect.com.ar\/index.php\/producto\/conjunto-bralette-tul-puntilla-saten-y-tanga-suave-z402\/","name":"Conjunto Bralette Tul Puntilla Saten Y Tanga Suave Z402 -","isPartOf":{"@id":"https:\/\/butterflyeffect.com.ar\/#website"},"primaryImageOfPage":{"@id":"https:\/\/butterflyeffect.com.ar\/index.php\/producto\/conjunto-bralette-tul-puntilla-saten-y-tanga-suave-z402\/#primaryimage"},"image":{"@id":"https:\/\/butterflyeffect.com.ar\/index.php\/producto\/conjunto-bralette-tul-puntilla-saten-y-tanga-suave-z402\/#primaryimage"},"thumbnailUrl":"https:\/\/butterflyeffect.com.ar\/wp-content\/uploads\/2025\/12\/D_972629-MLA90034723297_082025-F.jpg","datePublished":"2025-12-22T23:35:14+00:00","dateModified":"2026-04-27T17:49:45+00:00","breadcrumb":{"@id":"https:\/\/butterflyeffect.com.ar\/index.php\/producto\/conjunto-bralette-tul-puntilla-saten-y-tanga-suave-z402\/#breadcrumb"},"inLanguage":"es","potentialAction":[{"@type":"ReadAction","target":["https:\/\/butterflyeffect.com.ar\/index.php\/producto\/conjunto-bralette-tul-puntilla-saten-y-tanga-suave-z402\/"]}]},{"@type":"ImageObject","inLanguage":"es","@id":"https:\/\/butterflyeffect.com.ar\/index.php\/producto\/conjunto-bralette-tul-puntilla-saten-y-tanga-suave-z402\/#primaryimage","url":"https:\/\/butterflyeffect.com.ar\/wp-content\/uploads\/2025\/12\/D_972629-MLA90034723297_082025-F.jpg","contentUrl":"https:\/\/butterflyeffect.com.ar\/wp-content\/uploads\/2025\/12\/D_972629-MLA90034723297_082025-F.jpg","width":741,"height":1200},{"@type":"BreadcrumbList","@id":"https:\/\/butterflyeffect.com.ar\/index.php\/producto\/conjunto-bralette-tul-puntilla-saten-y-tanga-suave-z402\/#breadcrumb","itemListElement":[{"@type":"ListItem","position":1,"name":"Portada","item":"https:\/\/butterflyeffect.com.ar\/"},{"@type":"ListItem","position":2,"name":"Tienda","item":"https:\/\/butterflyeffect.com.ar\/index.php\/tienda\/"},{"@type":"ListItem","position":3,"name":"Conjunto Bralette Tul Puntilla Saten Y Tanga Suave Z402"}]},{"@type":"WebSite","@id":"https:\/\/butterflyeffect.com.ar\/#website","url":"https:\/\/butterflyeffect.com.ar\/","name":"Butterfly Effect","description":"Premium Sex Tech Toys &amp; Cosmetica Intima","publisher":{"@id":"https:\/\/butterflyeffect.com.ar\/#organization"},"potentialAction":[{"@type":"SearchAction","target":{"@type":"EntryPoint","urlTemplate":"https:\/\/butterflyeffect.com.ar\/?s={search_term_string}"},"query-input":{"@type":"PropertyValueSpecification","valueRequired":true,"valueName":"search_term_string"}}],"inLanguage":"es"},{"@type":"Organization","@id":"https:\/\/butterflyeffect.com.ar\/#organization","name":"The Butterfly Effect","url":"https:\/\/butterflyeffect.com.ar\/","logo":{"@type":"ImageObject","inLanguage":"es","@id":"https:\/\/butterflyeffect.com.ar\/#\/schema\/logo\/image\/","url":"https:\/\/butterflyeffect.com.ar\/wp-content\/uploads\/2023\/06\/cropped-LOGO-FINAL-BE-01.jpg","contentUrl":"https:\/\/butterflyeffect.com.ar\/wp-content\/uploads\/2023\/06\/cropped-LOGO-FINAL-BE-01.jpg","width":766,"height":877,"caption":"The Butterfly Effect"},"image":{"@id":"https:\/\/butterflyeffect.com.ar\/#\/schema\/logo\/image\/"},"sameAs":["https:\/\/www.instagram.com\/butterflyeffect_ar\/"]}]}},"_links":{"self":[{"href":"https:\/\/butterflyeffect.com.ar\/index.php\/wp-json\/wp\/v2\/product\/2435","targetHints":{"allow":["GET"]}}],"collection":[{"href":"https:\/\/butterflyeffect.com.ar\/index.php\/wp-json\/wp\/v2\/product"}],"about":[{"href":"https:\/\/butterflyeffect.com.ar\/index.php\/wp-json\/wp\/v2\/types\/product"}],"replies":[{"embeddable":true,"href":"https:\/\/butterflyeffect.com.ar\/index.php\/wp-json\/wp\/v2\/comments?post=2435"}],"wp:featuredmedia":[{"embeddable":true,"href":"https:\/\/butterflyeffect.com.ar\/index.php\/wp-json\/wp\/v2\/media\/2434"}],"wp:attachment":[{"href":"https:\/\/butterflyeffect.com.ar\/index.php\/wp-json\/wp\/v2\/media?parent=2435"}],"wp:term":[{"taxonomy":"product_brand","embeddable":true,"href":"https:\/\/butterflyeffect.com.ar\/index.php\/wp-json\/wp\/v2\/product_brand?post=2435"},{"taxonomy":"product_cat","embeddable":true,"href":"https:\/\/butterflyeffect.com.ar\/index.php\/wp-json\/wp\/v2\/product_cat?post=2435"},{"taxonomy":"product_tag","embeddable":true,"href":"https:\/\/butterflyeffect.com.ar\/index.php\/wp-json\/wp\/v2\/product_tag?post=2435"}],"curies":[{"name":"wp","href":"https:\/\/api.w.org\/{rel}","templated":true}]}}