{"id":2426,"date":"2025-12-22T23:35:04","date_gmt":"2025-12-22T23:35:04","guid":{"rendered":"https:\/\/butterflyeffect.com.ar\/index.php\/producto\/baby-doll-body-less-lenceria-sexy-be-sensual-1073\/"},"modified":"2026-04-27T17:49:33","modified_gmt":"2026-04-27T17:49:33","slug":"baby-doll-body-less-lenceria-sexy-be-sensual-1073","status":"publish","type":"product","link":"https:\/\/butterflyeffect.com.ar\/index.php\/producto\/baby-doll-body-less-lenceria-sexy-be-sensual-1073\/","title":{"rendered":"Baby Doll Body Less, Lenceria Sexy Be Sensual 1073"},"content":{"rendered":"<p>Descubre la elegancia y sensualidad del Baby Doll Body Less, dise\u00f1ado para resaltar la belleza femenina. Este conjunto de lencer\u00eda sexy de la reconocida marca BUTTERFLY EFFECT es perfecto para aquellas mujeres que desean sentirse empoderadas y deseadas. Confeccionado en una mezcla exquisita de tul, sat\u00e9n y encaje, este modelo se adapta perfectamente a tus curvas, brindando una silueta encantadora y seductora.<\/p>\n<p>El Baby Doll Body Less incluye una bombacha a juego, creando un conjunto completo que realza tu figura y te permite expresar tu estilo personal. Ideal para ocasiones especiales o momentos \u00edntimos, su dise\u00f1o sofisticado y encantador encantar\u00e1 a quien tenga la suerte de verte. La combinaci\u00f3n de texturas y materiales aporta un aire de lujo y comodidad, haciendo que cada uso sea una experiencia \u00fanica.<\/p>\n<p>Perfecto para mujeres adultas que buscan a\u00f1adir un toque de glamour y sensualidad a su guardarropa. Este modelo es una elecci\u00f3n excelente para quienes desean combinar elegancia con un toque provocador. Atr\u00e9vete a ser el centro de atenci\u00f3n y a disfrutar de la confianza que este Baby Doll trae consigo.<\/p>\n","protected":false},"excerpt":{"rendered":"<p>Descubre la elegancia y sensualidad del Baby Doll Body Less, dise\u00f1ado para resaltar la belleza femenina. Este conjunto de lencer\u00eda sexy de la reconocida marca BUTTERFLY EFFECT es perfecto para aquellas mujeres que desean sentirse empoderadas y deseadas. Confeccionado en una mezcla exquisita de tul, sat\u00e9n y encaje, este modelo se adapta perfectamente a tus curvas, brindando una silueta encantadora y seductora.<\/p>\n<p>El Baby Doll Body Less incluye una bombacha a juego, creando un conjunto completo que realza tu figura y te permite expresar tu estilo personal. Ideal para ocasiones especiales o momentos \u00edntimos, su dise\u00f1o sofisticado y encantador encantar\u00e1 a quien tenga la suerte de verte. La combinaci\u00f3n de texturas y materiales aporta un aire de lujo y comodidad, haciendo que cada uso sea una experiencia \u00fanica.<\/p>\n<p>Perfecto para mujeres adultas que buscan a\u00f1adir un toque de glamour y sensualidad a su guardarropa. Este modelo es una elecci\u00f3n excelente para quienes desean combinar elegancia con un toque provocador. Atr\u00e9vete a ser el centro de atenci\u00f3n y a disfrutar de la confianza que este Baby Doll trae consigo.<\/p>\n","protected":false},"featured_media":2425,"comment_status":"open","ping_status":"closed","template":"","meta":[],"product_brand":[107],"product_cat":[141,77],"product_tag":[142,143,144],"class_list":{"0":"post-2426","1":"product","2":"type-product","3":"status-publish","4":"has-post-thumbnail","6":"product_brand-butterfly-effect","7":"product_cat-lenceria-sexy","8":"product_cat-productos","9":"product_tag-cola-less","10":"product_tag-lenceria","11":"product_tag-sexy","13":"entry","14":"has-media","16":"first","17":"instock","18":"shipping-taxable","19":"purchasable","20":"product-type-variable","21":"has-product-nav","22":"col","23":"span_1_of_4","24":"owp-content-center","25":"owp-thumbs-layout-horizontal","26":"owp-btn-normal","27":"owp-tabs-layout-horizontal"},"yoast_head":"<!-- This site is optimized with the Yoast SEO plugin v26.0 - https:\/\/yoast.com\/wordpress\/plugins\/seo\/ -->\n<title>Baby Doll Body Less, Lenceria Sexy Be Sensual 1073 -<\/title>\n<meta name=\"robots\" content=\"index, follow, max-snippet:-1, max-image-preview:large, max-video-preview:-1\" \/>\n<link rel=\"canonical\" href=\"https:\/\/butterflyeffect.com.ar\/index.php\/producto\/baby-doll-body-less-lenceria-sexy-be-sensual-1073\/\" \/>\n<meta property=\"og:locale\" content=\"es_ES\" \/>\n<meta property=\"og:type\" content=\"article\" \/>\n<meta property=\"og:title\" content=\"Baby Doll Body Less, Lenceria Sexy Be Sensual 1073 -\" \/>\n<meta property=\"og:description\" content=\"Descubre la elegancia y sensualidad del Baby Doll Body Less, dise\u00f1ado para resaltar la belleza femenina. Este conjunto de lencer\u00eda sexy de la reconocida marca BUTTERFLY EFFECT es perfecto para aquellas mujeres que desean sentirse empoderadas y deseadas. Confeccionado en una mezcla exquisita de tul, sat\u00e9n y encaje, este modelo se adapta perfectamente a tus curvas, brindando una silueta encantadora y seductora. El Baby Doll Body Less incluye una bombacha a juego, creando un conjunto completo que realza tu figura y te permite expresar tu estilo personal. Ideal para ocasiones especiales o momentos \u00edntimos, su dise\u00f1o sofisticado y encantador encantar\u00e1 a quien tenga la suerte de verte. La combinaci\u00f3n de texturas y materiales aporta un aire de lujo y comodidad, haciendo que cada uso sea una experiencia \u00fanica. Perfecto para mujeres adultas que buscan a\u00f1adir un toque de glamour y sensualidad a su guardarropa. Este modelo es una elecci\u00f3n excelente para quienes desean combinar elegancia con un toque provocador. Atr\u00e9vete a ser el centro de atenci\u00f3n y a disfrutar de la confianza que este Baby Doll trae consigo.\" \/>\n<meta property=\"og:url\" content=\"https:\/\/butterflyeffect.com.ar\/index.php\/producto\/baby-doll-body-less-lenceria-sexy-be-sensual-1073\/\" \/>\n<meta property=\"article:modified_time\" content=\"2026-04-27T17:49:33+00:00\" \/>\n<meta property=\"og:image\" content=\"https:\/\/butterflyeffect.com.ar\/wp-content\/uploads\/2025\/12\/D_761756-MLA89660832642_082025-F.jpg\" \/>\n\t<meta property=\"og:image:width\" content=\"1175\" \/>\n\t<meta property=\"og:image:height\" content=\"1200\" \/>\n\t<meta property=\"og:image:type\" content=\"image\/jpeg\" \/>\n<meta name=\"twitter:card\" content=\"summary_large_image\" \/>\n<meta name=\"twitter:label1\" content=\"Tiempo de lectura\" \/>\n\t<meta name=\"twitter:data1\" content=\"1 minuto\" \/>\n<script type=\"application\/ld+json\" class=\"yoast-schema-graph\">{\"@context\":\"https:\/\/schema.org\",\"@graph\":[{\"@type\":\"WebPage\",\"@id\":\"https:\/\/butterflyeffect.com.ar\/index.php\/producto\/baby-doll-body-less-lenceria-sexy-be-sensual-1073\/\",\"url\":\"https:\/\/butterflyeffect.com.ar\/index.php\/producto\/baby-doll-body-less-lenceria-sexy-be-sensual-1073\/\",\"name\":\"Baby Doll Body Less, Lenceria Sexy Be Sensual 1073 -\",\"isPartOf\":{\"@id\":\"https:\/\/butterflyeffect.com.ar\/#website\"},\"primaryImageOfPage\":{\"@id\":\"https:\/\/butterflyeffect.com.ar\/index.php\/producto\/baby-doll-body-less-lenceria-sexy-be-sensual-1073\/#primaryimage\"},\"image\":{\"@id\":\"https:\/\/butterflyeffect.com.ar\/index.php\/producto\/baby-doll-body-less-lenceria-sexy-be-sensual-1073\/#primaryimage\"},\"thumbnailUrl\":\"https:\/\/butterflyeffect.com.ar\/wp-content\/uploads\/2025\/12\/D_761756-MLA89660832642_082025-F.jpg\",\"datePublished\":\"2025-12-22T23:35:04+00:00\",\"dateModified\":\"2026-04-27T17:49:33+00:00\",\"breadcrumb\":{\"@id\":\"https:\/\/butterflyeffect.com.ar\/index.php\/producto\/baby-doll-body-less-lenceria-sexy-be-sensual-1073\/#breadcrumb\"},\"inLanguage\":\"es\",\"potentialAction\":[{\"@type\":\"ReadAction\",\"target\":[\"https:\/\/butterflyeffect.com.ar\/index.php\/producto\/baby-doll-body-less-lenceria-sexy-be-sensual-1073\/\"]}]},{\"@type\":\"ImageObject\",\"inLanguage\":\"es\",\"@id\":\"https:\/\/butterflyeffect.com.ar\/index.php\/producto\/baby-doll-body-less-lenceria-sexy-be-sensual-1073\/#primaryimage\",\"url\":\"https:\/\/butterflyeffect.com.ar\/wp-content\/uploads\/2025\/12\/D_761756-MLA89660832642_082025-F.jpg\",\"contentUrl\":\"https:\/\/butterflyeffect.com.ar\/wp-content\/uploads\/2025\/12\/D_761756-MLA89660832642_082025-F.jpg\",\"width\":1175,\"height\":1200},{\"@type\":\"BreadcrumbList\",\"@id\":\"https:\/\/butterflyeffect.com.ar\/index.php\/producto\/baby-doll-body-less-lenceria-sexy-be-sensual-1073\/#breadcrumb\",\"itemListElement\":[{\"@type\":\"ListItem\",\"position\":1,\"name\":\"Portada\",\"item\":\"https:\/\/butterflyeffect.com.ar\/\"},{\"@type\":\"ListItem\",\"position\":2,\"name\":\"Tienda\",\"item\":\"https:\/\/butterflyeffect.com.ar\/index.php\/tienda\/\"},{\"@type\":\"ListItem\",\"position\":3,\"name\":\"Baby Doll Body Less, Lenceria Sexy Be Sensual 1073\"}]},{\"@type\":\"WebSite\",\"@id\":\"https:\/\/butterflyeffect.com.ar\/#website\",\"url\":\"https:\/\/butterflyeffect.com.ar\/\",\"name\":\"Butterfly Effect\",\"description\":\"Premium Sex Tech Toys &amp; Cosmetica Intima\",\"publisher\":{\"@id\":\"https:\/\/butterflyeffect.com.ar\/#organization\"},\"potentialAction\":[{\"@type\":\"SearchAction\",\"target\":{\"@type\":\"EntryPoint\",\"urlTemplate\":\"https:\/\/butterflyeffect.com.ar\/?s={search_term_string}\"},\"query-input\":{\"@type\":\"PropertyValueSpecification\",\"valueRequired\":true,\"valueName\":\"search_term_string\"}}],\"inLanguage\":\"es\"},{\"@type\":\"Organization\",\"@id\":\"https:\/\/butterflyeffect.com.ar\/#organization\",\"name\":\"The Butterfly Effect\",\"url\":\"https:\/\/butterflyeffect.com.ar\/\",\"logo\":{\"@type\":\"ImageObject\",\"inLanguage\":\"es\",\"@id\":\"https:\/\/butterflyeffect.com.ar\/#\/schema\/logo\/image\/\",\"url\":\"https:\/\/butterflyeffect.com.ar\/wp-content\/uploads\/2023\/06\/cropped-LOGO-FINAL-BE-01.jpg\",\"contentUrl\":\"https:\/\/butterflyeffect.com.ar\/wp-content\/uploads\/2023\/06\/cropped-LOGO-FINAL-BE-01.jpg\",\"width\":766,\"height\":877,\"caption\":\"The Butterfly Effect\"},\"image\":{\"@id\":\"https:\/\/butterflyeffect.com.ar\/#\/schema\/logo\/image\/\"},\"sameAs\":[\"https:\/\/www.instagram.com\/butterflyeffect_ar\/\"]}]}<\/script>\n<!-- \/ Yoast SEO plugin. -->","yoast_head_json":{"title":"Baby Doll Body Less, Lenceria Sexy Be Sensual 1073 -","robots":{"index":"index","follow":"follow","max-snippet":"max-snippet:-1","max-image-preview":"max-image-preview:large","max-video-preview":"max-video-preview:-1"},"canonical":"https:\/\/butterflyeffect.com.ar\/index.php\/producto\/baby-doll-body-less-lenceria-sexy-be-sensual-1073\/","og_locale":"es_ES","og_type":"article","og_title":"Baby Doll Body Less, Lenceria Sexy Be Sensual 1073 -","og_description":"Descubre la elegancia y sensualidad del Baby Doll Body Less, dise\u00f1ado para resaltar la belleza femenina. Este conjunto de lencer\u00eda sexy de la reconocida marca BUTTERFLY EFFECT es perfecto para aquellas mujeres que desean sentirse empoderadas y deseadas. Confeccionado en una mezcla exquisita de tul, sat\u00e9n y encaje, este modelo se adapta perfectamente a tus curvas, brindando una silueta encantadora y seductora. El Baby Doll Body Less incluye una bombacha a juego, creando un conjunto completo que realza tu figura y te permite expresar tu estilo personal. Ideal para ocasiones especiales o momentos \u00edntimos, su dise\u00f1o sofisticado y encantador encantar\u00e1 a quien tenga la suerte de verte. La combinaci\u00f3n de texturas y materiales aporta un aire de lujo y comodidad, haciendo que cada uso sea una experiencia \u00fanica. Perfecto para mujeres adultas que buscan a\u00f1adir un toque de glamour y sensualidad a su guardarropa. Este modelo es una elecci\u00f3n excelente para quienes desean combinar elegancia con un toque provocador. Atr\u00e9vete a ser el centro de atenci\u00f3n y a disfrutar de la confianza que este Baby Doll trae consigo.","og_url":"https:\/\/butterflyeffect.com.ar\/index.php\/producto\/baby-doll-body-less-lenceria-sexy-be-sensual-1073\/","article_modified_time":"2026-04-27T17:49:33+00:00","og_image":[{"width":1175,"height":1200,"url":"https:\/\/butterflyeffect.com.ar\/wp-content\/uploads\/2025\/12\/D_761756-MLA89660832642_082025-F.jpg","type":"image\/jpeg"}],"twitter_card":"summary_large_image","twitter_misc":{"Tiempo de lectura":"1 minuto"},"schema":{"@context":"https:\/\/schema.org","@graph":[{"@type":"WebPage","@id":"https:\/\/butterflyeffect.com.ar\/index.php\/producto\/baby-doll-body-less-lenceria-sexy-be-sensual-1073\/","url":"https:\/\/butterflyeffect.com.ar\/index.php\/producto\/baby-doll-body-less-lenceria-sexy-be-sensual-1073\/","name":"Baby Doll Body Less, Lenceria Sexy Be Sensual 1073 -","isPartOf":{"@id":"https:\/\/butterflyeffect.com.ar\/#website"},"primaryImageOfPage":{"@id":"https:\/\/butterflyeffect.com.ar\/index.php\/producto\/baby-doll-body-less-lenceria-sexy-be-sensual-1073\/#primaryimage"},"image":{"@id":"https:\/\/butterflyeffect.com.ar\/index.php\/producto\/baby-doll-body-less-lenceria-sexy-be-sensual-1073\/#primaryimage"},"thumbnailUrl":"https:\/\/butterflyeffect.com.ar\/wp-content\/uploads\/2025\/12\/D_761756-MLA89660832642_082025-F.jpg","datePublished":"2025-12-22T23:35:04+00:00","dateModified":"2026-04-27T17:49:33+00:00","breadcrumb":{"@id":"https:\/\/butterflyeffect.com.ar\/index.php\/producto\/baby-doll-body-less-lenceria-sexy-be-sensual-1073\/#breadcrumb"},"inLanguage":"es","potentialAction":[{"@type":"ReadAction","target":["https:\/\/butterflyeffect.com.ar\/index.php\/producto\/baby-doll-body-less-lenceria-sexy-be-sensual-1073\/"]}]},{"@type":"ImageObject","inLanguage":"es","@id":"https:\/\/butterflyeffect.com.ar\/index.php\/producto\/baby-doll-body-less-lenceria-sexy-be-sensual-1073\/#primaryimage","url":"https:\/\/butterflyeffect.com.ar\/wp-content\/uploads\/2025\/12\/D_761756-MLA89660832642_082025-F.jpg","contentUrl":"https:\/\/butterflyeffect.com.ar\/wp-content\/uploads\/2025\/12\/D_761756-MLA89660832642_082025-F.jpg","width":1175,"height":1200},{"@type":"BreadcrumbList","@id":"https:\/\/butterflyeffect.com.ar\/index.php\/producto\/baby-doll-body-less-lenceria-sexy-be-sensual-1073\/#breadcrumb","itemListElement":[{"@type":"ListItem","position":1,"name":"Portada","item":"https:\/\/butterflyeffect.com.ar\/"},{"@type":"ListItem","position":2,"name":"Tienda","item":"https:\/\/butterflyeffect.com.ar\/index.php\/tienda\/"},{"@type":"ListItem","position":3,"name":"Baby Doll Body Less, Lenceria Sexy Be Sensual 1073"}]},{"@type":"WebSite","@id":"https:\/\/butterflyeffect.com.ar\/#website","url":"https:\/\/butterflyeffect.com.ar\/","name":"Butterfly Effect","description":"Premium Sex Tech Toys &amp; Cosmetica Intima","publisher":{"@id":"https:\/\/butterflyeffect.com.ar\/#organization"},"potentialAction":[{"@type":"SearchAction","target":{"@type":"EntryPoint","urlTemplate":"https:\/\/butterflyeffect.com.ar\/?s={search_term_string}"},"query-input":{"@type":"PropertyValueSpecification","valueRequired":true,"valueName":"search_term_string"}}],"inLanguage":"es"},{"@type":"Organization","@id":"https:\/\/butterflyeffect.com.ar\/#organization","name":"The Butterfly Effect","url":"https:\/\/butterflyeffect.com.ar\/","logo":{"@type":"ImageObject","inLanguage":"es","@id":"https:\/\/butterflyeffect.com.ar\/#\/schema\/logo\/image\/","url":"https:\/\/butterflyeffect.com.ar\/wp-content\/uploads\/2023\/06\/cropped-LOGO-FINAL-BE-01.jpg","contentUrl":"https:\/\/butterflyeffect.com.ar\/wp-content\/uploads\/2023\/06\/cropped-LOGO-FINAL-BE-01.jpg","width":766,"height":877,"caption":"The Butterfly Effect"},"image":{"@id":"https:\/\/butterflyeffect.com.ar\/#\/schema\/logo\/image\/"},"sameAs":["https:\/\/www.instagram.com\/butterflyeffect_ar\/"]}]}},"_links":{"self":[{"href":"https:\/\/butterflyeffect.com.ar\/index.php\/wp-json\/wp\/v2\/product\/2426","targetHints":{"allow":["GET"]}}],"collection":[{"href":"https:\/\/butterflyeffect.com.ar\/index.php\/wp-json\/wp\/v2\/product"}],"about":[{"href":"https:\/\/butterflyeffect.com.ar\/index.php\/wp-json\/wp\/v2\/types\/product"}],"replies":[{"embeddable":true,"href":"https:\/\/butterflyeffect.com.ar\/index.php\/wp-json\/wp\/v2\/comments?post=2426"}],"wp:featuredmedia":[{"embeddable":true,"href":"https:\/\/butterflyeffect.com.ar\/index.php\/wp-json\/wp\/v2\/media\/2425"}],"wp:attachment":[{"href":"https:\/\/butterflyeffect.com.ar\/index.php\/wp-json\/wp\/v2\/media?parent=2426"}],"wp:term":[{"taxonomy":"product_brand","embeddable":true,"href":"https:\/\/butterflyeffect.com.ar\/index.php\/wp-json\/wp\/v2\/product_brand?post=2426"},{"taxonomy":"product_cat","embeddable":true,"href":"https:\/\/butterflyeffect.com.ar\/index.php\/wp-json\/wp\/v2\/product_cat?post=2426"},{"taxonomy":"product_tag","embeddable":true,"href":"https:\/\/butterflyeffect.com.ar\/index.php\/wp-json\/wp\/v2\/product_tag?post=2426"}],"curies":[{"name":"wp","href":"https:\/\/api.w.org\/{rel}","templated":true}]}}