{"id":2419,"date":"2025-12-22T23:34:51","date_gmt":"2025-12-22T23:34:51","guid":{"rendered":"https:\/\/butterflyeffect.com.ar\/index.php\/producto\/conjunto-bralette-y-tanga-cola-less-be-suave-sensual-s190\/"},"modified":"2026-04-27T17:49:53","modified_gmt":"2026-04-27T17:49:53","slug":"conjunto-bralette-y-tanga-cola-less-be-suave-sensual-s190","status":"publish","type":"product","link":"https:\/\/butterflyeffect.com.ar\/index.php\/producto\/conjunto-bralette-y-tanga-cola-less-be-suave-sensual-s190\/","title":{"rendered":"Conjunto Bralette Y Tanga Cola Less Be Suave Sensual S190"},"content":{"rendered":"<p>El Conjunto Bralette y Tanga Cola Less Be Suave Sensual S190 de la marca BUTTERFLY EFFECT es una opci\u00f3n ideal para quienes buscan comodidad y estilo. Este conjunto, confeccionado en encaje de alta calidad y poli\u00e9ster, garantiza un ajuste perfecto que realza la figura femenina mientras proporciona un suave toque al tacto.<\/p>\n<p>Dise\u00f1ado espec\u00edficamente para adultos, el bralette cuenta con tiras delicadas que aportan un aire de sensualidad sin sacrificar la comodidad. Su dise\u00f1o less permite una libertad de movimiento, siendo perfecto para el uso diario o para ocasiones especiales. La bombacha incluida complementa el conjunto, ofreciendo una est\u00e9tica armoniosa que celebra la feminidad.<\/p>\n<p>Con la propuesta de este conjunto, cada mujer puede sentir confianza y elegancia, ya sea en la intimidad del hogar o en momentos m\u00e1s especiales. La combinaci\u00f3n de materiales ligeros y un dise\u00f1o moderno hace de este conjunto una elecci\u00f3n excepcional para cada guardajapones. Eleve su lencer\u00eda con la sofisticaci\u00f3n que ofrece el conjunto S190 y d\u00e9jese envolver por su suavidad y sensualidad.<\/p>\n","protected":false},"excerpt":{"rendered":"<p>El Conjunto Bralette y Tanga Cola Less Be Suave Sensual S190 de la marca BUTTERFLY EFFECT es una opci\u00f3n ideal para quienes buscan comodidad y estilo. Este conjunto, confeccionado en encaje de alta calidad y poli\u00e9ster, garantiza un ajuste perfecto que realza la figura femenina mientras proporciona un suave toque al tacto.<\/p>\n<p>Dise\u00f1ado espec\u00edficamente para adultos, el bralette cuenta con tiras delicadas que aportan un aire de sensualidad sin sacrificar la comodidad. Su dise\u00f1o less permite una libertad de movimiento, siendo perfecto para el uso diario o para ocasiones especiales. La bombacha incluida complementa el conjunto, ofreciendo una est\u00e9tica armoniosa que celebra la feminidad.<\/p>\n<p>Con la propuesta de este conjunto, cada mujer puede sentir confianza y elegancia, ya sea en la intimidad del hogar o en momentos m\u00e1s especiales. La combinaci\u00f3n de materiales ligeros y un dise\u00f1o moderno hace de este conjunto una elecci\u00f3n excepcional para cada guardajapones. Eleve su lencer\u00eda con la sofisticaci\u00f3n que ofrece el conjunto S190 y d\u00e9jese envolver por su suavidad y sensualidad.<\/p>\n","protected":false},"featured_media":2418,"comment_status":"open","ping_status":"closed","template":"","meta":[],"product_brand":[107],"product_cat":[141,77],"product_tag":[142,143,144],"class_list":{"0":"post-2419","1":"product","2":"type-product","3":"status-publish","4":"has-post-thumbnail","6":"product_brand-butterfly-effect","7":"product_cat-lenceria-sexy","8":"product_cat-productos","9":"product_tag-cola-less","10":"product_tag-lenceria","11":"product_tag-sexy","13":"entry","14":"has-media","16":"first","17":"instock","18":"shipping-taxable","19":"purchasable","20":"product-type-variable","21":"has-product-nav","22":"col","23":"span_1_of_4","24":"owp-content-center","25":"owp-thumbs-layout-horizontal","26":"owp-btn-normal","27":"owp-tabs-layout-horizontal"},"yoast_head":"<!-- This site is optimized with the Yoast SEO plugin v26.0 - https:\/\/yoast.com\/wordpress\/plugins\/seo\/ -->\n<title>Conjunto Bralette Y Tanga Cola Less Be Suave Sensual S190 -<\/title>\n<meta name=\"robots\" content=\"index, follow, max-snippet:-1, max-image-preview:large, max-video-preview:-1\" \/>\n<link rel=\"canonical\" href=\"https:\/\/butterflyeffect.com.ar\/index.php\/producto\/conjunto-bralette-y-tanga-cola-less-be-suave-sensual-s190\/\" \/>\n<meta property=\"og:locale\" content=\"es_ES\" \/>\n<meta property=\"og:type\" content=\"article\" \/>\n<meta property=\"og:title\" content=\"Conjunto Bralette Y Tanga Cola Less Be Suave Sensual S190 -\" \/>\n<meta property=\"og:description\" content=\"El Conjunto Bralette y Tanga Cola Less Be Suave Sensual S190 de la marca BUTTERFLY EFFECT es una opci\u00f3n ideal para quienes buscan comodidad y estilo. Este conjunto, confeccionado en encaje de alta calidad y poli\u00e9ster, garantiza un ajuste perfecto que realza la figura femenina mientras proporciona un suave toque al tacto. Dise\u00f1ado espec\u00edficamente para adultos, el bralette cuenta con tiras delicadas que aportan un aire de sensualidad sin sacrificar la comodidad. Su dise\u00f1o less permite una libertad de movimiento, siendo perfecto para el uso diario o para ocasiones especiales. La bombacha incluida complementa el conjunto, ofreciendo una est\u00e9tica armoniosa que celebra la feminidad. Con la propuesta de este conjunto, cada mujer puede sentir confianza y elegancia, ya sea en la intimidad del hogar o en momentos m\u00e1s especiales. La combinaci\u00f3n de materiales ligeros y un dise\u00f1o moderno hace de este conjunto una elecci\u00f3n excepcional para cada guardajapones. Eleve su lencer\u00eda con la sofisticaci\u00f3n que ofrece el conjunto S190 y d\u00e9jese envolver por su suavidad y sensualidad.\" \/>\n<meta property=\"og:url\" content=\"https:\/\/butterflyeffect.com.ar\/index.php\/producto\/conjunto-bralette-y-tanga-cola-less-be-suave-sensual-s190\/\" \/>\n<meta property=\"article:modified_time\" content=\"2026-04-27T17:49:53+00:00\" \/>\n<meta property=\"og:image\" content=\"https:\/\/butterflyeffect.com.ar\/wp-content\/uploads\/2025\/12\/D_680556-MLA90034683779_082025-F.jpg\" \/>\n\t<meta property=\"og:image:width\" content=\"908\" \/>\n\t<meta property=\"og:image:height\" content=\"1200\" \/>\n\t<meta property=\"og:image:type\" content=\"image\/jpeg\" \/>\n<meta name=\"twitter:card\" content=\"summary_large_image\" \/>\n<meta name=\"twitter:label1\" content=\"Tiempo de lectura\" \/>\n\t<meta name=\"twitter:data1\" content=\"1 minuto\" \/>\n<script type=\"application\/ld+json\" class=\"yoast-schema-graph\">{\"@context\":\"https:\/\/schema.org\",\"@graph\":[{\"@type\":\"WebPage\",\"@id\":\"https:\/\/butterflyeffect.com.ar\/index.php\/producto\/conjunto-bralette-y-tanga-cola-less-be-suave-sensual-s190\/\",\"url\":\"https:\/\/butterflyeffect.com.ar\/index.php\/producto\/conjunto-bralette-y-tanga-cola-less-be-suave-sensual-s190\/\",\"name\":\"Conjunto Bralette Y Tanga Cola Less Be Suave Sensual S190 -\",\"isPartOf\":{\"@id\":\"https:\/\/butterflyeffect.com.ar\/#website\"},\"primaryImageOfPage\":{\"@id\":\"https:\/\/butterflyeffect.com.ar\/index.php\/producto\/conjunto-bralette-y-tanga-cola-less-be-suave-sensual-s190\/#primaryimage\"},\"image\":{\"@id\":\"https:\/\/butterflyeffect.com.ar\/index.php\/producto\/conjunto-bralette-y-tanga-cola-less-be-suave-sensual-s190\/#primaryimage\"},\"thumbnailUrl\":\"https:\/\/butterflyeffect.com.ar\/wp-content\/uploads\/2025\/12\/D_680556-MLA90034683779_082025-F.jpg\",\"datePublished\":\"2025-12-22T23:34:51+00:00\",\"dateModified\":\"2026-04-27T17:49:53+00:00\",\"breadcrumb\":{\"@id\":\"https:\/\/butterflyeffect.com.ar\/index.php\/producto\/conjunto-bralette-y-tanga-cola-less-be-suave-sensual-s190\/#breadcrumb\"},\"inLanguage\":\"es\",\"potentialAction\":[{\"@type\":\"ReadAction\",\"target\":[\"https:\/\/butterflyeffect.com.ar\/index.php\/producto\/conjunto-bralette-y-tanga-cola-less-be-suave-sensual-s190\/\"]}]},{\"@type\":\"ImageObject\",\"inLanguage\":\"es\",\"@id\":\"https:\/\/butterflyeffect.com.ar\/index.php\/producto\/conjunto-bralette-y-tanga-cola-less-be-suave-sensual-s190\/#primaryimage\",\"url\":\"https:\/\/butterflyeffect.com.ar\/wp-content\/uploads\/2025\/12\/D_680556-MLA90034683779_082025-F.jpg\",\"contentUrl\":\"https:\/\/butterflyeffect.com.ar\/wp-content\/uploads\/2025\/12\/D_680556-MLA90034683779_082025-F.jpg\",\"width\":908,\"height\":1200},{\"@type\":\"BreadcrumbList\",\"@id\":\"https:\/\/butterflyeffect.com.ar\/index.php\/producto\/conjunto-bralette-y-tanga-cola-less-be-suave-sensual-s190\/#breadcrumb\",\"itemListElement\":[{\"@type\":\"ListItem\",\"position\":1,\"name\":\"Portada\",\"item\":\"https:\/\/butterflyeffect.com.ar\/\"},{\"@type\":\"ListItem\",\"position\":2,\"name\":\"Tienda\",\"item\":\"https:\/\/butterflyeffect.com.ar\/index.php\/tienda\/\"},{\"@type\":\"ListItem\",\"position\":3,\"name\":\"Conjunto Bralette Y Tanga Cola Less Be Suave Sensual S190\"}]},{\"@type\":\"WebSite\",\"@id\":\"https:\/\/butterflyeffect.com.ar\/#website\",\"url\":\"https:\/\/butterflyeffect.com.ar\/\",\"name\":\"Butterfly Effect\",\"description\":\"Premium Sex Tech Toys &amp; Cosmetica Intima\",\"publisher\":{\"@id\":\"https:\/\/butterflyeffect.com.ar\/#organization\"},\"potentialAction\":[{\"@type\":\"SearchAction\",\"target\":{\"@type\":\"EntryPoint\",\"urlTemplate\":\"https:\/\/butterflyeffect.com.ar\/?s={search_term_string}\"},\"query-input\":{\"@type\":\"PropertyValueSpecification\",\"valueRequired\":true,\"valueName\":\"search_term_string\"}}],\"inLanguage\":\"es\"},{\"@type\":\"Organization\",\"@id\":\"https:\/\/butterflyeffect.com.ar\/#organization\",\"name\":\"The Butterfly Effect\",\"url\":\"https:\/\/butterflyeffect.com.ar\/\",\"logo\":{\"@type\":\"ImageObject\",\"inLanguage\":\"es\",\"@id\":\"https:\/\/butterflyeffect.com.ar\/#\/schema\/logo\/image\/\",\"url\":\"https:\/\/butterflyeffect.com.ar\/wp-content\/uploads\/2023\/06\/cropped-LOGO-FINAL-BE-01.jpg\",\"contentUrl\":\"https:\/\/butterflyeffect.com.ar\/wp-content\/uploads\/2023\/06\/cropped-LOGO-FINAL-BE-01.jpg\",\"width\":766,\"height\":877,\"caption\":\"The Butterfly Effect\"},\"image\":{\"@id\":\"https:\/\/butterflyeffect.com.ar\/#\/schema\/logo\/image\/\"},\"sameAs\":[\"https:\/\/www.instagram.com\/butterflyeffect_ar\/\"]}]}<\/script>\n<!-- \/ Yoast SEO plugin. -->","yoast_head_json":{"title":"Conjunto Bralette Y Tanga Cola Less Be Suave Sensual S190 -","robots":{"index":"index","follow":"follow","max-snippet":"max-snippet:-1","max-image-preview":"max-image-preview:large","max-video-preview":"max-video-preview:-1"},"canonical":"https:\/\/butterflyeffect.com.ar\/index.php\/producto\/conjunto-bralette-y-tanga-cola-less-be-suave-sensual-s190\/","og_locale":"es_ES","og_type":"article","og_title":"Conjunto Bralette Y Tanga Cola Less Be Suave Sensual S190 -","og_description":"El Conjunto Bralette y Tanga Cola Less Be Suave Sensual S190 de la marca BUTTERFLY EFFECT es una opci\u00f3n ideal para quienes buscan comodidad y estilo. Este conjunto, confeccionado en encaje de alta calidad y poli\u00e9ster, garantiza un ajuste perfecto que realza la figura femenina mientras proporciona un suave toque al tacto. Dise\u00f1ado espec\u00edficamente para adultos, el bralette cuenta con tiras delicadas que aportan un aire de sensualidad sin sacrificar la comodidad. Su dise\u00f1o less permite una libertad de movimiento, siendo perfecto para el uso diario o para ocasiones especiales. La bombacha incluida complementa el conjunto, ofreciendo una est\u00e9tica armoniosa que celebra la feminidad. Con la propuesta de este conjunto, cada mujer puede sentir confianza y elegancia, ya sea en la intimidad del hogar o en momentos m\u00e1s especiales. La combinaci\u00f3n de materiales ligeros y un dise\u00f1o moderno hace de este conjunto una elecci\u00f3n excepcional para cada guardajapones. Eleve su lencer\u00eda con la sofisticaci\u00f3n que ofrece el conjunto S190 y d\u00e9jese envolver por su suavidad y sensualidad.","og_url":"https:\/\/butterflyeffect.com.ar\/index.php\/producto\/conjunto-bralette-y-tanga-cola-less-be-suave-sensual-s190\/","article_modified_time":"2026-04-27T17:49:53+00:00","og_image":[{"width":908,"height":1200,"url":"https:\/\/butterflyeffect.com.ar\/wp-content\/uploads\/2025\/12\/D_680556-MLA90034683779_082025-F.jpg","type":"image\/jpeg"}],"twitter_card":"summary_large_image","twitter_misc":{"Tiempo de lectura":"1 minuto"},"schema":{"@context":"https:\/\/schema.org","@graph":[{"@type":"WebPage","@id":"https:\/\/butterflyeffect.com.ar\/index.php\/producto\/conjunto-bralette-y-tanga-cola-less-be-suave-sensual-s190\/","url":"https:\/\/butterflyeffect.com.ar\/index.php\/producto\/conjunto-bralette-y-tanga-cola-less-be-suave-sensual-s190\/","name":"Conjunto Bralette Y Tanga Cola Less Be Suave Sensual S190 -","isPartOf":{"@id":"https:\/\/butterflyeffect.com.ar\/#website"},"primaryImageOfPage":{"@id":"https:\/\/butterflyeffect.com.ar\/index.php\/producto\/conjunto-bralette-y-tanga-cola-less-be-suave-sensual-s190\/#primaryimage"},"image":{"@id":"https:\/\/butterflyeffect.com.ar\/index.php\/producto\/conjunto-bralette-y-tanga-cola-less-be-suave-sensual-s190\/#primaryimage"},"thumbnailUrl":"https:\/\/butterflyeffect.com.ar\/wp-content\/uploads\/2025\/12\/D_680556-MLA90034683779_082025-F.jpg","datePublished":"2025-12-22T23:34:51+00:00","dateModified":"2026-04-27T17:49:53+00:00","breadcrumb":{"@id":"https:\/\/butterflyeffect.com.ar\/index.php\/producto\/conjunto-bralette-y-tanga-cola-less-be-suave-sensual-s190\/#breadcrumb"},"inLanguage":"es","potentialAction":[{"@type":"ReadAction","target":["https:\/\/butterflyeffect.com.ar\/index.php\/producto\/conjunto-bralette-y-tanga-cola-less-be-suave-sensual-s190\/"]}]},{"@type":"ImageObject","inLanguage":"es","@id":"https:\/\/butterflyeffect.com.ar\/index.php\/producto\/conjunto-bralette-y-tanga-cola-less-be-suave-sensual-s190\/#primaryimage","url":"https:\/\/butterflyeffect.com.ar\/wp-content\/uploads\/2025\/12\/D_680556-MLA90034683779_082025-F.jpg","contentUrl":"https:\/\/butterflyeffect.com.ar\/wp-content\/uploads\/2025\/12\/D_680556-MLA90034683779_082025-F.jpg","width":908,"height":1200},{"@type":"BreadcrumbList","@id":"https:\/\/butterflyeffect.com.ar\/index.php\/producto\/conjunto-bralette-y-tanga-cola-less-be-suave-sensual-s190\/#breadcrumb","itemListElement":[{"@type":"ListItem","position":1,"name":"Portada","item":"https:\/\/butterflyeffect.com.ar\/"},{"@type":"ListItem","position":2,"name":"Tienda","item":"https:\/\/butterflyeffect.com.ar\/index.php\/tienda\/"},{"@type":"ListItem","position":3,"name":"Conjunto Bralette Y Tanga Cola Less Be Suave Sensual S190"}]},{"@type":"WebSite","@id":"https:\/\/butterflyeffect.com.ar\/#website","url":"https:\/\/butterflyeffect.com.ar\/","name":"Butterfly Effect","description":"Premium Sex Tech Toys &amp; Cosmetica Intima","publisher":{"@id":"https:\/\/butterflyeffect.com.ar\/#organization"},"potentialAction":[{"@type":"SearchAction","target":{"@type":"EntryPoint","urlTemplate":"https:\/\/butterflyeffect.com.ar\/?s={search_term_string}"},"query-input":{"@type":"PropertyValueSpecification","valueRequired":true,"valueName":"search_term_string"}}],"inLanguage":"es"},{"@type":"Organization","@id":"https:\/\/butterflyeffect.com.ar\/#organization","name":"The Butterfly Effect","url":"https:\/\/butterflyeffect.com.ar\/","logo":{"@type":"ImageObject","inLanguage":"es","@id":"https:\/\/butterflyeffect.com.ar\/#\/schema\/logo\/image\/","url":"https:\/\/butterflyeffect.com.ar\/wp-content\/uploads\/2023\/06\/cropped-LOGO-FINAL-BE-01.jpg","contentUrl":"https:\/\/butterflyeffect.com.ar\/wp-content\/uploads\/2023\/06\/cropped-LOGO-FINAL-BE-01.jpg","width":766,"height":877,"caption":"The Butterfly Effect"},"image":{"@id":"https:\/\/butterflyeffect.com.ar\/#\/schema\/logo\/image\/"},"sameAs":["https:\/\/www.instagram.com\/butterflyeffect_ar\/"]}]}},"_links":{"self":[{"href":"https:\/\/butterflyeffect.com.ar\/index.php\/wp-json\/wp\/v2\/product\/2419","targetHints":{"allow":["GET"]}}],"collection":[{"href":"https:\/\/butterflyeffect.com.ar\/index.php\/wp-json\/wp\/v2\/product"}],"about":[{"href":"https:\/\/butterflyeffect.com.ar\/index.php\/wp-json\/wp\/v2\/types\/product"}],"replies":[{"embeddable":true,"href":"https:\/\/butterflyeffect.com.ar\/index.php\/wp-json\/wp\/v2\/comments?post=2419"}],"wp:featuredmedia":[{"embeddable":true,"href":"https:\/\/butterflyeffect.com.ar\/index.php\/wp-json\/wp\/v2\/media\/2418"}],"wp:attachment":[{"href":"https:\/\/butterflyeffect.com.ar\/index.php\/wp-json\/wp\/v2\/media?parent=2419"}],"wp:term":[{"taxonomy":"product_brand","embeddable":true,"href":"https:\/\/butterflyeffect.com.ar\/index.php\/wp-json\/wp\/v2\/product_brand?post=2419"},{"taxonomy":"product_cat","embeddable":true,"href":"https:\/\/butterflyeffect.com.ar\/index.php\/wp-json\/wp\/v2\/product_cat?post=2419"},{"taxonomy":"product_tag","embeddable":true,"href":"https:\/\/butterflyeffect.com.ar\/index.php\/wp-json\/wp\/v2\/product_tag?post=2419"}],"curies":[{"name":"wp","href":"https:\/\/api.w.org\/{rel}","templated":true}]}}