{"id":2397,"date":"2025-12-22T23:34:21","date_gmt":"2025-12-22T23:34:21","guid":{"rendered":"https:\/\/butterflyeffect.com.ar\/index.php\/producto\/tanga-culotte-less-lenceria-sexy-be-sensual-s078\/"},"modified":"2026-04-27T17:50:54","modified_gmt":"2026-04-27T17:50:54","slug":"tanga-culotte-less-lenceria-sexy-be-sensual-s078","status":"publish","type":"product","link":"https:\/\/butterflyeffect.com.ar\/index.php\/producto\/tanga-culotte-less-lenceria-sexy-be-sensual-s078\/","title":{"rendered":"Tanga, Culotte, Less, Lenceria Sexy Be Sensual S078"},"content":{"rendered":"<p>Descubre la sensualidad y elegancia del Tanga Culotte Less de la colecci\u00f3n Be Sensual de Butterfly Effect. Este modelo S078 est\u00e1 dise\u00f1ado para realzar la figura femenina con su delicado encaje y tiras que ofrecen un toque de sofisticaci\u00f3n. Su confecci\u00f3n en encaje y less proporciona una sensaci\u00f3n de ligereza y comodidad, ideal para momentos especiales.<\/p>\n<p>El Tanga Culotte Less es perfecto para quienes buscan un equilibrio entre lo audaz y lo encantador. Cada detalle ha sido pensado para destacar la belleza natural, haciendo de esta prenda una pieza clave en la lencer\u00eda de cualquier mujer. La inclusi\u00f3n de una bombacha garantiza un estilo completo y armonioso.<\/p>\n<p>Dise\u00f1ado para mujeres adultas que desean sentirse seguras y seductoras, este modelo se adapta a la perfecci\u00f3n a diversas ocasiones. Su composici\u00f3n vers\u00e1til permite combinarlo f\u00e1cilmente con otras prendas de lencer\u00eda o disfrutarlo por s\u00ed solo. Atr\u00e9vete a experimentar con tu feminidad y a\u00f1ade un toque distintivo a tu colecci\u00f3n de lencer\u00eda.<\/p>\n","protected":false},"excerpt":{"rendered":"<p>Descubre la sensualidad y elegancia del Tanga Culotte Less de la colecci\u00f3n Be Sensual de Butterfly Effect. Este modelo S078 est\u00e1 dise\u00f1ado para realzar la figura femenina con su delicado encaje y tiras que ofrecen un toque de sofisticaci\u00f3n. Su confecci\u00f3n en encaje y less proporciona una sensaci\u00f3n de ligereza y comodidad, ideal para momentos especiales.<\/p>\n<p>El Tanga Culotte Less es perfecto para quienes buscan un equilibrio entre lo audaz y lo encantador. Cada detalle ha sido pensado para destacar la belleza natural, haciendo de esta prenda una pieza clave en la lencer\u00eda de cualquier mujer. La inclusi\u00f3n de una bombacha garantiza un estilo completo y armonioso.<\/p>\n<p>Dise\u00f1ado para mujeres adultas que desean sentirse seguras y seductoras, este modelo se adapta a la perfecci\u00f3n a diversas ocasiones. Su composici\u00f3n vers\u00e1til permite combinarlo f\u00e1cilmente con otras prendas de lencer\u00eda o disfrutarlo por s\u00ed solo. Atr\u00e9vete a experimentar con tu feminidad y a\u00f1ade un toque distintivo a tu colecci\u00f3n de lencer\u00eda.<\/p>\n","protected":false},"featured_media":2396,"comment_status":"open","ping_status":"closed","template":"","meta":[],"product_brand":[107],"product_cat":[141,77],"product_tag":[142,143,144],"class_list":{"0":"post-2397","1":"product","2":"type-product","3":"status-publish","4":"has-post-thumbnail","6":"product_brand-butterfly-effect","7":"product_cat-lenceria-sexy","8":"product_cat-productos","9":"product_tag-cola-less","10":"product_tag-lenceria","11":"product_tag-sexy","13":"entry","14":"has-media","16":"first","17":"instock","18":"shipping-taxable","19":"purchasable","20":"product-type-variable","21":"has-product-nav","22":"col","23":"span_1_of_4","24":"owp-content-center","25":"owp-thumbs-layout-horizontal","26":"owp-btn-normal","27":"owp-tabs-layout-horizontal"},"yoast_head":"<!-- This site is optimized with the Yoast SEO plugin v26.0 - https:\/\/yoast.com\/wordpress\/plugins\/seo\/ -->\n<title>Tanga, Culotte, Less, Lenceria Sexy Be Sensual S078 -<\/title>\n<meta name=\"robots\" content=\"index, follow, max-snippet:-1, max-image-preview:large, max-video-preview:-1\" \/>\n<link rel=\"canonical\" href=\"https:\/\/butterflyeffect.com.ar\/index.php\/producto\/tanga-culotte-less-lenceria-sexy-be-sensual-s078\/\" \/>\n<meta property=\"og:locale\" content=\"es_ES\" \/>\n<meta property=\"og:type\" content=\"article\" \/>\n<meta property=\"og:title\" content=\"Tanga, Culotte, Less, Lenceria Sexy Be Sensual S078 -\" \/>\n<meta property=\"og:description\" content=\"Descubre la sensualidad y elegancia del Tanga Culotte Less de la colecci\u00f3n Be Sensual de Butterfly Effect. Este modelo S078 est\u00e1 dise\u00f1ado para realzar la figura femenina con su delicado encaje y tiras que ofrecen un toque de sofisticaci\u00f3n. Su confecci\u00f3n en encaje y less proporciona una sensaci\u00f3n de ligereza y comodidad, ideal para momentos especiales. El Tanga Culotte Less es perfecto para quienes buscan un equilibrio entre lo audaz y lo encantador. Cada detalle ha sido pensado para destacar la belleza natural, haciendo de esta prenda una pieza clave en la lencer\u00eda de cualquier mujer. La inclusi\u00f3n de una bombacha garantiza un estilo completo y armonioso. Dise\u00f1ado para mujeres adultas que desean sentirse seguras y seductoras, este modelo se adapta a la perfecci\u00f3n a diversas ocasiones. Su composici\u00f3n vers\u00e1til permite combinarlo f\u00e1cilmente con otras prendas de lencer\u00eda o disfrutarlo por s\u00ed solo. Atr\u00e9vete a experimentar con tu feminidad y a\u00f1ade un toque distintivo a tu colecci\u00f3n de lencer\u00eda.\" \/>\n<meta property=\"og:url\" content=\"https:\/\/butterflyeffect.com.ar\/index.php\/producto\/tanga-culotte-less-lenceria-sexy-be-sensual-s078\/\" \/>\n<meta property=\"article:modified_time\" content=\"2026-04-27T17:50:54+00:00\" \/>\n<meta property=\"og:image\" content=\"https:\/\/butterflyeffect.com.ar\/wp-content\/uploads\/2025\/12\/D_831316-MLA90034762749_082025-F.jpg\" \/>\n\t<meta property=\"og:image:width\" content=\"1016\" \/>\n\t<meta property=\"og:image:height\" content=\"1200\" \/>\n\t<meta property=\"og:image:type\" content=\"image\/jpeg\" \/>\n<meta name=\"twitter:card\" content=\"summary_large_image\" \/>\n<meta name=\"twitter:label1\" content=\"Tiempo de lectura\" \/>\n\t<meta name=\"twitter:data1\" content=\"1 minuto\" \/>\n<script type=\"application\/ld+json\" class=\"yoast-schema-graph\">{\"@context\":\"https:\/\/schema.org\",\"@graph\":[{\"@type\":\"WebPage\",\"@id\":\"https:\/\/butterflyeffect.com.ar\/index.php\/producto\/tanga-culotte-less-lenceria-sexy-be-sensual-s078\/\",\"url\":\"https:\/\/butterflyeffect.com.ar\/index.php\/producto\/tanga-culotte-less-lenceria-sexy-be-sensual-s078\/\",\"name\":\"Tanga, Culotte, Less, Lenceria Sexy Be Sensual S078 -\",\"isPartOf\":{\"@id\":\"https:\/\/butterflyeffect.com.ar\/#website\"},\"primaryImageOfPage\":{\"@id\":\"https:\/\/butterflyeffect.com.ar\/index.php\/producto\/tanga-culotte-less-lenceria-sexy-be-sensual-s078\/#primaryimage\"},\"image\":{\"@id\":\"https:\/\/butterflyeffect.com.ar\/index.php\/producto\/tanga-culotte-less-lenceria-sexy-be-sensual-s078\/#primaryimage\"},\"thumbnailUrl\":\"https:\/\/butterflyeffect.com.ar\/wp-content\/uploads\/2025\/12\/D_831316-MLA90034762749_082025-F.jpg\",\"datePublished\":\"2025-12-22T23:34:21+00:00\",\"dateModified\":\"2026-04-27T17:50:54+00:00\",\"breadcrumb\":{\"@id\":\"https:\/\/butterflyeffect.com.ar\/index.php\/producto\/tanga-culotte-less-lenceria-sexy-be-sensual-s078\/#breadcrumb\"},\"inLanguage\":\"es\",\"potentialAction\":[{\"@type\":\"ReadAction\",\"target\":[\"https:\/\/butterflyeffect.com.ar\/index.php\/producto\/tanga-culotte-less-lenceria-sexy-be-sensual-s078\/\"]}]},{\"@type\":\"ImageObject\",\"inLanguage\":\"es\",\"@id\":\"https:\/\/butterflyeffect.com.ar\/index.php\/producto\/tanga-culotte-less-lenceria-sexy-be-sensual-s078\/#primaryimage\",\"url\":\"https:\/\/butterflyeffect.com.ar\/wp-content\/uploads\/2025\/12\/D_831316-MLA90034762749_082025-F.jpg\",\"contentUrl\":\"https:\/\/butterflyeffect.com.ar\/wp-content\/uploads\/2025\/12\/D_831316-MLA90034762749_082025-F.jpg\",\"width\":1016,\"height\":1200},{\"@type\":\"BreadcrumbList\",\"@id\":\"https:\/\/butterflyeffect.com.ar\/index.php\/producto\/tanga-culotte-less-lenceria-sexy-be-sensual-s078\/#breadcrumb\",\"itemListElement\":[{\"@type\":\"ListItem\",\"position\":1,\"name\":\"Portada\",\"item\":\"https:\/\/butterflyeffect.com.ar\/\"},{\"@type\":\"ListItem\",\"position\":2,\"name\":\"Tienda\",\"item\":\"https:\/\/butterflyeffect.com.ar\/index.php\/tienda\/\"},{\"@type\":\"ListItem\",\"position\":3,\"name\":\"Tanga, Culotte, Less, Lenceria Sexy Be Sensual S078\"}]},{\"@type\":\"WebSite\",\"@id\":\"https:\/\/butterflyeffect.com.ar\/#website\",\"url\":\"https:\/\/butterflyeffect.com.ar\/\",\"name\":\"Butterfly Effect\",\"description\":\"Premium Sex Tech Toys &amp; Cosmetica Intima\",\"publisher\":{\"@id\":\"https:\/\/butterflyeffect.com.ar\/#organization\"},\"potentialAction\":[{\"@type\":\"SearchAction\",\"target\":{\"@type\":\"EntryPoint\",\"urlTemplate\":\"https:\/\/butterflyeffect.com.ar\/?s={search_term_string}\"},\"query-input\":{\"@type\":\"PropertyValueSpecification\",\"valueRequired\":true,\"valueName\":\"search_term_string\"}}],\"inLanguage\":\"es\"},{\"@type\":\"Organization\",\"@id\":\"https:\/\/butterflyeffect.com.ar\/#organization\",\"name\":\"The Butterfly Effect\",\"url\":\"https:\/\/butterflyeffect.com.ar\/\",\"logo\":{\"@type\":\"ImageObject\",\"inLanguage\":\"es\",\"@id\":\"https:\/\/butterflyeffect.com.ar\/#\/schema\/logo\/image\/\",\"url\":\"https:\/\/butterflyeffect.com.ar\/wp-content\/uploads\/2023\/06\/cropped-LOGO-FINAL-BE-01.jpg\",\"contentUrl\":\"https:\/\/butterflyeffect.com.ar\/wp-content\/uploads\/2023\/06\/cropped-LOGO-FINAL-BE-01.jpg\",\"width\":766,\"height\":877,\"caption\":\"The Butterfly Effect\"},\"image\":{\"@id\":\"https:\/\/butterflyeffect.com.ar\/#\/schema\/logo\/image\/\"},\"sameAs\":[\"https:\/\/www.instagram.com\/butterflyeffect_ar\/\"]}]}<\/script>\n<!-- \/ Yoast SEO plugin. -->","yoast_head_json":{"title":"Tanga, Culotte, Less, Lenceria Sexy Be Sensual S078 -","robots":{"index":"index","follow":"follow","max-snippet":"max-snippet:-1","max-image-preview":"max-image-preview:large","max-video-preview":"max-video-preview:-1"},"canonical":"https:\/\/butterflyeffect.com.ar\/index.php\/producto\/tanga-culotte-less-lenceria-sexy-be-sensual-s078\/","og_locale":"es_ES","og_type":"article","og_title":"Tanga, Culotte, Less, Lenceria Sexy Be Sensual S078 -","og_description":"Descubre la sensualidad y elegancia del Tanga Culotte Less de la colecci\u00f3n Be Sensual de Butterfly Effect. Este modelo S078 est\u00e1 dise\u00f1ado para realzar la figura femenina con su delicado encaje y tiras que ofrecen un toque de sofisticaci\u00f3n. Su confecci\u00f3n en encaje y less proporciona una sensaci\u00f3n de ligereza y comodidad, ideal para momentos especiales. El Tanga Culotte Less es perfecto para quienes buscan un equilibrio entre lo audaz y lo encantador. Cada detalle ha sido pensado para destacar la belleza natural, haciendo de esta prenda una pieza clave en la lencer\u00eda de cualquier mujer. La inclusi\u00f3n de una bombacha garantiza un estilo completo y armonioso. Dise\u00f1ado para mujeres adultas que desean sentirse seguras y seductoras, este modelo se adapta a la perfecci\u00f3n a diversas ocasiones. Su composici\u00f3n vers\u00e1til permite combinarlo f\u00e1cilmente con otras prendas de lencer\u00eda o disfrutarlo por s\u00ed solo. Atr\u00e9vete a experimentar con tu feminidad y a\u00f1ade un toque distintivo a tu colecci\u00f3n de lencer\u00eda.","og_url":"https:\/\/butterflyeffect.com.ar\/index.php\/producto\/tanga-culotte-less-lenceria-sexy-be-sensual-s078\/","article_modified_time":"2026-04-27T17:50:54+00:00","og_image":[{"width":1016,"height":1200,"url":"https:\/\/butterflyeffect.com.ar\/wp-content\/uploads\/2025\/12\/D_831316-MLA90034762749_082025-F.jpg","type":"image\/jpeg"}],"twitter_card":"summary_large_image","twitter_misc":{"Tiempo de lectura":"1 minuto"},"schema":{"@context":"https:\/\/schema.org","@graph":[{"@type":"WebPage","@id":"https:\/\/butterflyeffect.com.ar\/index.php\/producto\/tanga-culotte-less-lenceria-sexy-be-sensual-s078\/","url":"https:\/\/butterflyeffect.com.ar\/index.php\/producto\/tanga-culotte-less-lenceria-sexy-be-sensual-s078\/","name":"Tanga, Culotte, Less, Lenceria Sexy Be Sensual S078 -","isPartOf":{"@id":"https:\/\/butterflyeffect.com.ar\/#website"},"primaryImageOfPage":{"@id":"https:\/\/butterflyeffect.com.ar\/index.php\/producto\/tanga-culotte-less-lenceria-sexy-be-sensual-s078\/#primaryimage"},"image":{"@id":"https:\/\/butterflyeffect.com.ar\/index.php\/producto\/tanga-culotte-less-lenceria-sexy-be-sensual-s078\/#primaryimage"},"thumbnailUrl":"https:\/\/butterflyeffect.com.ar\/wp-content\/uploads\/2025\/12\/D_831316-MLA90034762749_082025-F.jpg","datePublished":"2025-12-22T23:34:21+00:00","dateModified":"2026-04-27T17:50:54+00:00","breadcrumb":{"@id":"https:\/\/butterflyeffect.com.ar\/index.php\/producto\/tanga-culotte-less-lenceria-sexy-be-sensual-s078\/#breadcrumb"},"inLanguage":"es","potentialAction":[{"@type":"ReadAction","target":["https:\/\/butterflyeffect.com.ar\/index.php\/producto\/tanga-culotte-less-lenceria-sexy-be-sensual-s078\/"]}]},{"@type":"ImageObject","inLanguage":"es","@id":"https:\/\/butterflyeffect.com.ar\/index.php\/producto\/tanga-culotte-less-lenceria-sexy-be-sensual-s078\/#primaryimage","url":"https:\/\/butterflyeffect.com.ar\/wp-content\/uploads\/2025\/12\/D_831316-MLA90034762749_082025-F.jpg","contentUrl":"https:\/\/butterflyeffect.com.ar\/wp-content\/uploads\/2025\/12\/D_831316-MLA90034762749_082025-F.jpg","width":1016,"height":1200},{"@type":"BreadcrumbList","@id":"https:\/\/butterflyeffect.com.ar\/index.php\/producto\/tanga-culotte-less-lenceria-sexy-be-sensual-s078\/#breadcrumb","itemListElement":[{"@type":"ListItem","position":1,"name":"Portada","item":"https:\/\/butterflyeffect.com.ar\/"},{"@type":"ListItem","position":2,"name":"Tienda","item":"https:\/\/butterflyeffect.com.ar\/index.php\/tienda\/"},{"@type":"ListItem","position":3,"name":"Tanga, Culotte, Less, Lenceria Sexy Be Sensual S078"}]},{"@type":"WebSite","@id":"https:\/\/butterflyeffect.com.ar\/#website","url":"https:\/\/butterflyeffect.com.ar\/","name":"Butterfly Effect","description":"Premium Sex Tech Toys &amp; Cosmetica Intima","publisher":{"@id":"https:\/\/butterflyeffect.com.ar\/#organization"},"potentialAction":[{"@type":"SearchAction","target":{"@type":"EntryPoint","urlTemplate":"https:\/\/butterflyeffect.com.ar\/?s={search_term_string}"},"query-input":{"@type":"PropertyValueSpecification","valueRequired":true,"valueName":"search_term_string"}}],"inLanguage":"es"},{"@type":"Organization","@id":"https:\/\/butterflyeffect.com.ar\/#organization","name":"The Butterfly Effect","url":"https:\/\/butterflyeffect.com.ar\/","logo":{"@type":"ImageObject","inLanguage":"es","@id":"https:\/\/butterflyeffect.com.ar\/#\/schema\/logo\/image\/","url":"https:\/\/butterflyeffect.com.ar\/wp-content\/uploads\/2023\/06\/cropped-LOGO-FINAL-BE-01.jpg","contentUrl":"https:\/\/butterflyeffect.com.ar\/wp-content\/uploads\/2023\/06\/cropped-LOGO-FINAL-BE-01.jpg","width":766,"height":877,"caption":"The Butterfly Effect"},"image":{"@id":"https:\/\/butterflyeffect.com.ar\/#\/schema\/logo\/image\/"},"sameAs":["https:\/\/www.instagram.com\/butterflyeffect_ar\/"]}]}},"_links":{"self":[{"href":"https:\/\/butterflyeffect.com.ar\/index.php\/wp-json\/wp\/v2\/product\/2397","targetHints":{"allow":["GET"]}}],"collection":[{"href":"https:\/\/butterflyeffect.com.ar\/index.php\/wp-json\/wp\/v2\/product"}],"about":[{"href":"https:\/\/butterflyeffect.com.ar\/index.php\/wp-json\/wp\/v2\/types\/product"}],"replies":[{"embeddable":true,"href":"https:\/\/butterflyeffect.com.ar\/index.php\/wp-json\/wp\/v2\/comments?post=2397"}],"wp:featuredmedia":[{"embeddable":true,"href":"https:\/\/butterflyeffect.com.ar\/index.php\/wp-json\/wp\/v2\/media\/2396"}],"wp:attachment":[{"href":"https:\/\/butterflyeffect.com.ar\/index.php\/wp-json\/wp\/v2\/media?parent=2397"}],"wp:term":[{"taxonomy":"product_brand","embeddable":true,"href":"https:\/\/butterflyeffect.com.ar\/index.php\/wp-json\/wp\/v2\/product_brand?post=2397"},{"taxonomy":"product_cat","embeddable":true,"href":"https:\/\/butterflyeffect.com.ar\/index.php\/wp-json\/wp\/v2\/product_cat?post=2397"},{"taxonomy":"product_tag","embeddable":true,"href":"https:\/\/butterflyeffect.com.ar\/index.php\/wp-json\/wp\/v2\/product_tag?post=2397"}],"curies":[{"name":"wp","href":"https:\/\/api.w.org\/{rel}","templated":true}]}}