{"id":2379,"date":"2025-12-22T23:33:57","date_gmt":"2025-12-22T23:33:57","guid":{"rendered":"https:\/\/butterflyeffect.com.ar\/index.php\/producto\/baby-doll-body-less-abierto-lenceria-sexy-be-sensual-sn3\/"},"modified":"2026-04-27T17:49:43","modified_gmt":"2026-04-27T17:49:43","slug":"baby-doll-body-less-abierto-lenceria-sexy-be-sensual-sn3","status":"publish","type":"product","link":"https:\/\/butterflyeffect.com.ar\/index.php\/producto\/baby-doll-body-less-abierto-lenceria-sexy-be-sensual-sn3\/","title":{"rendered":"Baby Doll Body Less, Abierto Lenceria Sexy Be Sensual Sn3"},"content":{"rendered":"<p>Redefine la sensualidad con el Baby Doll Body Less Abierto Lencer\u00eda Sexy Be Sensual de la marca Butterfly Effect. Este elegante conjunto est\u00e1 dise\u00f1ado para realzar la belleza femenina a trav\u00e9s de una combinaci\u00f3n delicada de encaje, tul y puntilla que se ajusta perfectamente al cuerpo.<\/p>\n<p>Ideal para momentos \u00edntimos, su dise\u00f1o abierto proporciona una expresi\u00f3n audaz y seductora. El Baby Doll incluye bombacha, lo que aporta un toque adicional de comodidad y estilo. Cada detalle est\u00e1 pensado para que te sientas segura y deseable.<\/p>\n<p>La composici\u00f3n de este modelo brinda una experiencia \u00fanica al contacto con la piel, convirti\u00e9ndolo en una elecci\u00f3n perfecta para cualquier ocasi\u00f3n especial. Atr\u00e9vete a explorar tu lado m\u00e1s sensual y eleva tus noches con esta pieza exclusiva que promete deslumbrar.<\/p>\n","protected":false},"excerpt":{"rendered":"<p>Redefine la sensualidad con el Baby Doll Body Less Abierto Lencer\u00eda Sexy Be Sensual de la marca Butterfly Effect. Este elegante conjunto est\u00e1 dise\u00f1ado para realzar la belleza femenina a trav\u00e9s de una combinaci\u00f3n delicada de encaje, tul y puntilla que se ajusta perfectamente al cuerpo.<\/p>\n<p>Ideal para momentos \u00edntimos, su dise\u00f1o abierto proporciona una expresi\u00f3n audaz y seductora. El Baby Doll incluye bombacha, lo que aporta un toque adicional de comodidad y estilo. Cada detalle est\u00e1 pensado para que te sientas segura y deseable.<\/p>\n<p>La composici\u00f3n de este modelo brinda una experiencia \u00fanica al contacto con la piel, convirti\u00e9ndolo en una elecci\u00f3n perfecta para cualquier ocasi\u00f3n especial. Atr\u00e9vete a explorar tu lado m\u00e1s sensual y eleva tus noches con esta pieza exclusiva que promete deslumbrar.<\/p>\n","protected":false},"featured_media":2378,"comment_status":"open","ping_status":"closed","template":"","meta":[],"product_brand":[107],"product_cat":[141,77],"product_tag":[142,143,144],"class_list":{"0":"post-2379","1":"product","2":"type-product","3":"status-publish","4":"has-post-thumbnail","6":"product_brand-butterfly-effect","7":"product_cat-lenceria-sexy","8":"product_cat-productos","9":"product_tag-cola-less","10":"product_tag-lenceria","11":"product_tag-sexy","13":"entry","14":"has-media","16":"first","17":"outofstock","18":"shipping-taxable","19":"product-type-variable","20":"has-product-nav","21":"col","22":"span_1_of_4","23":"owp-content-center","24":"owp-thumbs-layout-horizontal","25":"owp-btn-normal","26":"owp-tabs-layout-horizontal"},"yoast_head":"<!-- This site is optimized with the Yoast SEO plugin v26.0 - https:\/\/yoast.com\/wordpress\/plugins\/seo\/ -->\n<title>Baby Doll Body Less, Abierto Lenceria Sexy Be Sensual Sn3 -<\/title>\n<meta name=\"robots\" content=\"index, follow, max-snippet:-1, max-image-preview:large, max-video-preview:-1\" \/>\n<link rel=\"canonical\" href=\"https:\/\/butterflyeffect.com.ar\/index.php\/producto\/baby-doll-body-less-abierto-lenceria-sexy-be-sensual-sn3\/\" \/>\n<meta property=\"og:locale\" content=\"es_ES\" \/>\n<meta property=\"og:type\" content=\"article\" \/>\n<meta property=\"og:title\" content=\"Baby Doll Body Less, Abierto Lenceria Sexy Be Sensual Sn3 -\" \/>\n<meta property=\"og:description\" content=\"Redefine la sensualidad con el Baby Doll Body Less Abierto Lencer\u00eda Sexy Be Sensual de la marca Butterfly Effect. Este elegante conjunto est\u00e1 dise\u00f1ado para realzar la belleza femenina a trav\u00e9s de una combinaci\u00f3n delicada de encaje, tul y puntilla que se ajusta perfectamente al cuerpo. Ideal para momentos \u00edntimos, su dise\u00f1o abierto proporciona una expresi\u00f3n audaz y seductora. El Baby Doll incluye bombacha, lo que aporta un toque adicional de comodidad y estilo. Cada detalle est\u00e1 pensado para que te sientas segura y deseable. La composici\u00f3n de este modelo brinda una experiencia \u00fanica al contacto con la piel, convirti\u00e9ndolo en una elecci\u00f3n perfecta para cualquier ocasi\u00f3n especial. Atr\u00e9vete a explorar tu lado m\u00e1s sensual y eleva tus noches con esta pieza exclusiva que promete deslumbrar.\" \/>\n<meta property=\"og:url\" content=\"https:\/\/butterflyeffect.com.ar\/index.php\/producto\/baby-doll-body-less-abierto-lenceria-sexy-be-sensual-sn3\/\" \/>\n<meta property=\"article:modified_time\" content=\"2026-04-27T17:49:43+00:00\" \/>\n<meta property=\"og:image\" content=\"https:\/\/butterflyeffect.com.ar\/wp-content\/uploads\/2025\/12\/D_743645-MLA90034742811_082025-F.jpg\" \/>\n\t<meta property=\"og:image:width\" content=\"407\" \/>\n\t<meta property=\"og:image:height\" content=\"1199\" \/>\n\t<meta property=\"og:image:type\" content=\"image\/jpeg\" \/>\n<meta name=\"twitter:card\" content=\"summary_large_image\" \/>\n<meta name=\"twitter:label1\" content=\"Tiempo de lectura\" \/>\n\t<meta name=\"twitter:data1\" content=\"1 minuto\" \/>\n<script type=\"application\/ld+json\" class=\"yoast-schema-graph\">{\"@context\":\"https:\/\/schema.org\",\"@graph\":[{\"@type\":\"WebPage\",\"@id\":\"https:\/\/butterflyeffect.com.ar\/index.php\/producto\/baby-doll-body-less-abierto-lenceria-sexy-be-sensual-sn3\/\",\"url\":\"https:\/\/butterflyeffect.com.ar\/index.php\/producto\/baby-doll-body-less-abierto-lenceria-sexy-be-sensual-sn3\/\",\"name\":\"Baby Doll Body Less, Abierto Lenceria Sexy Be Sensual Sn3 -\",\"isPartOf\":{\"@id\":\"https:\/\/butterflyeffect.com.ar\/#website\"},\"primaryImageOfPage\":{\"@id\":\"https:\/\/butterflyeffect.com.ar\/index.php\/producto\/baby-doll-body-less-abierto-lenceria-sexy-be-sensual-sn3\/#primaryimage\"},\"image\":{\"@id\":\"https:\/\/butterflyeffect.com.ar\/index.php\/producto\/baby-doll-body-less-abierto-lenceria-sexy-be-sensual-sn3\/#primaryimage\"},\"thumbnailUrl\":\"https:\/\/butterflyeffect.com.ar\/wp-content\/uploads\/2025\/12\/D_743645-MLA90034742811_082025-F.jpg\",\"datePublished\":\"2025-12-22T23:33:57+00:00\",\"dateModified\":\"2026-04-27T17:49:43+00:00\",\"breadcrumb\":{\"@id\":\"https:\/\/butterflyeffect.com.ar\/index.php\/producto\/baby-doll-body-less-abierto-lenceria-sexy-be-sensual-sn3\/#breadcrumb\"},\"inLanguage\":\"es\",\"potentialAction\":[{\"@type\":\"ReadAction\",\"target\":[\"https:\/\/butterflyeffect.com.ar\/index.php\/producto\/baby-doll-body-less-abierto-lenceria-sexy-be-sensual-sn3\/\"]}]},{\"@type\":\"ImageObject\",\"inLanguage\":\"es\",\"@id\":\"https:\/\/butterflyeffect.com.ar\/index.php\/producto\/baby-doll-body-less-abierto-lenceria-sexy-be-sensual-sn3\/#primaryimage\",\"url\":\"https:\/\/butterflyeffect.com.ar\/wp-content\/uploads\/2025\/12\/D_743645-MLA90034742811_082025-F.jpg\",\"contentUrl\":\"https:\/\/butterflyeffect.com.ar\/wp-content\/uploads\/2025\/12\/D_743645-MLA90034742811_082025-F.jpg\",\"width\":407,\"height\":1199},{\"@type\":\"BreadcrumbList\",\"@id\":\"https:\/\/butterflyeffect.com.ar\/index.php\/producto\/baby-doll-body-less-abierto-lenceria-sexy-be-sensual-sn3\/#breadcrumb\",\"itemListElement\":[{\"@type\":\"ListItem\",\"position\":1,\"name\":\"Portada\",\"item\":\"https:\/\/butterflyeffect.com.ar\/\"},{\"@type\":\"ListItem\",\"position\":2,\"name\":\"Tienda\",\"item\":\"https:\/\/butterflyeffect.com.ar\/index.php\/tienda\/\"},{\"@type\":\"ListItem\",\"position\":3,\"name\":\"Baby Doll Body Less, Abierto Lenceria Sexy Be Sensual Sn3\"}]},{\"@type\":\"WebSite\",\"@id\":\"https:\/\/butterflyeffect.com.ar\/#website\",\"url\":\"https:\/\/butterflyeffect.com.ar\/\",\"name\":\"Butterfly Effect\",\"description\":\"Premium Sex Tech Toys &amp; Cosmetica Intima\",\"publisher\":{\"@id\":\"https:\/\/butterflyeffect.com.ar\/#organization\"},\"potentialAction\":[{\"@type\":\"SearchAction\",\"target\":{\"@type\":\"EntryPoint\",\"urlTemplate\":\"https:\/\/butterflyeffect.com.ar\/?s={search_term_string}\"},\"query-input\":{\"@type\":\"PropertyValueSpecification\",\"valueRequired\":true,\"valueName\":\"search_term_string\"}}],\"inLanguage\":\"es\"},{\"@type\":\"Organization\",\"@id\":\"https:\/\/butterflyeffect.com.ar\/#organization\",\"name\":\"The Butterfly Effect\",\"url\":\"https:\/\/butterflyeffect.com.ar\/\",\"logo\":{\"@type\":\"ImageObject\",\"inLanguage\":\"es\",\"@id\":\"https:\/\/butterflyeffect.com.ar\/#\/schema\/logo\/image\/\",\"url\":\"https:\/\/butterflyeffect.com.ar\/wp-content\/uploads\/2023\/06\/cropped-LOGO-FINAL-BE-01.jpg\",\"contentUrl\":\"https:\/\/butterflyeffect.com.ar\/wp-content\/uploads\/2023\/06\/cropped-LOGO-FINAL-BE-01.jpg\",\"width\":766,\"height\":877,\"caption\":\"The Butterfly Effect\"},\"image\":{\"@id\":\"https:\/\/butterflyeffect.com.ar\/#\/schema\/logo\/image\/\"},\"sameAs\":[\"https:\/\/www.instagram.com\/butterflyeffect_ar\/\"]}]}<\/script>\n<!-- \/ Yoast SEO plugin. -->","yoast_head_json":{"title":"Baby Doll Body Less, Abierto Lenceria Sexy Be Sensual Sn3 -","robots":{"index":"index","follow":"follow","max-snippet":"max-snippet:-1","max-image-preview":"max-image-preview:large","max-video-preview":"max-video-preview:-1"},"canonical":"https:\/\/butterflyeffect.com.ar\/index.php\/producto\/baby-doll-body-less-abierto-lenceria-sexy-be-sensual-sn3\/","og_locale":"es_ES","og_type":"article","og_title":"Baby Doll Body Less, Abierto Lenceria Sexy Be Sensual Sn3 -","og_description":"Redefine la sensualidad con el Baby Doll Body Less Abierto Lencer\u00eda Sexy Be Sensual de la marca Butterfly Effect. Este elegante conjunto est\u00e1 dise\u00f1ado para realzar la belleza femenina a trav\u00e9s de una combinaci\u00f3n delicada de encaje, tul y puntilla que se ajusta perfectamente al cuerpo. Ideal para momentos \u00edntimos, su dise\u00f1o abierto proporciona una expresi\u00f3n audaz y seductora. El Baby Doll incluye bombacha, lo que aporta un toque adicional de comodidad y estilo. Cada detalle est\u00e1 pensado para que te sientas segura y deseable. La composici\u00f3n de este modelo brinda una experiencia \u00fanica al contacto con la piel, convirti\u00e9ndolo en una elecci\u00f3n perfecta para cualquier ocasi\u00f3n especial. Atr\u00e9vete a explorar tu lado m\u00e1s sensual y eleva tus noches con esta pieza exclusiva que promete deslumbrar.","og_url":"https:\/\/butterflyeffect.com.ar\/index.php\/producto\/baby-doll-body-less-abierto-lenceria-sexy-be-sensual-sn3\/","article_modified_time":"2026-04-27T17:49:43+00:00","og_image":[{"width":407,"height":1199,"url":"https:\/\/butterflyeffect.com.ar\/wp-content\/uploads\/2025\/12\/D_743645-MLA90034742811_082025-F.jpg","type":"image\/jpeg"}],"twitter_card":"summary_large_image","twitter_misc":{"Tiempo de lectura":"1 minuto"},"schema":{"@context":"https:\/\/schema.org","@graph":[{"@type":"WebPage","@id":"https:\/\/butterflyeffect.com.ar\/index.php\/producto\/baby-doll-body-less-abierto-lenceria-sexy-be-sensual-sn3\/","url":"https:\/\/butterflyeffect.com.ar\/index.php\/producto\/baby-doll-body-less-abierto-lenceria-sexy-be-sensual-sn3\/","name":"Baby Doll Body Less, Abierto Lenceria Sexy Be Sensual Sn3 -","isPartOf":{"@id":"https:\/\/butterflyeffect.com.ar\/#website"},"primaryImageOfPage":{"@id":"https:\/\/butterflyeffect.com.ar\/index.php\/producto\/baby-doll-body-less-abierto-lenceria-sexy-be-sensual-sn3\/#primaryimage"},"image":{"@id":"https:\/\/butterflyeffect.com.ar\/index.php\/producto\/baby-doll-body-less-abierto-lenceria-sexy-be-sensual-sn3\/#primaryimage"},"thumbnailUrl":"https:\/\/butterflyeffect.com.ar\/wp-content\/uploads\/2025\/12\/D_743645-MLA90034742811_082025-F.jpg","datePublished":"2025-12-22T23:33:57+00:00","dateModified":"2026-04-27T17:49:43+00:00","breadcrumb":{"@id":"https:\/\/butterflyeffect.com.ar\/index.php\/producto\/baby-doll-body-less-abierto-lenceria-sexy-be-sensual-sn3\/#breadcrumb"},"inLanguage":"es","potentialAction":[{"@type":"ReadAction","target":["https:\/\/butterflyeffect.com.ar\/index.php\/producto\/baby-doll-body-less-abierto-lenceria-sexy-be-sensual-sn3\/"]}]},{"@type":"ImageObject","inLanguage":"es","@id":"https:\/\/butterflyeffect.com.ar\/index.php\/producto\/baby-doll-body-less-abierto-lenceria-sexy-be-sensual-sn3\/#primaryimage","url":"https:\/\/butterflyeffect.com.ar\/wp-content\/uploads\/2025\/12\/D_743645-MLA90034742811_082025-F.jpg","contentUrl":"https:\/\/butterflyeffect.com.ar\/wp-content\/uploads\/2025\/12\/D_743645-MLA90034742811_082025-F.jpg","width":407,"height":1199},{"@type":"BreadcrumbList","@id":"https:\/\/butterflyeffect.com.ar\/index.php\/producto\/baby-doll-body-less-abierto-lenceria-sexy-be-sensual-sn3\/#breadcrumb","itemListElement":[{"@type":"ListItem","position":1,"name":"Portada","item":"https:\/\/butterflyeffect.com.ar\/"},{"@type":"ListItem","position":2,"name":"Tienda","item":"https:\/\/butterflyeffect.com.ar\/index.php\/tienda\/"},{"@type":"ListItem","position":3,"name":"Baby Doll Body Less, Abierto Lenceria Sexy Be Sensual Sn3"}]},{"@type":"WebSite","@id":"https:\/\/butterflyeffect.com.ar\/#website","url":"https:\/\/butterflyeffect.com.ar\/","name":"Butterfly Effect","description":"Premium Sex Tech Toys &amp; Cosmetica Intima","publisher":{"@id":"https:\/\/butterflyeffect.com.ar\/#organization"},"potentialAction":[{"@type":"SearchAction","target":{"@type":"EntryPoint","urlTemplate":"https:\/\/butterflyeffect.com.ar\/?s={search_term_string}"},"query-input":{"@type":"PropertyValueSpecification","valueRequired":true,"valueName":"search_term_string"}}],"inLanguage":"es"},{"@type":"Organization","@id":"https:\/\/butterflyeffect.com.ar\/#organization","name":"The Butterfly Effect","url":"https:\/\/butterflyeffect.com.ar\/","logo":{"@type":"ImageObject","inLanguage":"es","@id":"https:\/\/butterflyeffect.com.ar\/#\/schema\/logo\/image\/","url":"https:\/\/butterflyeffect.com.ar\/wp-content\/uploads\/2023\/06\/cropped-LOGO-FINAL-BE-01.jpg","contentUrl":"https:\/\/butterflyeffect.com.ar\/wp-content\/uploads\/2023\/06\/cropped-LOGO-FINAL-BE-01.jpg","width":766,"height":877,"caption":"The Butterfly Effect"},"image":{"@id":"https:\/\/butterflyeffect.com.ar\/#\/schema\/logo\/image\/"},"sameAs":["https:\/\/www.instagram.com\/butterflyeffect_ar\/"]}]}},"_links":{"self":[{"href":"https:\/\/butterflyeffect.com.ar\/index.php\/wp-json\/wp\/v2\/product\/2379","targetHints":{"allow":["GET"]}}],"collection":[{"href":"https:\/\/butterflyeffect.com.ar\/index.php\/wp-json\/wp\/v2\/product"}],"about":[{"href":"https:\/\/butterflyeffect.com.ar\/index.php\/wp-json\/wp\/v2\/types\/product"}],"replies":[{"embeddable":true,"href":"https:\/\/butterflyeffect.com.ar\/index.php\/wp-json\/wp\/v2\/comments?post=2379"}],"wp:featuredmedia":[{"embeddable":true,"href":"https:\/\/butterflyeffect.com.ar\/index.php\/wp-json\/wp\/v2\/media\/2378"}],"wp:attachment":[{"href":"https:\/\/butterflyeffect.com.ar\/index.php\/wp-json\/wp\/v2\/media?parent=2379"}],"wp:term":[{"taxonomy":"product_brand","embeddable":true,"href":"https:\/\/butterflyeffect.com.ar\/index.php\/wp-json\/wp\/v2\/product_brand?post=2379"},{"taxonomy":"product_cat","embeddable":true,"href":"https:\/\/butterflyeffect.com.ar\/index.php\/wp-json\/wp\/v2\/product_cat?post=2379"},{"taxonomy":"product_tag","embeddable":true,"href":"https:\/\/butterflyeffect.com.ar\/index.php\/wp-json\/wp\/v2\/product_tag?post=2379"}],"curies":[{"name":"wp","href":"https:\/\/api.w.org\/{rel}","templated":true}]}}