{"id":2372,"date":"2025-12-22T23:33:44","date_gmt":"2025-12-22T23:33:44","guid":{"rendered":"https:\/\/butterflyeffect.com.ar\/index.php\/producto\/conjunto-bralette-y-tanga-cola-less-be-suave-sensual-w704\/"},"modified":"2026-04-27T17:50:09","modified_gmt":"2026-04-27T17:50:09","slug":"conjunto-bralette-y-tanga-cola-less-be-suave-sensual-w704","status":"publish","type":"product","link":"https:\/\/butterflyeffect.com.ar\/index.php\/producto\/conjunto-bralette-y-tanga-cola-less-be-suave-sensual-w704\/","title":{"rendered":"Conjunto Bralette Y Tanga Cola Less Be Suave Sensual W704"},"content":{"rendered":"<p>Experiencia de seducci\u00f3n y confort con el Conjunto Bralette y Tanga Cola Less Be Suave Sensual W704 de BUTTERFLY EFFECT. Este conjunto est\u00e1 dise\u00f1ado para la mujer moderna que busca una lencer\u00eda que combine sensualidad y elegancia, perfecta para cualquier ocasi\u00f3n especial o para sentirse extraordinaria en su d\u00eda a d\u00eda.<\/p>\n<p>El bralette y la tanga, confeccionados en una delicada mezcla de poli\u00e9ster, spandex, tul y puntilla, ofrecen un ajuste c\u00f3modo y favorecedor. El dise\u00f1o less proporciona un toque audaz, mientras que los detalles de puntilla a\u00f1aden un aire de sofisticaci\u00f3n y encanto. La combinaci\u00f3n de materiales garantiza no solo un look espectacular, sino tambi\u00e9n una sensaci\u00f3n suave en la piel.<\/p>\n<p>Este conjunto es ideal para mujeres adultas que valoran tanto la est\u00e9tica como la comodidad en su ropa interior. Te invita a explorar tu feminidad y confianza, asegurando que cada d\u00eda sea una celebraci\u00f3n de tu estilo personal y sensualidad. Cada elemento del W704 ha sido pensado para realzar tu figura de manera elegante, haciendo de este conjunto una elecci\u00f3n perfecta para el armario de cualquier mujer que desee sentirse especial.<\/p>\n","protected":false},"excerpt":{"rendered":"<p>Experiencia de seducci\u00f3n y confort con el Conjunto Bralette y Tanga Cola Less Be Suave Sensual W704 de BUTTERFLY EFFECT. Este conjunto est\u00e1 dise\u00f1ado para la mujer moderna que busca una lencer\u00eda que combine sensualidad y elegancia, perfecta para cualquier ocasi\u00f3n especial o para sentirse extraordinaria en su d\u00eda a d\u00eda.<\/p>\n<p>El bralette y la tanga, confeccionados en una delicada mezcla de poli\u00e9ster, spandex, tul y puntilla, ofrecen un ajuste c\u00f3modo y favorecedor. El dise\u00f1o less proporciona un toque audaz, mientras que los detalles de puntilla a\u00f1aden un aire de sofisticaci\u00f3n y encanto. La combinaci\u00f3n de materiales garantiza no solo un look espectacular, sino tambi\u00e9n una sensaci\u00f3n suave en la piel.<\/p>\n<p>Este conjunto es ideal para mujeres adultas que valoran tanto la est\u00e9tica como la comodidad en su ropa interior. Te invita a explorar tu feminidad y confianza, asegurando que cada d\u00eda sea una celebraci\u00f3n de tu estilo personal y sensualidad. Cada elemento del W704 ha sido pensado para realzar tu figura de manera elegante, haciendo de este conjunto una elecci\u00f3n perfecta para el armario de cualquier mujer que desee sentirse especial.<\/p>\n","protected":false},"featured_media":2371,"comment_status":"open","ping_status":"closed","template":"","meta":[],"product_brand":[107],"product_cat":[141,77],"product_tag":[142,143,144],"class_list":{"0":"post-2372","1":"product","2":"type-product","3":"status-publish","4":"has-post-thumbnail","6":"product_brand-butterfly-effect","7":"product_cat-lenceria-sexy","8":"product_cat-productos","9":"product_tag-cola-less","10":"product_tag-lenceria","11":"product_tag-sexy","13":"entry","14":"has-media","16":"first","17":"instock","18":"shipping-taxable","19":"purchasable","20":"product-type-variable","21":"has-product-nav","22":"col","23":"span_1_of_4","24":"owp-content-center","25":"owp-thumbs-layout-horizontal","26":"owp-btn-normal","27":"owp-tabs-layout-horizontal"},"yoast_head":"<!-- This site is optimized with the Yoast SEO plugin v26.0 - https:\/\/yoast.com\/wordpress\/plugins\/seo\/ -->\n<title>Conjunto Bralette Y Tanga Cola Less Be Suave Sensual W704 -<\/title>\n<meta name=\"robots\" content=\"index, follow, max-snippet:-1, max-image-preview:large, max-video-preview:-1\" \/>\n<link rel=\"canonical\" href=\"https:\/\/butterflyeffect.com.ar\/index.php\/producto\/conjunto-bralette-y-tanga-cola-less-be-suave-sensual-w704\/\" \/>\n<meta property=\"og:locale\" content=\"es_ES\" \/>\n<meta property=\"og:type\" content=\"article\" \/>\n<meta property=\"og:title\" content=\"Conjunto Bralette Y Tanga Cola Less Be Suave Sensual W704 -\" \/>\n<meta property=\"og:description\" content=\"Experiencia de seducci\u00f3n y confort con el Conjunto Bralette y Tanga Cola Less Be Suave Sensual W704 de BUTTERFLY EFFECT. Este conjunto est\u00e1 dise\u00f1ado para la mujer moderna que busca una lencer\u00eda que combine sensualidad y elegancia, perfecta para cualquier ocasi\u00f3n especial o para sentirse extraordinaria en su d\u00eda a d\u00eda. El bralette y la tanga, confeccionados en una delicada mezcla de poli\u00e9ster, spandex, tul y puntilla, ofrecen un ajuste c\u00f3modo y favorecedor. El dise\u00f1o less proporciona un toque audaz, mientras que los detalles de puntilla a\u00f1aden un aire de sofisticaci\u00f3n y encanto. La combinaci\u00f3n de materiales garantiza no solo un look espectacular, sino tambi\u00e9n una sensaci\u00f3n suave en la piel. Este conjunto es ideal para mujeres adultas que valoran tanto la est\u00e9tica como la comodidad en su ropa interior. Te invita a explorar tu feminidad y confianza, asegurando que cada d\u00eda sea una celebraci\u00f3n de tu estilo personal y sensualidad. Cada elemento del W704 ha sido pensado para realzar tu figura de manera elegante, haciendo de este conjunto una elecci\u00f3n perfecta para el armario de cualquier mujer que desee sentirse especial.\" \/>\n<meta property=\"og:url\" content=\"https:\/\/butterflyeffect.com.ar\/index.php\/producto\/conjunto-bralette-y-tanga-cola-less-be-suave-sensual-w704\/\" \/>\n<meta property=\"article:modified_time\" content=\"2026-04-27T17:50:09+00:00\" \/>\n<meta property=\"og:image\" content=\"https:\/\/butterflyeffect.com.ar\/wp-content\/uploads\/2025\/12\/D_682985-MLA89661038204_082025-F.jpg\" \/>\n\t<meta property=\"og:image:width\" content=\"985\" \/>\n\t<meta property=\"og:image:height\" content=\"1200\" \/>\n\t<meta property=\"og:image:type\" content=\"image\/jpeg\" \/>\n<meta name=\"twitter:card\" content=\"summary_large_image\" \/>\n<meta name=\"twitter:label1\" content=\"Tiempo de lectura\" \/>\n\t<meta name=\"twitter:data1\" content=\"1 minuto\" \/>\n<script type=\"application\/ld+json\" class=\"yoast-schema-graph\">{\"@context\":\"https:\/\/schema.org\",\"@graph\":[{\"@type\":\"WebPage\",\"@id\":\"https:\/\/butterflyeffect.com.ar\/index.php\/producto\/conjunto-bralette-y-tanga-cola-less-be-suave-sensual-w704\/\",\"url\":\"https:\/\/butterflyeffect.com.ar\/index.php\/producto\/conjunto-bralette-y-tanga-cola-less-be-suave-sensual-w704\/\",\"name\":\"Conjunto Bralette Y Tanga Cola Less Be Suave Sensual W704 -\",\"isPartOf\":{\"@id\":\"https:\/\/butterflyeffect.com.ar\/#website\"},\"primaryImageOfPage\":{\"@id\":\"https:\/\/butterflyeffect.com.ar\/index.php\/producto\/conjunto-bralette-y-tanga-cola-less-be-suave-sensual-w704\/#primaryimage\"},\"image\":{\"@id\":\"https:\/\/butterflyeffect.com.ar\/index.php\/producto\/conjunto-bralette-y-tanga-cola-less-be-suave-sensual-w704\/#primaryimage\"},\"thumbnailUrl\":\"https:\/\/butterflyeffect.com.ar\/wp-content\/uploads\/2025\/12\/D_682985-MLA89661038204_082025-F.jpg\",\"datePublished\":\"2025-12-22T23:33:44+00:00\",\"dateModified\":\"2026-04-27T17:50:09+00:00\",\"breadcrumb\":{\"@id\":\"https:\/\/butterflyeffect.com.ar\/index.php\/producto\/conjunto-bralette-y-tanga-cola-less-be-suave-sensual-w704\/#breadcrumb\"},\"inLanguage\":\"es\",\"potentialAction\":[{\"@type\":\"ReadAction\",\"target\":[\"https:\/\/butterflyeffect.com.ar\/index.php\/producto\/conjunto-bralette-y-tanga-cola-less-be-suave-sensual-w704\/\"]}]},{\"@type\":\"ImageObject\",\"inLanguage\":\"es\",\"@id\":\"https:\/\/butterflyeffect.com.ar\/index.php\/producto\/conjunto-bralette-y-tanga-cola-less-be-suave-sensual-w704\/#primaryimage\",\"url\":\"https:\/\/butterflyeffect.com.ar\/wp-content\/uploads\/2025\/12\/D_682985-MLA89661038204_082025-F.jpg\",\"contentUrl\":\"https:\/\/butterflyeffect.com.ar\/wp-content\/uploads\/2025\/12\/D_682985-MLA89661038204_082025-F.jpg\",\"width\":985,\"height\":1200},{\"@type\":\"BreadcrumbList\",\"@id\":\"https:\/\/butterflyeffect.com.ar\/index.php\/producto\/conjunto-bralette-y-tanga-cola-less-be-suave-sensual-w704\/#breadcrumb\",\"itemListElement\":[{\"@type\":\"ListItem\",\"position\":1,\"name\":\"Portada\",\"item\":\"https:\/\/butterflyeffect.com.ar\/\"},{\"@type\":\"ListItem\",\"position\":2,\"name\":\"Tienda\",\"item\":\"https:\/\/butterflyeffect.com.ar\/index.php\/tienda\/\"},{\"@type\":\"ListItem\",\"position\":3,\"name\":\"Conjunto Bralette Y Tanga Cola Less Be Suave Sensual W704\"}]},{\"@type\":\"WebSite\",\"@id\":\"https:\/\/butterflyeffect.com.ar\/#website\",\"url\":\"https:\/\/butterflyeffect.com.ar\/\",\"name\":\"Butterfly Effect\",\"description\":\"Premium Sex Tech Toys &amp; Cosmetica Intima\",\"publisher\":{\"@id\":\"https:\/\/butterflyeffect.com.ar\/#organization\"},\"potentialAction\":[{\"@type\":\"SearchAction\",\"target\":{\"@type\":\"EntryPoint\",\"urlTemplate\":\"https:\/\/butterflyeffect.com.ar\/?s={search_term_string}\"},\"query-input\":{\"@type\":\"PropertyValueSpecification\",\"valueRequired\":true,\"valueName\":\"search_term_string\"}}],\"inLanguage\":\"es\"},{\"@type\":\"Organization\",\"@id\":\"https:\/\/butterflyeffect.com.ar\/#organization\",\"name\":\"The Butterfly Effect\",\"url\":\"https:\/\/butterflyeffect.com.ar\/\",\"logo\":{\"@type\":\"ImageObject\",\"inLanguage\":\"es\",\"@id\":\"https:\/\/butterflyeffect.com.ar\/#\/schema\/logo\/image\/\",\"url\":\"https:\/\/butterflyeffect.com.ar\/wp-content\/uploads\/2023\/06\/cropped-LOGO-FINAL-BE-01.jpg\",\"contentUrl\":\"https:\/\/butterflyeffect.com.ar\/wp-content\/uploads\/2023\/06\/cropped-LOGO-FINAL-BE-01.jpg\",\"width\":766,\"height\":877,\"caption\":\"The Butterfly Effect\"},\"image\":{\"@id\":\"https:\/\/butterflyeffect.com.ar\/#\/schema\/logo\/image\/\"},\"sameAs\":[\"https:\/\/www.instagram.com\/butterflyeffect_ar\/\"]}]}<\/script>\n<!-- \/ Yoast SEO plugin. -->","yoast_head_json":{"title":"Conjunto Bralette Y Tanga Cola Less Be Suave Sensual W704 -","robots":{"index":"index","follow":"follow","max-snippet":"max-snippet:-1","max-image-preview":"max-image-preview:large","max-video-preview":"max-video-preview:-1"},"canonical":"https:\/\/butterflyeffect.com.ar\/index.php\/producto\/conjunto-bralette-y-tanga-cola-less-be-suave-sensual-w704\/","og_locale":"es_ES","og_type":"article","og_title":"Conjunto Bralette Y Tanga Cola Less Be Suave Sensual W704 -","og_description":"Experiencia de seducci\u00f3n y confort con el Conjunto Bralette y Tanga Cola Less Be Suave Sensual W704 de BUTTERFLY EFFECT. Este conjunto est\u00e1 dise\u00f1ado para la mujer moderna que busca una lencer\u00eda que combine sensualidad y elegancia, perfecta para cualquier ocasi\u00f3n especial o para sentirse extraordinaria en su d\u00eda a d\u00eda. El bralette y la tanga, confeccionados en una delicada mezcla de poli\u00e9ster, spandex, tul y puntilla, ofrecen un ajuste c\u00f3modo y favorecedor. El dise\u00f1o less proporciona un toque audaz, mientras que los detalles de puntilla a\u00f1aden un aire de sofisticaci\u00f3n y encanto. La combinaci\u00f3n de materiales garantiza no solo un look espectacular, sino tambi\u00e9n una sensaci\u00f3n suave en la piel. Este conjunto es ideal para mujeres adultas que valoran tanto la est\u00e9tica como la comodidad en su ropa interior. Te invita a explorar tu feminidad y confianza, asegurando que cada d\u00eda sea una celebraci\u00f3n de tu estilo personal y sensualidad. Cada elemento del W704 ha sido pensado para realzar tu figura de manera elegante, haciendo de este conjunto una elecci\u00f3n perfecta para el armario de cualquier mujer que desee sentirse especial.","og_url":"https:\/\/butterflyeffect.com.ar\/index.php\/producto\/conjunto-bralette-y-tanga-cola-less-be-suave-sensual-w704\/","article_modified_time":"2026-04-27T17:50:09+00:00","og_image":[{"width":985,"height":1200,"url":"https:\/\/butterflyeffect.com.ar\/wp-content\/uploads\/2025\/12\/D_682985-MLA89661038204_082025-F.jpg","type":"image\/jpeg"}],"twitter_card":"summary_large_image","twitter_misc":{"Tiempo de lectura":"1 minuto"},"schema":{"@context":"https:\/\/schema.org","@graph":[{"@type":"WebPage","@id":"https:\/\/butterflyeffect.com.ar\/index.php\/producto\/conjunto-bralette-y-tanga-cola-less-be-suave-sensual-w704\/","url":"https:\/\/butterflyeffect.com.ar\/index.php\/producto\/conjunto-bralette-y-tanga-cola-less-be-suave-sensual-w704\/","name":"Conjunto Bralette Y Tanga Cola Less Be Suave Sensual W704 -","isPartOf":{"@id":"https:\/\/butterflyeffect.com.ar\/#website"},"primaryImageOfPage":{"@id":"https:\/\/butterflyeffect.com.ar\/index.php\/producto\/conjunto-bralette-y-tanga-cola-less-be-suave-sensual-w704\/#primaryimage"},"image":{"@id":"https:\/\/butterflyeffect.com.ar\/index.php\/producto\/conjunto-bralette-y-tanga-cola-less-be-suave-sensual-w704\/#primaryimage"},"thumbnailUrl":"https:\/\/butterflyeffect.com.ar\/wp-content\/uploads\/2025\/12\/D_682985-MLA89661038204_082025-F.jpg","datePublished":"2025-12-22T23:33:44+00:00","dateModified":"2026-04-27T17:50:09+00:00","breadcrumb":{"@id":"https:\/\/butterflyeffect.com.ar\/index.php\/producto\/conjunto-bralette-y-tanga-cola-less-be-suave-sensual-w704\/#breadcrumb"},"inLanguage":"es","potentialAction":[{"@type":"ReadAction","target":["https:\/\/butterflyeffect.com.ar\/index.php\/producto\/conjunto-bralette-y-tanga-cola-less-be-suave-sensual-w704\/"]}]},{"@type":"ImageObject","inLanguage":"es","@id":"https:\/\/butterflyeffect.com.ar\/index.php\/producto\/conjunto-bralette-y-tanga-cola-less-be-suave-sensual-w704\/#primaryimage","url":"https:\/\/butterflyeffect.com.ar\/wp-content\/uploads\/2025\/12\/D_682985-MLA89661038204_082025-F.jpg","contentUrl":"https:\/\/butterflyeffect.com.ar\/wp-content\/uploads\/2025\/12\/D_682985-MLA89661038204_082025-F.jpg","width":985,"height":1200},{"@type":"BreadcrumbList","@id":"https:\/\/butterflyeffect.com.ar\/index.php\/producto\/conjunto-bralette-y-tanga-cola-less-be-suave-sensual-w704\/#breadcrumb","itemListElement":[{"@type":"ListItem","position":1,"name":"Portada","item":"https:\/\/butterflyeffect.com.ar\/"},{"@type":"ListItem","position":2,"name":"Tienda","item":"https:\/\/butterflyeffect.com.ar\/index.php\/tienda\/"},{"@type":"ListItem","position":3,"name":"Conjunto Bralette Y Tanga Cola Less Be Suave Sensual W704"}]},{"@type":"WebSite","@id":"https:\/\/butterflyeffect.com.ar\/#website","url":"https:\/\/butterflyeffect.com.ar\/","name":"Butterfly Effect","description":"Premium Sex Tech Toys &amp; Cosmetica Intima","publisher":{"@id":"https:\/\/butterflyeffect.com.ar\/#organization"},"potentialAction":[{"@type":"SearchAction","target":{"@type":"EntryPoint","urlTemplate":"https:\/\/butterflyeffect.com.ar\/?s={search_term_string}"},"query-input":{"@type":"PropertyValueSpecification","valueRequired":true,"valueName":"search_term_string"}}],"inLanguage":"es"},{"@type":"Organization","@id":"https:\/\/butterflyeffect.com.ar\/#organization","name":"The Butterfly Effect","url":"https:\/\/butterflyeffect.com.ar\/","logo":{"@type":"ImageObject","inLanguage":"es","@id":"https:\/\/butterflyeffect.com.ar\/#\/schema\/logo\/image\/","url":"https:\/\/butterflyeffect.com.ar\/wp-content\/uploads\/2023\/06\/cropped-LOGO-FINAL-BE-01.jpg","contentUrl":"https:\/\/butterflyeffect.com.ar\/wp-content\/uploads\/2023\/06\/cropped-LOGO-FINAL-BE-01.jpg","width":766,"height":877,"caption":"The Butterfly Effect"},"image":{"@id":"https:\/\/butterflyeffect.com.ar\/#\/schema\/logo\/image\/"},"sameAs":["https:\/\/www.instagram.com\/butterflyeffect_ar\/"]}]}},"_links":{"self":[{"href":"https:\/\/butterflyeffect.com.ar\/index.php\/wp-json\/wp\/v2\/product\/2372","targetHints":{"allow":["GET"]}}],"collection":[{"href":"https:\/\/butterflyeffect.com.ar\/index.php\/wp-json\/wp\/v2\/product"}],"about":[{"href":"https:\/\/butterflyeffect.com.ar\/index.php\/wp-json\/wp\/v2\/types\/product"}],"replies":[{"embeddable":true,"href":"https:\/\/butterflyeffect.com.ar\/index.php\/wp-json\/wp\/v2\/comments?post=2372"}],"wp:featuredmedia":[{"embeddable":true,"href":"https:\/\/butterflyeffect.com.ar\/index.php\/wp-json\/wp\/v2\/media\/2371"}],"wp:attachment":[{"href":"https:\/\/butterflyeffect.com.ar\/index.php\/wp-json\/wp\/v2\/media?parent=2372"}],"wp:term":[{"taxonomy":"product_brand","embeddable":true,"href":"https:\/\/butterflyeffect.com.ar\/index.php\/wp-json\/wp\/v2\/product_brand?post=2372"},{"taxonomy":"product_cat","embeddable":true,"href":"https:\/\/butterflyeffect.com.ar\/index.php\/wp-json\/wp\/v2\/product_cat?post=2372"},{"taxonomy":"product_tag","embeddable":true,"href":"https:\/\/butterflyeffect.com.ar\/index.php\/wp-json\/wp\/v2\/product_tag?post=2372"}],"curies":[{"name":"wp","href":"https:\/\/api.w.org\/{rel}","templated":true}]}}