{"id":2354,"date":"2025-12-22T23:33:30","date_gmt":"2025-12-22T23:33:30","guid":{"rendered":"https:\/\/butterflyeffect.com.ar\/index.php\/producto\/baby-doll-body-less-lenceria-sexy-be-sensual-w291\/"},"modified":"2026-04-27T17:50:24","modified_gmt":"2026-04-27T17:50:24","slug":"baby-doll-body-less-lenceria-sexy-be-sensual-w291","status":"publish","type":"product","link":"https:\/\/butterflyeffect.com.ar\/index.php\/producto\/baby-doll-body-less-lenceria-sexy-be-sensual-w291\/","title":{"rendered":"Baby Doll Body Less, Lenceria Sexy Be Sensual W291"},"content":{"rendered":"<p>Presentamos el Baby Doll Body Less, Lencer\u00eda Sexy Be Sensual W291, una prenda que realza la feminidad y el encanto de cada mujer. Dise\u00f1ada por la conocida marca Butterfly Effect, esta lencer\u00eda es la opci\u00f3n ideal para quienes desean expresar su sensualidad de manera elegante y delicada.<\/p>\n<p>Confeccionada con una mezcla de tul, leotardo y puntilla, el Baby Doll ofrece una suavidad excepcional al tacto, garantizando comodidad y libertad de movimiento. Su dise\u00f1o seductor y cut-out en la parte inferior destaca las curvas femeninas, asegurando una silueta cautivadora que atraer\u00e1 todas las miradas. Adem\u00e1s, incluye una bombacha a juego, completando un conjunto armonioso y atractivo.<\/p>\n<p>El modelo W291 es perfecto para diversas ocasiones, desde una cita especial hasta momentos de intimidad en casa. Su confecci\u00f3n en tallas pensadas para mujeres adultas asegura un ajuste perfecto y confortable, reflejando confianza y estilo en cada uso. Atr\u00e9vete a incluir este Baby Doll en tu colecci\u00f3n de lencer\u00eda y disfruta de un toque de sofisticaci\u00f3n y sensualidad en tu guardarropa.<\/p>\n","protected":false},"excerpt":{"rendered":"<p>Presentamos el Baby Doll Body Less, Lencer\u00eda Sexy Be Sensual W291, una prenda que realza la feminidad y el encanto de cada mujer. Dise\u00f1ada por la conocida marca Butterfly Effect, esta lencer\u00eda es la opci\u00f3n ideal para quienes desean expresar su sensualidad de manera elegante y delicada.<\/p>\n<p>Confeccionada con una mezcla de tul, leotardo y puntilla, el Baby Doll ofrece una suavidad excepcional al tacto, garantizando comodidad y libertad de movimiento. Su dise\u00f1o seductor y cut-out en la parte inferior destaca las curvas femeninas, asegurando una silueta cautivadora que atraer\u00e1 todas las miradas. Adem\u00e1s, incluye una bombacha a juego, completando un conjunto armonioso y atractivo.<\/p>\n<p>El modelo W291 es perfecto para diversas ocasiones, desde una cita especial hasta momentos de intimidad en casa. Su confecci\u00f3n en tallas pensadas para mujeres adultas asegura un ajuste perfecto y confortable, reflejando confianza y estilo en cada uso. Atr\u00e9vete a incluir este Baby Doll en tu colecci\u00f3n de lencer\u00eda y disfruta de un toque de sofisticaci\u00f3n y sensualidad en tu guardarropa.<\/p>\n","protected":false},"featured_media":2353,"comment_status":"open","ping_status":"closed","template":"","meta":[],"product_brand":[107],"product_cat":[141,77],"product_tag":[142,143,144],"class_list":{"0":"post-2354","1":"product","2":"type-product","3":"status-publish","4":"has-post-thumbnail","6":"product_brand-butterfly-effect","7":"product_cat-lenceria-sexy","8":"product_cat-productos","9":"product_tag-cola-less","10":"product_tag-lenceria","11":"product_tag-sexy","13":"entry","14":"has-media","16":"first","17":"instock","18":"shipping-taxable","19":"purchasable","20":"product-type-variable","21":"has-product-nav","22":"col","23":"span_1_of_4","24":"owp-content-center","25":"owp-thumbs-layout-horizontal","26":"owp-btn-normal","27":"owp-tabs-layout-horizontal"},"yoast_head":"<!-- This site is optimized with the Yoast SEO plugin v26.0 - https:\/\/yoast.com\/wordpress\/plugins\/seo\/ -->\n<title>Baby Doll Body Less, Lenceria Sexy Be Sensual W291 -<\/title>\n<meta name=\"robots\" content=\"index, follow, max-snippet:-1, max-image-preview:large, max-video-preview:-1\" \/>\n<link rel=\"canonical\" href=\"https:\/\/butterflyeffect.com.ar\/index.php\/producto\/baby-doll-body-less-lenceria-sexy-be-sensual-w291\/\" \/>\n<meta property=\"og:locale\" content=\"es_ES\" \/>\n<meta property=\"og:type\" content=\"article\" \/>\n<meta property=\"og:title\" content=\"Baby Doll Body Less, Lenceria Sexy Be Sensual W291 -\" \/>\n<meta property=\"og:description\" content=\"Presentamos el Baby Doll Body Less, Lencer\u00eda Sexy Be Sensual W291, una prenda que realza la feminidad y el encanto de cada mujer. Dise\u00f1ada por la conocida marca Butterfly Effect, esta lencer\u00eda es la opci\u00f3n ideal para quienes desean expresar su sensualidad de manera elegante y delicada.  Confeccionada con una mezcla de tul, leotardo y puntilla, el Baby Doll ofrece una suavidad excepcional al tacto, garantizando comodidad y libertad de movimiento. Su dise\u00f1o seductor y cut-out en la parte inferior destaca las curvas femeninas, asegurando una silueta cautivadora que atraer\u00e1 todas las miradas. Adem\u00e1s, incluye una bombacha a juego, completando un conjunto armonioso y atractivo.  El modelo W291 es perfecto para diversas ocasiones, desde una cita especial hasta momentos de intimidad en casa. Su confecci\u00f3n en tallas pensadas para mujeres adultas asegura un ajuste perfecto y confortable, reflejando confianza y estilo en cada uso. Atr\u00e9vete a incluir este Baby Doll en tu colecci\u00f3n de lencer\u00eda y disfruta de un toque de sofisticaci\u00f3n y sensualidad en tu guardarropa.\" \/>\n<meta property=\"og:url\" content=\"https:\/\/butterflyeffect.com.ar\/index.php\/producto\/baby-doll-body-less-lenceria-sexy-be-sensual-w291\/\" \/>\n<meta property=\"article:modified_time\" content=\"2026-04-27T17:50:24+00:00\" \/>\n<meta property=\"og:image\" content=\"https:\/\/butterflyeffect.com.ar\/wp-content\/uploads\/2025\/12\/D_637363-MLA89660978748_082025-F.jpg\" \/>\n\t<meta property=\"og:image:width\" content=\"522\" \/>\n\t<meta property=\"og:image:height\" content=\"522\" \/>\n\t<meta property=\"og:image:type\" content=\"image\/jpeg\" \/>\n<meta name=\"twitter:card\" content=\"summary_large_image\" \/>\n<meta name=\"twitter:label1\" content=\"Tiempo de lectura\" \/>\n\t<meta name=\"twitter:data1\" content=\"1 minuto\" \/>\n<script type=\"application\/ld+json\" class=\"yoast-schema-graph\">{\"@context\":\"https:\/\/schema.org\",\"@graph\":[{\"@type\":\"WebPage\",\"@id\":\"https:\/\/butterflyeffect.com.ar\/index.php\/producto\/baby-doll-body-less-lenceria-sexy-be-sensual-w291\/\",\"url\":\"https:\/\/butterflyeffect.com.ar\/index.php\/producto\/baby-doll-body-less-lenceria-sexy-be-sensual-w291\/\",\"name\":\"Baby Doll Body Less, Lenceria Sexy Be Sensual W291 -\",\"isPartOf\":{\"@id\":\"https:\/\/butterflyeffect.com.ar\/#website\"},\"primaryImageOfPage\":{\"@id\":\"https:\/\/butterflyeffect.com.ar\/index.php\/producto\/baby-doll-body-less-lenceria-sexy-be-sensual-w291\/#primaryimage\"},\"image\":{\"@id\":\"https:\/\/butterflyeffect.com.ar\/index.php\/producto\/baby-doll-body-less-lenceria-sexy-be-sensual-w291\/#primaryimage\"},\"thumbnailUrl\":\"https:\/\/butterflyeffect.com.ar\/wp-content\/uploads\/2025\/12\/D_637363-MLA89660978748_082025-F.jpg\",\"datePublished\":\"2025-12-22T23:33:30+00:00\",\"dateModified\":\"2026-04-27T17:50:24+00:00\",\"breadcrumb\":{\"@id\":\"https:\/\/butterflyeffect.com.ar\/index.php\/producto\/baby-doll-body-less-lenceria-sexy-be-sensual-w291\/#breadcrumb\"},\"inLanguage\":\"es\",\"potentialAction\":[{\"@type\":\"ReadAction\",\"target\":[\"https:\/\/butterflyeffect.com.ar\/index.php\/producto\/baby-doll-body-less-lenceria-sexy-be-sensual-w291\/\"]}]},{\"@type\":\"ImageObject\",\"inLanguage\":\"es\",\"@id\":\"https:\/\/butterflyeffect.com.ar\/index.php\/producto\/baby-doll-body-less-lenceria-sexy-be-sensual-w291\/#primaryimage\",\"url\":\"https:\/\/butterflyeffect.com.ar\/wp-content\/uploads\/2025\/12\/D_637363-MLA89660978748_082025-F.jpg\",\"contentUrl\":\"https:\/\/butterflyeffect.com.ar\/wp-content\/uploads\/2025\/12\/D_637363-MLA89660978748_082025-F.jpg\",\"width\":522,\"height\":522},{\"@type\":\"BreadcrumbList\",\"@id\":\"https:\/\/butterflyeffect.com.ar\/index.php\/producto\/baby-doll-body-less-lenceria-sexy-be-sensual-w291\/#breadcrumb\",\"itemListElement\":[{\"@type\":\"ListItem\",\"position\":1,\"name\":\"Portada\",\"item\":\"https:\/\/butterflyeffect.com.ar\/\"},{\"@type\":\"ListItem\",\"position\":2,\"name\":\"Tienda\",\"item\":\"https:\/\/butterflyeffect.com.ar\/index.php\/tienda\/\"},{\"@type\":\"ListItem\",\"position\":3,\"name\":\"Baby Doll Body Less, Lenceria Sexy Be Sensual W291\"}]},{\"@type\":\"WebSite\",\"@id\":\"https:\/\/butterflyeffect.com.ar\/#website\",\"url\":\"https:\/\/butterflyeffect.com.ar\/\",\"name\":\"Butterfly Effect\",\"description\":\"Premium Sex Tech Toys &amp; Cosmetica Intima\",\"publisher\":{\"@id\":\"https:\/\/butterflyeffect.com.ar\/#organization\"},\"potentialAction\":[{\"@type\":\"SearchAction\",\"target\":{\"@type\":\"EntryPoint\",\"urlTemplate\":\"https:\/\/butterflyeffect.com.ar\/?s={search_term_string}\"},\"query-input\":{\"@type\":\"PropertyValueSpecification\",\"valueRequired\":true,\"valueName\":\"search_term_string\"}}],\"inLanguage\":\"es\"},{\"@type\":\"Organization\",\"@id\":\"https:\/\/butterflyeffect.com.ar\/#organization\",\"name\":\"The Butterfly Effect\",\"url\":\"https:\/\/butterflyeffect.com.ar\/\",\"logo\":{\"@type\":\"ImageObject\",\"inLanguage\":\"es\",\"@id\":\"https:\/\/butterflyeffect.com.ar\/#\/schema\/logo\/image\/\",\"url\":\"https:\/\/butterflyeffect.com.ar\/wp-content\/uploads\/2023\/06\/cropped-LOGO-FINAL-BE-01.jpg\",\"contentUrl\":\"https:\/\/butterflyeffect.com.ar\/wp-content\/uploads\/2023\/06\/cropped-LOGO-FINAL-BE-01.jpg\",\"width\":766,\"height\":877,\"caption\":\"The Butterfly Effect\"},\"image\":{\"@id\":\"https:\/\/butterflyeffect.com.ar\/#\/schema\/logo\/image\/\"},\"sameAs\":[\"https:\/\/www.instagram.com\/butterflyeffect_ar\/\"]}]}<\/script>\n<!-- \/ Yoast SEO plugin. -->","yoast_head_json":{"title":"Baby Doll Body Less, Lenceria Sexy Be Sensual W291 -","robots":{"index":"index","follow":"follow","max-snippet":"max-snippet:-1","max-image-preview":"max-image-preview:large","max-video-preview":"max-video-preview:-1"},"canonical":"https:\/\/butterflyeffect.com.ar\/index.php\/producto\/baby-doll-body-less-lenceria-sexy-be-sensual-w291\/","og_locale":"es_ES","og_type":"article","og_title":"Baby Doll Body Less, Lenceria Sexy Be Sensual W291 -","og_description":"Presentamos el Baby Doll Body Less, Lencer\u00eda Sexy Be Sensual W291, una prenda que realza la feminidad y el encanto de cada mujer. Dise\u00f1ada por la conocida marca Butterfly Effect, esta lencer\u00eda es la opci\u00f3n ideal para quienes desean expresar su sensualidad de manera elegante y delicada.  Confeccionada con una mezcla de tul, leotardo y puntilla, el Baby Doll ofrece una suavidad excepcional al tacto, garantizando comodidad y libertad de movimiento. Su dise\u00f1o seductor y cut-out en la parte inferior destaca las curvas femeninas, asegurando una silueta cautivadora que atraer\u00e1 todas las miradas. Adem\u00e1s, incluye una bombacha a juego, completando un conjunto armonioso y atractivo.  El modelo W291 es perfecto para diversas ocasiones, desde una cita especial hasta momentos de intimidad en casa. Su confecci\u00f3n en tallas pensadas para mujeres adultas asegura un ajuste perfecto y confortable, reflejando confianza y estilo en cada uso. Atr\u00e9vete a incluir este Baby Doll en tu colecci\u00f3n de lencer\u00eda y disfruta de un toque de sofisticaci\u00f3n y sensualidad en tu guardarropa.","og_url":"https:\/\/butterflyeffect.com.ar\/index.php\/producto\/baby-doll-body-less-lenceria-sexy-be-sensual-w291\/","article_modified_time":"2026-04-27T17:50:24+00:00","og_image":[{"width":522,"height":522,"url":"https:\/\/butterflyeffect.com.ar\/wp-content\/uploads\/2025\/12\/D_637363-MLA89660978748_082025-F.jpg","type":"image\/jpeg"}],"twitter_card":"summary_large_image","twitter_misc":{"Tiempo de lectura":"1 minuto"},"schema":{"@context":"https:\/\/schema.org","@graph":[{"@type":"WebPage","@id":"https:\/\/butterflyeffect.com.ar\/index.php\/producto\/baby-doll-body-less-lenceria-sexy-be-sensual-w291\/","url":"https:\/\/butterflyeffect.com.ar\/index.php\/producto\/baby-doll-body-less-lenceria-sexy-be-sensual-w291\/","name":"Baby Doll Body Less, Lenceria Sexy Be Sensual W291 -","isPartOf":{"@id":"https:\/\/butterflyeffect.com.ar\/#website"},"primaryImageOfPage":{"@id":"https:\/\/butterflyeffect.com.ar\/index.php\/producto\/baby-doll-body-less-lenceria-sexy-be-sensual-w291\/#primaryimage"},"image":{"@id":"https:\/\/butterflyeffect.com.ar\/index.php\/producto\/baby-doll-body-less-lenceria-sexy-be-sensual-w291\/#primaryimage"},"thumbnailUrl":"https:\/\/butterflyeffect.com.ar\/wp-content\/uploads\/2025\/12\/D_637363-MLA89660978748_082025-F.jpg","datePublished":"2025-12-22T23:33:30+00:00","dateModified":"2026-04-27T17:50:24+00:00","breadcrumb":{"@id":"https:\/\/butterflyeffect.com.ar\/index.php\/producto\/baby-doll-body-less-lenceria-sexy-be-sensual-w291\/#breadcrumb"},"inLanguage":"es","potentialAction":[{"@type":"ReadAction","target":["https:\/\/butterflyeffect.com.ar\/index.php\/producto\/baby-doll-body-less-lenceria-sexy-be-sensual-w291\/"]}]},{"@type":"ImageObject","inLanguage":"es","@id":"https:\/\/butterflyeffect.com.ar\/index.php\/producto\/baby-doll-body-less-lenceria-sexy-be-sensual-w291\/#primaryimage","url":"https:\/\/butterflyeffect.com.ar\/wp-content\/uploads\/2025\/12\/D_637363-MLA89660978748_082025-F.jpg","contentUrl":"https:\/\/butterflyeffect.com.ar\/wp-content\/uploads\/2025\/12\/D_637363-MLA89660978748_082025-F.jpg","width":522,"height":522},{"@type":"BreadcrumbList","@id":"https:\/\/butterflyeffect.com.ar\/index.php\/producto\/baby-doll-body-less-lenceria-sexy-be-sensual-w291\/#breadcrumb","itemListElement":[{"@type":"ListItem","position":1,"name":"Portada","item":"https:\/\/butterflyeffect.com.ar\/"},{"@type":"ListItem","position":2,"name":"Tienda","item":"https:\/\/butterflyeffect.com.ar\/index.php\/tienda\/"},{"@type":"ListItem","position":3,"name":"Baby Doll Body Less, Lenceria Sexy Be Sensual W291"}]},{"@type":"WebSite","@id":"https:\/\/butterflyeffect.com.ar\/#website","url":"https:\/\/butterflyeffect.com.ar\/","name":"Butterfly Effect","description":"Premium Sex Tech Toys &amp; Cosmetica Intima","publisher":{"@id":"https:\/\/butterflyeffect.com.ar\/#organization"},"potentialAction":[{"@type":"SearchAction","target":{"@type":"EntryPoint","urlTemplate":"https:\/\/butterflyeffect.com.ar\/?s={search_term_string}"},"query-input":{"@type":"PropertyValueSpecification","valueRequired":true,"valueName":"search_term_string"}}],"inLanguage":"es"},{"@type":"Organization","@id":"https:\/\/butterflyeffect.com.ar\/#organization","name":"The Butterfly Effect","url":"https:\/\/butterflyeffect.com.ar\/","logo":{"@type":"ImageObject","inLanguage":"es","@id":"https:\/\/butterflyeffect.com.ar\/#\/schema\/logo\/image\/","url":"https:\/\/butterflyeffect.com.ar\/wp-content\/uploads\/2023\/06\/cropped-LOGO-FINAL-BE-01.jpg","contentUrl":"https:\/\/butterflyeffect.com.ar\/wp-content\/uploads\/2023\/06\/cropped-LOGO-FINAL-BE-01.jpg","width":766,"height":877,"caption":"The Butterfly Effect"},"image":{"@id":"https:\/\/butterflyeffect.com.ar\/#\/schema\/logo\/image\/"},"sameAs":["https:\/\/www.instagram.com\/butterflyeffect_ar\/"]}]}},"_links":{"self":[{"href":"https:\/\/butterflyeffect.com.ar\/index.php\/wp-json\/wp\/v2\/product\/2354","targetHints":{"allow":["GET"]}}],"collection":[{"href":"https:\/\/butterflyeffect.com.ar\/index.php\/wp-json\/wp\/v2\/product"}],"about":[{"href":"https:\/\/butterflyeffect.com.ar\/index.php\/wp-json\/wp\/v2\/types\/product"}],"replies":[{"embeddable":true,"href":"https:\/\/butterflyeffect.com.ar\/index.php\/wp-json\/wp\/v2\/comments?post=2354"}],"wp:featuredmedia":[{"embeddable":true,"href":"https:\/\/butterflyeffect.com.ar\/index.php\/wp-json\/wp\/v2\/media\/2353"}],"wp:attachment":[{"href":"https:\/\/butterflyeffect.com.ar\/index.php\/wp-json\/wp\/v2\/media?parent=2354"}],"wp:term":[{"taxonomy":"product_brand","embeddable":true,"href":"https:\/\/butterflyeffect.com.ar\/index.php\/wp-json\/wp\/v2\/product_brand?post=2354"},{"taxonomy":"product_cat","embeddable":true,"href":"https:\/\/butterflyeffect.com.ar\/index.php\/wp-json\/wp\/v2\/product_cat?post=2354"},{"taxonomy":"product_tag","embeddable":true,"href":"https:\/\/butterflyeffect.com.ar\/index.php\/wp-json\/wp\/v2\/product_tag?post=2354"}],"curies":[{"name":"wp","href":"https:\/\/api.w.org\/{rel}","templated":true}]}}