{"id":2345,"date":"2025-12-22T23:33:11","date_gmt":"2025-12-22T23:33:11","guid":{"rendered":"https:\/\/butterflyeffect.com.ar\/index.php\/producto\/body-baby-doll-lenceria-sexy-be-sensual-s213\/"},"modified":"2026-04-27T17:50:48","modified_gmt":"2026-04-27T17:50:48","slug":"body-baby-doll-lenceria-sexy-be-sensual-s213","status":"publish","type":"product","link":"https:\/\/butterflyeffect.com.ar\/index.php\/producto\/body-baby-doll-lenceria-sexy-be-sensual-s213\/","title":{"rendered":"Body, Baby Doll Lenceria Sexy Be Sensual S213"},"content":{"rendered":"<p>Descubre el Body Baby Doll Lencer\u00eda Sexy Be Sensual S213 de Butterfly Effect, una pieza dise\u00f1ada para resaltar la sensualidad y la elegancia de la mujer contempor\u00e1nea. Este modelo, confeccionado en delicado encaje, combina un dise\u00f1o abierto en la entrepierna con un toque de sofisticaci\u00f3n, logrando un equilibrio perfecto entre seducci\u00f3n y comodidad.<\/p>\n<p>Las tiras regulables aportan un ajuste personalizado, garantizando que cada mujer se sienta \u00fanica y segura de s\u00ed misma. Cada detalle del Body est\u00e1 pensado para realzar la figura femenina, convirti\u00e9ndolo en la elecci\u00f3n ideal para ocasiones especiales o momentos \u00edntimos.<\/p>\n<p>Sum\u00e9rgete en la experiencia de usar una lencer\u00eda que no solo se ve bien, sino que tambi\u00e9n se siente bien. Deja que el Body Baby Doll S213 te acompa\u00f1e en tu viaje hacia la autoconfianza y la expresi\u00f3n personal.<\/p>\n","protected":false},"excerpt":{"rendered":"<p>Descubre el Body Baby Doll Lencer\u00eda Sexy Be Sensual S213 de Butterfly Effect, una pieza dise\u00f1ada para resaltar la sensualidad y la elegancia de la mujer contempor\u00e1nea. Este modelo, confeccionado en delicado encaje, combina un dise\u00f1o abierto en la entrepierna con un toque de sofisticaci\u00f3n, logrando un equilibrio perfecto entre seducci\u00f3n y comodidad.<\/p>\n<p>Las tiras regulables aportan un ajuste personalizado, garantizando que cada mujer se sienta \u00fanica y segura de s\u00ed misma. Cada detalle del Body est\u00e1 pensado para realzar la figura femenina, convirti\u00e9ndolo en la elecci\u00f3n ideal para ocasiones especiales o momentos \u00edntimos.<\/p>\n<p>Sum\u00e9rgete en la experiencia de usar una lencer\u00eda que no solo se ve bien, sino que tambi\u00e9n se siente bien. Deja que el Body Baby Doll S213 te acompa\u00f1e en tu viaje hacia la autoconfianza y la expresi\u00f3n personal.<\/p>\n","protected":false},"featured_media":2344,"comment_status":"open","ping_status":"closed","template":"","meta":[],"product_brand":[107],"product_cat":[141,77],"product_tag":[142,143,144],"class_list":{"0":"post-2345","1":"product","2":"type-product","3":"status-publish","4":"has-post-thumbnail","6":"product_brand-butterfly-effect","7":"product_cat-lenceria-sexy","8":"product_cat-productos","9":"product_tag-cola-less","10":"product_tag-lenceria","11":"product_tag-sexy","13":"entry","14":"has-media","16":"first","17":"instock","18":"shipping-taxable","19":"purchasable","20":"product-type-variable","21":"has-product-nav","22":"col","23":"span_1_of_4","24":"owp-content-center","25":"owp-thumbs-layout-horizontal","26":"owp-btn-normal","27":"owp-tabs-layout-horizontal"},"yoast_head":"<!-- This site is optimized with the Yoast SEO plugin v26.0 - https:\/\/yoast.com\/wordpress\/plugins\/seo\/ -->\n<title>Body, Baby Doll Lenceria Sexy Be Sensual S213 -<\/title>\n<meta name=\"robots\" content=\"index, follow, max-snippet:-1, max-image-preview:large, max-video-preview:-1\" \/>\n<link rel=\"canonical\" href=\"https:\/\/butterflyeffect.com.ar\/index.php\/producto\/body-baby-doll-lenceria-sexy-be-sensual-s213\/\" \/>\n<meta property=\"og:locale\" content=\"es_ES\" \/>\n<meta property=\"og:type\" content=\"article\" \/>\n<meta property=\"og:title\" content=\"Body, Baby Doll Lenceria Sexy Be Sensual S213 -\" \/>\n<meta property=\"og:description\" content=\"Descubre el Body Baby Doll Lencer\u00eda Sexy Be Sensual S213 de Butterfly Effect, una pieza dise\u00f1ada para resaltar la sensualidad y la elegancia de la mujer contempor\u00e1nea. Este modelo, confeccionado en delicado encaje, combina un dise\u00f1o abierto en la entrepierna con un toque de sofisticaci\u00f3n, logrando un equilibrio perfecto entre seducci\u00f3n y comodidad. Las tiras regulables aportan un ajuste personalizado, garantizando que cada mujer se sienta \u00fanica y segura de s\u00ed misma. Cada detalle del Body est\u00e1 pensado para realzar la figura femenina, convirti\u00e9ndolo en la elecci\u00f3n ideal para ocasiones especiales o momentos \u00edntimos. Sum\u00e9rgete en la experiencia de usar una lencer\u00eda que no solo se ve bien, sino que tambi\u00e9n se siente bien. Deja que el Body Baby Doll S213 te acompa\u00f1e en tu viaje hacia la autoconfianza y la expresi\u00f3n personal.\" \/>\n<meta property=\"og:url\" content=\"https:\/\/butterflyeffect.com.ar\/index.php\/producto\/body-baby-doll-lenceria-sexy-be-sensual-s213\/\" \/>\n<meta property=\"article:modified_time\" content=\"2026-04-27T17:50:48+00:00\" \/>\n<meta property=\"og:image\" content=\"https:\/\/butterflyeffect.com.ar\/wp-content\/uploads\/2025\/12\/D_648886-MLA90035116103_082025-F.jpg\" \/>\n\t<meta property=\"og:image:width\" content=\"1200\" \/>\n\t<meta property=\"og:image:height\" content=\"1150\" \/>\n\t<meta property=\"og:image:type\" content=\"image\/jpeg\" \/>\n<meta name=\"twitter:card\" content=\"summary_large_image\" \/>\n<meta name=\"twitter:label1\" content=\"Tiempo de lectura\" \/>\n\t<meta name=\"twitter:data1\" content=\"1 minuto\" \/>\n<script type=\"application\/ld+json\" class=\"yoast-schema-graph\">{\"@context\":\"https:\/\/schema.org\",\"@graph\":[{\"@type\":\"WebPage\",\"@id\":\"https:\/\/butterflyeffect.com.ar\/index.php\/producto\/body-baby-doll-lenceria-sexy-be-sensual-s213\/\",\"url\":\"https:\/\/butterflyeffect.com.ar\/index.php\/producto\/body-baby-doll-lenceria-sexy-be-sensual-s213\/\",\"name\":\"Body, Baby Doll Lenceria Sexy Be Sensual S213 -\",\"isPartOf\":{\"@id\":\"https:\/\/butterflyeffect.com.ar\/#website\"},\"primaryImageOfPage\":{\"@id\":\"https:\/\/butterflyeffect.com.ar\/index.php\/producto\/body-baby-doll-lenceria-sexy-be-sensual-s213\/#primaryimage\"},\"image\":{\"@id\":\"https:\/\/butterflyeffect.com.ar\/index.php\/producto\/body-baby-doll-lenceria-sexy-be-sensual-s213\/#primaryimage\"},\"thumbnailUrl\":\"https:\/\/butterflyeffect.com.ar\/wp-content\/uploads\/2025\/12\/D_648886-MLA90035116103_082025-F.jpg\",\"datePublished\":\"2025-12-22T23:33:11+00:00\",\"dateModified\":\"2026-04-27T17:50:48+00:00\",\"breadcrumb\":{\"@id\":\"https:\/\/butterflyeffect.com.ar\/index.php\/producto\/body-baby-doll-lenceria-sexy-be-sensual-s213\/#breadcrumb\"},\"inLanguage\":\"es\",\"potentialAction\":[{\"@type\":\"ReadAction\",\"target\":[\"https:\/\/butterflyeffect.com.ar\/index.php\/producto\/body-baby-doll-lenceria-sexy-be-sensual-s213\/\"]}]},{\"@type\":\"ImageObject\",\"inLanguage\":\"es\",\"@id\":\"https:\/\/butterflyeffect.com.ar\/index.php\/producto\/body-baby-doll-lenceria-sexy-be-sensual-s213\/#primaryimage\",\"url\":\"https:\/\/butterflyeffect.com.ar\/wp-content\/uploads\/2025\/12\/D_648886-MLA90035116103_082025-F.jpg\",\"contentUrl\":\"https:\/\/butterflyeffect.com.ar\/wp-content\/uploads\/2025\/12\/D_648886-MLA90035116103_082025-F.jpg\",\"width\":1200,\"height\":1150},{\"@type\":\"BreadcrumbList\",\"@id\":\"https:\/\/butterflyeffect.com.ar\/index.php\/producto\/body-baby-doll-lenceria-sexy-be-sensual-s213\/#breadcrumb\",\"itemListElement\":[{\"@type\":\"ListItem\",\"position\":1,\"name\":\"Portada\",\"item\":\"https:\/\/butterflyeffect.com.ar\/\"},{\"@type\":\"ListItem\",\"position\":2,\"name\":\"Tienda\",\"item\":\"https:\/\/butterflyeffect.com.ar\/index.php\/tienda\/\"},{\"@type\":\"ListItem\",\"position\":3,\"name\":\"Body, Baby Doll Lenceria Sexy Be Sensual S213\"}]},{\"@type\":\"WebSite\",\"@id\":\"https:\/\/butterflyeffect.com.ar\/#website\",\"url\":\"https:\/\/butterflyeffect.com.ar\/\",\"name\":\"Butterfly Effect\",\"description\":\"Premium Sex Tech Toys &amp; Cosmetica Intima\",\"publisher\":{\"@id\":\"https:\/\/butterflyeffect.com.ar\/#organization\"},\"potentialAction\":[{\"@type\":\"SearchAction\",\"target\":{\"@type\":\"EntryPoint\",\"urlTemplate\":\"https:\/\/butterflyeffect.com.ar\/?s={search_term_string}\"},\"query-input\":{\"@type\":\"PropertyValueSpecification\",\"valueRequired\":true,\"valueName\":\"search_term_string\"}}],\"inLanguage\":\"es\"},{\"@type\":\"Organization\",\"@id\":\"https:\/\/butterflyeffect.com.ar\/#organization\",\"name\":\"The Butterfly Effect\",\"url\":\"https:\/\/butterflyeffect.com.ar\/\",\"logo\":{\"@type\":\"ImageObject\",\"inLanguage\":\"es\",\"@id\":\"https:\/\/butterflyeffect.com.ar\/#\/schema\/logo\/image\/\",\"url\":\"https:\/\/butterflyeffect.com.ar\/wp-content\/uploads\/2023\/06\/cropped-LOGO-FINAL-BE-01.jpg\",\"contentUrl\":\"https:\/\/butterflyeffect.com.ar\/wp-content\/uploads\/2023\/06\/cropped-LOGO-FINAL-BE-01.jpg\",\"width\":766,\"height\":877,\"caption\":\"The Butterfly Effect\"},\"image\":{\"@id\":\"https:\/\/butterflyeffect.com.ar\/#\/schema\/logo\/image\/\"},\"sameAs\":[\"https:\/\/www.instagram.com\/butterflyeffect_ar\/\"]}]}<\/script>\n<!-- \/ Yoast SEO plugin. -->","yoast_head_json":{"title":"Body, Baby Doll Lenceria Sexy Be Sensual S213 -","robots":{"index":"index","follow":"follow","max-snippet":"max-snippet:-1","max-image-preview":"max-image-preview:large","max-video-preview":"max-video-preview:-1"},"canonical":"https:\/\/butterflyeffect.com.ar\/index.php\/producto\/body-baby-doll-lenceria-sexy-be-sensual-s213\/","og_locale":"es_ES","og_type":"article","og_title":"Body, Baby Doll Lenceria Sexy Be Sensual S213 -","og_description":"Descubre el Body Baby Doll Lencer\u00eda Sexy Be Sensual S213 de Butterfly Effect, una pieza dise\u00f1ada para resaltar la sensualidad y la elegancia de la mujer contempor\u00e1nea. Este modelo, confeccionado en delicado encaje, combina un dise\u00f1o abierto en la entrepierna con un toque de sofisticaci\u00f3n, logrando un equilibrio perfecto entre seducci\u00f3n y comodidad. Las tiras regulables aportan un ajuste personalizado, garantizando que cada mujer se sienta \u00fanica y segura de s\u00ed misma. Cada detalle del Body est\u00e1 pensado para realzar la figura femenina, convirti\u00e9ndolo en la elecci\u00f3n ideal para ocasiones especiales o momentos \u00edntimos. Sum\u00e9rgete en la experiencia de usar una lencer\u00eda que no solo se ve bien, sino que tambi\u00e9n se siente bien. Deja que el Body Baby Doll S213 te acompa\u00f1e en tu viaje hacia la autoconfianza y la expresi\u00f3n personal.","og_url":"https:\/\/butterflyeffect.com.ar\/index.php\/producto\/body-baby-doll-lenceria-sexy-be-sensual-s213\/","article_modified_time":"2026-04-27T17:50:48+00:00","og_image":[{"width":1200,"height":1150,"url":"https:\/\/butterflyeffect.com.ar\/wp-content\/uploads\/2025\/12\/D_648886-MLA90035116103_082025-F.jpg","type":"image\/jpeg"}],"twitter_card":"summary_large_image","twitter_misc":{"Tiempo de lectura":"1 minuto"},"schema":{"@context":"https:\/\/schema.org","@graph":[{"@type":"WebPage","@id":"https:\/\/butterflyeffect.com.ar\/index.php\/producto\/body-baby-doll-lenceria-sexy-be-sensual-s213\/","url":"https:\/\/butterflyeffect.com.ar\/index.php\/producto\/body-baby-doll-lenceria-sexy-be-sensual-s213\/","name":"Body, Baby Doll Lenceria Sexy Be Sensual S213 -","isPartOf":{"@id":"https:\/\/butterflyeffect.com.ar\/#website"},"primaryImageOfPage":{"@id":"https:\/\/butterflyeffect.com.ar\/index.php\/producto\/body-baby-doll-lenceria-sexy-be-sensual-s213\/#primaryimage"},"image":{"@id":"https:\/\/butterflyeffect.com.ar\/index.php\/producto\/body-baby-doll-lenceria-sexy-be-sensual-s213\/#primaryimage"},"thumbnailUrl":"https:\/\/butterflyeffect.com.ar\/wp-content\/uploads\/2025\/12\/D_648886-MLA90035116103_082025-F.jpg","datePublished":"2025-12-22T23:33:11+00:00","dateModified":"2026-04-27T17:50:48+00:00","breadcrumb":{"@id":"https:\/\/butterflyeffect.com.ar\/index.php\/producto\/body-baby-doll-lenceria-sexy-be-sensual-s213\/#breadcrumb"},"inLanguage":"es","potentialAction":[{"@type":"ReadAction","target":["https:\/\/butterflyeffect.com.ar\/index.php\/producto\/body-baby-doll-lenceria-sexy-be-sensual-s213\/"]}]},{"@type":"ImageObject","inLanguage":"es","@id":"https:\/\/butterflyeffect.com.ar\/index.php\/producto\/body-baby-doll-lenceria-sexy-be-sensual-s213\/#primaryimage","url":"https:\/\/butterflyeffect.com.ar\/wp-content\/uploads\/2025\/12\/D_648886-MLA90035116103_082025-F.jpg","contentUrl":"https:\/\/butterflyeffect.com.ar\/wp-content\/uploads\/2025\/12\/D_648886-MLA90035116103_082025-F.jpg","width":1200,"height":1150},{"@type":"BreadcrumbList","@id":"https:\/\/butterflyeffect.com.ar\/index.php\/producto\/body-baby-doll-lenceria-sexy-be-sensual-s213\/#breadcrumb","itemListElement":[{"@type":"ListItem","position":1,"name":"Portada","item":"https:\/\/butterflyeffect.com.ar\/"},{"@type":"ListItem","position":2,"name":"Tienda","item":"https:\/\/butterflyeffect.com.ar\/index.php\/tienda\/"},{"@type":"ListItem","position":3,"name":"Body, Baby Doll Lenceria Sexy Be Sensual S213"}]},{"@type":"WebSite","@id":"https:\/\/butterflyeffect.com.ar\/#website","url":"https:\/\/butterflyeffect.com.ar\/","name":"Butterfly Effect","description":"Premium Sex Tech Toys &amp; Cosmetica Intima","publisher":{"@id":"https:\/\/butterflyeffect.com.ar\/#organization"},"potentialAction":[{"@type":"SearchAction","target":{"@type":"EntryPoint","urlTemplate":"https:\/\/butterflyeffect.com.ar\/?s={search_term_string}"},"query-input":{"@type":"PropertyValueSpecification","valueRequired":true,"valueName":"search_term_string"}}],"inLanguage":"es"},{"@type":"Organization","@id":"https:\/\/butterflyeffect.com.ar\/#organization","name":"The Butterfly Effect","url":"https:\/\/butterflyeffect.com.ar\/","logo":{"@type":"ImageObject","inLanguage":"es","@id":"https:\/\/butterflyeffect.com.ar\/#\/schema\/logo\/image\/","url":"https:\/\/butterflyeffect.com.ar\/wp-content\/uploads\/2023\/06\/cropped-LOGO-FINAL-BE-01.jpg","contentUrl":"https:\/\/butterflyeffect.com.ar\/wp-content\/uploads\/2023\/06\/cropped-LOGO-FINAL-BE-01.jpg","width":766,"height":877,"caption":"The Butterfly Effect"},"image":{"@id":"https:\/\/butterflyeffect.com.ar\/#\/schema\/logo\/image\/"},"sameAs":["https:\/\/www.instagram.com\/butterflyeffect_ar\/"]}]}},"_links":{"self":[{"href":"https:\/\/butterflyeffect.com.ar\/index.php\/wp-json\/wp\/v2\/product\/2345","targetHints":{"allow":["GET"]}}],"collection":[{"href":"https:\/\/butterflyeffect.com.ar\/index.php\/wp-json\/wp\/v2\/product"}],"about":[{"href":"https:\/\/butterflyeffect.com.ar\/index.php\/wp-json\/wp\/v2\/types\/product"}],"replies":[{"embeddable":true,"href":"https:\/\/butterflyeffect.com.ar\/index.php\/wp-json\/wp\/v2\/comments?post=2345"}],"wp:featuredmedia":[{"embeddable":true,"href":"https:\/\/butterflyeffect.com.ar\/index.php\/wp-json\/wp\/v2\/media\/2344"}],"wp:attachment":[{"href":"https:\/\/butterflyeffect.com.ar\/index.php\/wp-json\/wp\/v2\/media?parent=2345"}],"wp:term":[{"taxonomy":"product_brand","embeddable":true,"href":"https:\/\/butterflyeffect.com.ar\/index.php\/wp-json\/wp\/v2\/product_brand?post=2345"},{"taxonomy":"product_cat","embeddable":true,"href":"https:\/\/butterflyeffect.com.ar\/index.php\/wp-json\/wp\/v2\/product_cat?post=2345"},{"taxonomy":"product_tag","embeddable":true,"href":"https:\/\/butterflyeffect.com.ar\/index.php\/wp-json\/wp\/v2\/product_tag?post=2345"}],"curies":[{"name":"wp","href":"https:\/\/api.w.org\/{rel}","templated":true}]}}