{"id":2327,"date":"2025-12-22T23:32:46","date_gmt":"2025-12-22T23:32:46","guid":{"rendered":"https:\/\/butterflyeffect.com.ar\/index.php\/producto\/baby-doll-body-less-lenceria-sexy-be-sensual-w397\/"},"modified":"2026-04-27T17:52:45","modified_gmt":"2026-04-27T17:52:45","slug":"baby-doll-body-less-lenceria-sexy-be-sensual-w397","status":"publish","type":"product","link":"https:\/\/butterflyeffect.com.ar\/index.php\/producto\/baby-doll-body-less-lenceria-sexy-be-sensual-w397\/","title":{"rendered":"Baby Doll Body Less, Lenceria Sexy Be Sensual W397"},"content":{"rendered":"<p>Descubre la elegancia y sensualidad del Baby Doll Body Less, Lencer\u00eda Sexy Be Sensual W397 de la marca Butterfly Effect. Dise\u00f1ado especialmente para las mujeres que desean sentirse irresistibles, este modelo combina un delicado encaje con un corte fascinante que realza la figura, garantizando confianza y estilo en cada ocasi\u00f3n.<\/p>\n<p>La transparencia del encaje acaricia la piel de manera sutil, convirti\u00e9ndolo en una opci\u00f3n ideal para momentos especiales o para a\u00f1adir un toque de sofisticaci\u00f3n a tu lencer\u00eda diaria. Complementado con una bombacha que asegura una comodidad \u00f3ptima, este conjunto se convierte en una elecci\u00f3n perfecta para quienes buscan lujo y confort en cada detalle.<\/p>\n<p>Su dise\u00f1o minimalista pero atractivo permite que se adapte a distintas personalidades y contextos, ofreciendo versatilidad para ser usado con o sin prendas adicionales. El modelo W397 es una celebraci\u00f3n de la feminidad, mostrando una est\u00e9tica cautivadora que atraer\u00e1 todas las miradas.<\/p>\n<p>El Baby Doll Body Less no solo es una prenda de lencer\u00eda; es una invitaci\u00f3n a explorar tu sensualidad y a sentirte empoderada en tu propia piel. Sum\u00e9rgete en la experiencia de la lencer\u00eda de calidad y haz que cada d\u00eda sea especial.<\/p>\n","protected":false},"excerpt":{"rendered":"<p>Descubre la elegancia y sensualidad del Baby Doll Body Less, Lencer\u00eda Sexy Be Sensual W397 de la marca Butterfly Effect. Dise\u00f1ado especialmente para las mujeres que desean sentirse irresistibles, este modelo combina un delicado encaje con un corte fascinante que realza la figura, garantizando confianza y estilo en cada ocasi\u00f3n.<\/p>\n<p>La transparencia del encaje acaricia la piel de manera sutil, convirti\u00e9ndolo en una opci\u00f3n ideal para momentos especiales o para a\u00f1adir un toque de sofisticaci\u00f3n a tu lencer\u00eda diaria. Complementado con una bombacha que asegura una comodidad \u00f3ptima, este conjunto se convierte en una elecci\u00f3n perfecta para quienes buscan lujo y confort en cada detalle.<\/p>\n<p>Su dise\u00f1o minimalista pero atractivo permite que se adapte a distintas personalidades y contextos, ofreciendo versatilidad para ser usado con o sin prendas adicionales. El modelo W397 es una celebraci\u00f3n de la feminidad, mostrando una est\u00e9tica cautivadora que atraer\u00e1 todas las miradas.<\/p>\n<p>El Baby Doll Body Less no solo es una prenda de lencer\u00eda; es una invitaci\u00f3n a explorar tu sensualidad y a sentirte empoderada en tu propia piel. Sum\u00e9rgete en la experiencia de la lencer\u00eda de calidad y haz que cada d\u00eda sea especial.<\/p>\n","protected":false},"featured_media":2326,"comment_status":"open","ping_status":"closed","template":"","meta":[],"product_brand":[107],"product_cat":[141,77],"product_tag":[142,143,144],"class_list":{"0":"post-2327","1":"product","2":"type-product","3":"status-publish","4":"has-post-thumbnail","6":"product_brand-butterfly-effect","7":"product_cat-lenceria-sexy","8":"product_cat-productos","9":"product_tag-cola-less","10":"product_tag-lenceria","11":"product_tag-sexy","13":"entry","14":"has-media","16":"first","17":"outofstock","18":"shipping-taxable","19":"product-type-variable","20":"has-product-nav","21":"col","22":"span_1_of_4","23":"owp-content-center","24":"owp-thumbs-layout-horizontal","25":"owp-btn-normal","26":"owp-tabs-layout-horizontal"},"yoast_head":"<!-- This site is optimized with the Yoast SEO plugin v26.0 - https:\/\/yoast.com\/wordpress\/plugins\/seo\/ -->\n<title>Baby Doll Body Less, Lenceria Sexy Be Sensual W397 -<\/title>\n<meta name=\"robots\" content=\"index, follow, max-snippet:-1, max-image-preview:large, max-video-preview:-1\" \/>\n<link rel=\"canonical\" href=\"https:\/\/butterflyeffect.com.ar\/index.php\/producto\/baby-doll-body-less-lenceria-sexy-be-sensual-w397\/\" \/>\n<meta property=\"og:locale\" content=\"es_ES\" \/>\n<meta property=\"og:type\" content=\"article\" \/>\n<meta property=\"og:title\" content=\"Baby Doll Body Less, Lenceria Sexy Be Sensual W397 -\" \/>\n<meta property=\"og:description\" content=\"Descubre la elegancia y sensualidad del Baby Doll Body Less, Lencer\u00eda Sexy Be Sensual W397 de la marca Butterfly Effect. Dise\u00f1ado especialmente para las mujeres que desean sentirse irresistibles, este modelo combina un delicado encaje con un corte fascinante que realza la figura, garantizando confianza y estilo en cada ocasi\u00f3n. La transparencia del encaje acaricia la piel de manera sutil, convirti\u00e9ndolo en una opci\u00f3n ideal para momentos especiales o para a\u00f1adir un toque de sofisticaci\u00f3n a tu lencer\u00eda diaria. Complementado con una bombacha que asegura una comodidad \u00f3ptima, este conjunto se convierte en una elecci\u00f3n perfecta para quienes buscan lujo y confort en cada detalle. Su dise\u00f1o minimalista pero atractivo permite que se adapte a distintas personalidades y contextos, ofreciendo versatilidad para ser usado con o sin prendas adicionales. El modelo W397 es una celebraci\u00f3n de la feminidad, mostrando una est\u00e9tica cautivadora que atraer\u00e1 todas las miradas. El Baby Doll Body Less no solo es una prenda de lencer\u00eda; es una invitaci\u00f3n a explorar tu sensualidad y a sentirte empoderada en tu propia piel. Sum\u00e9rgete en la experiencia de la lencer\u00eda de calidad y haz que cada d\u00eda sea especial.\" \/>\n<meta property=\"og:url\" content=\"https:\/\/butterflyeffect.com.ar\/index.php\/producto\/baby-doll-body-less-lenceria-sexy-be-sensual-w397\/\" \/>\n<meta property=\"article:modified_time\" content=\"2026-04-27T17:52:45+00:00\" \/>\n<meta property=\"og:image\" content=\"https:\/\/butterflyeffect.com.ar\/wp-content\/uploads\/2025\/12\/D_940027-MLA89660782090_082025-F.jpg\" \/>\n\t<meta property=\"og:image:width\" content=\"1200\" \/>\n\t<meta property=\"og:image:height\" content=\"1200\" \/>\n\t<meta property=\"og:image:type\" content=\"image\/jpeg\" \/>\n<meta name=\"twitter:card\" content=\"summary_large_image\" \/>\n<meta name=\"twitter:label1\" content=\"Tiempo de lectura\" \/>\n\t<meta name=\"twitter:data1\" content=\"1 minuto\" \/>\n<script type=\"application\/ld+json\" class=\"yoast-schema-graph\">{\"@context\":\"https:\/\/schema.org\",\"@graph\":[{\"@type\":\"WebPage\",\"@id\":\"https:\/\/butterflyeffect.com.ar\/index.php\/producto\/baby-doll-body-less-lenceria-sexy-be-sensual-w397\/\",\"url\":\"https:\/\/butterflyeffect.com.ar\/index.php\/producto\/baby-doll-body-less-lenceria-sexy-be-sensual-w397\/\",\"name\":\"Baby Doll Body Less, Lenceria Sexy Be Sensual W397 -\",\"isPartOf\":{\"@id\":\"https:\/\/butterflyeffect.com.ar\/#website\"},\"primaryImageOfPage\":{\"@id\":\"https:\/\/butterflyeffect.com.ar\/index.php\/producto\/baby-doll-body-less-lenceria-sexy-be-sensual-w397\/#primaryimage\"},\"image\":{\"@id\":\"https:\/\/butterflyeffect.com.ar\/index.php\/producto\/baby-doll-body-less-lenceria-sexy-be-sensual-w397\/#primaryimage\"},\"thumbnailUrl\":\"https:\/\/butterflyeffect.com.ar\/wp-content\/uploads\/2025\/12\/D_940027-MLA89660782090_082025-F.jpg\",\"datePublished\":\"2025-12-22T23:32:46+00:00\",\"dateModified\":\"2026-04-27T17:52:45+00:00\",\"breadcrumb\":{\"@id\":\"https:\/\/butterflyeffect.com.ar\/index.php\/producto\/baby-doll-body-less-lenceria-sexy-be-sensual-w397\/#breadcrumb\"},\"inLanguage\":\"es\",\"potentialAction\":[{\"@type\":\"ReadAction\",\"target\":[\"https:\/\/butterflyeffect.com.ar\/index.php\/producto\/baby-doll-body-less-lenceria-sexy-be-sensual-w397\/\"]}]},{\"@type\":\"ImageObject\",\"inLanguage\":\"es\",\"@id\":\"https:\/\/butterflyeffect.com.ar\/index.php\/producto\/baby-doll-body-less-lenceria-sexy-be-sensual-w397\/#primaryimage\",\"url\":\"https:\/\/butterflyeffect.com.ar\/wp-content\/uploads\/2025\/12\/D_940027-MLA89660782090_082025-F.jpg\",\"contentUrl\":\"https:\/\/butterflyeffect.com.ar\/wp-content\/uploads\/2025\/12\/D_940027-MLA89660782090_082025-F.jpg\",\"width\":1200,\"height\":1200},{\"@type\":\"BreadcrumbList\",\"@id\":\"https:\/\/butterflyeffect.com.ar\/index.php\/producto\/baby-doll-body-less-lenceria-sexy-be-sensual-w397\/#breadcrumb\",\"itemListElement\":[{\"@type\":\"ListItem\",\"position\":1,\"name\":\"Portada\",\"item\":\"https:\/\/butterflyeffect.com.ar\/\"},{\"@type\":\"ListItem\",\"position\":2,\"name\":\"Tienda\",\"item\":\"https:\/\/butterflyeffect.com.ar\/index.php\/tienda\/\"},{\"@type\":\"ListItem\",\"position\":3,\"name\":\"Baby Doll Body Less, Lenceria Sexy Be Sensual W397\"}]},{\"@type\":\"WebSite\",\"@id\":\"https:\/\/butterflyeffect.com.ar\/#website\",\"url\":\"https:\/\/butterflyeffect.com.ar\/\",\"name\":\"Butterfly Effect\",\"description\":\"Premium Sex Tech Toys &amp; Cosmetica Intima\",\"publisher\":{\"@id\":\"https:\/\/butterflyeffect.com.ar\/#organization\"},\"potentialAction\":[{\"@type\":\"SearchAction\",\"target\":{\"@type\":\"EntryPoint\",\"urlTemplate\":\"https:\/\/butterflyeffect.com.ar\/?s={search_term_string}\"},\"query-input\":{\"@type\":\"PropertyValueSpecification\",\"valueRequired\":true,\"valueName\":\"search_term_string\"}}],\"inLanguage\":\"es\"},{\"@type\":\"Organization\",\"@id\":\"https:\/\/butterflyeffect.com.ar\/#organization\",\"name\":\"The Butterfly Effect\",\"url\":\"https:\/\/butterflyeffect.com.ar\/\",\"logo\":{\"@type\":\"ImageObject\",\"inLanguage\":\"es\",\"@id\":\"https:\/\/butterflyeffect.com.ar\/#\/schema\/logo\/image\/\",\"url\":\"https:\/\/butterflyeffect.com.ar\/wp-content\/uploads\/2023\/06\/cropped-LOGO-FINAL-BE-01.jpg\",\"contentUrl\":\"https:\/\/butterflyeffect.com.ar\/wp-content\/uploads\/2023\/06\/cropped-LOGO-FINAL-BE-01.jpg\",\"width\":766,\"height\":877,\"caption\":\"The Butterfly Effect\"},\"image\":{\"@id\":\"https:\/\/butterflyeffect.com.ar\/#\/schema\/logo\/image\/\"},\"sameAs\":[\"https:\/\/www.instagram.com\/butterflyeffect_ar\/\"]}]}<\/script>\n<!-- \/ Yoast SEO plugin. -->","yoast_head_json":{"title":"Baby Doll Body Less, Lenceria Sexy Be Sensual W397 -","robots":{"index":"index","follow":"follow","max-snippet":"max-snippet:-1","max-image-preview":"max-image-preview:large","max-video-preview":"max-video-preview:-1"},"canonical":"https:\/\/butterflyeffect.com.ar\/index.php\/producto\/baby-doll-body-less-lenceria-sexy-be-sensual-w397\/","og_locale":"es_ES","og_type":"article","og_title":"Baby Doll Body Less, Lenceria Sexy Be Sensual W397 -","og_description":"Descubre la elegancia y sensualidad del Baby Doll Body Less, Lencer\u00eda Sexy Be Sensual W397 de la marca Butterfly Effect. Dise\u00f1ado especialmente para las mujeres que desean sentirse irresistibles, este modelo combina un delicado encaje con un corte fascinante que realza la figura, garantizando confianza y estilo en cada ocasi\u00f3n. La transparencia del encaje acaricia la piel de manera sutil, convirti\u00e9ndolo en una opci\u00f3n ideal para momentos especiales o para a\u00f1adir un toque de sofisticaci\u00f3n a tu lencer\u00eda diaria. Complementado con una bombacha que asegura una comodidad \u00f3ptima, este conjunto se convierte en una elecci\u00f3n perfecta para quienes buscan lujo y confort en cada detalle. Su dise\u00f1o minimalista pero atractivo permite que se adapte a distintas personalidades y contextos, ofreciendo versatilidad para ser usado con o sin prendas adicionales. El modelo W397 es una celebraci\u00f3n de la feminidad, mostrando una est\u00e9tica cautivadora que atraer\u00e1 todas las miradas. El Baby Doll Body Less no solo es una prenda de lencer\u00eda; es una invitaci\u00f3n a explorar tu sensualidad y a sentirte empoderada en tu propia piel. Sum\u00e9rgete en la experiencia de la lencer\u00eda de calidad y haz que cada d\u00eda sea especial.","og_url":"https:\/\/butterflyeffect.com.ar\/index.php\/producto\/baby-doll-body-less-lenceria-sexy-be-sensual-w397\/","article_modified_time":"2026-04-27T17:52:45+00:00","og_image":[{"width":1200,"height":1200,"url":"https:\/\/butterflyeffect.com.ar\/wp-content\/uploads\/2025\/12\/D_940027-MLA89660782090_082025-F.jpg","type":"image\/jpeg"}],"twitter_card":"summary_large_image","twitter_misc":{"Tiempo de lectura":"1 minuto"},"schema":{"@context":"https:\/\/schema.org","@graph":[{"@type":"WebPage","@id":"https:\/\/butterflyeffect.com.ar\/index.php\/producto\/baby-doll-body-less-lenceria-sexy-be-sensual-w397\/","url":"https:\/\/butterflyeffect.com.ar\/index.php\/producto\/baby-doll-body-less-lenceria-sexy-be-sensual-w397\/","name":"Baby Doll Body Less, Lenceria Sexy Be Sensual W397 -","isPartOf":{"@id":"https:\/\/butterflyeffect.com.ar\/#website"},"primaryImageOfPage":{"@id":"https:\/\/butterflyeffect.com.ar\/index.php\/producto\/baby-doll-body-less-lenceria-sexy-be-sensual-w397\/#primaryimage"},"image":{"@id":"https:\/\/butterflyeffect.com.ar\/index.php\/producto\/baby-doll-body-less-lenceria-sexy-be-sensual-w397\/#primaryimage"},"thumbnailUrl":"https:\/\/butterflyeffect.com.ar\/wp-content\/uploads\/2025\/12\/D_940027-MLA89660782090_082025-F.jpg","datePublished":"2025-12-22T23:32:46+00:00","dateModified":"2026-04-27T17:52:45+00:00","breadcrumb":{"@id":"https:\/\/butterflyeffect.com.ar\/index.php\/producto\/baby-doll-body-less-lenceria-sexy-be-sensual-w397\/#breadcrumb"},"inLanguage":"es","potentialAction":[{"@type":"ReadAction","target":["https:\/\/butterflyeffect.com.ar\/index.php\/producto\/baby-doll-body-less-lenceria-sexy-be-sensual-w397\/"]}]},{"@type":"ImageObject","inLanguage":"es","@id":"https:\/\/butterflyeffect.com.ar\/index.php\/producto\/baby-doll-body-less-lenceria-sexy-be-sensual-w397\/#primaryimage","url":"https:\/\/butterflyeffect.com.ar\/wp-content\/uploads\/2025\/12\/D_940027-MLA89660782090_082025-F.jpg","contentUrl":"https:\/\/butterflyeffect.com.ar\/wp-content\/uploads\/2025\/12\/D_940027-MLA89660782090_082025-F.jpg","width":1200,"height":1200},{"@type":"BreadcrumbList","@id":"https:\/\/butterflyeffect.com.ar\/index.php\/producto\/baby-doll-body-less-lenceria-sexy-be-sensual-w397\/#breadcrumb","itemListElement":[{"@type":"ListItem","position":1,"name":"Portada","item":"https:\/\/butterflyeffect.com.ar\/"},{"@type":"ListItem","position":2,"name":"Tienda","item":"https:\/\/butterflyeffect.com.ar\/index.php\/tienda\/"},{"@type":"ListItem","position":3,"name":"Baby Doll Body Less, Lenceria Sexy Be Sensual W397"}]},{"@type":"WebSite","@id":"https:\/\/butterflyeffect.com.ar\/#website","url":"https:\/\/butterflyeffect.com.ar\/","name":"Butterfly Effect","description":"Premium Sex Tech Toys &amp; Cosmetica Intima","publisher":{"@id":"https:\/\/butterflyeffect.com.ar\/#organization"},"potentialAction":[{"@type":"SearchAction","target":{"@type":"EntryPoint","urlTemplate":"https:\/\/butterflyeffect.com.ar\/?s={search_term_string}"},"query-input":{"@type":"PropertyValueSpecification","valueRequired":true,"valueName":"search_term_string"}}],"inLanguage":"es"},{"@type":"Organization","@id":"https:\/\/butterflyeffect.com.ar\/#organization","name":"The Butterfly Effect","url":"https:\/\/butterflyeffect.com.ar\/","logo":{"@type":"ImageObject","inLanguage":"es","@id":"https:\/\/butterflyeffect.com.ar\/#\/schema\/logo\/image\/","url":"https:\/\/butterflyeffect.com.ar\/wp-content\/uploads\/2023\/06\/cropped-LOGO-FINAL-BE-01.jpg","contentUrl":"https:\/\/butterflyeffect.com.ar\/wp-content\/uploads\/2023\/06\/cropped-LOGO-FINAL-BE-01.jpg","width":766,"height":877,"caption":"The Butterfly Effect"},"image":{"@id":"https:\/\/butterflyeffect.com.ar\/#\/schema\/logo\/image\/"},"sameAs":["https:\/\/www.instagram.com\/butterflyeffect_ar\/"]}]}},"_links":{"self":[{"href":"https:\/\/butterflyeffect.com.ar\/index.php\/wp-json\/wp\/v2\/product\/2327","targetHints":{"allow":["GET"]}}],"collection":[{"href":"https:\/\/butterflyeffect.com.ar\/index.php\/wp-json\/wp\/v2\/product"}],"about":[{"href":"https:\/\/butterflyeffect.com.ar\/index.php\/wp-json\/wp\/v2\/types\/product"}],"replies":[{"embeddable":true,"href":"https:\/\/butterflyeffect.com.ar\/index.php\/wp-json\/wp\/v2\/comments?post=2327"}],"wp:featuredmedia":[{"embeddable":true,"href":"https:\/\/butterflyeffect.com.ar\/index.php\/wp-json\/wp\/v2\/media\/2326"}],"wp:attachment":[{"href":"https:\/\/butterflyeffect.com.ar\/index.php\/wp-json\/wp\/v2\/media?parent=2327"}],"wp:term":[{"taxonomy":"product_brand","embeddable":true,"href":"https:\/\/butterflyeffect.com.ar\/index.php\/wp-json\/wp\/v2\/product_brand?post=2327"},{"taxonomy":"product_cat","embeddable":true,"href":"https:\/\/butterflyeffect.com.ar\/index.php\/wp-json\/wp\/v2\/product_cat?post=2327"},{"taxonomy":"product_tag","embeddable":true,"href":"https:\/\/butterflyeffect.com.ar\/index.php\/wp-json\/wp\/v2\/product_tag?post=2327"}],"curies":[{"name":"wp","href":"https:\/\/api.w.org\/{rel}","templated":true}]}}