{"id":2315,"date":"2025-12-22T23:32:34","date_gmt":"2025-12-22T23:32:34","guid":{"rendered":"https:\/\/butterflyeffect.com.ar\/index.php\/producto\/baby-doll-body-less-lenceria-sexy-be-sensual-w296\/"},"modified":"2026-04-27T17:51:57","modified_gmt":"2026-04-27T17:51:57","slug":"baby-doll-body-less-lenceria-sexy-be-sensual-w296","status":"publish","type":"product","link":"https:\/\/butterflyeffect.com.ar\/index.php\/producto\/baby-doll-body-less-lenceria-sexy-be-sensual-w296\/","title":{"rendered":"Baby Doll Body Less, Lenceria Sexy Be Sensual W296"},"content":{"rendered":"<p>El Baby Doll Body Less de la marca Butterfly Effect est\u00e1 dise\u00f1ado para realzar la seducci\u00f3n de la mujer moderna. Confeccionado en delicado tul y detalles de encaje que a\u00f1aden un toque de elegancia, este modelo W296 ofrece una silueta encantadora que resalta la figura.<\/p>\n<p>Ideal para ocasiones especiales o momentos de intimidad, este conjunto incluye una bombacha que complementa a la perfecci\u00f3n el dise\u00f1o del baby doll. Su mezcla de materiales de alta calidad proporciona comodidad y un ajuste perfecto, permitiendo que cada mujer se sienta segura y sensual al mismo tiempo.<\/p>\n<p>Este baby doll es una opci\u00f3n perfecta para quienes buscan una lencer\u00eda que combine estilo y sofisticaci\u00f3n. Aporta un aire de misterio y sensualidad, convirti\u00e9ndolo en una prenda esencial para el guardarropa femenino.<\/p>\n","protected":false},"excerpt":{"rendered":"<p>El Baby Doll Body Less de la marca Butterfly Effect est\u00e1 dise\u00f1ado para realzar la seducci\u00f3n de la mujer moderna. Confeccionado en delicado tul y detalles de encaje que a\u00f1aden un toque de elegancia, este modelo W296 ofrece una silueta encantadora que resalta la figura.<\/p>\n<p>Ideal para ocasiones especiales o momentos de intimidad, este conjunto incluye una bombacha que complementa a la perfecci\u00f3n el dise\u00f1o del baby doll. Su mezcla de materiales de alta calidad proporciona comodidad y un ajuste perfecto, permitiendo que cada mujer se sienta segura y sensual al mismo tiempo.<\/p>\n<p>Este baby doll es una opci\u00f3n perfecta para quienes buscan una lencer\u00eda que combine estilo y sofisticaci\u00f3n. Aporta un aire de misterio y sensualidad, convirti\u00e9ndolo en una prenda esencial para el guardarropa femenino.<\/p>\n","protected":false},"featured_media":2314,"comment_status":"open","ping_status":"closed","template":"","meta":[],"product_brand":[107],"product_cat":[141,77],"product_tag":[142,143,144],"class_list":{"0":"post-2315","1":"product","2":"type-product","3":"status-publish","4":"has-post-thumbnail","6":"product_brand-butterfly-effect","7":"product_cat-lenceria-sexy","8":"product_cat-productos","9":"product_tag-cola-less","10":"product_tag-lenceria","11":"product_tag-sexy","13":"entry","14":"has-media","16":"first","17":"outofstock","18":"shipping-taxable","19":"product-type-variable","20":"has-product-nav","21":"col","22":"span_1_of_4","23":"owp-content-center","24":"owp-thumbs-layout-horizontal","25":"owp-btn-normal","26":"owp-tabs-layout-horizontal"},"yoast_head":"<!-- This site is optimized with the Yoast SEO plugin v26.0 - https:\/\/yoast.com\/wordpress\/plugins\/seo\/ -->\n<title>Baby Doll Body Less, Lenceria Sexy Be Sensual W296 -<\/title>\n<meta name=\"robots\" content=\"index, follow, max-snippet:-1, max-image-preview:large, max-video-preview:-1\" \/>\n<link rel=\"canonical\" href=\"https:\/\/butterflyeffect.com.ar\/index.php\/producto\/baby-doll-body-less-lenceria-sexy-be-sensual-w296\/\" \/>\n<meta property=\"og:locale\" content=\"es_ES\" \/>\n<meta property=\"og:type\" content=\"article\" \/>\n<meta property=\"og:title\" content=\"Baby Doll Body Less, Lenceria Sexy Be Sensual W296 -\" \/>\n<meta property=\"og:description\" content=\"El Baby Doll Body Less de la marca Butterfly Effect est\u00e1 dise\u00f1ado para realzar la seducci\u00f3n de la mujer moderna. Confeccionado en delicado tul y detalles de encaje que a\u00f1aden un toque de elegancia, este modelo W296 ofrece una silueta encantadora que resalta la figura. Ideal para ocasiones especiales o momentos de intimidad, este conjunto incluye una bombacha que complementa a la perfecci\u00f3n el dise\u00f1o del baby doll. Su mezcla de materiales de alta calidad proporciona comodidad y un ajuste perfecto, permitiendo que cada mujer se sienta segura y sensual al mismo tiempo. Este baby doll es una opci\u00f3n perfecta para quienes buscan una lencer\u00eda que combine estilo y sofisticaci\u00f3n. Aporta un aire de misterio y sensualidad, convirti\u00e9ndolo en una prenda esencial para el guardarropa femenino.\" \/>\n<meta property=\"og:url\" content=\"https:\/\/butterflyeffect.com.ar\/index.php\/producto\/baby-doll-body-less-lenceria-sexy-be-sensual-w296\/\" \/>\n<meta property=\"article:modified_time\" content=\"2026-04-27T17:51:57+00:00\" \/>\n<meta property=\"og:image\" content=\"https:\/\/butterflyeffect.com.ar\/wp-content\/uploads\/2025\/12\/D_954431-MLA89660801776_082025-F.jpg\" \/>\n\t<meta property=\"og:image:width\" content=\"710\" \/>\n\t<meta property=\"og:image:height\" content=\"1199\" \/>\n\t<meta property=\"og:image:type\" content=\"image\/jpeg\" \/>\n<meta name=\"twitter:card\" content=\"summary_large_image\" \/>\n<meta name=\"twitter:label1\" content=\"Tiempo de lectura\" \/>\n\t<meta name=\"twitter:data1\" content=\"1 minuto\" \/>\n<script type=\"application\/ld+json\" class=\"yoast-schema-graph\">{\"@context\":\"https:\/\/schema.org\",\"@graph\":[{\"@type\":\"WebPage\",\"@id\":\"https:\/\/butterflyeffect.com.ar\/index.php\/producto\/baby-doll-body-less-lenceria-sexy-be-sensual-w296\/\",\"url\":\"https:\/\/butterflyeffect.com.ar\/index.php\/producto\/baby-doll-body-less-lenceria-sexy-be-sensual-w296\/\",\"name\":\"Baby Doll Body Less, Lenceria Sexy Be Sensual W296 -\",\"isPartOf\":{\"@id\":\"https:\/\/butterflyeffect.com.ar\/#website\"},\"primaryImageOfPage\":{\"@id\":\"https:\/\/butterflyeffect.com.ar\/index.php\/producto\/baby-doll-body-less-lenceria-sexy-be-sensual-w296\/#primaryimage\"},\"image\":{\"@id\":\"https:\/\/butterflyeffect.com.ar\/index.php\/producto\/baby-doll-body-less-lenceria-sexy-be-sensual-w296\/#primaryimage\"},\"thumbnailUrl\":\"https:\/\/butterflyeffect.com.ar\/wp-content\/uploads\/2025\/12\/D_954431-MLA89660801776_082025-F.jpg\",\"datePublished\":\"2025-12-22T23:32:34+00:00\",\"dateModified\":\"2026-04-27T17:51:57+00:00\",\"breadcrumb\":{\"@id\":\"https:\/\/butterflyeffect.com.ar\/index.php\/producto\/baby-doll-body-less-lenceria-sexy-be-sensual-w296\/#breadcrumb\"},\"inLanguage\":\"es\",\"potentialAction\":[{\"@type\":\"ReadAction\",\"target\":[\"https:\/\/butterflyeffect.com.ar\/index.php\/producto\/baby-doll-body-less-lenceria-sexy-be-sensual-w296\/\"]}]},{\"@type\":\"ImageObject\",\"inLanguage\":\"es\",\"@id\":\"https:\/\/butterflyeffect.com.ar\/index.php\/producto\/baby-doll-body-less-lenceria-sexy-be-sensual-w296\/#primaryimage\",\"url\":\"https:\/\/butterflyeffect.com.ar\/wp-content\/uploads\/2025\/12\/D_954431-MLA89660801776_082025-F.jpg\",\"contentUrl\":\"https:\/\/butterflyeffect.com.ar\/wp-content\/uploads\/2025\/12\/D_954431-MLA89660801776_082025-F.jpg\",\"width\":710,\"height\":1199},{\"@type\":\"BreadcrumbList\",\"@id\":\"https:\/\/butterflyeffect.com.ar\/index.php\/producto\/baby-doll-body-less-lenceria-sexy-be-sensual-w296\/#breadcrumb\",\"itemListElement\":[{\"@type\":\"ListItem\",\"position\":1,\"name\":\"Portada\",\"item\":\"https:\/\/butterflyeffect.com.ar\/\"},{\"@type\":\"ListItem\",\"position\":2,\"name\":\"Tienda\",\"item\":\"https:\/\/butterflyeffect.com.ar\/index.php\/tienda\/\"},{\"@type\":\"ListItem\",\"position\":3,\"name\":\"Baby Doll Body Less, Lenceria Sexy Be Sensual W296\"}]},{\"@type\":\"WebSite\",\"@id\":\"https:\/\/butterflyeffect.com.ar\/#website\",\"url\":\"https:\/\/butterflyeffect.com.ar\/\",\"name\":\"Butterfly Effect\",\"description\":\"Premium Sex Tech Toys &amp; Cosmetica Intima\",\"publisher\":{\"@id\":\"https:\/\/butterflyeffect.com.ar\/#organization\"},\"potentialAction\":[{\"@type\":\"SearchAction\",\"target\":{\"@type\":\"EntryPoint\",\"urlTemplate\":\"https:\/\/butterflyeffect.com.ar\/?s={search_term_string}\"},\"query-input\":{\"@type\":\"PropertyValueSpecification\",\"valueRequired\":true,\"valueName\":\"search_term_string\"}}],\"inLanguage\":\"es\"},{\"@type\":\"Organization\",\"@id\":\"https:\/\/butterflyeffect.com.ar\/#organization\",\"name\":\"The Butterfly Effect\",\"url\":\"https:\/\/butterflyeffect.com.ar\/\",\"logo\":{\"@type\":\"ImageObject\",\"inLanguage\":\"es\",\"@id\":\"https:\/\/butterflyeffect.com.ar\/#\/schema\/logo\/image\/\",\"url\":\"https:\/\/butterflyeffect.com.ar\/wp-content\/uploads\/2023\/06\/cropped-LOGO-FINAL-BE-01.jpg\",\"contentUrl\":\"https:\/\/butterflyeffect.com.ar\/wp-content\/uploads\/2023\/06\/cropped-LOGO-FINAL-BE-01.jpg\",\"width\":766,\"height\":877,\"caption\":\"The Butterfly Effect\"},\"image\":{\"@id\":\"https:\/\/butterflyeffect.com.ar\/#\/schema\/logo\/image\/\"},\"sameAs\":[\"https:\/\/www.instagram.com\/butterflyeffect_ar\/\"]}]}<\/script>\n<!-- \/ Yoast SEO plugin. -->","yoast_head_json":{"title":"Baby Doll Body Less, Lenceria Sexy Be Sensual W296 -","robots":{"index":"index","follow":"follow","max-snippet":"max-snippet:-1","max-image-preview":"max-image-preview:large","max-video-preview":"max-video-preview:-1"},"canonical":"https:\/\/butterflyeffect.com.ar\/index.php\/producto\/baby-doll-body-less-lenceria-sexy-be-sensual-w296\/","og_locale":"es_ES","og_type":"article","og_title":"Baby Doll Body Less, Lenceria Sexy Be Sensual W296 -","og_description":"El Baby Doll Body Less de la marca Butterfly Effect est\u00e1 dise\u00f1ado para realzar la seducci\u00f3n de la mujer moderna. Confeccionado en delicado tul y detalles de encaje que a\u00f1aden un toque de elegancia, este modelo W296 ofrece una silueta encantadora que resalta la figura. Ideal para ocasiones especiales o momentos de intimidad, este conjunto incluye una bombacha que complementa a la perfecci\u00f3n el dise\u00f1o del baby doll. Su mezcla de materiales de alta calidad proporciona comodidad y un ajuste perfecto, permitiendo que cada mujer se sienta segura y sensual al mismo tiempo. Este baby doll es una opci\u00f3n perfecta para quienes buscan una lencer\u00eda que combine estilo y sofisticaci\u00f3n. Aporta un aire de misterio y sensualidad, convirti\u00e9ndolo en una prenda esencial para el guardarropa femenino.","og_url":"https:\/\/butterflyeffect.com.ar\/index.php\/producto\/baby-doll-body-less-lenceria-sexy-be-sensual-w296\/","article_modified_time":"2026-04-27T17:51:57+00:00","og_image":[{"width":710,"height":1199,"url":"https:\/\/butterflyeffect.com.ar\/wp-content\/uploads\/2025\/12\/D_954431-MLA89660801776_082025-F.jpg","type":"image\/jpeg"}],"twitter_card":"summary_large_image","twitter_misc":{"Tiempo de lectura":"1 minuto"},"schema":{"@context":"https:\/\/schema.org","@graph":[{"@type":"WebPage","@id":"https:\/\/butterflyeffect.com.ar\/index.php\/producto\/baby-doll-body-less-lenceria-sexy-be-sensual-w296\/","url":"https:\/\/butterflyeffect.com.ar\/index.php\/producto\/baby-doll-body-less-lenceria-sexy-be-sensual-w296\/","name":"Baby Doll Body Less, Lenceria Sexy Be Sensual W296 -","isPartOf":{"@id":"https:\/\/butterflyeffect.com.ar\/#website"},"primaryImageOfPage":{"@id":"https:\/\/butterflyeffect.com.ar\/index.php\/producto\/baby-doll-body-less-lenceria-sexy-be-sensual-w296\/#primaryimage"},"image":{"@id":"https:\/\/butterflyeffect.com.ar\/index.php\/producto\/baby-doll-body-less-lenceria-sexy-be-sensual-w296\/#primaryimage"},"thumbnailUrl":"https:\/\/butterflyeffect.com.ar\/wp-content\/uploads\/2025\/12\/D_954431-MLA89660801776_082025-F.jpg","datePublished":"2025-12-22T23:32:34+00:00","dateModified":"2026-04-27T17:51:57+00:00","breadcrumb":{"@id":"https:\/\/butterflyeffect.com.ar\/index.php\/producto\/baby-doll-body-less-lenceria-sexy-be-sensual-w296\/#breadcrumb"},"inLanguage":"es","potentialAction":[{"@type":"ReadAction","target":["https:\/\/butterflyeffect.com.ar\/index.php\/producto\/baby-doll-body-less-lenceria-sexy-be-sensual-w296\/"]}]},{"@type":"ImageObject","inLanguage":"es","@id":"https:\/\/butterflyeffect.com.ar\/index.php\/producto\/baby-doll-body-less-lenceria-sexy-be-sensual-w296\/#primaryimage","url":"https:\/\/butterflyeffect.com.ar\/wp-content\/uploads\/2025\/12\/D_954431-MLA89660801776_082025-F.jpg","contentUrl":"https:\/\/butterflyeffect.com.ar\/wp-content\/uploads\/2025\/12\/D_954431-MLA89660801776_082025-F.jpg","width":710,"height":1199},{"@type":"BreadcrumbList","@id":"https:\/\/butterflyeffect.com.ar\/index.php\/producto\/baby-doll-body-less-lenceria-sexy-be-sensual-w296\/#breadcrumb","itemListElement":[{"@type":"ListItem","position":1,"name":"Portada","item":"https:\/\/butterflyeffect.com.ar\/"},{"@type":"ListItem","position":2,"name":"Tienda","item":"https:\/\/butterflyeffect.com.ar\/index.php\/tienda\/"},{"@type":"ListItem","position":3,"name":"Baby Doll Body Less, Lenceria Sexy Be Sensual W296"}]},{"@type":"WebSite","@id":"https:\/\/butterflyeffect.com.ar\/#website","url":"https:\/\/butterflyeffect.com.ar\/","name":"Butterfly Effect","description":"Premium Sex Tech Toys &amp; Cosmetica Intima","publisher":{"@id":"https:\/\/butterflyeffect.com.ar\/#organization"},"potentialAction":[{"@type":"SearchAction","target":{"@type":"EntryPoint","urlTemplate":"https:\/\/butterflyeffect.com.ar\/?s={search_term_string}"},"query-input":{"@type":"PropertyValueSpecification","valueRequired":true,"valueName":"search_term_string"}}],"inLanguage":"es"},{"@type":"Organization","@id":"https:\/\/butterflyeffect.com.ar\/#organization","name":"The Butterfly Effect","url":"https:\/\/butterflyeffect.com.ar\/","logo":{"@type":"ImageObject","inLanguage":"es","@id":"https:\/\/butterflyeffect.com.ar\/#\/schema\/logo\/image\/","url":"https:\/\/butterflyeffect.com.ar\/wp-content\/uploads\/2023\/06\/cropped-LOGO-FINAL-BE-01.jpg","contentUrl":"https:\/\/butterflyeffect.com.ar\/wp-content\/uploads\/2023\/06\/cropped-LOGO-FINAL-BE-01.jpg","width":766,"height":877,"caption":"The Butterfly Effect"},"image":{"@id":"https:\/\/butterflyeffect.com.ar\/#\/schema\/logo\/image\/"},"sameAs":["https:\/\/www.instagram.com\/butterflyeffect_ar\/"]}]}},"_links":{"self":[{"href":"https:\/\/butterflyeffect.com.ar\/index.php\/wp-json\/wp\/v2\/product\/2315","targetHints":{"allow":["GET"]}}],"collection":[{"href":"https:\/\/butterflyeffect.com.ar\/index.php\/wp-json\/wp\/v2\/product"}],"about":[{"href":"https:\/\/butterflyeffect.com.ar\/index.php\/wp-json\/wp\/v2\/types\/product"}],"replies":[{"embeddable":true,"href":"https:\/\/butterflyeffect.com.ar\/index.php\/wp-json\/wp\/v2\/comments?post=2315"}],"wp:featuredmedia":[{"embeddable":true,"href":"https:\/\/butterflyeffect.com.ar\/index.php\/wp-json\/wp\/v2\/media\/2314"}],"wp:attachment":[{"href":"https:\/\/butterflyeffect.com.ar\/index.php\/wp-json\/wp\/v2\/media?parent=2315"}],"wp:term":[{"taxonomy":"product_brand","embeddable":true,"href":"https:\/\/butterflyeffect.com.ar\/index.php\/wp-json\/wp\/v2\/product_brand?post=2315"},{"taxonomy":"product_cat","embeddable":true,"href":"https:\/\/butterflyeffect.com.ar\/index.php\/wp-json\/wp\/v2\/product_cat?post=2315"},{"taxonomy":"product_tag","embeddable":true,"href":"https:\/\/butterflyeffect.com.ar\/index.php\/wp-json\/wp\/v2\/product_tag?post=2315"}],"curies":[{"name":"wp","href":"https:\/\/api.w.org\/{rel}","templated":true}]}}