{"id":2294,"date":"2025-12-22T23:31:53","date_gmt":"2025-12-22T23:31:53","guid":{"rendered":"https:\/\/butterflyeffect.com.ar\/index.php\/producto\/perfume-arabe-mujer-katiya-oud-con-feromonas-ind-nacional\/"},"modified":"2026-04-26T04:02:02","modified_gmt":"2026-04-26T04:02:02","slug":"perfume-arabe-mujer-katiya-oud-con-feromonas-ind-nacional","status":"publish","type":"product","link":"https:\/\/butterflyeffect.com.ar\/index.php\/producto\/perfume-arabe-mujer-katiya-oud-con-feromonas-ind-nacional\/","title":{"rendered":"Perfume Arabe Mujer  Katiya Oud Con Feromonas Ind Nacional"},"content":{"rendered":"<p>M\u00e1gico, hipn\u00f3tico y encantador, KATIYA es una obra maestra creada, la fragancia emana riqueza y lujo para el usuario. es una fragancia de la familia olfativa para Mujeres. Las Notas de Salida son manzana Granny Smith y bergamota; las Notas de Coraz\u00f3n son maracuy\u00e1 (fruta de la pasi\u00f3n), cedro y cilantro; las Notas de Fondo son almizcle, \u00e1mbar y pachul\u00ed.<br \/>\nKatiya de Butterfly Effect es un perfume \u00e1rabe dise\u00f1ado para la mujer moderna que busca dejar una huella inolvidable. Con un formato de spray de 60 mL, este parfum destaca en la familia olfativa floral-frutal, combinando notas intrigantes de bergamota, maracuy\u00e1 y manzana Granny Smith, entre otros. <\/p>\n<p>Su duraci\u00f3n de aproximadamente 4 horas y su perfil arom\u00e1tico envolvente lo convierten en una elecci\u00f3n perfecta para cualquier ocasi\u00f3n, realzando la feminidad y la elegancia en cada aplicaci\u00f3n. Completamente libre de alcohol, cruelty-free y vegano, este perfume refleja un compromiso con el bienestar y la sostenibilidad.<\/p>\n<p>La l\u00ednea Afrodisiaco a\u00f1ade un toque seductor, mientras que su composici\u00f3n equilibrada de almizcle, cedro, cilantro, pachul\u00ed y \u00e1mbar ofrece una experiencia olfativa \u00fanica. Adaptado a las exigencias de una vida activa, Katiya es el sello perfecto para aquellas que aspiren a una fragancia distintiva que complemente su estilo personal y esencia.<\/p>\n","protected":false},"excerpt":{"rendered":"<p>M\u00e1gico, hipn\u00f3tico y encantador, KATIYA es una obra maestra creada, la fragancia emana riqueza y lujo para el usuario. es una fragancia de la familia olfativa para Mujeres. Las Notas de Salida son manzana Granny Smith y bergamota; las Notas de Coraz\u00f3n son maracuy\u00e1 (fruta de la pasi\u00f3n), cedro y cilantro; las Notas de Fondo son almizcle, \u00e1mbar y pachul\u00ed.<br \/>\nKatiya de Butterfly Effect es un perfume \u00e1rabe dise\u00f1ado para la mujer moderna que busca dejar una huella inolvidable. Con un formato de spray de 60 mL, este parfum destaca en la familia olfativa floral-frutal, combinando notas intrigantes de bergamota, maracuy\u00e1 y manzana Granny Smith, entre otros. <\/p>\n","protected":false},"featured_media":2293,"comment_status":"open","ping_status":"closed","template":"","meta":[],"product_brand":[107],"product_cat":[141,77],"product_tag":[],"class_list":{"0":"post-2294","1":"product","2":"type-product","3":"status-publish","4":"has-post-thumbnail","6":"product_brand-butterfly-effect","7":"product_cat-lenceria-sexy","8":"product_cat-productos","10":"entry","11":"has-media","13":"first","14":"outofstock","15":"shipping-taxable","16":"purchasable","17":"product-type-simple","18":"has-product-nav","19":"col","20":"span_1_of_4","21":"owp-content-center","22":"owp-thumbs-layout-horizontal","23":"owp-btn-normal","24":"owp-tabs-layout-horizontal"},"yoast_head":"<!-- This site is optimized with the Yoast SEO plugin v26.0 - https:\/\/yoast.com\/wordpress\/plugins\/seo\/ -->\n<title>Perfume Arabe Mujer Katiya Oud Con Feromonas Ind Nacional -<\/title>\n<meta name=\"robots\" content=\"index, follow, max-snippet:-1, max-image-preview:large, max-video-preview:-1\" \/>\n<link rel=\"canonical\" href=\"https:\/\/butterflyeffect.com.ar\/index.php\/producto\/perfume-arabe-mujer-katiya-oud-con-feromonas-ind-nacional\/\" \/>\n<meta property=\"og:locale\" content=\"es_ES\" \/>\n<meta property=\"og:type\" content=\"article\" \/>\n<meta property=\"og:title\" content=\"Perfume Arabe Mujer Katiya Oud Con Feromonas Ind Nacional -\" \/>\n<meta property=\"og:description\" content=\"M\u00e1gico, hipn\u00f3tico y encantador, KATIYA es una obra maestra creada, la fragancia emana riqueza y lujo para el usuario. es una fragancia de la familia olfativa para Mujeres. Las Notas de Salida son manzana Granny Smith y bergamota; las Notas de Coraz\u00f3n son maracuy\u00e1 (fruta de la pasi\u00f3n), cedro y cilantro; las Notas de Fondo son almizcle, \u00e1mbar y pachul\u00ed. Katiya de Butterfly Effect es un perfume \u00e1rabe dise\u00f1ado para la mujer moderna que busca dejar una huella inolvidable. Con un formato de spray de 60 mL, este parfum destaca en la familia olfativa floral-frutal, combinando notas intrigantes de bergamota, maracuy\u00e1 y manzana Granny Smith, entre otros.\" \/>\n<meta property=\"og:url\" content=\"https:\/\/butterflyeffect.com.ar\/index.php\/producto\/perfume-arabe-mujer-katiya-oud-con-feromonas-ind-nacional\/\" \/>\n<meta property=\"article:modified_time\" content=\"2026-04-26T04:02:02+00:00\" \/>\n<meta property=\"og:image\" content=\"https:\/\/butterflyeffect.com.ar\/wp-content\/uploads\/2025\/12\/D_608421-MLA86286757233_062025-F.jpg\" \/>\n\t<meta property=\"og:image:width\" content=\"1200\" \/>\n\t<meta property=\"og:image:height\" content=\"882\" \/>\n\t<meta property=\"og:image:type\" content=\"image\/jpeg\" \/>\n<meta name=\"twitter:card\" content=\"summary_large_image\" \/>\n<meta name=\"twitter:label1\" content=\"Tiempo de lectura\" \/>\n\t<meta name=\"twitter:data1\" content=\"1 minuto\" \/>\n<script type=\"application\/ld+json\" class=\"yoast-schema-graph\">{\"@context\":\"https:\/\/schema.org\",\"@graph\":[{\"@type\":\"WebPage\",\"@id\":\"https:\/\/butterflyeffect.com.ar\/index.php\/producto\/perfume-arabe-mujer-katiya-oud-con-feromonas-ind-nacional\/\",\"url\":\"https:\/\/butterflyeffect.com.ar\/index.php\/producto\/perfume-arabe-mujer-katiya-oud-con-feromonas-ind-nacional\/\",\"name\":\"Perfume Arabe Mujer Katiya Oud Con Feromonas Ind Nacional -\",\"isPartOf\":{\"@id\":\"https:\/\/butterflyeffect.com.ar\/#website\"},\"primaryImageOfPage\":{\"@id\":\"https:\/\/butterflyeffect.com.ar\/index.php\/producto\/perfume-arabe-mujer-katiya-oud-con-feromonas-ind-nacional\/#primaryimage\"},\"image\":{\"@id\":\"https:\/\/butterflyeffect.com.ar\/index.php\/producto\/perfume-arabe-mujer-katiya-oud-con-feromonas-ind-nacional\/#primaryimage\"},\"thumbnailUrl\":\"https:\/\/butterflyeffect.com.ar\/wp-content\/uploads\/2025\/12\/D_608421-MLA86286757233_062025-F.jpg\",\"datePublished\":\"2025-12-22T23:31:53+00:00\",\"dateModified\":\"2026-04-26T04:02:02+00:00\",\"breadcrumb\":{\"@id\":\"https:\/\/butterflyeffect.com.ar\/index.php\/producto\/perfume-arabe-mujer-katiya-oud-con-feromonas-ind-nacional\/#breadcrumb\"},\"inLanguage\":\"es\",\"potentialAction\":[{\"@type\":\"ReadAction\",\"target\":[\"https:\/\/butterflyeffect.com.ar\/index.php\/producto\/perfume-arabe-mujer-katiya-oud-con-feromonas-ind-nacional\/\"]}]},{\"@type\":\"ImageObject\",\"inLanguage\":\"es\",\"@id\":\"https:\/\/butterflyeffect.com.ar\/index.php\/producto\/perfume-arabe-mujer-katiya-oud-con-feromonas-ind-nacional\/#primaryimage\",\"url\":\"https:\/\/butterflyeffect.com.ar\/wp-content\/uploads\/2025\/12\/D_608421-MLA86286757233_062025-F.jpg\",\"contentUrl\":\"https:\/\/butterflyeffect.com.ar\/wp-content\/uploads\/2025\/12\/D_608421-MLA86286757233_062025-F.jpg\",\"width\":1200,\"height\":882},{\"@type\":\"BreadcrumbList\",\"@id\":\"https:\/\/butterflyeffect.com.ar\/index.php\/producto\/perfume-arabe-mujer-katiya-oud-con-feromonas-ind-nacional\/#breadcrumb\",\"itemListElement\":[{\"@type\":\"ListItem\",\"position\":1,\"name\":\"Portada\",\"item\":\"https:\/\/butterflyeffect.com.ar\/\"},{\"@type\":\"ListItem\",\"position\":2,\"name\":\"Tienda\",\"item\":\"https:\/\/butterflyeffect.com.ar\/index.php\/tienda\/\"},{\"@type\":\"ListItem\",\"position\":3,\"name\":\"Perfume Arabe Mujer Katiya Oud Con Feromonas Ind Nacional\"}]},{\"@type\":\"WebSite\",\"@id\":\"https:\/\/butterflyeffect.com.ar\/#website\",\"url\":\"https:\/\/butterflyeffect.com.ar\/\",\"name\":\"Butterfly Effect\",\"description\":\"Premium Sex Tech Toys &amp; Cosmetica Intima\",\"publisher\":{\"@id\":\"https:\/\/butterflyeffect.com.ar\/#organization\"},\"potentialAction\":[{\"@type\":\"SearchAction\",\"target\":{\"@type\":\"EntryPoint\",\"urlTemplate\":\"https:\/\/butterflyeffect.com.ar\/?s={search_term_string}\"},\"query-input\":{\"@type\":\"PropertyValueSpecification\",\"valueRequired\":true,\"valueName\":\"search_term_string\"}}],\"inLanguage\":\"es\"},{\"@type\":\"Organization\",\"@id\":\"https:\/\/butterflyeffect.com.ar\/#organization\",\"name\":\"The Butterfly Effect\",\"url\":\"https:\/\/butterflyeffect.com.ar\/\",\"logo\":{\"@type\":\"ImageObject\",\"inLanguage\":\"es\",\"@id\":\"https:\/\/butterflyeffect.com.ar\/#\/schema\/logo\/image\/\",\"url\":\"https:\/\/butterflyeffect.com.ar\/wp-content\/uploads\/2023\/06\/cropped-LOGO-FINAL-BE-01.jpg\",\"contentUrl\":\"https:\/\/butterflyeffect.com.ar\/wp-content\/uploads\/2023\/06\/cropped-LOGO-FINAL-BE-01.jpg\",\"width\":766,\"height\":877,\"caption\":\"The Butterfly Effect\"},\"image\":{\"@id\":\"https:\/\/butterflyeffect.com.ar\/#\/schema\/logo\/image\/\"},\"sameAs\":[\"https:\/\/www.instagram.com\/butterflyeffect_ar\/\"]}]}<\/script>\n<!-- \/ Yoast SEO plugin. -->","yoast_head_json":{"title":"Perfume Arabe Mujer Katiya Oud Con Feromonas Ind Nacional -","robots":{"index":"index","follow":"follow","max-snippet":"max-snippet:-1","max-image-preview":"max-image-preview:large","max-video-preview":"max-video-preview:-1"},"canonical":"https:\/\/butterflyeffect.com.ar\/index.php\/producto\/perfume-arabe-mujer-katiya-oud-con-feromonas-ind-nacional\/","og_locale":"es_ES","og_type":"article","og_title":"Perfume Arabe Mujer Katiya Oud Con Feromonas Ind Nacional -","og_description":"M\u00e1gico, hipn\u00f3tico y encantador, KATIYA es una obra maestra creada, la fragancia emana riqueza y lujo para el usuario. es una fragancia de la familia olfativa para Mujeres. Las Notas de Salida son manzana Granny Smith y bergamota; las Notas de Coraz\u00f3n son maracuy\u00e1 (fruta de la pasi\u00f3n), cedro y cilantro; las Notas de Fondo son almizcle, \u00e1mbar y pachul\u00ed. Katiya de Butterfly Effect es un perfume \u00e1rabe dise\u00f1ado para la mujer moderna que busca dejar una huella inolvidable. Con un formato de spray de 60 mL, este parfum destaca en la familia olfativa floral-frutal, combinando notas intrigantes de bergamota, maracuy\u00e1 y manzana Granny Smith, entre otros.","og_url":"https:\/\/butterflyeffect.com.ar\/index.php\/producto\/perfume-arabe-mujer-katiya-oud-con-feromonas-ind-nacional\/","article_modified_time":"2026-04-26T04:02:02+00:00","og_image":[{"width":1200,"height":882,"url":"https:\/\/butterflyeffect.com.ar\/wp-content\/uploads\/2025\/12\/D_608421-MLA86286757233_062025-F.jpg","type":"image\/jpeg"}],"twitter_card":"summary_large_image","twitter_misc":{"Tiempo de lectura":"1 minuto"},"schema":{"@context":"https:\/\/schema.org","@graph":[{"@type":"WebPage","@id":"https:\/\/butterflyeffect.com.ar\/index.php\/producto\/perfume-arabe-mujer-katiya-oud-con-feromonas-ind-nacional\/","url":"https:\/\/butterflyeffect.com.ar\/index.php\/producto\/perfume-arabe-mujer-katiya-oud-con-feromonas-ind-nacional\/","name":"Perfume Arabe Mujer Katiya Oud Con Feromonas Ind Nacional -","isPartOf":{"@id":"https:\/\/butterflyeffect.com.ar\/#website"},"primaryImageOfPage":{"@id":"https:\/\/butterflyeffect.com.ar\/index.php\/producto\/perfume-arabe-mujer-katiya-oud-con-feromonas-ind-nacional\/#primaryimage"},"image":{"@id":"https:\/\/butterflyeffect.com.ar\/index.php\/producto\/perfume-arabe-mujer-katiya-oud-con-feromonas-ind-nacional\/#primaryimage"},"thumbnailUrl":"https:\/\/butterflyeffect.com.ar\/wp-content\/uploads\/2025\/12\/D_608421-MLA86286757233_062025-F.jpg","datePublished":"2025-12-22T23:31:53+00:00","dateModified":"2026-04-26T04:02:02+00:00","breadcrumb":{"@id":"https:\/\/butterflyeffect.com.ar\/index.php\/producto\/perfume-arabe-mujer-katiya-oud-con-feromonas-ind-nacional\/#breadcrumb"},"inLanguage":"es","potentialAction":[{"@type":"ReadAction","target":["https:\/\/butterflyeffect.com.ar\/index.php\/producto\/perfume-arabe-mujer-katiya-oud-con-feromonas-ind-nacional\/"]}]},{"@type":"ImageObject","inLanguage":"es","@id":"https:\/\/butterflyeffect.com.ar\/index.php\/producto\/perfume-arabe-mujer-katiya-oud-con-feromonas-ind-nacional\/#primaryimage","url":"https:\/\/butterflyeffect.com.ar\/wp-content\/uploads\/2025\/12\/D_608421-MLA86286757233_062025-F.jpg","contentUrl":"https:\/\/butterflyeffect.com.ar\/wp-content\/uploads\/2025\/12\/D_608421-MLA86286757233_062025-F.jpg","width":1200,"height":882},{"@type":"BreadcrumbList","@id":"https:\/\/butterflyeffect.com.ar\/index.php\/producto\/perfume-arabe-mujer-katiya-oud-con-feromonas-ind-nacional\/#breadcrumb","itemListElement":[{"@type":"ListItem","position":1,"name":"Portada","item":"https:\/\/butterflyeffect.com.ar\/"},{"@type":"ListItem","position":2,"name":"Tienda","item":"https:\/\/butterflyeffect.com.ar\/index.php\/tienda\/"},{"@type":"ListItem","position":3,"name":"Perfume Arabe Mujer Katiya Oud Con Feromonas Ind Nacional"}]},{"@type":"WebSite","@id":"https:\/\/butterflyeffect.com.ar\/#website","url":"https:\/\/butterflyeffect.com.ar\/","name":"Butterfly Effect","description":"Premium Sex Tech Toys &amp; Cosmetica Intima","publisher":{"@id":"https:\/\/butterflyeffect.com.ar\/#organization"},"potentialAction":[{"@type":"SearchAction","target":{"@type":"EntryPoint","urlTemplate":"https:\/\/butterflyeffect.com.ar\/?s={search_term_string}"},"query-input":{"@type":"PropertyValueSpecification","valueRequired":true,"valueName":"search_term_string"}}],"inLanguage":"es"},{"@type":"Organization","@id":"https:\/\/butterflyeffect.com.ar\/#organization","name":"The Butterfly Effect","url":"https:\/\/butterflyeffect.com.ar\/","logo":{"@type":"ImageObject","inLanguage":"es","@id":"https:\/\/butterflyeffect.com.ar\/#\/schema\/logo\/image\/","url":"https:\/\/butterflyeffect.com.ar\/wp-content\/uploads\/2023\/06\/cropped-LOGO-FINAL-BE-01.jpg","contentUrl":"https:\/\/butterflyeffect.com.ar\/wp-content\/uploads\/2023\/06\/cropped-LOGO-FINAL-BE-01.jpg","width":766,"height":877,"caption":"The Butterfly Effect"},"image":{"@id":"https:\/\/butterflyeffect.com.ar\/#\/schema\/logo\/image\/"},"sameAs":["https:\/\/www.instagram.com\/butterflyeffect_ar\/"]}]}},"_links":{"self":[{"href":"https:\/\/butterflyeffect.com.ar\/index.php\/wp-json\/wp\/v2\/product\/2294","targetHints":{"allow":["GET"]}}],"collection":[{"href":"https:\/\/butterflyeffect.com.ar\/index.php\/wp-json\/wp\/v2\/product"}],"about":[{"href":"https:\/\/butterflyeffect.com.ar\/index.php\/wp-json\/wp\/v2\/types\/product"}],"replies":[{"embeddable":true,"href":"https:\/\/butterflyeffect.com.ar\/index.php\/wp-json\/wp\/v2\/comments?post=2294"}],"wp:featuredmedia":[{"embeddable":true,"href":"https:\/\/butterflyeffect.com.ar\/index.php\/wp-json\/wp\/v2\/media\/2293"}],"wp:attachment":[{"href":"https:\/\/butterflyeffect.com.ar\/index.php\/wp-json\/wp\/v2\/media?parent=2294"}],"wp:term":[{"taxonomy":"product_brand","embeddable":true,"href":"https:\/\/butterflyeffect.com.ar\/index.php\/wp-json\/wp\/v2\/product_brand?post=2294"},{"taxonomy":"product_cat","embeddable":true,"href":"https:\/\/butterflyeffect.com.ar\/index.php\/wp-json\/wp\/v2\/product_cat?post=2294"},{"taxonomy":"product_tag","embeddable":true,"href":"https:\/\/butterflyeffect.com.ar\/index.php\/wp-json\/wp\/v2\/product_tag?post=2294"}],"curies":[{"name":"wp","href":"https:\/\/api.w.org\/{rel}","templated":true}]}}