{"id":2274,"date":"2025-12-22T23:31:11","date_gmt":"2025-12-22T23:31:11","guid":{"rendered":"https:\/\/butterflyeffect.com.ar\/index.php\/producto\/perfume-mujer-audaz-vol-1-feromonas-oriental-mas-perfumero\/"},"modified":"2025-12-22T23:31:29","modified_gmt":"2025-12-22T23:31:29","slug":"perfume-mujer-audaz-vol-1-feromonas-oriental-mas-perfumero","status":"publish","type":"product","link":"https:\/\/butterflyeffect.com.ar\/index.php\/producto\/perfume-mujer-audaz-vol-1-feromonas-oriental-mas-perfumero\/","title":{"rendered":"Perfume Mujer  Audaz Vol 1 Feromonas Oriental Mas  Perfumero"},"content":{"rendered":"<p>Experimenta la esencia de la audacia con el perfume Audaz Vol 1 de la marca Butterfly Effect. Dise\u00f1ado especialmente para la mujer moderna, este perfume en formato spray captura la belleza de las notas olfativas florales y frutales, donde la pera suculenta y el nardo radiante crean una fragancia irresistible y envolvente. Ideal para esas ocasiones especiales o para realzar tu d\u00eda a d\u00eda, su duraci\u00f3n aproximada de 4 horas asegura que te acompa\u00f1e en cada momento.<\/p>\n<p>El Audaz Vol 1 forma parte de la l\u00ednea Afrodisiaco, concebida para despertar los sentidos y elevar la confianza. Trat\u00e1ndose de un parfum, ofrece una intensidad que resalta tu personalidad. Adem\u00e1s, es vegano y libre de crueldad, aline\u00e1ndose con las preocupaciones de un consumidor consciente y responsable.<br \/>\nAUDAZ Te invita a un viaje sensorial que captura una visi\u00f3n de la feminidad liberada y alejada de los convencionalismos. <\/p>\n<p>Esta fragancia floral afrutada nace del delicioso encuentro entre la pera suculenta y el nardo radiante y se presenta en un nuevo frasco rosa coronado con un tap\u00f3n rosa transl\u00facido a modo de talism\u00e1n. <\/p>\n<p>El perfume comienza con una explosi\u00f3n de frescor, un acorde de pera jugosa y un acorde vibrante y arom\u00e1tico de ruibarbo. Estas notas afrutadas armonizan con el coraz\u00f3n \u00e1cido de bergamota y el fascinante azahar para crear una mezcla intensa y estimulante. En el coraz\u00f3n, un ramo de flores blancas que revela un coraz\u00f3n cremoso de absoluto de nardo. Una mezcla de maderas blancas y madera de cedro c\u00e1lida realza la infusi\u00f3n de vainilla bourbon, sensual y reconfortante, del fondo, con el agradable efecto segunda piel de los almizcles blancos.<\/p>\n<p>Una faceta floral, afrutada, juvenil y sensual de la fragancia de AUDAZ VOL 1 que nace del encuentro entre ingredientes de origen sostenible procedentes de todo el mundo. Un contraste llamativo entre las notas chispeantes y solares de nardo y la pera jugosa, realzado por una sensual estela amaderada.<\/p>\n<p>Este perfume, que proviene de Argentina con esencias importadas, es una elecci\u00f3n impecable para quienes valoran la calidad y la \u00e9tica en sus productos de belleza. Su presentaci\u00f3n de 60 mL lo convierte en un compa\u00f1ero perfecto, f\u00e1cil de llevar y aplicar en cualquier situaci\u00f3n. Sum\u00e9rgete en la fragancia de Audaz Vol 1 y deja una impresi\u00f3n duradera que refleje tu autenticidad.<\/p>\n","protected":false},"excerpt":{"rendered":"<p>Experimenta la esencia de la audacia con el perfume Audaz Vol 1 de la marca Butterfly Effect. Dise\u00f1ado especialmente para la mujer moderna, este perfume en formato spray captura la belleza de las notas olfativas florales y frutales, donde la pera suculenta y el nardo radiante crean una fragancia irresistible y envolvente. Ideal para esas ocasiones especiales o para realzar tu d\u00eda a d\u00eda, su duraci\u00f3n aproximada de 4 horas asegura que te acompa\u00f1e en cada momento.<\/p>\n<p>El Audaz Vol 1 forma parte de la l\u00ednea Afrodisiaco, concebida para despertar los sentidos y elevar la confianza. Trat\u00e1ndose de un parfum, ofrece una intensidad que resalta tu personalidad. Adem\u00e1s, es vegano y libre de crueldad, aline\u00e1ndose con las preocupaciones de un consumidor consciente y responsable.<br \/>\nAUDAZ Te invita a un viaje sensorial que captura una visi\u00f3n de la feminidad liberada y alejada de los convencionalismos. <\/p>\n","protected":false},"featured_media":2273,"comment_status":"open","ping_status":"closed","template":"","meta":[],"product_brand":[107],"product_cat":[141,77],"product_tag":[],"class_list":{"0":"post-2274","1":"product","2":"type-product","3":"status-publish","4":"has-post-thumbnail","6":"product_brand-butterfly-effect","7":"product_cat-lenceria-sexy","8":"product_cat-productos","10":"entry","11":"has-media","13":"first","14":"instock","15":"shipping-taxable","16":"purchasable","17":"product-type-simple","18":"has-product-nav","19":"col","20":"span_1_of_4","21":"owp-content-center","22":"owp-thumbs-layout-horizontal","23":"owp-btn-normal","24":"owp-tabs-layout-horizontal"},"yoast_head":"<!-- This site is optimized with the Yoast SEO plugin v26.0 - https:\/\/yoast.com\/wordpress\/plugins\/seo\/ -->\n<title>Perfume Mujer Audaz Vol 1 Feromonas Oriental Mas Perfumero -<\/title>\n<meta name=\"robots\" content=\"index, follow, max-snippet:-1, max-image-preview:large, max-video-preview:-1\" \/>\n<link rel=\"canonical\" href=\"https:\/\/butterflyeffect.com.ar\/index.php\/producto\/perfume-mujer-audaz-vol-1-feromonas-oriental-mas-perfumero\/\" \/>\n<meta property=\"og:locale\" content=\"es_ES\" \/>\n<meta property=\"og:type\" content=\"article\" \/>\n<meta property=\"og:title\" content=\"Perfume Mujer Audaz Vol 1 Feromonas Oriental Mas Perfumero -\" \/>\n<meta property=\"og:description\" content=\"Experimenta la esencia de la audacia con el perfume Audaz Vol 1 de la marca Butterfly Effect. Dise\u00f1ado especialmente para la mujer moderna, este perfume en formato spray captura la belleza de las notas olfativas florales y frutales, donde la pera suculenta y el nardo radiante crean una fragancia irresistible y envolvente. Ideal para esas ocasiones especiales o para realzar tu d\u00eda a d\u00eda, su duraci\u00f3n aproximada de 4 horas asegura que te acompa\u00f1e en cada momento. El Audaz Vol 1 forma parte de la l\u00ednea Afrodisiaco, concebida para despertar los sentidos y elevar la confianza. Trat\u00e1ndose de un parfum, ofrece una intensidad que resalta tu personalidad. Adem\u00e1s, es vegano y libre de crueldad, aline\u00e1ndose con las preocupaciones de un consumidor consciente y responsable. AUDAZ Te invita a un viaje sensorial que captura una visi\u00f3n de la feminidad liberada y alejada de los convencionalismos.\" \/>\n<meta property=\"og:url\" content=\"https:\/\/butterflyeffect.com.ar\/index.php\/producto\/perfume-mujer-audaz-vol-1-feromonas-oriental-mas-perfumero\/\" \/>\n<meta property=\"article:modified_time\" content=\"2025-12-22T23:31:29+00:00\" \/>\n<meta property=\"og:image\" content=\"https:\/\/butterflyeffect.com.ar\/wp-content\/uploads\/2025\/12\/D_757079-MLA85969955650_062025-F.jpg\" \/>\n\t<meta property=\"og:image:width\" content=\"1024\" \/>\n\t<meta property=\"og:image:height\" content=\"1199\" \/>\n\t<meta property=\"og:image:type\" content=\"image\/jpeg\" \/>\n<meta name=\"twitter:card\" content=\"summary_large_image\" \/>\n<meta name=\"twitter:label1\" content=\"Tiempo de lectura\" \/>\n\t<meta name=\"twitter:data1\" content=\"2 minutos\" \/>\n<script type=\"application\/ld+json\" class=\"yoast-schema-graph\">{\"@context\":\"https:\/\/schema.org\",\"@graph\":[{\"@type\":\"WebPage\",\"@id\":\"https:\/\/butterflyeffect.com.ar\/index.php\/producto\/perfume-mujer-audaz-vol-1-feromonas-oriental-mas-perfumero\/\",\"url\":\"https:\/\/butterflyeffect.com.ar\/index.php\/producto\/perfume-mujer-audaz-vol-1-feromonas-oriental-mas-perfumero\/\",\"name\":\"Perfume Mujer Audaz Vol 1 Feromonas Oriental Mas Perfumero -\",\"isPartOf\":{\"@id\":\"https:\/\/butterflyeffect.com.ar\/#website\"},\"primaryImageOfPage\":{\"@id\":\"https:\/\/butterflyeffect.com.ar\/index.php\/producto\/perfume-mujer-audaz-vol-1-feromonas-oriental-mas-perfumero\/#primaryimage\"},\"image\":{\"@id\":\"https:\/\/butterflyeffect.com.ar\/index.php\/producto\/perfume-mujer-audaz-vol-1-feromonas-oriental-mas-perfumero\/#primaryimage\"},\"thumbnailUrl\":\"https:\/\/butterflyeffect.com.ar\/wp-content\/uploads\/2025\/12\/D_757079-MLA85969955650_062025-F.jpg\",\"datePublished\":\"2025-12-22T23:31:11+00:00\",\"dateModified\":\"2025-12-22T23:31:29+00:00\",\"breadcrumb\":{\"@id\":\"https:\/\/butterflyeffect.com.ar\/index.php\/producto\/perfume-mujer-audaz-vol-1-feromonas-oriental-mas-perfumero\/#breadcrumb\"},\"inLanguage\":\"es\",\"potentialAction\":[{\"@type\":\"ReadAction\",\"target\":[\"https:\/\/butterflyeffect.com.ar\/index.php\/producto\/perfume-mujer-audaz-vol-1-feromonas-oriental-mas-perfumero\/\"]}]},{\"@type\":\"ImageObject\",\"inLanguage\":\"es\",\"@id\":\"https:\/\/butterflyeffect.com.ar\/index.php\/producto\/perfume-mujer-audaz-vol-1-feromonas-oriental-mas-perfumero\/#primaryimage\",\"url\":\"https:\/\/butterflyeffect.com.ar\/wp-content\/uploads\/2025\/12\/D_757079-MLA85969955650_062025-F.jpg\",\"contentUrl\":\"https:\/\/butterflyeffect.com.ar\/wp-content\/uploads\/2025\/12\/D_757079-MLA85969955650_062025-F.jpg\",\"width\":1024,\"height\":1199},{\"@type\":\"BreadcrumbList\",\"@id\":\"https:\/\/butterflyeffect.com.ar\/index.php\/producto\/perfume-mujer-audaz-vol-1-feromonas-oriental-mas-perfumero\/#breadcrumb\",\"itemListElement\":[{\"@type\":\"ListItem\",\"position\":1,\"name\":\"Portada\",\"item\":\"https:\/\/butterflyeffect.com.ar\/\"},{\"@type\":\"ListItem\",\"position\":2,\"name\":\"Tienda\",\"item\":\"https:\/\/butterflyeffect.com.ar\/index.php\/tienda\/\"},{\"@type\":\"ListItem\",\"position\":3,\"name\":\"Perfume Mujer Audaz Vol 1 Feromonas Oriental Mas Perfumero\"}]},{\"@type\":\"WebSite\",\"@id\":\"https:\/\/butterflyeffect.com.ar\/#website\",\"url\":\"https:\/\/butterflyeffect.com.ar\/\",\"name\":\"Butterfly Effect\",\"description\":\"Premium Sex Tech Toys &amp; Cosmetica Intima\",\"publisher\":{\"@id\":\"https:\/\/butterflyeffect.com.ar\/#organization\"},\"potentialAction\":[{\"@type\":\"SearchAction\",\"target\":{\"@type\":\"EntryPoint\",\"urlTemplate\":\"https:\/\/butterflyeffect.com.ar\/?s={search_term_string}\"},\"query-input\":{\"@type\":\"PropertyValueSpecification\",\"valueRequired\":true,\"valueName\":\"search_term_string\"}}],\"inLanguage\":\"es\"},{\"@type\":\"Organization\",\"@id\":\"https:\/\/butterflyeffect.com.ar\/#organization\",\"name\":\"The Butterfly Effect\",\"url\":\"https:\/\/butterflyeffect.com.ar\/\",\"logo\":{\"@type\":\"ImageObject\",\"inLanguage\":\"es\",\"@id\":\"https:\/\/butterflyeffect.com.ar\/#\/schema\/logo\/image\/\",\"url\":\"https:\/\/butterflyeffect.com.ar\/wp-content\/uploads\/2023\/06\/cropped-LOGO-FINAL-BE-01.jpg\",\"contentUrl\":\"https:\/\/butterflyeffect.com.ar\/wp-content\/uploads\/2023\/06\/cropped-LOGO-FINAL-BE-01.jpg\",\"width\":766,\"height\":877,\"caption\":\"The Butterfly Effect\"},\"image\":{\"@id\":\"https:\/\/butterflyeffect.com.ar\/#\/schema\/logo\/image\/\"},\"sameAs\":[\"https:\/\/www.instagram.com\/butterflyeffect_ar\/\"]}]}<\/script>\n<!-- \/ Yoast SEO plugin. -->","yoast_head_json":{"title":"Perfume Mujer Audaz Vol 1 Feromonas Oriental Mas Perfumero -","robots":{"index":"index","follow":"follow","max-snippet":"max-snippet:-1","max-image-preview":"max-image-preview:large","max-video-preview":"max-video-preview:-1"},"canonical":"https:\/\/butterflyeffect.com.ar\/index.php\/producto\/perfume-mujer-audaz-vol-1-feromonas-oriental-mas-perfumero\/","og_locale":"es_ES","og_type":"article","og_title":"Perfume Mujer Audaz Vol 1 Feromonas Oriental Mas Perfumero -","og_description":"Experimenta la esencia de la audacia con el perfume Audaz Vol 1 de la marca Butterfly Effect. Dise\u00f1ado especialmente para la mujer moderna, este perfume en formato spray captura la belleza de las notas olfativas florales y frutales, donde la pera suculenta y el nardo radiante crean una fragancia irresistible y envolvente. Ideal para esas ocasiones especiales o para realzar tu d\u00eda a d\u00eda, su duraci\u00f3n aproximada de 4 horas asegura que te acompa\u00f1e en cada momento. El Audaz Vol 1 forma parte de la l\u00ednea Afrodisiaco, concebida para despertar los sentidos y elevar la confianza. Trat\u00e1ndose de un parfum, ofrece una intensidad que resalta tu personalidad. Adem\u00e1s, es vegano y libre de crueldad, aline\u00e1ndose con las preocupaciones de un consumidor consciente y responsable. AUDAZ Te invita a un viaje sensorial que captura una visi\u00f3n de la feminidad liberada y alejada de los convencionalismos.","og_url":"https:\/\/butterflyeffect.com.ar\/index.php\/producto\/perfume-mujer-audaz-vol-1-feromonas-oriental-mas-perfumero\/","article_modified_time":"2025-12-22T23:31:29+00:00","og_image":[{"width":1024,"height":1199,"url":"https:\/\/butterflyeffect.com.ar\/wp-content\/uploads\/2025\/12\/D_757079-MLA85969955650_062025-F.jpg","type":"image\/jpeg"}],"twitter_card":"summary_large_image","twitter_misc":{"Tiempo de lectura":"2 minutos"},"schema":{"@context":"https:\/\/schema.org","@graph":[{"@type":"WebPage","@id":"https:\/\/butterflyeffect.com.ar\/index.php\/producto\/perfume-mujer-audaz-vol-1-feromonas-oriental-mas-perfumero\/","url":"https:\/\/butterflyeffect.com.ar\/index.php\/producto\/perfume-mujer-audaz-vol-1-feromonas-oriental-mas-perfumero\/","name":"Perfume Mujer Audaz Vol 1 Feromonas Oriental Mas Perfumero -","isPartOf":{"@id":"https:\/\/butterflyeffect.com.ar\/#website"},"primaryImageOfPage":{"@id":"https:\/\/butterflyeffect.com.ar\/index.php\/producto\/perfume-mujer-audaz-vol-1-feromonas-oriental-mas-perfumero\/#primaryimage"},"image":{"@id":"https:\/\/butterflyeffect.com.ar\/index.php\/producto\/perfume-mujer-audaz-vol-1-feromonas-oriental-mas-perfumero\/#primaryimage"},"thumbnailUrl":"https:\/\/butterflyeffect.com.ar\/wp-content\/uploads\/2025\/12\/D_757079-MLA85969955650_062025-F.jpg","datePublished":"2025-12-22T23:31:11+00:00","dateModified":"2025-12-22T23:31:29+00:00","breadcrumb":{"@id":"https:\/\/butterflyeffect.com.ar\/index.php\/producto\/perfume-mujer-audaz-vol-1-feromonas-oriental-mas-perfumero\/#breadcrumb"},"inLanguage":"es","potentialAction":[{"@type":"ReadAction","target":["https:\/\/butterflyeffect.com.ar\/index.php\/producto\/perfume-mujer-audaz-vol-1-feromonas-oriental-mas-perfumero\/"]}]},{"@type":"ImageObject","inLanguage":"es","@id":"https:\/\/butterflyeffect.com.ar\/index.php\/producto\/perfume-mujer-audaz-vol-1-feromonas-oriental-mas-perfumero\/#primaryimage","url":"https:\/\/butterflyeffect.com.ar\/wp-content\/uploads\/2025\/12\/D_757079-MLA85969955650_062025-F.jpg","contentUrl":"https:\/\/butterflyeffect.com.ar\/wp-content\/uploads\/2025\/12\/D_757079-MLA85969955650_062025-F.jpg","width":1024,"height":1199},{"@type":"BreadcrumbList","@id":"https:\/\/butterflyeffect.com.ar\/index.php\/producto\/perfume-mujer-audaz-vol-1-feromonas-oriental-mas-perfumero\/#breadcrumb","itemListElement":[{"@type":"ListItem","position":1,"name":"Portada","item":"https:\/\/butterflyeffect.com.ar\/"},{"@type":"ListItem","position":2,"name":"Tienda","item":"https:\/\/butterflyeffect.com.ar\/index.php\/tienda\/"},{"@type":"ListItem","position":3,"name":"Perfume Mujer Audaz Vol 1 Feromonas Oriental Mas Perfumero"}]},{"@type":"WebSite","@id":"https:\/\/butterflyeffect.com.ar\/#website","url":"https:\/\/butterflyeffect.com.ar\/","name":"Butterfly Effect","description":"Premium Sex Tech Toys &amp; Cosmetica Intima","publisher":{"@id":"https:\/\/butterflyeffect.com.ar\/#organization"},"potentialAction":[{"@type":"SearchAction","target":{"@type":"EntryPoint","urlTemplate":"https:\/\/butterflyeffect.com.ar\/?s={search_term_string}"},"query-input":{"@type":"PropertyValueSpecification","valueRequired":true,"valueName":"search_term_string"}}],"inLanguage":"es"},{"@type":"Organization","@id":"https:\/\/butterflyeffect.com.ar\/#organization","name":"The Butterfly Effect","url":"https:\/\/butterflyeffect.com.ar\/","logo":{"@type":"ImageObject","inLanguage":"es","@id":"https:\/\/butterflyeffect.com.ar\/#\/schema\/logo\/image\/","url":"https:\/\/butterflyeffect.com.ar\/wp-content\/uploads\/2023\/06\/cropped-LOGO-FINAL-BE-01.jpg","contentUrl":"https:\/\/butterflyeffect.com.ar\/wp-content\/uploads\/2023\/06\/cropped-LOGO-FINAL-BE-01.jpg","width":766,"height":877,"caption":"The Butterfly Effect"},"image":{"@id":"https:\/\/butterflyeffect.com.ar\/#\/schema\/logo\/image\/"},"sameAs":["https:\/\/www.instagram.com\/butterflyeffect_ar\/"]}]}},"_links":{"self":[{"href":"https:\/\/butterflyeffect.com.ar\/index.php\/wp-json\/wp\/v2\/product\/2274","targetHints":{"allow":["GET"]}}],"collection":[{"href":"https:\/\/butterflyeffect.com.ar\/index.php\/wp-json\/wp\/v2\/product"}],"about":[{"href":"https:\/\/butterflyeffect.com.ar\/index.php\/wp-json\/wp\/v2\/types\/product"}],"replies":[{"embeddable":true,"href":"https:\/\/butterflyeffect.com.ar\/index.php\/wp-json\/wp\/v2\/comments?post=2274"}],"wp:featuredmedia":[{"embeddable":true,"href":"https:\/\/butterflyeffect.com.ar\/index.php\/wp-json\/wp\/v2\/media\/2273"}],"wp:attachment":[{"href":"https:\/\/butterflyeffect.com.ar\/index.php\/wp-json\/wp\/v2\/media?parent=2274"}],"wp:term":[{"taxonomy":"product_brand","embeddable":true,"href":"https:\/\/butterflyeffect.com.ar\/index.php\/wp-json\/wp\/v2\/product_brand?post=2274"},{"taxonomy":"product_cat","embeddable":true,"href":"https:\/\/butterflyeffect.com.ar\/index.php\/wp-json\/wp\/v2\/product_cat?post=2274"},{"taxonomy":"product_tag","embeddable":true,"href":"https:\/\/butterflyeffect.com.ar\/index.php\/wp-json\/wp\/v2\/product_tag?post=2274"}],"curies":[{"name":"wp","href":"https:\/\/api.w.org\/{rel}","templated":true}]}}