{"id":1837,"date":"2025-12-22T23:17:18","date_gmt":"2025-12-22T23:17:18","guid":{"rendered":"https:\/\/butterflyeffect.com.ar\/index.php\/producto\/body-splash-con-feromonas-be-butterfly-effect-frutos-rojos\/"},"modified":"2026-04-26T04:05:29","modified_gmt":"2026-04-26T04:05:29","slug":"body-splash-con-feromonas-be-butterfly-effect-frutos-rojos","status":"publish","type":"product","link":"https:\/\/butterflyeffect.com.ar\/index.php\/producto\/body-splash-con-feromonas-be-butterfly-effect-frutos-rojos\/","title":{"rendered":"Body splash con feromonas be Butterfly effect | Frutos Rojos"},"content":{"rendered":"<div class=\"ui-vpp-highlighted-specs__attribute-columns__column\">\n<div class=\"ui-pdp-container__row ui-vpp-highlighted-specs__attribute-columns__row\">\n<h3 role=\"tab\"><\/h3>\n<div class=\"ui-vpp-highlighted-specs__key-value\">\n<div aria-hidden=\"true\">\n<div id=\"ui-accordion-1-panel-1\" class=\"field-group-format-wrapper group-spec-specifications field-group-accordion-item ui-accordion-content ui-helper-reset ui-widget-content ui-corner-bottom ui-accordion-content-active\" role=\"tabpanel\" aria-labelledby=\"ui-accordion-1-header-1\" aria-hidden=\"false\">\n<div class=\"field field-name-field-specification-text field-type-text-long field-label-hidden\">\n<div class=\"field-items\">\n<div class=\"field-item even\">\n<p>Body splash BE de Frutos Rojos es una fragancia refrescante y energizante que despierta los sentidos con su delicioso aroma. Esta fragancia est\u00e1 compuesta por una exquisita combinaci\u00f3n de frutos rojos, como fresas, frambuesas, ar\u00e1ndanos y grosellas, que aportan una dulzura natural y fresca.<\/p>\n<p>Al principio, se siente una explosi\u00f3n de frutas rojas que envuelve la piel con una sensaci\u00f3n de vitalidad y energ\u00eda. Luego, la fragancia evoluciona hacia un coraz\u00f3n floral suave y sutil, que aporta un toque delicado y femenino.<\/p>\n<p>La base de esta fragancia es levemente amaderada y cremosa, lo que a\u00f1ade un toque de calidez y profundidad a la fragancia, sin restarle su car\u00e1cter fresco y juvenil.<\/p>\n<p>Este body splash de frutos rojos es perfecto para usar en cualquier momento del d\u00eda, especialmente en las ma\u00f1anas de primavera y verano, ya que aporta una sensaci\u00f3n de frescura y vitalidad que dura todo el d\u00eda. Adem\u00e1s, su envase en spray lo hace f\u00e1cil de aplicar y llevar a cualquier lugar, para disfrutar de su delicioso aroma en todo momento.<\/p>\n<\/div>\n<\/div>\n<p>&nbsp;<\/p>\n<div class=\"field-items\">\n<h3 role=\"tab\"><\/h3>\n<h3 id=\"ui-accordion-1-header-1\" class=\"field-group-format-toggler accordion-item ui-accordion-header ui-helper-reset ui-state-default ui-accordion-icons ui-accordion-header-active ui-state-active ui-corner-top\" role=\"tab\">Caracter\u00edsticas<\/h3>\n<div id=\"ui-accordion-1-panel-1\" class=\"field-group-format-wrapper group-spec-specifications field-group-accordion-item ui-accordion-content ui-helper-reset ui-widget-content ui-corner-bottom ui-accordion-content-active\" role=\"tabpanel\" aria-labelledby=\"ui-accordion-1-header-1\" aria-hidden=\"false\">\n<div class=\"field field-name-field-specification-text field-type-text-long field-label-hidden\">\n<div class=\"field-items\">\n<div class=\"field-item even\">\n<ul>\n<li>Tipo:\u00a0<span class=\"ui-pdp-color--BLACK ui-pdp-size--XSMALL ui-pdp-family--SEMIBOLD\">Body splash<\/span><\/li>\n<li>Volumen de la unidad:\u00a0<span class=\"ui-pdp-color--BLACK ui-pdp-size--XSMALL ui-pdp-family--SEMIBOLD\">150 mL<\/span><\/li>\n<li>Marca:\u00a0<span class=\"ui-pdp-color--BLACK ui-pdp-size--XSMALL ui-pdp-family--SEMIBOLD\">Butterfly effect<\/span><\/li>\n<\/ul>\n<\/div>\n<\/div>\n<\/div>\n<\/div>\n<\/div>\n<\/div>\n<\/div>\n<\/div>\n<\/div>\n<\/div>\n<\/div>\n","protected":false},"excerpt":{"rendered":"<p><span style=\"color: #320257\"><strong> .<\/strong><\/span><\/p>\n<p><img decoding=\"async\" class=\"aligncenter\" src=\"https:\/\/lelodistribucion.com.ar\/wp-content\/uploads\/2021\/03\/Medios-de-Pago-300x100.jpg\" \/><\/p>\n<p>Descubre los beneficios de las feromonas afrodis\u00edacas:<\/p>\n<p>1- Aumento del atractivo personal.<\/p>\n<p>2- Mejora de la confianza y autoestima.<\/p>\n<p>3- Impulso de la qu\u00edmica y conexi\u00f3n emocional.<\/p>\n<p>4- Mayor \u00e9xito en el \u00e1mbito social.<\/p>\n<p>5- Estimulaci\u00f3n del deseo sexual.<\/p>\n","protected":false},"featured_media":1836,"comment_status":"open","ping_status":"closed","template":"","meta":[],"product_brand":[107],"product_cat":[118,77],"product_tag":[],"class_list":{"0":"post-1837","1":"product","2":"type-product","3":"status-publish","4":"has-post-thumbnail","6":"product_brand-butterfly-effect","7":"product_cat-body-splash-fragancias","8":"product_cat-productos","10":"entry","11":"has-media","13":"first","14":"instock","15":"shipping-taxable","16":"purchasable","17":"product-type-simple","18":"has-product-nav","19":"col","20":"span_1_of_4","21":"owp-content-center","22":"owp-thumbs-layout-horizontal","23":"owp-btn-normal","24":"owp-tabs-layout-horizontal"},"yoast_head":"<!-- This site is optimized with the Yoast SEO plugin v26.0 - https:\/\/yoast.com\/wordpress\/plugins\/seo\/ -->\n<title>Body splash con feromonas be Butterfly effect | Frutos Rojos -<\/title>\n<meta name=\"robots\" content=\"index, follow, max-snippet:-1, max-image-preview:large, max-video-preview:-1\" \/>\n<link rel=\"canonical\" href=\"https:\/\/butterflyeffect.com.ar\/index.php\/producto\/body-splash-con-feromonas-be-butterfly-effect-frutos-rojos\/\" \/>\n<meta property=\"og:locale\" content=\"es_ES\" \/>\n<meta property=\"og:type\" content=\"article\" \/>\n<meta property=\"og:title\" content=\"Body splash con feromonas be Butterfly effect | Frutos Rojos -\" \/>\n<meta property=\"og:description\" content=\".    Descubre los beneficios de las feromonas afrodis\u00edacas:  1- Aumento del atractivo personal. 2- Mejora de la confianza y autoestima. 3- Impulso de la qu\u00edmica y conexi\u00f3n emocional. 4- Mayor \u00e9xito en el \u00e1mbito social. 5- Estimulaci\u00f3n del deseo sexual.\" \/>\n<meta property=\"og:url\" content=\"https:\/\/butterflyeffect.com.ar\/index.php\/producto\/body-splash-con-feromonas-be-butterfly-effect-frutos-rojos\/\" \/>\n<meta property=\"article:modified_time\" content=\"2026-04-26T04:05:29+00:00\" \/>\n<meta property=\"og:image\" content=\"https:\/\/butterflyeffect.com.ar\/wp-content\/uploads\/2025\/12\/D_NQ_NP_986966-MLA69389509357_052023-O.jpg\" \/>\n\t<meta property=\"og:image:width\" content=\"730\" \/>\n\t<meta property=\"og:image:height\" content=\"730\" \/>\n\t<meta property=\"og:image:type\" content=\"image\/jpeg\" \/>\n<meta name=\"twitter:card\" content=\"summary_large_image\" \/>\n<meta name=\"twitter:label1\" content=\"Tiempo de lectura\" \/>\n\t<meta name=\"twitter:data1\" content=\"2 minutos\" \/>\n<script type=\"application\/ld+json\" class=\"yoast-schema-graph\">{\"@context\":\"https:\/\/schema.org\",\"@graph\":[{\"@type\":\"WebPage\",\"@id\":\"https:\/\/butterflyeffect.com.ar\/index.php\/producto\/body-splash-con-feromonas-be-butterfly-effect-frutos-rojos\/\",\"url\":\"https:\/\/butterflyeffect.com.ar\/index.php\/producto\/body-splash-con-feromonas-be-butterfly-effect-frutos-rojos\/\",\"name\":\"Body splash con feromonas be Butterfly effect | Frutos Rojos -\",\"isPartOf\":{\"@id\":\"https:\/\/butterflyeffect.com.ar\/#website\"},\"primaryImageOfPage\":{\"@id\":\"https:\/\/butterflyeffect.com.ar\/index.php\/producto\/body-splash-con-feromonas-be-butterfly-effect-frutos-rojos\/#primaryimage\"},\"image\":{\"@id\":\"https:\/\/butterflyeffect.com.ar\/index.php\/producto\/body-splash-con-feromonas-be-butterfly-effect-frutos-rojos\/#primaryimage\"},\"thumbnailUrl\":\"https:\/\/butterflyeffect.com.ar\/wp-content\/uploads\/2025\/12\/D_NQ_NP_986966-MLA69389509357_052023-O.jpg\",\"datePublished\":\"2025-12-22T23:17:18+00:00\",\"dateModified\":\"2026-04-26T04:05:29+00:00\",\"breadcrumb\":{\"@id\":\"https:\/\/butterflyeffect.com.ar\/index.php\/producto\/body-splash-con-feromonas-be-butterfly-effect-frutos-rojos\/#breadcrumb\"},\"inLanguage\":\"es\",\"potentialAction\":[{\"@type\":\"ReadAction\",\"target\":[\"https:\/\/butterflyeffect.com.ar\/index.php\/producto\/body-splash-con-feromonas-be-butterfly-effect-frutos-rojos\/\"]}]},{\"@type\":\"ImageObject\",\"inLanguage\":\"es\",\"@id\":\"https:\/\/butterflyeffect.com.ar\/index.php\/producto\/body-splash-con-feromonas-be-butterfly-effect-frutos-rojos\/#primaryimage\",\"url\":\"https:\/\/butterflyeffect.com.ar\/wp-content\/uploads\/2025\/12\/D_NQ_NP_986966-MLA69389509357_052023-O.jpg\",\"contentUrl\":\"https:\/\/butterflyeffect.com.ar\/wp-content\/uploads\/2025\/12\/D_NQ_NP_986966-MLA69389509357_052023-O.jpg\",\"width\":730,\"height\":730},{\"@type\":\"BreadcrumbList\",\"@id\":\"https:\/\/butterflyeffect.com.ar\/index.php\/producto\/body-splash-con-feromonas-be-butterfly-effect-frutos-rojos\/#breadcrumb\",\"itemListElement\":[{\"@type\":\"ListItem\",\"position\":1,\"name\":\"Portada\",\"item\":\"https:\/\/butterflyeffect.com.ar\/\"},{\"@type\":\"ListItem\",\"position\":2,\"name\":\"Tienda\",\"item\":\"https:\/\/butterflyeffect.com.ar\/index.php\/tienda\/\"},{\"@type\":\"ListItem\",\"position\":3,\"name\":\"Body splash con feromonas be Butterfly effect | Frutos Rojos\"}]},{\"@type\":\"WebSite\",\"@id\":\"https:\/\/butterflyeffect.com.ar\/#website\",\"url\":\"https:\/\/butterflyeffect.com.ar\/\",\"name\":\"Butterfly Effect\",\"description\":\"Premium Sex Tech Toys &amp; Cosmetica Intima\",\"publisher\":{\"@id\":\"https:\/\/butterflyeffect.com.ar\/#organization\"},\"potentialAction\":[{\"@type\":\"SearchAction\",\"target\":{\"@type\":\"EntryPoint\",\"urlTemplate\":\"https:\/\/butterflyeffect.com.ar\/?s={search_term_string}\"},\"query-input\":{\"@type\":\"PropertyValueSpecification\",\"valueRequired\":true,\"valueName\":\"search_term_string\"}}],\"inLanguage\":\"es\"},{\"@type\":\"Organization\",\"@id\":\"https:\/\/butterflyeffect.com.ar\/#organization\",\"name\":\"The Butterfly Effect\",\"url\":\"https:\/\/butterflyeffect.com.ar\/\",\"logo\":{\"@type\":\"ImageObject\",\"inLanguage\":\"es\",\"@id\":\"https:\/\/butterflyeffect.com.ar\/#\/schema\/logo\/image\/\",\"url\":\"https:\/\/butterflyeffect.com.ar\/wp-content\/uploads\/2023\/06\/cropped-LOGO-FINAL-BE-01.jpg\",\"contentUrl\":\"https:\/\/butterflyeffect.com.ar\/wp-content\/uploads\/2023\/06\/cropped-LOGO-FINAL-BE-01.jpg\",\"width\":766,\"height\":877,\"caption\":\"The Butterfly Effect\"},\"image\":{\"@id\":\"https:\/\/butterflyeffect.com.ar\/#\/schema\/logo\/image\/\"},\"sameAs\":[\"https:\/\/www.instagram.com\/butterflyeffect_ar\/\"]}]}<\/script>\n<!-- \/ Yoast SEO plugin. -->","yoast_head_json":{"title":"Body splash con feromonas be Butterfly effect | Frutos Rojos -","robots":{"index":"index","follow":"follow","max-snippet":"max-snippet:-1","max-image-preview":"max-image-preview:large","max-video-preview":"max-video-preview:-1"},"canonical":"https:\/\/butterflyeffect.com.ar\/index.php\/producto\/body-splash-con-feromonas-be-butterfly-effect-frutos-rojos\/","og_locale":"es_ES","og_type":"article","og_title":"Body splash con feromonas be Butterfly effect | Frutos Rojos -","og_description":".    Descubre los beneficios de las feromonas afrodis\u00edacas:  1- Aumento del atractivo personal. 2- Mejora de la confianza y autoestima. 3- Impulso de la qu\u00edmica y conexi\u00f3n emocional. 4- Mayor \u00e9xito en el \u00e1mbito social. 5- Estimulaci\u00f3n del deseo sexual.","og_url":"https:\/\/butterflyeffect.com.ar\/index.php\/producto\/body-splash-con-feromonas-be-butterfly-effect-frutos-rojos\/","article_modified_time":"2026-04-26T04:05:29+00:00","og_image":[{"width":730,"height":730,"url":"https:\/\/butterflyeffect.com.ar\/wp-content\/uploads\/2025\/12\/D_NQ_NP_986966-MLA69389509357_052023-O.jpg","type":"image\/jpeg"}],"twitter_card":"summary_large_image","twitter_misc":{"Tiempo de lectura":"2 minutos"},"schema":{"@context":"https:\/\/schema.org","@graph":[{"@type":"WebPage","@id":"https:\/\/butterflyeffect.com.ar\/index.php\/producto\/body-splash-con-feromonas-be-butterfly-effect-frutos-rojos\/","url":"https:\/\/butterflyeffect.com.ar\/index.php\/producto\/body-splash-con-feromonas-be-butterfly-effect-frutos-rojos\/","name":"Body splash con feromonas be Butterfly effect | Frutos Rojos -","isPartOf":{"@id":"https:\/\/butterflyeffect.com.ar\/#website"},"primaryImageOfPage":{"@id":"https:\/\/butterflyeffect.com.ar\/index.php\/producto\/body-splash-con-feromonas-be-butterfly-effect-frutos-rojos\/#primaryimage"},"image":{"@id":"https:\/\/butterflyeffect.com.ar\/index.php\/producto\/body-splash-con-feromonas-be-butterfly-effect-frutos-rojos\/#primaryimage"},"thumbnailUrl":"https:\/\/butterflyeffect.com.ar\/wp-content\/uploads\/2025\/12\/D_NQ_NP_986966-MLA69389509357_052023-O.jpg","datePublished":"2025-12-22T23:17:18+00:00","dateModified":"2026-04-26T04:05:29+00:00","breadcrumb":{"@id":"https:\/\/butterflyeffect.com.ar\/index.php\/producto\/body-splash-con-feromonas-be-butterfly-effect-frutos-rojos\/#breadcrumb"},"inLanguage":"es","potentialAction":[{"@type":"ReadAction","target":["https:\/\/butterflyeffect.com.ar\/index.php\/producto\/body-splash-con-feromonas-be-butterfly-effect-frutos-rojos\/"]}]},{"@type":"ImageObject","inLanguage":"es","@id":"https:\/\/butterflyeffect.com.ar\/index.php\/producto\/body-splash-con-feromonas-be-butterfly-effect-frutos-rojos\/#primaryimage","url":"https:\/\/butterflyeffect.com.ar\/wp-content\/uploads\/2025\/12\/D_NQ_NP_986966-MLA69389509357_052023-O.jpg","contentUrl":"https:\/\/butterflyeffect.com.ar\/wp-content\/uploads\/2025\/12\/D_NQ_NP_986966-MLA69389509357_052023-O.jpg","width":730,"height":730},{"@type":"BreadcrumbList","@id":"https:\/\/butterflyeffect.com.ar\/index.php\/producto\/body-splash-con-feromonas-be-butterfly-effect-frutos-rojos\/#breadcrumb","itemListElement":[{"@type":"ListItem","position":1,"name":"Portada","item":"https:\/\/butterflyeffect.com.ar\/"},{"@type":"ListItem","position":2,"name":"Tienda","item":"https:\/\/butterflyeffect.com.ar\/index.php\/tienda\/"},{"@type":"ListItem","position":3,"name":"Body splash con feromonas be Butterfly effect | Frutos Rojos"}]},{"@type":"WebSite","@id":"https:\/\/butterflyeffect.com.ar\/#website","url":"https:\/\/butterflyeffect.com.ar\/","name":"Butterfly Effect","description":"Premium Sex Tech Toys &amp; Cosmetica Intima","publisher":{"@id":"https:\/\/butterflyeffect.com.ar\/#organization"},"potentialAction":[{"@type":"SearchAction","target":{"@type":"EntryPoint","urlTemplate":"https:\/\/butterflyeffect.com.ar\/?s={search_term_string}"},"query-input":{"@type":"PropertyValueSpecification","valueRequired":true,"valueName":"search_term_string"}}],"inLanguage":"es"},{"@type":"Organization","@id":"https:\/\/butterflyeffect.com.ar\/#organization","name":"The Butterfly Effect","url":"https:\/\/butterflyeffect.com.ar\/","logo":{"@type":"ImageObject","inLanguage":"es","@id":"https:\/\/butterflyeffect.com.ar\/#\/schema\/logo\/image\/","url":"https:\/\/butterflyeffect.com.ar\/wp-content\/uploads\/2023\/06\/cropped-LOGO-FINAL-BE-01.jpg","contentUrl":"https:\/\/butterflyeffect.com.ar\/wp-content\/uploads\/2023\/06\/cropped-LOGO-FINAL-BE-01.jpg","width":766,"height":877,"caption":"The Butterfly Effect"},"image":{"@id":"https:\/\/butterflyeffect.com.ar\/#\/schema\/logo\/image\/"},"sameAs":["https:\/\/www.instagram.com\/butterflyeffect_ar\/"]}]}},"_links":{"self":[{"href":"https:\/\/butterflyeffect.com.ar\/index.php\/wp-json\/wp\/v2\/product\/1837","targetHints":{"allow":["GET"]}}],"collection":[{"href":"https:\/\/butterflyeffect.com.ar\/index.php\/wp-json\/wp\/v2\/product"}],"about":[{"href":"https:\/\/butterflyeffect.com.ar\/index.php\/wp-json\/wp\/v2\/types\/product"}],"replies":[{"embeddable":true,"href":"https:\/\/butterflyeffect.com.ar\/index.php\/wp-json\/wp\/v2\/comments?post=1837"}],"wp:featuredmedia":[{"embeddable":true,"href":"https:\/\/butterflyeffect.com.ar\/index.php\/wp-json\/wp\/v2\/media\/1836"}],"wp:attachment":[{"href":"https:\/\/butterflyeffect.com.ar\/index.php\/wp-json\/wp\/v2\/media?parent=1837"}],"wp:term":[{"taxonomy":"product_brand","embeddable":true,"href":"https:\/\/butterflyeffect.com.ar\/index.php\/wp-json\/wp\/v2\/product_brand?post=1837"},{"taxonomy":"product_cat","embeddable":true,"href":"https:\/\/butterflyeffect.com.ar\/index.php\/wp-json\/wp\/v2\/product_cat?post=1837"},{"taxonomy":"product_tag","embeddable":true,"href":"https:\/\/butterflyeffect.com.ar\/index.php\/wp-json\/wp\/v2\/product_tag?post=1837"}],"curies":[{"name":"wp","href":"https:\/\/api.w.org\/{rel}","templated":true}]}}