{"id":1750,"date":"2025-12-17T15:03:39","date_gmt":"2025-12-17T15:03:39","guid":{"rendered":"https:\/\/butterflyeffect.com.ar\/index.php\/producto\/perfume-arabe-hombre-feromonas-oud-afrodisiac-nacional-siraj\/"},"modified":"2026-04-26T19:28:34","modified_gmt":"2026-04-26T19:28:34","slug":"perfume-arabe-hombre-feromonas-oud-afrodisiac-nacional-siraj","status":"publish","type":"product","link":"https:\/\/butterflyeffect.com.ar\/index.php\/producto\/perfume-arabe-hombre-feromonas-oud-afrodisiac-nacional-siraj\/","title":{"rendered":"Perfume Arabe Hombre Feromonas Oud Afrodisiac Nacional Siraj"},"content":{"rendered":"<p>Descubre el perfume BUTTERFLY EFFECT SIRAJ Original Edp de 100ml, una fragancia que trasciende g\u00e9neros y se convierte en una experiencia sensorial \u00fanica. Con un perfil olfativo que combina notas de canela, vainilla y un toque picante, este perfume es ideal para quienes buscan una esencia dulce y envolvente. Su formato en spray permite una aplicaci\u00f3n precisa y c\u00f3moda, convirti\u00e9ndolo en un compa\u00f1ero perfecto para cualquier ocasi\u00f3n.<\/p>\n<p>Lanzado en 2025, SIRAJ se elabora con ingredientes veganos y libres de crueldad, reflejando un compromiso con la \u00e9tica y el bienestar animal. Su aroma distintivo evoca calidez y sofisticaci\u00f3n, ideal para quienes desean dejar una huella memorable. Este perfume es perfecto tanto para el uso diario como para momentos especiales, adapt\u00e1ndose a la personalidad de cada individuo.<\/p>\n<p>La familia olfativa de SIRAJ se caracteriza por su riqueza y profundidad, ofreciendo una experiencia que evoluciona a lo largo del d\u00eda. Desde la primera aplicaci\u00f3n, las notas iniciales despiertan los sentidos, mientras que el coraz\u00f3n de la fragancia revela su complejidad. Con cada rociada, sentir\u00e1s c\u00f3mo esta fragancia se convierte en una extensi\u00f3n de ti mismo, realzando tu presencia con elegancia.<\/p>\n","protected":false},"excerpt":{"rendered":"<p>Descubre el perfume BUTTERFLY EFFECT SIRAJ Original Edp de 100ml, una fragancia que trasciende g\u00e9neros y se convierte en una experiencia sensorial \u00fanica. Con un perfil olfativo que combina notas de canela, vainilla y un toque picante, este perfume es ideal para quienes buscan una esencia dulce y envolvente. Su formato en spray permite una aplicaci\u00f3n precisa y c\u00f3moda, convirti\u00e9ndolo en un compa\u00f1ero perfecto para cualquier ocasi\u00f3n.<\/p>\n<p>Lanzado en 2025, SIRAJ se elabora con ingredientes veganos y libres de crueldad, reflejando un compromiso con la \u00e9tica y el bienestar animal. Su aroma distintivo evoca calidez y sofisticaci\u00f3n, ideal para quienes desean dejar una huella memorable. Este perfume es perfecto tanto para el uso diario como para momentos especiales, adapt\u00e1ndose a la personalidad de cada individuo.<\/p>\n<p>La familia olfativa de SIRAJ se caracteriza por su riqueza y profundidad, ofreciendo una experiencia que evoluciona a lo largo del d\u00eda. Desde la primera aplicaci\u00f3n, las notas iniciales despiertan los sentidos, mientras que el coraz\u00f3n de la fragancia revela su complejidad. Con cada rociada, sentir\u00e1s c\u00f3mo esta fragancia se convierte en una extensi\u00f3n de ti mismo, realzando tu presencia con elegancia.<\/p>\n","protected":false},"featured_media":1749,"comment_status":"open","ping_status":"closed","template":"","meta":[],"product_brand":[107],"product_cat":[16,17,73,106,71],"product_tag":[],"class_list":{"0":"post-1750","1":"product","2":"type-product","3":"status-publish","4":"has-post-thumbnail","6":"product_brand-butterfly-effect","7":"product_cat-fragancias-para-el","8":"product_cat-fragancias-para-ella","9":"product_cat-perfumes-el","10":"product_cat-perfumes-ella","11":"product_cat-perfumes-ellas","13":"entry","14":"has-media","16":"first","17":"instock","18":"shipping-taxable","19":"purchasable","20":"product-type-simple","21":"has-product-nav","22":"col","23":"span_1_of_4","24":"owp-content-center","25":"owp-thumbs-layout-horizontal","26":"owp-btn-normal","27":"owp-tabs-layout-horizontal"},"yoast_head":"<!-- This site is optimized with the Yoast SEO plugin v26.0 - https:\/\/yoast.com\/wordpress\/plugins\/seo\/ -->\n<title>Perfume Arabe Hombre Feromonas Oud Afrodisiac Nacional Siraj -<\/title>\n<meta name=\"robots\" content=\"index, follow, max-snippet:-1, max-image-preview:large, max-video-preview:-1\" \/>\n<link rel=\"canonical\" href=\"https:\/\/butterflyeffect.com.ar\/index.php\/producto\/perfume-arabe-hombre-feromonas-oud-afrodisiac-nacional-siraj\/\" \/>\n<meta property=\"og:locale\" content=\"es_ES\" \/>\n<meta property=\"og:type\" content=\"article\" \/>\n<meta property=\"og:title\" content=\"Perfume Arabe Hombre Feromonas Oud Afrodisiac Nacional Siraj -\" \/>\n<meta property=\"og:description\" content=\"Descubre el perfume BUTTERFLY EFFECT SIRAJ Original Edp de 100ml, una fragancia que trasciende g\u00e9neros y se convierte en una experiencia sensorial \u00fanica. Con un perfil olfativo que combina notas de canela, vainilla y un toque picante, este perfume es ideal para quienes buscan una esencia dulce y envolvente. Su formato en spray permite una aplicaci\u00f3n precisa y c\u00f3moda, convirti\u00e9ndolo en un compa\u00f1ero perfecto para cualquier ocasi\u00f3n.  Lanzado en 2025, SIRAJ se elabora con ingredientes veganos y libres de crueldad, reflejando un compromiso con la \u00e9tica y el bienestar animal. Su aroma distintivo evoca calidez y sofisticaci\u00f3n, ideal para quienes desean dejar una huella memorable. Este perfume es perfecto tanto para el uso diario como para momentos especiales, adapt\u00e1ndose a la personalidad de cada individuo.  La familia olfativa de SIRAJ se caracteriza por su riqueza y profundidad, ofreciendo una experiencia que evoluciona a lo largo del d\u00eda. Desde la primera aplicaci\u00f3n, las notas iniciales despiertan los sentidos, mientras que el coraz\u00f3n de la fragancia revela su complejidad. Con cada rociada, sentir\u00e1s c\u00f3mo esta fragancia se convierte en una extensi\u00f3n de ti mismo, realzando tu presencia con elegancia.\" \/>\n<meta property=\"og:url\" content=\"https:\/\/butterflyeffect.com.ar\/index.php\/producto\/perfume-arabe-hombre-feromonas-oud-afrodisiac-nacional-siraj\/\" \/>\n<meta property=\"article:modified_time\" content=\"2026-04-26T19:28:34+00:00\" \/>\n<meta property=\"og:image\" content=\"https:\/\/butterflyeffect.com.ar\/wp-content\/uploads\/2025\/12\/D_672860-MLA95461425991_102025-F.jpg\" \/>\n\t<meta property=\"og:image:width\" content=\"798\" \/>\n\t<meta property=\"og:image:height\" content=\"884\" \/>\n\t<meta property=\"og:image:type\" content=\"image\/jpeg\" \/>\n<meta name=\"twitter:card\" content=\"summary_large_image\" \/>\n<meta name=\"twitter:label1\" content=\"Tiempo de lectura\" \/>\n\t<meta name=\"twitter:data1\" content=\"2 minutos\" \/>\n<script type=\"application\/ld+json\" class=\"yoast-schema-graph\">{\"@context\":\"https:\/\/schema.org\",\"@graph\":[{\"@type\":\"WebPage\",\"@id\":\"https:\/\/butterflyeffect.com.ar\/index.php\/producto\/perfume-arabe-hombre-feromonas-oud-afrodisiac-nacional-siraj\/\",\"url\":\"https:\/\/butterflyeffect.com.ar\/index.php\/producto\/perfume-arabe-hombre-feromonas-oud-afrodisiac-nacional-siraj\/\",\"name\":\"Perfume Arabe Hombre Feromonas Oud Afrodisiac Nacional Siraj -\",\"isPartOf\":{\"@id\":\"https:\/\/butterflyeffect.com.ar\/#website\"},\"primaryImageOfPage\":{\"@id\":\"https:\/\/butterflyeffect.com.ar\/index.php\/producto\/perfume-arabe-hombre-feromonas-oud-afrodisiac-nacional-siraj\/#primaryimage\"},\"image\":{\"@id\":\"https:\/\/butterflyeffect.com.ar\/index.php\/producto\/perfume-arabe-hombre-feromonas-oud-afrodisiac-nacional-siraj\/#primaryimage\"},\"thumbnailUrl\":\"https:\/\/butterflyeffect.com.ar\/wp-content\/uploads\/2025\/12\/D_672860-MLA95461425991_102025-F.jpg\",\"datePublished\":\"2025-12-17T15:03:39+00:00\",\"dateModified\":\"2026-04-26T19:28:34+00:00\",\"breadcrumb\":{\"@id\":\"https:\/\/butterflyeffect.com.ar\/index.php\/producto\/perfume-arabe-hombre-feromonas-oud-afrodisiac-nacional-siraj\/#breadcrumb\"},\"inLanguage\":\"es\",\"potentialAction\":[{\"@type\":\"ReadAction\",\"target\":[\"https:\/\/butterflyeffect.com.ar\/index.php\/producto\/perfume-arabe-hombre-feromonas-oud-afrodisiac-nacional-siraj\/\"]}]},{\"@type\":\"ImageObject\",\"inLanguage\":\"es\",\"@id\":\"https:\/\/butterflyeffect.com.ar\/index.php\/producto\/perfume-arabe-hombre-feromonas-oud-afrodisiac-nacional-siraj\/#primaryimage\",\"url\":\"https:\/\/butterflyeffect.com.ar\/wp-content\/uploads\/2025\/12\/D_672860-MLA95461425991_102025-F.jpg\",\"contentUrl\":\"https:\/\/butterflyeffect.com.ar\/wp-content\/uploads\/2025\/12\/D_672860-MLA95461425991_102025-F.jpg\",\"width\":798,\"height\":884},{\"@type\":\"BreadcrumbList\",\"@id\":\"https:\/\/butterflyeffect.com.ar\/index.php\/producto\/perfume-arabe-hombre-feromonas-oud-afrodisiac-nacional-siraj\/#breadcrumb\",\"itemListElement\":[{\"@type\":\"ListItem\",\"position\":1,\"name\":\"Portada\",\"item\":\"https:\/\/butterflyeffect.com.ar\/\"},{\"@type\":\"ListItem\",\"position\":2,\"name\":\"Tienda\",\"item\":\"https:\/\/butterflyeffect.com.ar\/index.php\/tienda\/\"},{\"@type\":\"ListItem\",\"position\":3,\"name\":\"Perfume Arabe Hombre Feromonas Oud Afrodisiac Nacional Siraj\"}]},{\"@type\":\"WebSite\",\"@id\":\"https:\/\/butterflyeffect.com.ar\/#website\",\"url\":\"https:\/\/butterflyeffect.com.ar\/\",\"name\":\"Butterfly Effect\",\"description\":\"Premium Sex Tech Toys &amp; Cosmetica Intima\",\"publisher\":{\"@id\":\"https:\/\/butterflyeffect.com.ar\/#organization\"},\"potentialAction\":[{\"@type\":\"SearchAction\",\"target\":{\"@type\":\"EntryPoint\",\"urlTemplate\":\"https:\/\/butterflyeffect.com.ar\/?s={search_term_string}\"},\"query-input\":{\"@type\":\"PropertyValueSpecification\",\"valueRequired\":true,\"valueName\":\"search_term_string\"}}],\"inLanguage\":\"es\"},{\"@type\":\"Organization\",\"@id\":\"https:\/\/butterflyeffect.com.ar\/#organization\",\"name\":\"The Butterfly Effect\",\"url\":\"https:\/\/butterflyeffect.com.ar\/\",\"logo\":{\"@type\":\"ImageObject\",\"inLanguage\":\"es\",\"@id\":\"https:\/\/butterflyeffect.com.ar\/#\/schema\/logo\/image\/\",\"url\":\"https:\/\/butterflyeffect.com.ar\/wp-content\/uploads\/2023\/06\/cropped-LOGO-FINAL-BE-01.jpg\",\"contentUrl\":\"https:\/\/butterflyeffect.com.ar\/wp-content\/uploads\/2023\/06\/cropped-LOGO-FINAL-BE-01.jpg\",\"width\":766,\"height\":877,\"caption\":\"The Butterfly Effect\"},\"image\":{\"@id\":\"https:\/\/butterflyeffect.com.ar\/#\/schema\/logo\/image\/\"},\"sameAs\":[\"https:\/\/www.instagram.com\/butterflyeffect_ar\/\"]}]}<\/script>\n<!-- \/ Yoast SEO plugin. -->","yoast_head_json":{"title":"Perfume Arabe Hombre Feromonas Oud Afrodisiac Nacional Siraj -","robots":{"index":"index","follow":"follow","max-snippet":"max-snippet:-1","max-image-preview":"max-image-preview:large","max-video-preview":"max-video-preview:-1"},"canonical":"https:\/\/butterflyeffect.com.ar\/index.php\/producto\/perfume-arabe-hombre-feromonas-oud-afrodisiac-nacional-siraj\/","og_locale":"es_ES","og_type":"article","og_title":"Perfume Arabe Hombre Feromonas Oud Afrodisiac Nacional Siraj -","og_description":"Descubre el perfume BUTTERFLY EFFECT SIRAJ Original Edp de 100ml, una fragancia que trasciende g\u00e9neros y se convierte en una experiencia sensorial \u00fanica. Con un perfil olfativo que combina notas de canela, vainilla y un toque picante, este perfume es ideal para quienes buscan una esencia dulce y envolvente. Su formato en spray permite una aplicaci\u00f3n precisa y c\u00f3moda, convirti\u00e9ndolo en un compa\u00f1ero perfecto para cualquier ocasi\u00f3n.  Lanzado en 2025, SIRAJ se elabora con ingredientes veganos y libres de crueldad, reflejando un compromiso con la \u00e9tica y el bienestar animal. Su aroma distintivo evoca calidez y sofisticaci\u00f3n, ideal para quienes desean dejar una huella memorable. Este perfume es perfecto tanto para el uso diario como para momentos especiales, adapt\u00e1ndose a la personalidad de cada individuo.  La familia olfativa de SIRAJ se caracteriza por su riqueza y profundidad, ofreciendo una experiencia que evoluciona a lo largo del d\u00eda. Desde la primera aplicaci\u00f3n, las notas iniciales despiertan los sentidos, mientras que el coraz\u00f3n de la fragancia revela su complejidad. Con cada rociada, sentir\u00e1s c\u00f3mo esta fragancia se convierte en una extensi\u00f3n de ti mismo, realzando tu presencia con elegancia.","og_url":"https:\/\/butterflyeffect.com.ar\/index.php\/producto\/perfume-arabe-hombre-feromonas-oud-afrodisiac-nacional-siraj\/","article_modified_time":"2026-04-26T19:28:34+00:00","og_image":[{"width":798,"height":884,"url":"https:\/\/butterflyeffect.com.ar\/wp-content\/uploads\/2025\/12\/D_672860-MLA95461425991_102025-F.jpg","type":"image\/jpeg"}],"twitter_card":"summary_large_image","twitter_misc":{"Tiempo de lectura":"2 minutos"},"schema":{"@context":"https:\/\/schema.org","@graph":[{"@type":"WebPage","@id":"https:\/\/butterflyeffect.com.ar\/index.php\/producto\/perfume-arabe-hombre-feromonas-oud-afrodisiac-nacional-siraj\/","url":"https:\/\/butterflyeffect.com.ar\/index.php\/producto\/perfume-arabe-hombre-feromonas-oud-afrodisiac-nacional-siraj\/","name":"Perfume Arabe Hombre Feromonas Oud Afrodisiac Nacional Siraj -","isPartOf":{"@id":"https:\/\/butterflyeffect.com.ar\/#website"},"primaryImageOfPage":{"@id":"https:\/\/butterflyeffect.com.ar\/index.php\/producto\/perfume-arabe-hombre-feromonas-oud-afrodisiac-nacional-siraj\/#primaryimage"},"image":{"@id":"https:\/\/butterflyeffect.com.ar\/index.php\/producto\/perfume-arabe-hombre-feromonas-oud-afrodisiac-nacional-siraj\/#primaryimage"},"thumbnailUrl":"https:\/\/butterflyeffect.com.ar\/wp-content\/uploads\/2025\/12\/D_672860-MLA95461425991_102025-F.jpg","datePublished":"2025-12-17T15:03:39+00:00","dateModified":"2026-04-26T19:28:34+00:00","breadcrumb":{"@id":"https:\/\/butterflyeffect.com.ar\/index.php\/producto\/perfume-arabe-hombre-feromonas-oud-afrodisiac-nacional-siraj\/#breadcrumb"},"inLanguage":"es","potentialAction":[{"@type":"ReadAction","target":["https:\/\/butterflyeffect.com.ar\/index.php\/producto\/perfume-arabe-hombre-feromonas-oud-afrodisiac-nacional-siraj\/"]}]},{"@type":"ImageObject","inLanguage":"es","@id":"https:\/\/butterflyeffect.com.ar\/index.php\/producto\/perfume-arabe-hombre-feromonas-oud-afrodisiac-nacional-siraj\/#primaryimage","url":"https:\/\/butterflyeffect.com.ar\/wp-content\/uploads\/2025\/12\/D_672860-MLA95461425991_102025-F.jpg","contentUrl":"https:\/\/butterflyeffect.com.ar\/wp-content\/uploads\/2025\/12\/D_672860-MLA95461425991_102025-F.jpg","width":798,"height":884},{"@type":"BreadcrumbList","@id":"https:\/\/butterflyeffect.com.ar\/index.php\/producto\/perfume-arabe-hombre-feromonas-oud-afrodisiac-nacional-siraj\/#breadcrumb","itemListElement":[{"@type":"ListItem","position":1,"name":"Portada","item":"https:\/\/butterflyeffect.com.ar\/"},{"@type":"ListItem","position":2,"name":"Tienda","item":"https:\/\/butterflyeffect.com.ar\/index.php\/tienda\/"},{"@type":"ListItem","position":3,"name":"Perfume Arabe Hombre Feromonas Oud Afrodisiac Nacional Siraj"}]},{"@type":"WebSite","@id":"https:\/\/butterflyeffect.com.ar\/#website","url":"https:\/\/butterflyeffect.com.ar\/","name":"Butterfly Effect","description":"Premium Sex Tech Toys &amp; Cosmetica Intima","publisher":{"@id":"https:\/\/butterflyeffect.com.ar\/#organization"},"potentialAction":[{"@type":"SearchAction","target":{"@type":"EntryPoint","urlTemplate":"https:\/\/butterflyeffect.com.ar\/?s={search_term_string}"},"query-input":{"@type":"PropertyValueSpecification","valueRequired":true,"valueName":"search_term_string"}}],"inLanguage":"es"},{"@type":"Organization","@id":"https:\/\/butterflyeffect.com.ar\/#organization","name":"The Butterfly Effect","url":"https:\/\/butterflyeffect.com.ar\/","logo":{"@type":"ImageObject","inLanguage":"es","@id":"https:\/\/butterflyeffect.com.ar\/#\/schema\/logo\/image\/","url":"https:\/\/butterflyeffect.com.ar\/wp-content\/uploads\/2023\/06\/cropped-LOGO-FINAL-BE-01.jpg","contentUrl":"https:\/\/butterflyeffect.com.ar\/wp-content\/uploads\/2023\/06\/cropped-LOGO-FINAL-BE-01.jpg","width":766,"height":877,"caption":"The Butterfly Effect"},"image":{"@id":"https:\/\/butterflyeffect.com.ar\/#\/schema\/logo\/image\/"},"sameAs":["https:\/\/www.instagram.com\/butterflyeffect_ar\/"]}]}},"_links":{"self":[{"href":"https:\/\/butterflyeffect.com.ar\/index.php\/wp-json\/wp\/v2\/product\/1750","targetHints":{"allow":["GET"]}}],"collection":[{"href":"https:\/\/butterflyeffect.com.ar\/index.php\/wp-json\/wp\/v2\/product"}],"about":[{"href":"https:\/\/butterflyeffect.com.ar\/index.php\/wp-json\/wp\/v2\/types\/product"}],"replies":[{"embeddable":true,"href":"https:\/\/butterflyeffect.com.ar\/index.php\/wp-json\/wp\/v2\/comments?post=1750"}],"wp:featuredmedia":[{"embeddable":true,"href":"https:\/\/butterflyeffect.com.ar\/index.php\/wp-json\/wp\/v2\/media\/1749"}],"wp:attachment":[{"href":"https:\/\/butterflyeffect.com.ar\/index.php\/wp-json\/wp\/v2\/media?parent=1750"}],"wp:term":[{"taxonomy":"product_brand","embeddable":true,"href":"https:\/\/butterflyeffect.com.ar\/index.php\/wp-json\/wp\/v2\/product_brand?post=1750"},{"taxonomy":"product_cat","embeddable":true,"href":"https:\/\/butterflyeffect.com.ar\/index.php\/wp-json\/wp\/v2\/product_cat?post=1750"},{"taxonomy":"product_tag","embeddable":true,"href":"https:\/\/butterflyeffect.com.ar\/index.php\/wp-json\/wp\/v2\/product_tag?post=1750"}],"curies":[{"name":"wp","href":"https:\/\/api.w.org\/{rel}","templated":true}]}}