{"id":1739,"date":"2025-12-17T15:03:18","date_gmt":"2025-12-17T15:03:18","guid":{"rendered":"https:\/\/butterflyeffect.com.ar\/index.php\/producto\/perfume-arabe-hombre-feromonas-oud-afrodisiaco-nacional-saif\/"},"modified":"2026-04-26T03:58:32","modified_gmt":"2026-04-26T03:58:32","slug":"perfume-arabe-hombre-feromonas-oud-afrodisiaco-nacional-saif","status":"publish","type":"product","link":"https:\/\/butterflyeffect.com.ar\/index.php\/producto\/perfume-arabe-hombre-feromonas-oud-afrodisiaco-nacional-saif\/","title":{"rendered":"Perfume Arabe Hombre Feromonas Oud Afrodisiaco Nacional Saif"},"content":{"rendered":"<p>Descubre el encanto y la intensidad del Perfume \u00c1rabe para Hombre Saif de la marca Butterfly Effect. Este Eau de parfum, lanzado en 2025, ha sido creado especialmente para el hombre moderno que busca un toque distintivo y cautivador en su aroma. Con una duraci\u00f3n aproximada de 6 horas, Saif se convierte en el aliado perfecto para cualquier ocasi\u00f3n, desde reuniones informales hasta encuentros memorables.<\/p>\n<p>Su familia olfativa dulce combina una exquisita mezcla de notas. Las frescas tonalidades de lim\u00f3n, bergamota y grosella negra contrastan con la suavidad de la manzana y el anan\u00e1, mientras que el ruibarbo y el jazm\u00edn aportan un car\u00e1cter elegante y seductor. Las notas de abedul a\u00f1aden profundidad, ofreciendo una experiencia olfativa \u00fanica que despierta la atracci\u00f3n y el deseo.<\/p>\n<p>Adem\u00e1s, este perfume se distingue por ser libre de alcohol, vegano y libre de crueldad, lo que refleja un compromiso con el bienestar y el respeto hacia los seres vivos. Ideal para hombres conscientes de su estilo y valores, Saif es una opci\u00f3n excepcional para quienes buscan no solo un aroma, sino tambi\u00e9n un mensaje de sostenibilidad y responsabilidad.<\/p>\n<p>El envase de 100 mL est\u00e1 dise\u00f1ado para ser pr\u00e1ctico y funcional, ofreciendo un aroma persistente que se adapta a la personalidad de cada usuario. Ll\u00e9vate la esencia de Saif y deja una huella inolvidable dondequiera que vayas.<br \/>\nPERFUME SAIF intensivo hombre de BUTTERFLY EFFECT contiene arom\u00e1tico: es mucho m\u00e1s sutil que un Eau de Parfum. Provoca con tu masculinidad. Su esencia se esconde en SAIF para hombre y puede ser la tuya tambi\u00e9n. Los acordes cl\u00e1sicos de esta fragancia se complementan con atractivas notas frutales y florales que aseguran que quien la use llame la atenci\u00f3n en cualquier situaci\u00f3n.<\/p>\n<p>Aroma: Amaderado Especiado.<br \/>\nNotas de salida: lim\u00f3n, pi\u00f1a, bergamota, grosella negra.<br \/>\nNotas de coraz\u00f3n abedul, jazm\u00edn, rosa.<br \/>\nNotas de fondo: almizcle, \u00e1mbar, pachul\u00ed, vainilla.<\/p>\n","protected":false},"excerpt":{"rendered":"<p>Descubre el encanto y la intensidad del Perfume \u00c1rabe para Hombre Saif de la marca Butterfly Effect. Este Eau de parfum, lanzado en 2025, ha sido creado especialmente para el hombre moderno que busca un toque distintivo y cautivador en su aroma. Con una duraci\u00f3n aproximada de 6 horas, Saif se convierte en el aliado perfecto para cualquier ocasi\u00f3n, desde reuniones informales hasta encuentros memorables.<\/p>\n<p>Su familia olfativa dulce combina una exquisita mezcla de notas. Las frescas tonalidades de lim\u00f3n, bergamota y grosella negra contrastan con la suavidad de la manzana y el anan\u00e1, mientras que el ruibarbo y el jazm\u00edn aportan un car\u00e1cter elegante y seductor. Las notas de abedul a\u00f1aden profundidad, ofreciendo una experiencia olfativa \u00fanica que despierta la atracci\u00f3n y el deseo.<\/p>\n<p>Adem\u00e1s, este perfume se distingue por ser libre de alcohol, vegano y libre de crueldad, lo que refleja un compromiso con el bienestar y el respeto hacia los seres vivos. Ideal para hombres conscientes de su estilo y valores, Saif es una opci\u00f3n excepcional para quienes buscan no solo un aroma, sino tambi\u00e9n un mensaje de sostenibilidad y responsabilidad.<\/p>\n<p>El envase de 100 mL est\u00e1 dise\u00f1ado para ser pr\u00e1ctico y funcional, ofreciendo un aroma persistente que se adapta a la personalidad de cada usuario. Ll\u00e9vate la esencia de Saif y deja una huella inolvidable dondequiera que vayas.<br \/>\nPERFUME SAIF intensivo hombre de BUTTERFLY EFFECT contiene arom\u00e1tico: es mucho m\u00e1s sutil que un Eau de Parfum. Provoca con tu masculinidad. Su esencia se esconde en SAIF para hombre y puede ser la tuya tambi\u00e9n. Los acordes cl\u00e1sicos de esta fragancia se complementan con atractivas notas frutales y florales que aseguran que quien la use llame la atenci\u00f3n en cualquier situaci\u00f3n.<\/p>\n<p>Aroma: Amaderado Especiado.<br \/>\nNotas de salida: lim\u00f3n, pi\u00f1a, bergamota, grosella negra.<br \/>\nNotas de coraz\u00f3n abedul, jazm\u00edn, rosa.<br \/>\nNotas de fondo: almizcle, \u00e1mbar, pachul\u00ed, vainilla.<\/p>\n","protected":false},"featured_media":1738,"comment_status":"open","ping_status":"closed","template":"","meta":[],"product_brand":[107],"product_cat":[16,17,73,71],"product_tag":[],"class_list":{"0":"post-1739","1":"product","2":"type-product","3":"status-publish","4":"has-post-thumbnail","6":"product_brand-butterfly-effect","7":"product_cat-fragancias-para-el","8":"product_cat-fragancias-para-ella","9":"product_cat-perfumes-el","10":"product_cat-perfumes-ellas","12":"entry","13":"has-media","15":"first","16":"instock","17":"shipping-taxable","18":"purchasable","19":"product-type-simple","20":"has-product-nav","21":"col","22":"span_1_of_4","23":"owp-content-center","24":"owp-thumbs-layout-horizontal","25":"owp-btn-normal","26":"owp-tabs-layout-horizontal"},"yoast_head":"<!-- This site is optimized with the Yoast SEO plugin v26.0 - https:\/\/yoast.com\/wordpress\/plugins\/seo\/ -->\n<title>Perfume Arabe Hombre Feromonas Oud Afrodisiaco Nacional Saif -<\/title>\n<meta name=\"robots\" content=\"index, follow, max-snippet:-1, max-image-preview:large, max-video-preview:-1\" \/>\n<link rel=\"canonical\" href=\"https:\/\/butterflyeffect.com.ar\/index.php\/producto\/perfume-arabe-hombre-feromonas-oud-afrodisiaco-nacional-saif\/\" \/>\n<meta property=\"og:locale\" content=\"es_ES\" \/>\n<meta property=\"og:type\" content=\"article\" \/>\n<meta property=\"og:title\" content=\"Perfume Arabe Hombre Feromonas Oud Afrodisiaco Nacional Saif -\" \/>\n<meta property=\"og:description\" content=\"Descubre el encanto y la intensidad del Perfume \u00c1rabe para Hombre Saif de la marca Butterfly Effect. Este Eau de parfum, lanzado en 2025, ha sido creado especialmente para el hombre moderno que busca un toque distintivo y cautivador en su aroma. Con una duraci\u00f3n aproximada de 6 horas, Saif se convierte en el aliado perfecto para cualquier ocasi\u00f3n, desde reuniones informales hasta encuentros memorables.  Su familia olfativa dulce combina una exquisita mezcla de notas. Las frescas tonalidades de lim\u00f3n, bergamota y grosella negra contrastan con la suavidad de la manzana y el anan\u00e1, mientras que el ruibarbo y el jazm\u00edn aportan un car\u00e1cter elegante y seductor. Las notas de abedul a\u00f1aden profundidad, ofreciendo una experiencia olfativa \u00fanica que despierta la atracci\u00f3n y el deseo.  Adem\u00e1s, este perfume se distingue por ser libre de alcohol, vegano y libre de crueldad, lo que refleja un compromiso con el bienestar y el respeto hacia los seres vivos. Ideal para hombres conscientes de su estilo y valores, Saif es una opci\u00f3n excepcional para quienes buscan no solo un aroma, sino tambi\u00e9n un mensaje de sostenibilidad y responsabilidad.  El envase de 100 mL est\u00e1 dise\u00f1ado para ser pr\u00e1ctico y funcional, ofreciendo un aroma persistente que se adapta a la personalidad de cada usuario. Ll\u00e9vate la esencia de Saif y deja una huella inolvidable dondequiera que vayas. PERFUME SAIF intensivo hombre de BUTTERFLY EFFECT contiene arom\u00e1tico: es mucho m\u00e1s sutil que un Eau de Parfum. Provoca con tu masculinidad. Su esencia se esconde en SAIF para hombre y puede ser la tuya tambi\u00e9n. Los acordes cl\u00e1sicos de esta fragancia se complementan con atractivas notas frutales y florales que aseguran que quien la use llame la atenci\u00f3n en cualquier situaci\u00f3n.  Aroma: Amaderado Especiado. Notas de salida: lim\u00f3n, pi\u00f1a, bergamota, grosella negra. Notas de coraz\u00f3n abedul, jazm\u00edn, rosa. Notas de fondo: almizcle, \u00e1mbar, pachul\u00ed, vainilla.\" \/>\n<meta property=\"og:url\" content=\"https:\/\/butterflyeffect.com.ar\/index.php\/producto\/perfume-arabe-hombre-feromonas-oud-afrodisiaco-nacional-saif\/\" \/>\n<meta property=\"article:modified_time\" content=\"2026-04-26T03:58:32+00:00\" \/>\n<meta property=\"og:image\" content=\"https:\/\/butterflyeffect.com.ar\/wp-content\/uploads\/2025\/12\/D_991704-MLA95387901712_102025-F.jpg\" \/>\n\t<meta property=\"og:image:width\" content=\"1200\" \/>\n\t<meta property=\"og:image:height\" content=\"1200\" \/>\n\t<meta property=\"og:image:type\" content=\"image\/jpeg\" \/>\n<meta name=\"twitter:card\" content=\"summary_large_image\" \/>\n<meta name=\"twitter:label1\" content=\"Tiempo de lectura\" \/>\n\t<meta name=\"twitter:data1\" content=\"2 minutos\" \/>\n<script type=\"application\/ld+json\" class=\"yoast-schema-graph\">{\"@context\":\"https:\/\/schema.org\",\"@graph\":[{\"@type\":\"WebPage\",\"@id\":\"https:\/\/butterflyeffect.com.ar\/index.php\/producto\/perfume-arabe-hombre-feromonas-oud-afrodisiaco-nacional-saif\/\",\"url\":\"https:\/\/butterflyeffect.com.ar\/index.php\/producto\/perfume-arabe-hombre-feromonas-oud-afrodisiaco-nacional-saif\/\",\"name\":\"Perfume Arabe Hombre Feromonas Oud Afrodisiaco Nacional Saif -\",\"isPartOf\":{\"@id\":\"https:\/\/butterflyeffect.com.ar\/#website\"},\"primaryImageOfPage\":{\"@id\":\"https:\/\/butterflyeffect.com.ar\/index.php\/producto\/perfume-arabe-hombre-feromonas-oud-afrodisiaco-nacional-saif\/#primaryimage\"},\"image\":{\"@id\":\"https:\/\/butterflyeffect.com.ar\/index.php\/producto\/perfume-arabe-hombre-feromonas-oud-afrodisiaco-nacional-saif\/#primaryimage\"},\"thumbnailUrl\":\"https:\/\/butterflyeffect.com.ar\/wp-content\/uploads\/2025\/12\/D_991704-MLA95387901712_102025-F.jpg\",\"datePublished\":\"2025-12-17T15:03:18+00:00\",\"dateModified\":\"2026-04-26T03:58:32+00:00\",\"breadcrumb\":{\"@id\":\"https:\/\/butterflyeffect.com.ar\/index.php\/producto\/perfume-arabe-hombre-feromonas-oud-afrodisiaco-nacional-saif\/#breadcrumb\"},\"inLanguage\":\"es\",\"potentialAction\":[{\"@type\":\"ReadAction\",\"target\":[\"https:\/\/butterflyeffect.com.ar\/index.php\/producto\/perfume-arabe-hombre-feromonas-oud-afrodisiaco-nacional-saif\/\"]}]},{\"@type\":\"ImageObject\",\"inLanguage\":\"es\",\"@id\":\"https:\/\/butterflyeffect.com.ar\/index.php\/producto\/perfume-arabe-hombre-feromonas-oud-afrodisiaco-nacional-saif\/#primaryimage\",\"url\":\"https:\/\/butterflyeffect.com.ar\/wp-content\/uploads\/2025\/12\/D_991704-MLA95387901712_102025-F.jpg\",\"contentUrl\":\"https:\/\/butterflyeffect.com.ar\/wp-content\/uploads\/2025\/12\/D_991704-MLA95387901712_102025-F.jpg\",\"width\":1200,\"height\":1200},{\"@type\":\"BreadcrumbList\",\"@id\":\"https:\/\/butterflyeffect.com.ar\/index.php\/producto\/perfume-arabe-hombre-feromonas-oud-afrodisiaco-nacional-saif\/#breadcrumb\",\"itemListElement\":[{\"@type\":\"ListItem\",\"position\":1,\"name\":\"Portada\",\"item\":\"https:\/\/butterflyeffect.com.ar\/\"},{\"@type\":\"ListItem\",\"position\":2,\"name\":\"Tienda\",\"item\":\"https:\/\/butterflyeffect.com.ar\/index.php\/tienda\/\"},{\"@type\":\"ListItem\",\"position\":3,\"name\":\"Perfume Arabe Hombre Feromonas Oud Afrodisiaco Nacional Saif\"}]},{\"@type\":\"WebSite\",\"@id\":\"https:\/\/butterflyeffect.com.ar\/#website\",\"url\":\"https:\/\/butterflyeffect.com.ar\/\",\"name\":\"Butterfly Effect\",\"description\":\"Premium Sex Tech Toys &amp; Cosmetica Intima\",\"publisher\":{\"@id\":\"https:\/\/butterflyeffect.com.ar\/#organization\"},\"potentialAction\":[{\"@type\":\"SearchAction\",\"target\":{\"@type\":\"EntryPoint\",\"urlTemplate\":\"https:\/\/butterflyeffect.com.ar\/?s={search_term_string}\"},\"query-input\":{\"@type\":\"PropertyValueSpecification\",\"valueRequired\":true,\"valueName\":\"search_term_string\"}}],\"inLanguage\":\"es\"},{\"@type\":\"Organization\",\"@id\":\"https:\/\/butterflyeffect.com.ar\/#organization\",\"name\":\"The Butterfly Effect\",\"url\":\"https:\/\/butterflyeffect.com.ar\/\",\"logo\":{\"@type\":\"ImageObject\",\"inLanguage\":\"es\",\"@id\":\"https:\/\/butterflyeffect.com.ar\/#\/schema\/logo\/image\/\",\"url\":\"https:\/\/butterflyeffect.com.ar\/wp-content\/uploads\/2023\/06\/cropped-LOGO-FINAL-BE-01.jpg\",\"contentUrl\":\"https:\/\/butterflyeffect.com.ar\/wp-content\/uploads\/2023\/06\/cropped-LOGO-FINAL-BE-01.jpg\",\"width\":766,\"height\":877,\"caption\":\"The Butterfly Effect\"},\"image\":{\"@id\":\"https:\/\/butterflyeffect.com.ar\/#\/schema\/logo\/image\/\"},\"sameAs\":[\"https:\/\/www.instagram.com\/butterflyeffect_ar\/\"]}]}<\/script>\n<!-- \/ Yoast SEO plugin. -->","yoast_head_json":{"title":"Perfume Arabe Hombre Feromonas Oud Afrodisiaco Nacional Saif -","robots":{"index":"index","follow":"follow","max-snippet":"max-snippet:-1","max-image-preview":"max-image-preview:large","max-video-preview":"max-video-preview:-1"},"canonical":"https:\/\/butterflyeffect.com.ar\/index.php\/producto\/perfume-arabe-hombre-feromonas-oud-afrodisiaco-nacional-saif\/","og_locale":"es_ES","og_type":"article","og_title":"Perfume Arabe Hombre Feromonas Oud Afrodisiaco Nacional Saif -","og_description":"Descubre el encanto y la intensidad del Perfume \u00c1rabe para Hombre Saif de la marca Butterfly Effect. Este Eau de parfum, lanzado en 2025, ha sido creado especialmente para el hombre moderno que busca un toque distintivo y cautivador en su aroma. Con una duraci\u00f3n aproximada de 6 horas, Saif se convierte en el aliado perfecto para cualquier ocasi\u00f3n, desde reuniones informales hasta encuentros memorables.  Su familia olfativa dulce combina una exquisita mezcla de notas. Las frescas tonalidades de lim\u00f3n, bergamota y grosella negra contrastan con la suavidad de la manzana y el anan\u00e1, mientras que el ruibarbo y el jazm\u00edn aportan un car\u00e1cter elegante y seductor. Las notas de abedul a\u00f1aden profundidad, ofreciendo una experiencia olfativa \u00fanica que despierta la atracci\u00f3n y el deseo.  Adem\u00e1s, este perfume se distingue por ser libre de alcohol, vegano y libre de crueldad, lo que refleja un compromiso con el bienestar y el respeto hacia los seres vivos. Ideal para hombres conscientes de su estilo y valores, Saif es una opci\u00f3n excepcional para quienes buscan no solo un aroma, sino tambi\u00e9n un mensaje de sostenibilidad y responsabilidad.  El envase de 100 mL est\u00e1 dise\u00f1ado para ser pr\u00e1ctico y funcional, ofreciendo un aroma persistente que se adapta a la personalidad de cada usuario. Ll\u00e9vate la esencia de Saif y deja una huella inolvidable dondequiera que vayas. PERFUME SAIF intensivo hombre de BUTTERFLY EFFECT contiene arom\u00e1tico: es mucho m\u00e1s sutil que un Eau de Parfum. Provoca con tu masculinidad. Su esencia se esconde en SAIF para hombre y puede ser la tuya tambi\u00e9n. Los acordes cl\u00e1sicos de esta fragancia se complementan con atractivas notas frutales y florales que aseguran que quien la use llame la atenci\u00f3n en cualquier situaci\u00f3n.  Aroma: Amaderado Especiado. Notas de salida: lim\u00f3n, pi\u00f1a, bergamota, grosella negra. Notas de coraz\u00f3n abedul, jazm\u00edn, rosa. Notas de fondo: almizcle, \u00e1mbar, pachul\u00ed, vainilla.","og_url":"https:\/\/butterflyeffect.com.ar\/index.php\/producto\/perfume-arabe-hombre-feromonas-oud-afrodisiaco-nacional-saif\/","article_modified_time":"2026-04-26T03:58:32+00:00","og_image":[{"width":1200,"height":1200,"url":"https:\/\/butterflyeffect.com.ar\/wp-content\/uploads\/2025\/12\/D_991704-MLA95387901712_102025-F.jpg","type":"image\/jpeg"}],"twitter_card":"summary_large_image","twitter_misc":{"Tiempo de lectura":"2 minutos"},"schema":{"@context":"https:\/\/schema.org","@graph":[{"@type":"WebPage","@id":"https:\/\/butterflyeffect.com.ar\/index.php\/producto\/perfume-arabe-hombre-feromonas-oud-afrodisiaco-nacional-saif\/","url":"https:\/\/butterflyeffect.com.ar\/index.php\/producto\/perfume-arabe-hombre-feromonas-oud-afrodisiaco-nacional-saif\/","name":"Perfume Arabe Hombre Feromonas Oud Afrodisiaco Nacional Saif -","isPartOf":{"@id":"https:\/\/butterflyeffect.com.ar\/#website"},"primaryImageOfPage":{"@id":"https:\/\/butterflyeffect.com.ar\/index.php\/producto\/perfume-arabe-hombre-feromonas-oud-afrodisiaco-nacional-saif\/#primaryimage"},"image":{"@id":"https:\/\/butterflyeffect.com.ar\/index.php\/producto\/perfume-arabe-hombre-feromonas-oud-afrodisiaco-nacional-saif\/#primaryimage"},"thumbnailUrl":"https:\/\/butterflyeffect.com.ar\/wp-content\/uploads\/2025\/12\/D_991704-MLA95387901712_102025-F.jpg","datePublished":"2025-12-17T15:03:18+00:00","dateModified":"2026-04-26T03:58:32+00:00","breadcrumb":{"@id":"https:\/\/butterflyeffect.com.ar\/index.php\/producto\/perfume-arabe-hombre-feromonas-oud-afrodisiaco-nacional-saif\/#breadcrumb"},"inLanguage":"es","potentialAction":[{"@type":"ReadAction","target":["https:\/\/butterflyeffect.com.ar\/index.php\/producto\/perfume-arabe-hombre-feromonas-oud-afrodisiaco-nacional-saif\/"]}]},{"@type":"ImageObject","inLanguage":"es","@id":"https:\/\/butterflyeffect.com.ar\/index.php\/producto\/perfume-arabe-hombre-feromonas-oud-afrodisiaco-nacional-saif\/#primaryimage","url":"https:\/\/butterflyeffect.com.ar\/wp-content\/uploads\/2025\/12\/D_991704-MLA95387901712_102025-F.jpg","contentUrl":"https:\/\/butterflyeffect.com.ar\/wp-content\/uploads\/2025\/12\/D_991704-MLA95387901712_102025-F.jpg","width":1200,"height":1200},{"@type":"BreadcrumbList","@id":"https:\/\/butterflyeffect.com.ar\/index.php\/producto\/perfume-arabe-hombre-feromonas-oud-afrodisiaco-nacional-saif\/#breadcrumb","itemListElement":[{"@type":"ListItem","position":1,"name":"Portada","item":"https:\/\/butterflyeffect.com.ar\/"},{"@type":"ListItem","position":2,"name":"Tienda","item":"https:\/\/butterflyeffect.com.ar\/index.php\/tienda\/"},{"@type":"ListItem","position":3,"name":"Perfume Arabe Hombre Feromonas Oud Afrodisiaco Nacional Saif"}]},{"@type":"WebSite","@id":"https:\/\/butterflyeffect.com.ar\/#website","url":"https:\/\/butterflyeffect.com.ar\/","name":"Butterfly Effect","description":"Premium Sex Tech Toys &amp; Cosmetica Intima","publisher":{"@id":"https:\/\/butterflyeffect.com.ar\/#organization"},"potentialAction":[{"@type":"SearchAction","target":{"@type":"EntryPoint","urlTemplate":"https:\/\/butterflyeffect.com.ar\/?s={search_term_string}"},"query-input":{"@type":"PropertyValueSpecification","valueRequired":true,"valueName":"search_term_string"}}],"inLanguage":"es"},{"@type":"Organization","@id":"https:\/\/butterflyeffect.com.ar\/#organization","name":"The Butterfly Effect","url":"https:\/\/butterflyeffect.com.ar\/","logo":{"@type":"ImageObject","inLanguage":"es","@id":"https:\/\/butterflyeffect.com.ar\/#\/schema\/logo\/image\/","url":"https:\/\/butterflyeffect.com.ar\/wp-content\/uploads\/2023\/06\/cropped-LOGO-FINAL-BE-01.jpg","contentUrl":"https:\/\/butterflyeffect.com.ar\/wp-content\/uploads\/2023\/06\/cropped-LOGO-FINAL-BE-01.jpg","width":766,"height":877,"caption":"The Butterfly Effect"},"image":{"@id":"https:\/\/butterflyeffect.com.ar\/#\/schema\/logo\/image\/"},"sameAs":["https:\/\/www.instagram.com\/butterflyeffect_ar\/"]}]}},"_links":{"self":[{"href":"https:\/\/butterflyeffect.com.ar\/index.php\/wp-json\/wp\/v2\/product\/1739","targetHints":{"allow":["GET"]}}],"collection":[{"href":"https:\/\/butterflyeffect.com.ar\/index.php\/wp-json\/wp\/v2\/product"}],"about":[{"href":"https:\/\/butterflyeffect.com.ar\/index.php\/wp-json\/wp\/v2\/types\/product"}],"replies":[{"embeddable":true,"href":"https:\/\/butterflyeffect.com.ar\/index.php\/wp-json\/wp\/v2\/comments?post=1739"}],"wp:featuredmedia":[{"embeddable":true,"href":"https:\/\/butterflyeffect.com.ar\/index.php\/wp-json\/wp\/v2\/media\/1738"}],"wp:attachment":[{"href":"https:\/\/butterflyeffect.com.ar\/index.php\/wp-json\/wp\/v2\/media?parent=1739"}],"wp:term":[{"taxonomy":"product_brand","embeddable":true,"href":"https:\/\/butterflyeffect.com.ar\/index.php\/wp-json\/wp\/v2\/product_brand?post=1739"},{"taxonomy":"product_cat","embeddable":true,"href":"https:\/\/butterflyeffect.com.ar\/index.php\/wp-json\/wp\/v2\/product_cat?post=1739"},{"taxonomy":"product_tag","embeddable":true,"href":"https:\/\/butterflyeffect.com.ar\/index.php\/wp-json\/wp\/v2\/product_tag?post=1739"}],"curies":[{"name":"wp","href":"https:\/\/api.w.org\/{rel}","templated":true}]}}