{"id":1728,"date":"2025-12-17T15:03:00","date_gmt":"2025-12-17T15:03:00","guid":{"rendered":"https:\/\/butterflyeffect.com.ar\/index.php\/producto\/perfume-arabe-hombre-feromonas-oud-afrodisiac-nacional-azraq\/"},"modified":"2026-04-26T03:58:36","modified_gmt":"2026-04-26T03:58:36","slug":"perfume-arabe-hombre-feromonas-oud-afrodisiac-nacional-azraq","status":"publish","type":"product","link":"https:\/\/butterflyeffect.com.ar\/index.php\/producto\/perfume-arabe-hombre-feromonas-oud-afrodisiac-nacional-azraq\/","title":{"rendered":"Perfume Arabe Hombre Feromonas Oud Afrodisiac Nacional Azraq"},"content":{"rendered":"<p>El Perfume butterfly effect azraq Edp 100ml es una fragancia envolvente y sofisticada, especialmente desarrollada para hombres que aprecian los aromas \u00fanicos y distintivos. Con un dise\u00f1o elegante y pr\u00e1ctico en formato spray, este perfume destaca por su intrigante composici\u00f3n. La marca butterfly effect es reconocida por la calidad de sus productos, y azraq no es una excepci\u00f3n.<\/p>\n<p>Con notas de salida que mezclan la intensidad de la Pimienta Negra, la frescura de la Pi\u00f1a y la riqueza del Tabaco, el perfume garantiza una experiencia olfativa inolvidable. Su coraz\u00f3n presenta la profundidad del Caf\u00e9, la suavidad del Iris y la intensidad del Pachul\u00ed, mientras que las notas de base ofrecen un final reconfortante con Vainilla, \u00c1mbar, Benju\u00ed, Madera Seca y L\u00e1dano.<\/p>\n<p>Este parfum, aunque no es vegano, es completamente libre de crueldad (cruelty-free) y es una excelente opci\u00f3n para quienes buscan un toque distintivo y ex\u00f3tico en su rutina.<br \/>\nnotas olfativas<br \/>\nBenju\u00ed, L\u00e1dano, Madera seca, Vainilla, \u00c1mbar<\/p>\n","protected":false},"excerpt":{"rendered":"<p>El Perfume butterfly effect azraq Edp 100ml es una fragancia envolvente y sofisticada, especialmente desarrollada para hombres que aprecian los aromas \u00fanicos y distintivos. Con un dise\u00f1o elegante y pr\u00e1ctico en formato spray, este perfume destaca por su intrigante composici\u00f3n. La marca butterfly effect es reconocida por la calidad de sus productos, y azraq no es una excepci\u00f3n.<\/p>\n<p>Con notas de salida que mezclan la intensidad de la Pimienta Negra, la frescura de la Pi\u00f1a y la riqueza del Tabaco, el perfume garantiza una experiencia olfativa inolvidable. Su coraz\u00f3n presenta la profundidad del Caf\u00e9, la suavidad del Iris y la intensidad del Pachul\u00ed, mientras que las notas de base ofrecen un final reconfortante con Vainilla, \u00c1mbar, Benju\u00ed, Madera Seca y L\u00e1dano.<\/p>\n<p>Este parfum, aunque no es vegano, es completamente libre de crueldad (cruelty-free) y es una excelente opci\u00f3n para quienes buscan un toque distintivo y ex\u00f3tico en su rutina.<br \/>\nnotas olfativas<br \/>\nBenju\u00ed, L\u00e1dano, Madera seca, Vainilla, \u00c1mbar<\/p>\n","protected":false},"featured_media":1727,"comment_status":"open","ping_status":"closed","template":"","meta":[],"product_brand":[107],"product_cat":[16,17,73,106,71],"product_tag":[],"class_list":{"0":"post-1728","1":"product","2":"type-product","3":"status-publish","4":"has-post-thumbnail","6":"product_brand-butterfly-effect","7":"product_cat-fragancias-para-el","8":"product_cat-fragancias-para-ella","9":"product_cat-perfumes-el","10":"product_cat-perfumes-ella","11":"product_cat-perfumes-ellas","13":"entry","14":"has-media","16":"first","17":"outofstock","18":"shipping-taxable","19":"purchasable","20":"product-type-simple","21":"has-product-nav","22":"col","23":"span_1_of_4","24":"owp-content-center","25":"owp-thumbs-layout-horizontal","26":"owp-btn-normal","27":"owp-tabs-layout-horizontal"},"yoast_head":"<!-- This site is optimized with the Yoast SEO plugin v26.0 - https:\/\/yoast.com\/wordpress\/plugins\/seo\/ -->\n<title>Perfume Arabe Hombre Feromonas Oud Afrodisiac Nacional Azraq -<\/title>\n<meta name=\"robots\" content=\"index, follow, max-snippet:-1, max-image-preview:large, max-video-preview:-1\" \/>\n<link rel=\"canonical\" href=\"https:\/\/butterflyeffect.com.ar\/index.php\/producto\/perfume-arabe-hombre-feromonas-oud-afrodisiac-nacional-azraq\/\" \/>\n<meta property=\"og:locale\" content=\"es_ES\" \/>\n<meta property=\"og:type\" content=\"article\" \/>\n<meta property=\"og:title\" content=\"Perfume Arabe Hombre Feromonas Oud Afrodisiac Nacional Azraq -\" \/>\n<meta property=\"og:description\" content=\"El Perfume butterfly effect azraq Edp 100ml es una fragancia envolvente y sofisticada, especialmente desarrollada para hombres que aprecian los aromas \u00fanicos y distintivos. Con un dise\u00f1o elegante y pr\u00e1ctico en formato spray, este perfume destaca por su intrigante composici\u00f3n. La marca butterfly effect es reconocida por la calidad de sus productos, y azraq no es una excepci\u00f3n.  Con notas de salida que mezclan la intensidad de la Pimienta Negra, la frescura de la Pi\u00f1a y la riqueza del Tabaco, el perfume garantiza una experiencia olfativa inolvidable. Su coraz\u00f3n presenta la profundidad del Caf\u00e9, la suavidad del Iris y la intensidad del Pachul\u00ed, mientras que las notas de base ofrecen un final reconfortante con Vainilla, \u00c1mbar, Benju\u00ed, Madera Seca y L\u00e1dano.  Este parfum, aunque no es vegano, es completamente libre de crueldad (cruelty-free) y es una excelente opci\u00f3n para quienes buscan un toque distintivo y ex\u00f3tico en su rutina. notas olfativas Benju\u00ed, L\u00e1dano, Madera seca, Vainilla, \u00c1mbar\" \/>\n<meta property=\"og:url\" content=\"https:\/\/butterflyeffect.com.ar\/index.php\/producto\/perfume-arabe-hombre-feromonas-oud-afrodisiac-nacional-azraq\/\" \/>\n<meta property=\"article:modified_time\" content=\"2026-04-26T03:58:36+00:00\" \/>\n<meta property=\"og:image\" content=\"https:\/\/butterflyeffect.com.ar\/wp-content\/uploads\/2025\/12\/D_786998-MLA95366325879_102025-F.jpg\" \/>\n\t<meta property=\"og:image:width\" content=\"1024\" \/>\n\t<meta property=\"og:image:height\" content=\"1024\" \/>\n\t<meta property=\"og:image:type\" content=\"image\/jpeg\" \/>\n<meta name=\"twitter:card\" content=\"summary_large_image\" \/>\n<meta name=\"twitter:label1\" content=\"Tiempo de lectura\" \/>\n\t<meta name=\"twitter:data1\" content=\"1 minuto\" \/>\n<script type=\"application\/ld+json\" class=\"yoast-schema-graph\">{\"@context\":\"https:\/\/schema.org\",\"@graph\":[{\"@type\":\"WebPage\",\"@id\":\"https:\/\/butterflyeffect.com.ar\/index.php\/producto\/perfume-arabe-hombre-feromonas-oud-afrodisiac-nacional-azraq\/\",\"url\":\"https:\/\/butterflyeffect.com.ar\/index.php\/producto\/perfume-arabe-hombre-feromonas-oud-afrodisiac-nacional-azraq\/\",\"name\":\"Perfume Arabe Hombre Feromonas Oud Afrodisiac Nacional Azraq -\",\"isPartOf\":{\"@id\":\"https:\/\/butterflyeffect.com.ar\/#website\"},\"primaryImageOfPage\":{\"@id\":\"https:\/\/butterflyeffect.com.ar\/index.php\/producto\/perfume-arabe-hombre-feromonas-oud-afrodisiac-nacional-azraq\/#primaryimage\"},\"image\":{\"@id\":\"https:\/\/butterflyeffect.com.ar\/index.php\/producto\/perfume-arabe-hombre-feromonas-oud-afrodisiac-nacional-azraq\/#primaryimage\"},\"thumbnailUrl\":\"https:\/\/butterflyeffect.com.ar\/wp-content\/uploads\/2025\/12\/D_786998-MLA95366325879_102025-F.jpg\",\"datePublished\":\"2025-12-17T15:03:00+00:00\",\"dateModified\":\"2026-04-26T03:58:36+00:00\",\"breadcrumb\":{\"@id\":\"https:\/\/butterflyeffect.com.ar\/index.php\/producto\/perfume-arabe-hombre-feromonas-oud-afrodisiac-nacional-azraq\/#breadcrumb\"},\"inLanguage\":\"es\",\"potentialAction\":[{\"@type\":\"ReadAction\",\"target\":[\"https:\/\/butterflyeffect.com.ar\/index.php\/producto\/perfume-arabe-hombre-feromonas-oud-afrodisiac-nacional-azraq\/\"]}]},{\"@type\":\"ImageObject\",\"inLanguage\":\"es\",\"@id\":\"https:\/\/butterflyeffect.com.ar\/index.php\/producto\/perfume-arabe-hombre-feromonas-oud-afrodisiac-nacional-azraq\/#primaryimage\",\"url\":\"https:\/\/butterflyeffect.com.ar\/wp-content\/uploads\/2025\/12\/D_786998-MLA95366325879_102025-F.jpg\",\"contentUrl\":\"https:\/\/butterflyeffect.com.ar\/wp-content\/uploads\/2025\/12\/D_786998-MLA95366325879_102025-F.jpg\",\"width\":1024,\"height\":1024},{\"@type\":\"BreadcrumbList\",\"@id\":\"https:\/\/butterflyeffect.com.ar\/index.php\/producto\/perfume-arabe-hombre-feromonas-oud-afrodisiac-nacional-azraq\/#breadcrumb\",\"itemListElement\":[{\"@type\":\"ListItem\",\"position\":1,\"name\":\"Portada\",\"item\":\"https:\/\/butterflyeffect.com.ar\/\"},{\"@type\":\"ListItem\",\"position\":2,\"name\":\"Tienda\",\"item\":\"https:\/\/butterflyeffect.com.ar\/index.php\/tienda\/\"},{\"@type\":\"ListItem\",\"position\":3,\"name\":\"Perfume Arabe Hombre Feromonas Oud Afrodisiac Nacional Azraq\"}]},{\"@type\":\"WebSite\",\"@id\":\"https:\/\/butterflyeffect.com.ar\/#website\",\"url\":\"https:\/\/butterflyeffect.com.ar\/\",\"name\":\"Butterfly Effect\",\"description\":\"Premium Sex Tech Toys &amp; Cosmetica Intima\",\"publisher\":{\"@id\":\"https:\/\/butterflyeffect.com.ar\/#organization\"},\"potentialAction\":[{\"@type\":\"SearchAction\",\"target\":{\"@type\":\"EntryPoint\",\"urlTemplate\":\"https:\/\/butterflyeffect.com.ar\/?s={search_term_string}\"},\"query-input\":{\"@type\":\"PropertyValueSpecification\",\"valueRequired\":true,\"valueName\":\"search_term_string\"}}],\"inLanguage\":\"es\"},{\"@type\":\"Organization\",\"@id\":\"https:\/\/butterflyeffect.com.ar\/#organization\",\"name\":\"The Butterfly Effect\",\"url\":\"https:\/\/butterflyeffect.com.ar\/\",\"logo\":{\"@type\":\"ImageObject\",\"inLanguage\":\"es\",\"@id\":\"https:\/\/butterflyeffect.com.ar\/#\/schema\/logo\/image\/\",\"url\":\"https:\/\/butterflyeffect.com.ar\/wp-content\/uploads\/2023\/06\/cropped-LOGO-FINAL-BE-01.jpg\",\"contentUrl\":\"https:\/\/butterflyeffect.com.ar\/wp-content\/uploads\/2023\/06\/cropped-LOGO-FINAL-BE-01.jpg\",\"width\":766,\"height\":877,\"caption\":\"The Butterfly Effect\"},\"image\":{\"@id\":\"https:\/\/butterflyeffect.com.ar\/#\/schema\/logo\/image\/\"},\"sameAs\":[\"https:\/\/www.instagram.com\/butterflyeffect_ar\/\"]}]}<\/script>\n<!-- \/ Yoast SEO plugin. -->","yoast_head_json":{"title":"Perfume Arabe Hombre Feromonas Oud Afrodisiac Nacional Azraq -","robots":{"index":"index","follow":"follow","max-snippet":"max-snippet:-1","max-image-preview":"max-image-preview:large","max-video-preview":"max-video-preview:-1"},"canonical":"https:\/\/butterflyeffect.com.ar\/index.php\/producto\/perfume-arabe-hombre-feromonas-oud-afrodisiac-nacional-azraq\/","og_locale":"es_ES","og_type":"article","og_title":"Perfume Arabe Hombre Feromonas Oud Afrodisiac Nacional Azraq -","og_description":"El Perfume butterfly effect azraq Edp 100ml es una fragancia envolvente y sofisticada, especialmente desarrollada para hombres que aprecian los aromas \u00fanicos y distintivos. Con un dise\u00f1o elegante y pr\u00e1ctico en formato spray, este perfume destaca por su intrigante composici\u00f3n. La marca butterfly effect es reconocida por la calidad de sus productos, y azraq no es una excepci\u00f3n.  Con notas de salida que mezclan la intensidad de la Pimienta Negra, la frescura de la Pi\u00f1a y la riqueza del Tabaco, el perfume garantiza una experiencia olfativa inolvidable. Su coraz\u00f3n presenta la profundidad del Caf\u00e9, la suavidad del Iris y la intensidad del Pachul\u00ed, mientras que las notas de base ofrecen un final reconfortante con Vainilla, \u00c1mbar, Benju\u00ed, Madera Seca y L\u00e1dano.  Este parfum, aunque no es vegano, es completamente libre de crueldad (cruelty-free) y es una excelente opci\u00f3n para quienes buscan un toque distintivo y ex\u00f3tico en su rutina. notas olfativas Benju\u00ed, L\u00e1dano, Madera seca, Vainilla, \u00c1mbar","og_url":"https:\/\/butterflyeffect.com.ar\/index.php\/producto\/perfume-arabe-hombre-feromonas-oud-afrodisiac-nacional-azraq\/","article_modified_time":"2026-04-26T03:58:36+00:00","og_image":[{"width":1024,"height":1024,"url":"https:\/\/butterflyeffect.com.ar\/wp-content\/uploads\/2025\/12\/D_786998-MLA95366325879_102025-F.jpg","type":"image\/jpeg"}],"twitter_card":"summary_large_image","twitter_misc":{"Tiempo de lectura":"1 minuto"},"schema":{"@context":"https:\/\/schema.org","@graph":[{"@type":"WebPage","@id":"https:\/\/butterflyeffect.com.ar\/index.php\/producto\/perfume-arabe-hombre-feromonas-oud-afrodisiac-nacional-azraq\/","url":"https:\/\/butterflyeffect.com.ar\/index.php\/producto\/perfume-arabe-hombre-feromonas-oud-afrodisiac-nacional-azraq\/","name":"Perfume Arabe Hombre Feromonas Oud Afrodisiac Nacional Azraq -","isPartOf":{"@id":"https:\/\/butterflyeffect.com.ar\/#website"},"primaryImageOfPage":{"@id":"https:\/\/butterflyeffect.com.ar\/index.php\/producto\/perfume-arabe-hombre-feromonas-oud-afrodisiac-nacional-azraq\/#primaryimage"},"image":{"@id":"https:\/\/butterflyeffect.com.ar\/index.php\/producto\/perfume-arabe-hombre-feromonas-oud-afrodisiac-nacional-azraq\/#primaryimage"},"thumbnailUrl":"https:\/\/butterflyeffect.com.ar\/wp-content\/uploads\/2025\/12\/D_786998-MLA95366325879_102025-F.jpg","datePublished":"2025-12-17T15:03:00+00:00","dateModified":"2026-04-26T03:58:36+00:00","breadcrumb":{"@id":"https:\/\/butterflyeffect.com.ar\/index.php\/producto\/perfume-arabe-hombre-feromonas-oud-afrodisiac-nacional-azraq\/#breadcrumb"},"inLanguage":"es","potentialAction":[{"@type":"ReadAction","target":["https:\/\/butterflyeffect.com.ar\/index.php\/producto\/perfume-arabe-hombre-feromonas-oud-afrodisiac-nacional-azraq\/"]}]},{"@type":"ImageObject","inLanguage":"es","@id":"https:\/\/butterflyeffect.com.ar\/index.php\/producto\/perfume-arabe-hombre-feromonas-oud-afrodisiac-nacional-azraq\/#primaryimage","url":"https:\/\/butterflyeffect.com.ar\/wp-content\/uploads\/2025\/12\/D_786998-MLA95366325879_102025-F.jpg","contentUrl":"https:\/\/butterflyeffect.com.ar\/wp-content\/uploads\/2025\/12\/D_786998-MLA95366325879_102025-F.jpg","width":1024,"height":1024},{"@type":"BreadcrumbList","@id":"https:\/\/butterflyeffect.com.ar\/index.php\/producto\/perfume-arabe-hombre-feromonas-oud-afrodisiac-nacional-azraq\/#breadcrumb","itemListElement":[{"@type":"ListItem","position":1,"name":"Portada","item":"https:\/\/butterflyeffect.com.ar\/"},{"@type":"ListItem","position":2,"name":"Tienda","item":"https:\/\/butterflyeffect.com.ar\/index.php\/tienda\/"},{"@type":"ListItem","position":3,"name":"Perfume Arabe Hombre Feromonas Oud Afrodisiac Nacional Azraq"}]},{"@type":"WebSite","@id":"https:\/\/butterflyeffect.com.ar\/#website","url":"https:\/\/butterflyeffect.com.ar\/","name":"Butterfly Effect","description":"Premium Sex Tech Toys &amp; Cosmetica Intima","publisher":{"@id":"https:\/\/butterflyeffect.com.ar\/#organization"},"potentialAction":[{"@type":"SearchAction","target":{"@type":"EntryPoint","urlTemplate":"https:\/\/butterflyeffect.com.ar\/?s={search_term_string}"},"query-input":{"@type":"PropertyValueSpecification","valueRequired":true,"valueName":"search_term_string"}}],"inLanguage":"es"},{"@type":"Organization","@id":"https:\/\/butterflyeffect.com.ar\/#organization","name":"The Butterfly Effect","url":"https:\/\/butterflyeffect.com.ar\/","logo":{"@type":"ImageObject","inLanguage":"es","@id":"https:\/\/butterflyeffect.com.ar\/#\/schema\/logo\/image\/","url":"https:\/\/butterflyeffect.com.ar\/wp-content\/uploads\/2023\/06\/cropped-LOGO-FINAL-BE-01.jpg","contentUrl":"https:\/\/butterflyeffect.com.ar\/wp-content\/uploads\/2023\/06\/cropped-LOGO-FINAL-BE-01.jpg","width":766,"height":877,"caption":"The Butterfly Effect"},"image":{"@id":"https:\/\/butterflyeffect.com.ar\/#\/schema\/logo\/image\/"},"sameAs":["https:\/\/www.instagram.com\/butterflyeffect_ar\/"]}]}},"_links":{"self":[{"href":"https:\/\/butterflyeffect.com.ar\/index.php\/wp-json\/wp\/v2\/product\/1728","targetHints":{"allow":["GET"]}}],"collection":[{"href":"https:\/\/butterflyeffect.com.ar\/index.php\/wp-json\/wp\/v2\/product"}],"about":[{"href":"https:\/\/butterflyeffect.com.ar\/index.php\/wp-json\/wp\/v2\/types\/product"}],"replies":[{"embeddable":true,"href":"https:\/\/butterflyeffect.com.ar\/index.php\/wp-json\/wp\/v2\/comments?post=1728"}],"wp:featuredmedia":[{"embeddable":true,"href":"https:\/\/butterflyeffect.com.ar\/index.php\/wp-json\/wp\/v2\/media\/1727"}],"wp:attachment":[{"href":"https:\/\/butterflyeffect.com.ar\/index.php\/wp-json\/wp\/v2\/media?parent=1728"}],"wp:term":[{"taxonomy":"product_brand","embeddable":true,"href":"https:\/\/butterflyeffect.com.ar\/index.php\/wp-json\/wp\/v2\/product_brand?post=1728"},{"taxonomy":"product_cat","embeddable":true,"href":"https:\/\/butterflyeffect.com.ar\/index.php\/wp-json\/wp\/v2\/product_cat?post=1728"},{"taxonomy":"product_tag","embeddable":true,"href":"https:\/\/butterflyeffect.com.ar\/index.php\/wp-json\/wp\/v2\/product_tag?post=1728"}],"curies":[{"name":"wp","href":"https:\/\/api.w.org\/{rel}","templated":true}]}}